{"id":3327,"date":"2023-08-23T11:53:43","date_gmt":"2023-08-23T03:53:43","guid":{"rendered":"https:\/\/steelsupplydirect.com\/?post_type=product&#038;p=3327"},"modified":"2023-09-26T10:12:24","modified_gmt":"2023-09-26T02:12:24","slug":"barre-en-acier-allie-au-carbone-de-forme-ronde-pour-appareils-a-pression","status":"publish","type":"product","link":"https:\/\/steelsupplydirect.com\/fr\/produit\/barre-en-acier-allie-au-carbone-de-forme-ronde-pour-appareils-a-pression","title":{"rendered":"Barre ronde en acier alli\u00e9 au carbone pour appareils \u00e0 pression"},"content":{"rendered":"<p>L'acier rond au carbone est une sorte d'\u00e9l\u00e9ment d'alliage dont l'\u00e9l\u00e9ment principal est l'acier, qui contient \u00e9galement une petite quantit\u00e9 de mangan\u00e8se et de silicium phosphore, et dont la teneur en carbone est g\u00e9n\u00e9ralement comprise entre 0,15% et 0,75%. Les principaux avantages de l'acier rond au carbone sont sa bonne usinabilit\u00e9, sa soudabilit\u00e9, sa facilit\u00e9 d'usinage et ses propri\u00e9t\u00e9s m\u00e9caniques. Il est largement utilis\u00e9 dans les domaines de la fabrication de pi\u00e8ces de machines, de roulements, de pi\u00e8ces automobiles, de pi\u00e8ces de navires, etc.<\/p>\n<p>L'utilisation de l'acier rond au carbone :<\/p>\n<p>L'acier rond au carbone poss\u00e8de de bonnes propri\u00e9t\u00e9s m\u00e9caniques et \u00e9conomiques, et est largement utilis\u00e9 dans la fabrication de diverses pi\u00e8ces m\u00e9caniques et d'ing\u00e9nierie, telles que les roulements, les engrenages, les charni\u00e8res, les vis, les \u00e9crous, les boulons, etc.<\/p>\n<p>&nbsp;<\/p>\n<p>Les barres rondes peuvent g\u00e9n\u00e9ralement \u00eatre divis\u00e9es en deux cat\u00e9gories : les barres rondes en acier au carbone et les barres rondes en acier alli\u00e9, puis subdivis\u00e9es en barres rondes lamin\u00e9es \u00e0 froid, barres rondes lamin\u00e9es \u00e0 chaud, barres rondes \u00e9tir\u00e9es \u00e0 froid et acier renforc\u00e9, etc.<\/p>\n<p>L'acier rond au carbone est un acier rond fabriqu\u00e9 \u00e0 partir d'acier \u00e0 faible teneur en carbone ou d'acier ordinaire au carbone selon un certain processus. Les sp\u00e9cifications et les mod\u00e8les d'acier rond au carbone comprennent g\u00e9n\u00e9ralement Q195, Q235, Q345, #45, etc. Parmi eux, Q195 signifie acier \u00e0 faible teneur en carbone avec une densit\u00e9 de 7,85g\/cm\u00b3 ; Q235 signifie acier \u00e0 faible et moyenne teneur en carbone avec une densit\u00e9 de 7,85g\/cm\u00b3 ; Q345 signifie acier \u00e0 moyenne teneur en carbone, la densit\u00e9 est de 7,85g\/cm\u00b3 ; 45#, la densit\u00e9 est de 7,85g\/cm\u00b3.<\/p>\n<p>L'acier rond alli\u00e9 est un type d'acier aux propri\u00e9t\u00e9s sp\u00e9ciales, principalement le titane, le chrome, le tantale, le nickel, l'aluminium, le mangan\u00e8se et d'autres \u00e9l\u00e9ments m\u00e9talliques obtenus par une trempe sp\u00e9ciale, un revenu et d'autres processus, avec une r\u00e9sistance \u00e0 la corrosion, une r\u00e9sistance \u00e0 l'usure, et les avantages d'une r\u00e9sistance \u00e0 la force et d'une grande stabilit\u00e9 thermique, il est couramment utilis\u00e9 dans les industries p\u00e9troli\u00e8re, chimique, militaire, a\u00e9rospatiale et d'autres. Ses sp\u00e9cifications et mod\u00e8les incluent 20Cr, 35Cr, 40Cr, 45Cr, 50Cr, etc., dont 20Cr signifie un acier avec une bonne performance de trempe, et sa limite d'\u00e9lasticit\u00e9 est plus de 3 fois celle de l'acier au carbone ; 35Cr signifie un acier \u00e0 haute r\u00e9sistance, dont la limite d'\u00e9lasticit\u00e9 est de 3 \u00e0 5 fois celle de l'acier au carbone ; 45Cr signifie un acier \u00e0 haute r\u00e9sistance, dont la limite d'\u00e9lasticit\u00e9 est de 5 \u00e0 7 fois celle de l'acier au carbone ; 50Cr signifie un acier \u00e0 haute r\u00e9sistance, dont la limite d'\u00e9lasticit\u00e9 est de plus de 7 fois celle de l'acier au carbone.<\/p>\n<p>Il existe \u00e9galement un type d'acier rond sp\u00e9cial, l'acier rond \u00e9tir\u00e9 \u00e0 froid, qui se r\u00e9f\u00e8re \u00e0 l'acier rond trait\u00e9 par \u00e9tirage \u00e0 froid de l'acier au carbone ordinaire, qui pr\u00e9sente les avantages d'une haute r\u00e9sistance, d'une bonne plasticit\u00e9 et d'une bonne r\u00e9sistance \u00e0 la corrosion, et qui est souvent utilis\u00e9 dans la fabrication de composants de construction et de pi\u00e8ces forg\u00e9es, etc. Les sp\u00e9cifications et les mod\u00e8les comprennent 20#, 35#, 45#, 50#, 60#, etc, dont 20# signifie acier \u00e0 faible teneur en carbone avec une teneur en carbone de 0,17-0,23% ; 35# signifie acier \u00e0 faible et moyenne teneur en carbone avec une teneur en carbone de 0,3-0,38% ;45# signifie acier \u00e0 moyenne teneur en carbone avec une teneur en carbone de 0,42-0,5% ; 50# signifie acier \u00e0 moyenne teneur en carbone avec une teneur en carbone de 0,5-0,59% ; 60# signifie acier \u00e0 haute teneur en carbone avec une teneur en carbone de 0,6-0,7%.<\/p>\n<p>En outre, il existe un type sp\u00e9cial d'acier rond renforc\u00e9. Il est \u00e9galement appel\u00e9 acier renforc\u00e9 \u00e0 haute r\u00e9sistance. Il s'agit d'une sorte d'acier semi-doux. Il est fabriqu\u00e9 \u00e0 partir d'acier au carbone ordinaire par un important \u00e9tirage \u00e0 froid. Sa r\u00e9sistance \u00e0 la flexion, sa r\u00e9sistance \u00e0 l'usure, sa r\u00e9sistance aux chocs et d'autres propri\u00e9t\u00e9s d\u00e9passent celles de l'acier ordinaire. Il est couramment utilis\u00e9 pour les roues en acier des automobiles, les arcs et les nervures des tuyaux, etc. Ses sp\u00e9cifications et mod\u00e8les incluent HRB60, HRB70, etc., o\u00f9 HRB60 signifie acier renforc\u00e9 \u00e0 haute r\u00e9sistance avec une r\u00e9sistance \u00e0 la flexion de plus de 60Mpa ; HRB70 signifie acier renforc\u00e9 \u00e0 haute r\u00e9sistance avec une r\u00e9sistance \u00e0 la flexion de plus de 70Mpa.<\/p>\n<p>Norme ex\u00e9cutive pour les barres rondes en acier au carbone :<\/p>\n<p>1. GB\/T 699-2015 \"High quality carbon structural steels\" (aciers de construction au carbone de haute qualit\u00e9).<\/p>\n<p>2. ASTM A108-13A \"Standard Specification for Steel Bar, Carbon and Alloy, Cold-Finished\".<\/p>\n<p>3. JIS G4051-2009 \"Aciers au carbone pour la construction de machines\".<\/p>\n<p>4. EN 10083-2-2006 \"Aciers pour trempe et revenu Partie 2 : Conditions techniques de livraison pour les aciers non alli\u00e9s\".<\/p>\n<p>Parmi les normes susmentionn\u00e9es, GB\/T 699 est la norme de qualit\u00e9 de l'acier promulgu\u00e9e par mon pays, qui s'applique \u00e0 divers produits sid\u00e9rurgiques tels que l'acier inoxydable et l'acier alli\u00e9, y compris l'acier rond au carbone. ASTM A108 est une norme sur l'acier rond au carbone formul\u00e9e par les \u00c9tats-Unis, qui convient \u00e0 la fabrication de pi\u00e8ces m\u00e9caniques et de roulements. JIS G4051 est une norme japonaise sur les barres rondes en acier au carbone, qui convient \u00e0 l'acier au carbone et \u00e0 l'acier \u00e0 roulements pour les structures m\u00e9caniques. EN 10083-2 est une norme europ\u00e9enne relative aux barres rondes en acier au carbone, qui convient \u00e0 la fabrication de diverses pi\u00e8ces structurelles d'ing\u00e9nierie et de pi\u00e8ces m\u00e9caniques.<\/p>\n<p>&nbsp;<\/p>","protected":false},"excerpt":{"rendered":"<p>L'acier rond au carbone est une sorte d'\u00e9l\u00e9ment d'alliage dont l'\u00e9l\u00e9ment principal est l'acier, et qui contient \u00e9galement une petite quantit\u00e9 de mangan\u00e8se et de silicium phosphore, et sa teneur en carbone est g\u00e9n\u00e9ralement comprise entre 0,15% et 0,75%. Les principaux avantages de l'acier rond au carbone sont une bonne usinabilit\u00e9, une bonne soudabilit\u00e9, une bonne usinabilit\u00e9 et de bonnes propri\u00e9t\u00e9s m\u00e9caniques, et sont [...]","protected":false},"featured_media":3409,"comment_status":"closed","ping_status":"closed","template":"","meta":[],"product_cat":[15,42],"class_list":{"0":"post-3327","1":"product","2":"type-product","3":"status-publish","4":"has-post-thumbnail","6":"product_cat-carbon-steel","7":"product_cat-carbon-steel-rod","9":"first","10":"instock","11":"shipping-taxable","12":"product-type-simple"},"_links":{"self":[{"href":"https:\/\/steelsupplydirect.com\/fr\/wp-json\/wp\/v2\/product\/3327","targetHints":{"allow":["GET"]}}],"collection":[{"href":"https:\/\/steelsupplydirect.com\/fr\/wp-json\/wp\/v2\/product"}],"about":[{"href":"https:\/\/steelsupplydirect.com\/fr\/wp-json\/wp\/v2\/types\/product"}],"replies":[{"embeddable":true,"href":"https:\/\/steelsupplydirect.com\/fr\/wp-json\/wp\/v2\/comments?post=3327"}],"wp:featuredmedia":[{"embeddable":true,"href":"https:\/\/steelsupplydirect.com\/fr\/wp-json\/wp\/v2\/media\/3409"}],"wp:attachment":[{"href":"https:\/\/steelsupplydirect.com\/fr\/wp-json\/wp\/v2\/media?parent=3327"}],"wp:term":[{"taxonomy":"product_cat","embeddable":true,"href":"https:\/\/steelsupplydirect.com\/fr\/wp-json\/wp\/v2\/product_cat?post=3327"}],"curies":[{"name":"wp","href":"https:\/\/api.w.org\/{rel}","templated":true}]}}