{"id":3328,"date":"2023-08-25T10:09:58","date_gmt":"2023-08-25T02:09:58","guid":{"rendered":"https:\/\/steelsupplydirect.com\/?post_type=product&#038;p=3328"},"modified":"2023-09-26T09:11:32","modified_gmt":"2023-09-26T01:11:32","slug":"barre-ronde-en-acier-au-carbone-etiree-a-froid-plate-et-lisse-10-20-35-40-pour-lusinage","status":"publish","type":"product","link":"https:\/\/steelsupplydirect.com\/fr\/produit\/barre-ronde-en-acier-au-carbone-etiree-a-froid-plate-et-lisse-10-20-35-40-pour-lusinage","title":{"rendered":"Barre ronde plate et lisse en acier au carbone lamin\u00e9 \u00e0 froid 10# 20# 35# 40# pour l'usinage"},"content":{"rendered":"<p>Acier rond \u00e9tir\u00e9 \u00e0 froid<\/p>\n<p>L'acier rond \u00e9tir\u00e9 \u00e0 froid, \u00e9galement connu sous le nom d'acier rond \u00e9tir\u00e9 \u00e0 froid et d'acier rond l\u00e9ger, est un type d'acier \u00e9tir\u00e9 \u00e0 froid. Qu'il s'agisse d'acier rond \u00e9tir\u00e9 \u00e0 froid ou d'acier rond, sa forme est circulaire, mais la surface de l'acier rond \u00e9tir\u00e9 \u00e0 froid est tr\u00e8s lisse, sa pr\u00e9cision dimensionnelle est \u00e9lev\u00e9e et ses propri\u00e9t\u00e9s m\u00e9caniques sont \u00e9lev\u00e9es. En raison de sa grande pr\u00e9cision dimensionnelle, il peut \u00eatre utilis\u00e9 directement sans traitement. La norme ex\u00e9cutive est GB\/T3078-2008. Le mat\u00e9riau peut \u00eatre de l'acier au carbone, de l'acier au carbone de haute qualit\u00e9, de l'acier alli\u00e9.<\/p>\n<p>-Sp\u00e9cification : \u04243mm-\u0424100mm<\/p>\n<p>-Nom de la nuance : Q235 Q215 20# 35# 45# 20Cr 40Cr 20CrMo GCr15<\/p>\n<p>Diff\u00e9rence entre le fil d'acier \u00e9tir\u00e9 \u00e0 froid et le fil d'acier de qualit\u00e9 normale : L'acier rond \u00e9tir\u00e9 \u00e0 froid est un type d'acier rond de haute pr\u00e9cision. Il peut \u00eatre utilis\u00e9 directement comme arbre sans autre traitement. L'acier rond ordinaire correspondant est l'acier rond commun utilis\u00e9 dans la construction. L'acier rond ordinaire correspondant est l'acier rond commun utilis\u00e9 dans la construction. L'\u00e9tat du traitement thermique de l'approvisionnement est la \"normalisation\", qu'il s'agisse de la pr\u00e9cision dimensionnelle ou du mat\u00e9riau, il s'agit d'un niveau ordinaire.<\/p>\n<p>&nbsp;<\/p>\n<p>D\u00e9finition et caract\u00e9ristiques des mat\u00e9riaux de l'acier au carbone et de l'acier rond<\/p>\n<p>L'acier rond au carbone est un acier dont le carbone est le principal \u00e9l\u00e9ment d'alliage et qui contient une petite quantit\u00e9 de mangan\u00e8se et de silicium. La teneur en carbone est g\u00e9n\u00e9ralement comprise entre 0,15% et 0,75%. Les principaux avantages des barres rondes en acier au carbone sont une bonne usinabilit\u00e9, une bonne soudabilit\u00e9, une bonne usinabilit\u00e9 et de bonnes propri\u00e9t\u00e9s m\u00e9caniques.<\/p>\n<p>Norme ex\u00e9cutive pour les barres rondes en acier au carbone<\/p>\n<p>1. GB\/T 699-2015 \"High quality carbon structural steels\" (aciers de construction au carbone de haute qualit\u00e9).<\/p>\n<p>2. ASTM A108-13A \"Standard Specification for Steel Bar, Carbon and Alloy, Cold-Finished\".<\/p>\n<p>3. JIS G4051-2009 \"Aciers au carbone pour la construction de machines\".<\/p>\n<p>4. EN 10083-2-2006 \"Aciers pour trempe et revenu Partie 2 : Conditions techniques de livraison pour les aciers non alli\u00e9s\".<\/p>\n<p>Parmi les normes susmentionn\u00e9es, GB\/T 699 est la norme de qualit\u00e9 de l'acier promulgu\u00e9e par mon pays, qui s'applique \u00e0 divers produits sid\u00e9rurgiques tels que l'acier inoxydable et l'acier alli\u00e9, y compris l'acier rond au carbone. ASTM A108 est une norme sur l'acier rond au carbone formul\u00e9e par les \u00c9tats-Unis, qui convient \u00e0 la fabrication de pi\u00e8ces m\u00e9caniques et de roulements. JIS G4051 est une norme japonaise sur les barres rondes en acier au carbone, qui convient \u00e0 l'acier au carbone et \u00e0 l'acier \u00e0 roulements pour les structures m\u00e9caniques. EN 10083-2 est une norme europ\u00e9enne relative aux barres rondes en acier au carbone, qui convient \u00e0 la fabrication de diverses pi\u00e8ces structurelles d'ing\u00e9nierie et de pi\u00e8ces m\u00e9caniques.<\/p>\n<p>Si l'on prend l'exemple de la norme GB\/T 699-2015, la composition chimique, les propri\u00e9t\u00e9s m\u00e9caniques, la duret\u00e9, la r\u00e9sistance \u00e0 la traction, la limite d'\u00e9lasticit\u00e9, la r\u00e9sistance aux chocs et d'autres exigences de l'acier rond sont d\u00e9taill\u00e9es. Parmi celles-ci, la teneur en carbone est comprise entre 0,08% et 0,60%, le diam\u00e8tre de l'acier rond doit \u00eatre compris entre 5 mm et 150 mm, la r\u00e9sistance \u00e0 la traction ne doit pas \u00eatre inf\u00e9rieure \u00e0 335 MPa, la r\u00e9duction de la surface ne doit pas \u00eatre inf\u00e9rieure \u00e0 10%, et l'essai de duret\u00e9 doit \u00eatre conforme aux normes pertinentes.<\/p>\n<p>Domaines d'application des barres en acier au carbone<\/p>\n<p>1 Les barres en acier au carbone sont souvent utilis\u00e9es pour fabriquer des pi\u00e8ces de machines et des outils. L'acier au carbone a une r\u00e9sistance et une rigidit\u00e9 plus \u00e9lev\u00e9es, ce qui peut augmenter la pression et la fatigue. C'est pourquoi les barres en acier au carbone sont souvent utilis\u00e9es pour fabriquer des pi\u00e8ces m\u00e9caniques, telles que des roulements \u00e0 billes. En outre, les barres en acier au carbone peuvent \u00e9galement \u00eatre utilis\u00e9es pour fabriquer divers couteaux et outils, tels que des lames, des pinces, des cl\u00e9s, etc. La grande r\u00e9sistance des barres et des plaques d'acier au carbone rend ces pi\u00e8ces de machine et ces outils plus durables et plus fiables.<\/p>\n<p>2. les barres d'acier au carbone ont \u00e9galement des applications importantes dans le domaine de la construction. Les barres d'acier au carbone peuvent \u00eatre utilis\u00e9es pour fabriquer des barres d'acier, qui servent \u00e0 renforcer la r\u00e9sistance et la stabilit\u00e9 des structures en b\u00e9ton. Dans la construction, les barres d'acier sont noy\u00e9es dans le b\u00e9ton pour former un lien \u00e9troit avec le b\u00e9ton, am\u00e9liorant ainsi la r\u00e9sistance \u00e0 la compression et la capacit\u00e9 portante du b\u00e9ton. En outre, la r\u00e9sistance et la stabilit\u00e9 \u00e9lev\u00e9es des barres d'acier au carbone rendent la structure du b\u00e2timent plus stable et plus s\u00fbre.<\/p>\n<p>3. il existe d'autres utilisations, par exemple, il peut \u00eatre utilis\u00e9 pour fabriquer des pi\u00e8ces automobiles telles que des roues, des cadres, etc. La grande solidit\u00e9 et la r\u00e9sistance \u00e0 la corrosion des barres d'acier au carbone rendent la voiture plus stable et plus s\u00fbre. En outre, les tiges d'acier au carbone peuvent \u00e9galement \u00eatre utilis\u00e9es pour fabriquer des pi\u00e8ces structurelles de navires et d'avions, telles que des coques, des ailes, etc. La l\u00e9g\u00e8ret\u00e9 et la grande r\u00e9sistance des tiges d'acier au carbone rendent les navires et les avions plus \u00e9conomes en \u00e9nergie et plus fiables. Elles peuvent \u00e9galement \u00eatre utilis\u00e9es pour fabriquer divers meubles et ustensiles, et leur r\u00e9sistance \u00e0 la corrosion garantit l'hygi\u00e8ne et la durabilit\u00e9 de ces ustensiles<\/p>","protected":false},"excerpt":{"rendered":"<p>Acier rond \u00e9tir\u00e9 \u00e0 froid L'acier rond \u00e9tir\u00e9 \u00e0 froid, \u00e9galement connu sous le nom d'acier rond \u00e9tir\u00e9 \u00e0 froid et d'acier rond l\u00e9ger, est un type d'acier \u00e9tir\u00e9 \u00e0 froid. Qu'il s'agisse d'acier rond \u00e9tir\u00e9 \u00e0 froid ou d'acier rond, sa forme est circulaire, mais la surface de l'acier rond \u00e9tir\u00e9 \u00e0 froid est tr\u00e8s lisse, sa pr\u00e9cision dimensionnelle est \u00e9lev\u00e9e et ses propri\u00e9t\u00e9s m\u00e9caniques sont importantes. [...]","protected":false},"featured_media":3308,"comment_status":"closed","ping_status":"closed","template":"","meta":[],"product_cat":[15,42],"class_list":{"0":"post-3328","1":"product","2":"type-product","3":"status-publish","4":"has-post-thumbnail","6":"product_cat-carbon-steel","7":"product_cat-carbon-steel-rod","9":"first","10":"instock","11":"shipping-taxable","12":"product-type-simple"},"_links":{"self":[{"href":"https:\/\/steelsupplydirect.com\/fr\/wp-json\/wp\/v2\/product\/3328","targetHints":{"allow":["GET"]}}],"collection":[{"href":"https:\/\/steelsupplydirect.com\/fr\/wp-json\/wp\/v2\/product"}],"about":[{"href":"https:\/\/steelsupplydirect.com\/fr\/wp-json\/wp\/v2\/types\/product"}],"replies":[{"embeddable":true,"href":"https:\/\/steelsupplydirect.com\/fr\/wp-json\/wp\/v2\/comments?post=3328"}],"wp:featuredmedia":[{"embeddable":true,"href":"https:\/\/steelsupplydirect.com\/fr\/wp-json\/wp\/v2\/media\/3308"}],"wp:attachment":[{"href":"https:\/\/steelsupplydirect.com\/fr\/wp-json\/wp\/v2\/media?parent=3328"}],"wp:term":[{"taxonomy":"product_cat","embeddable":true,"href":"https:\/\/steelsupplydirect.com\/fr\/wp-json\/wp\/v2\/product_cat?post=3328"}],"curies":[{"name":"wp","href":"https:\/\/api.w.org\/{rel}","templated":true}]}}