{"id":3332,"date":"2023-08-25T14:29:23","date_gmt":"2023-08-25T06:29:23","guid":{"rendered":"https:\/\/steelsupplydirect.com\/?post_type=product&#038;p=3332"},"modified":"2023-10-30T13:57:36","modified_gmt":"2023-10-30T05:57:36","slug":"bobine-dacier-galvanise-revetue-de-zinc-a-chaud-dx51d-sgcc-grade-for-roofing-sheet","status":"publish","type":"product","link":"https:\/\/steelsupplydirect.com\/fr\/produit\/bobine-dacier-galvanise-revetue-de-zinc-a-chaud-dx51d-sgcc-grade-for-roofing-sheet","title":{"rendered":"Bobine d'acier galvanis\u00e9 par immersion \u00e0 chaud DX51D SGCC Grade pour t\u00f4les de toiture"},"content":{"rendered":"<div style=\"overflow: auto\">\n<table>\n<thead>\n<tr>\n<th>Nom du produit<\/th>\n<th>Bobine d'acier galvanis\u00e9<\/th>\n<\/tr>\n<\/thead>\n<tbody>\n<tr>\n<td rowspan=\"3\">Norme et mat\u00e9riel<\/td>\n<td>SGCC;SGCD1;SGCD2;SGCD3;SGC340SGC400;SGC440;SGC590;<\/td>\n<\/tr>\n<tr>\n<td>DX51D+Z;DX52D+Z;DX53D+Z;DX54D+Z;S250GD+Z;<\/td>\n<\/tr>\n<tr>\n<td>                                               S280GD+Z;S320GD+Z;S350GD+Z;S550GD+Z;Q-BQB420-2009                                            <\/td>\n<\/tr>\n<tr>\n<td>\u00c9paisseur<\/td>\n<td>0,13-0,8 mm<\/td>\n<\/tr>\n<tr>\n<td>Largeur<\/td>\n<td>600-1250mm<\/td>\n<\/tr>\n<tr>\n<td>Rev\u00eatement de zinc<\/td>\n<td>20- 275g\/m2<\/td>\n<\/tr>\n<tr>\n<td>Poids de la bobine<\/td>\n<td>3-8 tonnes ou selon les besoins<\/td>\n<\/tr>\n<tr>\n<td>Traitement de surface<\/td>\n<td>Mini\/Grand paillette<\/td>\n<\/tr>\n<tr>\n<td>Application<\/td>\n<td>S'applique au secteur de la construction, \u00e0 l'industrie de la construction navale, aux \u00e9changeurs de chaleur des chaudi\u00e8res, aux industries chimiques du p\u00e9trole, aux industries de la guerre et de l'\u00e9lectricit\u00e9, \u00e0 l'industrie alimentaire et m\u00e9dicale, aux machines et au mat\u00e9riel.<\/td>\n<\/tr>\n<tr>\n<td>Paiement<\/td>\n<td> T\/T, L\/C, Western Union<\/td>\n<\/tr>\n<tr>\n<td>M\u00e9thode d'emballage<\/td>\n<td> Papier imperm\u00e9able + palettes en bois ou selon les besoins<\/td>\n<\/tr>\n<\/tbody>\n<\/table>\n<\/div>\n<h2>Partie 1 Description du produit<\/h2>\n<p>La galvanisation est une technologie de traitement de surface qui consiste \u00e0 recouvrir d'une couche de zinc la surface des m\u00e9taux, des alliages ou d'autres mat\u00e9riaux pour des raisons esth\u00e9tiques et pour lutter contre la rouille. La principale m\u00e9thode utilis\u00e9e est la galvanisation \u00e0 chaud. Le zinc est facilement soluble dans l'acide et l'alcali, c'est pourquoi il est appel\u00e9 m\u00e9tal amphot\u00e8re. Le zinc se modifie \u00e0 peine dans l'air sec. Dans l'air humide, un film dense de carbonate de zinc basique se forme \u00e0 la surface du zinc.<\/p>\n<p>Dans une atmosph\u00e8re contenant du dioxyde de soufre, du sulfure d'hydrog\u00e8ne et une atmosph\u00e8re marine, la r\u00e9sistance \u00e0 la corrosion du zinc est faible, en particulier dans une atmosph\u00e8re \u00e0 temp\u00e9rature \u00e9lev\u00e9e, \u00e0 forte humidit\u00e9 et \u00e0 acide organique, le rev\u00eatement de zinc est facilement corrod\u00e9. Le potentiel standard de l'\u00e9lectrode de zinc est de -0,76V. Pour le substrat en acier, le rev\u00eatement de zinc est un rev\u00eatement anodique. Il est principalement utilis\u00e9 pour pr\u00e9venir la corrosion de l'acier. La qualit\u00e9 de sa protection est \u00e9troitement li\u00e9e \u00e0 l'\u00e9paisseur du rev\u00eatement. Une fois le rev\u00eatement de zinc passiv\u00e9, teint\u00e9 ou recouvert d'un agent de protection contre la lumi\u00e8re, sa protection et sa d\u00e9coration peuvent \u00eatre consid\u00e9rablement am\u00e9lior\u00e9es.<\/p>\n<h2>Partie 2 L'artisanat galvanis\u00e9 :<\/h2>\n<p>Le processus alcalin signifie que la valeur pH de la solution de galvanoplastie est alcaline. Cependant, en raison des diff\u00e9rents agents complexants, elle peut \u00eatre divis\u00e9e en une solution alcaline binaire de cyanure et une solution aqueuse de sulfate. Le cyanure lui-m\u00eame est une esp\u00e8ce tr\u00e8s ancienne de galvanoplastie. La solution de placage contient principalement des composants transparents : le sel principal, l'oxyde de zinc, l'agent complexant, le cyanure de sodium et le sel conducteur, l'hydroxyde de sodium (commun\u00e9ment appel\u00e9 soude caustique). Les premiers bains de cyanure ne contenaient pas d'agent de blanchiment.<\/p>\n<p>Avec l'am\u00e9lioration des exigences esth\u00e9tiques des gens, un agent de brillance est ajout\u00e9 \u00e0 la transparence de la solution de cyanure. Le processus de la solution de cyanure est stable et la capacit\u00e9 de dispersion de la solution de galvanoplastie est bonne. En fonction de la teneur en cyanure de la solution, celle-ci peut \u00eatre divis\u00e9e en trois cat\u00e9gories : haute teneur en cyanure, moyenne teneur en cyanure et faible teneur en cyanure. Le principal inconv\u00e9nient du cyanure est qu'il est hautement toxique et nocif pour l'environnement.<\/p>\n<h2>Partie 3 Plusieurs rouleaux galvanis\u00e9s courants<\/h2>\n<h4>1. Bobine galvanis\u00e9e Q235<\/h4>\n<p>La bobine galvanis\u00e9e Q235 est une bobine galvanis\u00e9e en surface dont la limite d'\u00e9lasticit\u00e9 est de 235MPa. La bobine galvanis\u00e9e est une fine t\u00f4le d'acier qui est plong\u00e9e dans un bain de zinc fondu pour faire adh\u00e9rer une couche de zinc \u00e0 sa surface. Il est principalement produit par le proc\u00e9d\u00e9 de galvanisation en continu, dans lequel des rouleaux de t\u00f4le d'acier sont plong\u00e9s en continu dans un bain de zinc en fusion pour obtenir une t\u00f4le d'acier galvanis\u00e9e.<\/p>\n<h4>2. Bobine galvanis\u00e9e Q195<\/h4>\n<p>La bobine galvanis\u00e9e Q195 est une bobine galvanis\u00e9e en surface dont la limite d'\u00e9lasticit\u00e9 est de 195MPa. La bobine galvanis\u00e9e est une fine t\u00f4le d'acier qui est plong\u00e9e dans un bain de zinc fondu pour faire adh\u00e9rer une couche de zinc \u00e0 sa surface. Elle est principalement produite par le proc\u00e9d\u00e9 de galvanisation en continu, dans lequel des rouleaux de t\u00f4le d'acier sont plong\u00e9s en continu dans un bain de zinc en fusion pour obtenir une t\u00f4le d'acier galvanis\u00e9e.<\/p>\n<h4>3. DC01 Bobine d'acier galvanis\u00e9<\/h4>\n<p>La bobine d'acier galvanis\u00e9 DC01 est utilis\u00e9e pour les automobiles, les articles sanitaires, les machines alimentaires, les appareils \u00e0 pression, l'\u00e9nergie nucl\u00e9aire, les \u00e9quipements chimiques, les ascenseurs, les transports ferroviaires, la fabrication de machines, les tuyauteries structurelles et la d\u00e9coration architecturale.<\/p>\n<h4>4. bobine d'acier galvanis\u00e9 DX52D<\/h4>\n<p>DX52D L'industrie de la construction est principalement utilis\u00e9e pour fabriquer des panneaux de toit anticorrosion et des grilles de toit pour les b\u00e2timents industriels et civils ; dans l'industrie l\u00e9g\u00e8re, elle est utilis\u00e9e pour fabriquer des coques d'appareils m\u00e9nagers, des chemin\u00e9es civiles, des appareils de cuisine, etc. Dans l'industrie automobile, il est principalement utilis\u00e9 pour fabriquer des pi\u00e8ces r\u00e9sistantes \u00e0 la corrosion pour les voitures, etc.<\/p>\n<h4>5. Bobine d'acier galvanis\u00e9 G550<\/h4>\n<p>La bobine galvanis\u00e9e G550 appartient \u00e0 la s\u00e9rie des t\u00f4les galvanis\u00e9es \u00e0 haute r\u00e9sistance, avec des exigences \u00e9lev\u00e9es en mati\u00e8re de r\u00e9sistance \u00e0 la traction et de limite d'\u00e9lasticit\u00e9. Sa limite d'\u00e9lasticit\u00e9 minimale est de 560 Mpa, sa r\u00e9sistance minimale \u00e0 la traction est de 650 Mpa et l'\u00e9paisseur de la couche de zinc est de 275 g\/m2. Elle pr\u00e9sente une forte r\u00e9sistance \u00e0 la corrosion et est principalement utilis\u00e9e pour la construction de structures \u00e0 haute r\u00e9sistance.<\/p>","protected":false},"excerpt":{"rendered":"<p>Nom du produit Bobine d'acier galvanis\u00e9 Normes et mat\u00e9riaux SGCC;SGCD1;SGCD2;SGCD3;SGC340SGC400;SGC440;SGC590 ; DX51D+Z;DX52D+Z;DX53D+Z;DX54D+Z;S250GD+Z ; S280GD+Z;S320GD+Z;S350GD+Z;S550GD+Z;Q-BQB420-2009 Epaisseur 0.13-0.8mm Largeur 600-1250mm Zinc coating 20- 275g\/m2 Coil Weight 3-8 Tons or as demandirment Surface Treatment Mini\/Big Spangle Application Applies to construction field,ships building industryboiler heat exchangerpetroleum chemical industries war and electricitvindustries,food processing and medical industrymachinery and hardware fields. Paiement T\/T, L\/C, Western [...]","protected":false},"featured_media":3122,"comment_status":"closed","ping_status":"closed","template":"","meta":[],"product_cat":[17,43],"class_list":{"0":"post-3332","1":"product","2":"type-product","3":"status-publish","4":"has-post-thumbnail","6":"product_cat-galvanized-steel-manufacturer","7":"product_cat-galvanized-steel-coil-manufacturer","9":"first","10":"instock","11":"shipping-taxable","12":"product-type-simple"},"_links":{"self":[{"href":"https:\/\/steelsupplydirect.com\/fr\/wp-json\/wp\/v2\/product\/3332","targetHints":{"allow":["GET"]}}],"collection":[{"href":"https:\/\/steelsupplydirect.com\/fr\/wp-json\/wp\/v2\/product"}],"about":[{"href":"https:\/\/steelsupplydirect.com\/fr\/wp-json\/wp\/v2\/types\/product"}],"replies":[{"embeddable":true,"href":"https:\/\/steelsupplydirect.com\/fr\/wp-json\/wp\/v2\/comments?post=3332"}],"wp:featuredmedia":[{"embeddable":true,"href":"https:\/\/steelsupplydirect.com\/fr\/wp-json\/wp\/v2\/media\/3122"}],"wp:attachment":[{"href":"https:\/\/steelsupplydirect.com\/fr\/wp-json\/wp\/v2\/media?parent=3332"}],"wp:term":[{"taxonomy":"product_cat","embeddable":true,"href":"https:\/\/steelsupplydirect.com\/fr\/wp-json\/wp\/v2\/product_cat?post=3332"}],"curies":[{"name":"wp","href":"https:\/\/api.w.org\/{rel}","templated":true}]}}