{"id":3343,"date":"2023-08-28T16:21:19","date_gmt":"2023-08-28T08:21:19","guid":{"rendered":"https:\/\/steelsupplydirect.com\/?post_type=product&#038;p=3343"},"modified":"2024-06-27T17:09:15","modified_gmt":"2024-06-27T09:09:15","slug":"tube-en-acier-galvanise","status":"publish","type":"product","link":"https:\/\/steelsupplydirect.com\/fr\/produit\/tube-en-acier-galvanise","title":{"rendered":"Fabrication en gros de tubes en acier galvanis\u00e9 S355jr S355j2 tremp\u00e9 \u00e0 chaud"},"content":{"rendered":"<h2>Partie 1 Description du produit<\/h2>\n<div style=\"overflow: auto\">\n<table>\n<thead>\n<tr>\n<th>Nom du produit<\/th>\n<th>Tube en acier galvanis\u00e9<\/th>\n<\/tr>\n<\/thead>\n<tbody>\n<tr>\n<td>Mat\u00e9riau<\/td>\n<td>10#, 20#, 45#, 16Mn, A53(A,B), Q235, Q345, Q195, Q215, St37, St42, St37-2, St35.4, St52.4, ST35 etc.<\/td>\n<\/tr>\n<tr>\n<td>\u00c9paisseur de la paroi<\/td>\n<td>1MM~12MM ou selon votre demande<\/td>\n<\/tr>\n<tr>\n<td>Diam\u00e8tre ext\u00e9rieur<\/td>\n<td>20MM~508MM ou selon votre demande<\/td>\n<\/tr>\n<tr>\n<td>Longueur<\/td>\n<td>Longueur : longueur al\u00e9atoire simple\/double longueur al\u00e9atoire5m-14m,5,8m,6m,10m-12m,12m ou selon les besoins r\u00e9els du client<\/td>\n<\/tr>\n<tr>\n<td>Standard<\/td>\n<td>API 5L, ASTM A53-2007, ASTM A671-2006, ASTM A252-1998, ASTM A450-1996, ASME B36.10M-2004, ASTM A523-1996, BS 1387, BS EN10296, BS6323, BS 6363, BS EN10219, GB\/T 3091-2001, GB\/T 13793-1992, GB\/T9711 etc.<\/td>\n<\/tr>\n<tr>\n<td>Grade<\/td>\n<td>10#-45#, 16Mn, A53-A369, Q195-Q345, ST35-ST52Grade A, Grade B, Grade C<\/td>\n<\/tr>\n<tr>\n<td>Technique<\/td>\n<td>Tube rond en acier galvanis\u00e9 \u00e0 chaud<\/td>\n<\/tr>\n<tr>\n<td>Emballage<\/td>\n<td>En paquet, ou avec toutes sortes de couleurs PVC ou selon vos exigences<\/td>\n<\/tr>\n<tr>\n<td>Extr\u00e9mit\u00e9s de tuyaux<\/td>\n<td>Bout uni\/biseaut\u00e9, prot\u00e9g\u00e9 par des capuchons en plastique aux deux extr\u00e9mit\u00e9s, coup\u00e9, rainur\u00e9, filet\u00e9 et coupl\u00e9, etc.<\/td>\n<\/tr>\n<tr>\n<td>Traitement de surface<\/td>\n<td>1. Galvanis\u00e92. PVC, peinture noire et couleur3. Huile transparente, huile antirouille4. Selon les besoins du client<\/td>\n<\/tr>\n<tr>\n<td>MOQ<\/td>\n<td>1 tonne<\/td>\n<\/tr>\n<tr>\n<td>D\u00e9lai de livraison<\/td>\n<td>dans les 7 jours, en fonction de la quantit\u00e9 de marchandises demand\u00e9e par le client.<\/td>\n<\/tr>\n<\/tbody>\n<\/table>\n<h2>Partie 2 Classification des sp\u00e9cifications<\/h2>\n<h4>1. Petites sp\u00e9cifications<\/h4>\n<p>Les tuyaux DN15, DN20, DN25, DN32 et DN40 sont des tuyaux en acier galvanis\u00e9 de petite taille, fr\u00e9quemment utilis\u00e9s dans la vie quotidienne. Leurs diam\u00e8tres ext\u00e9rieurs respectifs sont diff\u00e9rents : 21,3 mm, 26,9 mm, 33,7 mm, 42 mm et 48,3 mm.<\/p>\n<h4>2. Sp\u00e9cification du support<\/h4>\n<p>Les mod\u00e8les DN50, DN65, DN80 et DN100 sont des tuyaux en acier galvanis\u00e9 de taille moyenne. Leurs diam\u00e8tres ext\u00e9rieurs vont de 60,3 mm \u00e0 114,3 mm, et l'\u00e9paisseur de la paroi du tuyau est \u00e9galement diff\u00e9rente, comme 3,5 mm, 3,8 mm et 4 mm. Le poids augmente \u00e9galement<\/p>\n<h4>3. Grandes sp\u00e9cifications<\/h4>\n<p>Les mod\u00e8les DN125, DN200, DN450 et autres font partie des tuyaux en acier galvanis\u00e9 \u00e0 grande \u00e9chelle. Leurs diam\u00e8tres ext\u00e9rieurs sont relativement grands, avec diff\u00e9rentes tailles telles que 140 mm et 219,1 mm, et l'\u00e9paisseur de la paroi et le poids augmentent \u00e9galement en cons\u00e9quence.<\/p>\n<h2>Partie 3 Classification des tubes en acier galvanis\u00e9<\/h2>\n<h4>1. Tube galvanis\u00e9 \u00e0 chaud<\/h4>\n<p>Ce type de tuyau galvanis\u00e9 est d'abord d\u00e9cap\u00e9 pour \u00e9liminer l'oxyde de fer \u00e0 la surface. Une fois le d\u00e9capage termin\u00e9, le chlorure d'ammonium et le chlorure de zinc sont m\u00e9lang\u00e9s, utilis\u00e9s pour nettoyer le r\u00e9servoir, puis envoy\u00e9s dans le r\u00e9servoir de trempage dans l'eau chaude. Le rev\u00eatement d'un tuyau galvanis\u00e9 \u00e0 chaud est tr\u00e8s uniforme et pr\u00e9sente une forte adh\u00e9rence, et sa dur\u00e9e de vie est relativement longue.<\/p>\n<h4>2. Tube galvanis\u00e9 \u00e0 froid<\/h4>\n<p>La galvanisation \u00e0 froid est en fait une \u00e9lectro-galvanisation, et la quantit\u00e9 de galvanisation qu'elle contient est tr\u00e8s faible, de sorte que la r\u00e9sistance \u00e0 la corrosion est bien moins bonne que celle des tuyaux galvanis\u00e9s \u00e0 chaud. Pour les fabricants habituels, afin de garantir la qualit\u00e9 de la canalisation au cours du processus de production, ils n'utiliseront pas l'\u00e9lectro-galvanisation. Les fabricants \u00e0 petite \u00e9chelle et disposant d'\u00e9quipements obsol\u00e8tes utiliseront l'\u00e9lectro-galvanisation, parce que le co\u00fbt sera plus faible et que leurs propres b\u00e9n\u00e9fices seront plus \u00e9lev\u00e9s.<\/p>\n<p>Le tube d'acier galvanis\u00e9 est un tube d'acier soud\u00e9 dont la surface est recouverte d'une couche de galvanisation \u00e0 chaud ou d'\u00e9lectro-galvanisation. La galvanisation permet d'augmenter la r\u00e9sistance \u00e0 la corrosion des tuyaux en acier et de prolonger leur dur\u00e9e de vie. Les tuyaux galvanis\u00e9s sont largement utilis\u00e9s. Ils sont non seulement utilis\u00e9s comme tuyaux pour les fluides g\u00e9n\u00e9raux \u00e0 basse pression tels que l'eau, le gaz et le p\u00e9trole, mais aussi comme tuyaux de puits de p\u00e9trole et ol\u00e9oducs dans l'industrie p\u00e9troli\u00e8re, en particulier dans les champs p\u00e9trolif\u00e8res offshore, ainsi que comme r\u00e9chauffeurs d'huile et tuyaux de condensation pour l'\u00e9quipement de cok\u00e9faction chimique. Tuyaux pour refroidisseurs, \u00e9changeurs d'huile de lavage pour la distillation du charbon, pieux \u00e0 chevalets et tuyaux de soutien pour les tunnels miniers, etc.<\/p>","protected":false},"excerpt":{"rendered":"<p>Partie 1 Description du produit Nom du produit Tube en acier galvanis\u00e9 Mat\u00e9riau 10#, 20#, 45#, 16Mn, A53(A,B), Q235, Q345, Q195, Q215, St37, St42, St37-2, St35.4, St52.4, ST35 etc. \u00c9paisseur de paroi 1MM~12MM ou selon votre demande Diam\u00e8tre ext\u00e9rieur 20MM~508MM ou selon votre demande Longueur Longueur:Longueur al\u00e9atoire simple\/Double longueur al\u00e9atoire5m-14m,5.8m,6m,10m-12m,12m ou selon la demande r\u00e9elle du client Norme API 5L, ASTM [...]","protected":false},"featured_media":3114,"comment_status":"closed","ping_status":"closed","template":"","meta":[],"product_cat":[17,45],"class_list":{"0":"post-3343","1":"product","2":"type-product","3":"status-publish","4":"has-post-thumbnail","6":"product_cat-galvanized-steel-manufacturer","7":"product_cat-galvanized-steel-pipe","9":"first","10":"instock","11":"shipping-taxable","12":"product-type-simple"},"_links":{"self":[{"href":"https:\/\/steelsupplydirect.com\/fr\/wp-json\/wp\/v2\/product\/3343","targetHints":{"allow":["GET"]}}],"collection":[{"href":"https:\/\/steelsupplydirect.com\/fr\/wp-json\/wp\/v2\/product"}],"about":[{"href":"https:\/\/steelsupplydirect.com\/fr\/wp-json\/wp\/v2\/types\/product"}],"replies":[{"embeddable":true,"href":"https:\/\/steelsupplydirect.com\/fr\/wp-json\/wp\/v2\/comments?post=3343"}],"wp:featuredmedia":[{"embeddable":true,"href":"https:\/\/steelsupplydirect.com\/fr\/wp-json\/wp\/v2\/media\/3114"}],"wp:attachment":[{"href":"https:\/\/steelsupplydirect.com\/fr\/wp-json\/wp\/v2\/media?parent=3343"}],"wp:term":[{"taxonomy":"product_cat","embeddable":true,"href":"https:\/\/steelsupplydirect.com\/fr\/wp-json\/wp\/v2\/product_cat?post=3343"}],"curies":[{"name":"wp","href":"https:\/\/api.w.org\/{rel}","templated":true}]}}