{"id":3346,"date":"2023-08-28T17:51:45","date_gmt":"2023-08-28T09:51:45","guid":{"rendered":"https:\/\/steelsupplydirect.com\/?post_type=product&#038;p=3346"},"modified":"2024-06-27T16:51:54","modified_gmt":"2024-06-27T08:51:54","slug":"tole-dacier-galvanisee","status":"publish","type":"product","link":"https:\/\/steelsupplydirect.com\/fr\/produit\/tole-dacier-galvanisee","title":{"rendered":"Fourniture directe par l'usine de la t\u00f4le d'acier galvanis\u00e9e SGCC DX51D+Z Z80 Z180"},"content":{"rendered":"<div style=\"overflow: auto\">\n<table>\n<thead>\n<tr>\n<th>Nom du produit<\/th>\n<th>T\u00f4le d'acier galvanis\u00e9e<\/th>\n<\/tr>\n<\/thead>\n<tbody>\n<tr>\n<td rowspan=\"3\">Norme et mat\u00e9riel<\/td>\n<td>SGCC;SGCD1;SGCD2;SGCD3;SGC340;SGC400;SGC440;SGC590;<\/td>\n<\/tr>\n<tr>\n<td>DX51D+Z;DX52D+Z;DX53D+Z;DX54D+Z;S250GD+Z;<\/td>\n<\/tr>\n<tr>\n<td>                                               S280GD+Z;S320GD+Z;S350GD+Z;S550GD+Z;Q-BQB420-2009                                            <\/td>\n<\/tr>\n<tr>\n<td>\u00c9paisseur<\/td>\n<td>0,13-0,8 mm<\/td>\n<\/tr>\n<tr>\n<td>Largeur<\/td>\n<td>600-1250mm<\/td>\n<\/tr>\n<tr>\n<td>Rev\u00eatement de zinc<\/td>\n<td>20- 275g\/m2<\/td>\n<\/tr>\n<tr>\n<td>Poids de la bobine<\/td>\n<td>3-8 tonnes ou selon les besoins<\/td>\n<\/tr>\n<tr>\n<td>Traitement de surface<\/td>\n<td>Mini\/Grand paillette<\/td>\n<\/tr>\n<tr>\n<td>Application<\/td>\n<td>S'applique au secteur de la construction, \u00e0 l'industrie de la construction navale, aux \u00e9changeurs de chaleur des chaudi\u00e8res, aux industries chimiques du p\u00e9trole, aux industries de la guerre et de l'\u00e9lectricit\u00e9, \u00e0 l'industrie alimentaire et m\u00e9dicale, aux machines et au mat\u00e9riel.<\/td>\n<\/tr>\n<tr>\n<td>Paiement<\/td>\n<td> T\/T, L\/C, Western Union<\/td>\n<\/tr>\n<tr>\n<td>M\u00e9thode d'emballage<\/td>\n<td> Papier imperm\u00e9able + palettes en bois ou selon les besoins<\/td>\n<\/tr>\n<\/tbody>\n<\/table>\n<\/div>\n<h2>Partie 1 Description de la production<\/h2>\n<p>La t\u00f4le d'acier galvanis\u00e9e sert \u00e0 pr\u00e9venir la corrosion de la surface de la t\u00f4le d'acier et \u00e0 prolonger sa dur\u00e9e de vie. Une couche de zinc m\u00e9tallique est appliqu\u00e9e sur la surface de la t\u00f4le d'acier. Cette t\u00f4le d'acier galvanis\u00e9e est appel\u00e9e t\u00f4le galvanis\u00e9e.<\/p>\n<p>Selon les m\u00e9thodes de production et de transformation, il peut \u00eatre divis\u00e9 en plusieurs cat\u00e9gories :<\/p>\n<h4>1. t\u00f4le d'acier galvanis\u00e9e \u00e0 chaud.<\/h4>\n<p>Plonger la plaque d'acier mince dans le r\u00e9servoir de zinc fondu pour obtenir une plaque d'acier mince avec une couche de zinc adh\u00e9rant \u00e0 sa surface. Actuellement, le processus de galvanisation en continu est principalement utilis\u00e9 pour la production, c'est-\u00e0-dire que la plaque d'acier enroul\u00e9e est continuellement immerg\u00e9e dans un r\u00e9servoir de galvanisation avec du zinc en fusion pour obtenir une plaque d'acier galvanis\u00e9e ;<\/p>\n<h4>2. plaque d'acier galvanis\u00e9 alli\u00e9.<\/h4>\n<p>Ce type de panneau d'acier est \u00e9galement fabriqu\u00e9 par immersion \u00e0 chaud, mais il est chauff\u00e9 \u00e0 environ 500\u2103 imm\u00e9diatement apr\u00e8s la sortie du r\u00e9servoir, de sorte qu'il peut former un film d'alliage de zinc et de fer. Cette t\u00f4le galvanis\u00e9e a une bonne adh\u00e9rence \u00e0 la peinture et une bonne soudabilit\u00e9 ;<\/p>\n<h4>3. plaque d'acier \u00e9lectro-galvanis\u00e9e.<\/h4>\n<p>Le panneau d'acier galvanis\u00e9 fabriqu\u00e9 par galvanisation pr\u00e9sente une bonne aptitude \u00e0 la transformation. Toutefois, le rev\u00eatement est plus fin et sa r\u00e9sistance \u00e0 la corrosion n'est pas aussi bonne que celle des panneaux galvanis\u00e9s \u00e0 chaud ;<\/p>\n<h4>4. Acier galvanis\u00e9 simple face et acier galvanis\u00e9 double face.<\/h4>\n<p>T\u00f4le d'acier galvanis\u00e9e d'un seul c\u00f4t\u00e9, c'est-\u00e0-dire un produit galvanis\u00e9 d'un seul c\u00f4t\u00e9. En termes de soudage, de peinture, de traitement antirouille, de transformation, etc., elle pr\u00e9sente une meilleure adaptabilit\u00e9 que la t\u00f4le galvanis\u00e9e double face. Afin de pallier les inconv\u00e9nients d'une face sans galvanisation, il existe un autre type de t\u00f4le galvanis\u00e9e rev\u00eatue d'une fine couche de zinc sur l'autre face, \u00e0 savoir la t\u00f4le galvanis\u00e9e diff\u00e9rentielle double face ;<\/p>\n<h4>5. Alliage, acier composite galvanis\u00e9.<\/h4>\n<p>Il s'agit d'un alliage de zinc et d'autres m\u00e9taux tels que l'aluminium, le plomb, le zinc ou m\u00eame d'une plaque d'acier plaqu\u00e9e composite. Ce type de plaque d'acier pr\u00e9sente non seulement d'excellentes performances antirouille, mais aussi de bonnes performances en mati\u00e8re de rev\u00eatement ;<br \/>Outre les cinq types susmentionn\u00e9s, il existe \u00e9galement des panneaux en acier galvanis\u00e9 color\u00e9s, des panneaux en acier galvanis\u00e9 imprim\u00e9s, des panneaux en acier galvanis\u00e9 lamin\u00e9s au PVC, etc. Mais la t\u00f4le galvanis\u00e9e \u00e0 chaud reste la plus couramment utilis\u00e9e.<\/p>\n<h2>Partie 2 Dimension et sp\u00e9cification<\/h2>\n<p>0,20-1,2*1000*C, rev\u00eatement de zinc 80, DX51D+Z<\/p>\n<p>1.2*1050*C,Zinc Coating 150, CSB<\/p>\n<p>1.55*1000*C, Zinc Coating 180, S280GD+Z<\/p>\n<p>1.95*1000*C, Zinc Coating 275, S350GD+Z<\/p>\n<p>Les normes de produits pertinentes indiquent l'\u00e9paisseur, la longueur et la largeur standard recommand\u00e9es pour les t\u00f4les galvanis\u00e9es, ainsi que les \u00e9carts admissibles. En r\u00e8gle g\u00e9n\u00e9rale, plus la t\u00f4le galvanis\u00e9e est \u00e9paisse, plus l'erreur admissible est importante, au lieu de la valeur fixe de 0,02-0,04 mm. L'\u00e9cart d'\u00e9paisseur est \u00e9galement soumis \u00e0 des exigences diff\u00e9rentes en fonction de la limite d'\u00e9lasticit\u00e9, du coefficient de traction, etc. L'\u00e9cart de longueur et de largeur est g\u00e9n\u00e9ralement de 5 mm, et l'\u00e9paisseur de la t\u00f4le est g\u00e9n\u00e9ralement comprise entre 0,4 et 3,2 mm.<\/p>\n<h2>Partie 3 Apparence<\/h2>\n<h4>1. \u00e9tat de surface<\/h4>\n<p>En raison des diff\u00e9rentes m\u00e9thodes de traitement dans le processus de rev\u00eatement et de placage, l'\u00e9tat de surface des t\u00f4les galvanis\u00e9es est \u00e9galement diff\u00e9rent : paillettes ordinaires, paillettes fines, paillettes plates, non paillettes et surface phosphat\u00e9e. Les normes allemandes sp\u00e9cifient \u00e9galement des degr\u00e9s de surface.<\/p>\n<h4>2.Avantages<\/h4>\n<p>La t\u00f4le galvanis\u00e9e doit avoir un bon aspect et ne doit pas pr\u00e9senter de d\u00e9fauts nuisibles \u00e0 l'utilisation du produit, tels que l'absence de placage, des trous, des fissures et de l'\u00e9cume, une \u00e9paisseur de placage excessive, des rayures, des salissures dues \u00e0 l'acide chromique, de la rouille blanche, etc. Les normes \u00e9trang\u00e8res ne sont pas tr\u00e8s claires en ce qui concerne les d\u00e9fauts d'aspect sp\u00e9cifiques.<\/p>","protected":false},"excerpt":{"rendered":"<p>Nom du produit T\u00f4le d'acier galvanis\u00e9e Normes et mat\u00e9riaux SGCC;SGCD1;SGCD2;SGCD3;SGC340;SGC400;SGC440;SGC590 ; DX51D+Z;DX52D+Z;DX53D+Z;DX54D+Z;S250GD+Z ; S280GD+Z;S320GD+Z;S350GD+Z;S550GD+Z;Q-BQB420-2009 Epaisseur 0.13-0.8mm Largeur 600-1250mm Zinc coating 20- 275g\/m2 Coil Weight 3-8 Tons or as demandirment Surface Treatment Mini\/Big Spangle Application Applies to construction field,ships building industryboiler heat exchangerpetroleum chemical industries war and electricitvindustries,food processing and medical industrymachinery and hardware fields. Paiement T\/T, L\/C, Western [...]","protected":false},"featured_media":3146,"comment_status":"closed","ping_status":"closed","template":"","meta":[],"product_cat":[17,46],"class_list":{"0":"post-3346","1":"product","2":"type-product","3":"status-publish","4":"has-post-thumbnail","6":"product_cat-galvanized-steel-manufacturer","7":"product_cat-galvanized-steel-sheet","9":"first","10":"instock","11":"shipping-taxable","12":"product-type-simple"},"_links":{"self":[{"href":"https:\/\/steelsupplydirect.com\/fr\/wp-json\/wp\/v2\/product\/3346","targetHints":{"allow":["GET"]}}],"collection":[{"href":"https:\/\/steelsupplydirect.com\/fr\/wp-json\/wp\/v2\/product"}],"about":[{"href":"https:\/\/steelsupplydirect.com\/fr\/wp-json\/wp\/v2\/types\/product"}],"replies":[{"embeddable":true,"href":"https:\/\/steelsupplydirect.com\/fr\/wp-json\/wp\/v2\/comments?post=3346"}],"wp:featuredmedia":[{"embeddable":true,"href":"https:\/\/steelsupplydirect.com\/fr\/wp-json\/wp\/v2\/media\/3146"}],"wp:attachment":[{"href":"https:\/\/steelsupplydirect.com\/fr\/wp-json\/wp\/v2\/media?parent=3346"}],"wp:term":[{"taxonomy":"product_cat","embeddable":true,"href":"https:\/\/steelsupplydirect.com\/fr\/wp-json\/wp\/v2\/product_cat?post=3346"}],"curies":[{"name":"wp","href":"https:\/\/api.w.org\/{rel}","templated":true}]}}