{"id":3349,"date":"2023-08-29T11:19:43","date_gmt":"2023-08-29T03:19:43","guid":{"rendered":"https:\/\/steelsupplydirect.com\/?post_type=product&#038;p=3349"},"modified":"2024-06-27T16:53:35","modified_gmt":"2024-06-27T08:53:35","slug":"tole-de-toiture-revetue-de-couleur-ral-de-qualite-superieure-bobine-dacier-prepatinee-gi","status":"publish","type":"product","link":"https:\/\/steelsupplydirect.com\/fr\/produit\/tole-de-toiture-revetue-de-couleur-ral-de-qualite-superieure-bobine-dacier-prepatinee-gi","title":{"rendered":"T\u00f4le d'acier pr\u00e9laqu\u00e9 Gi de qualit\u00e9 sup\u00e9rieure \u00e0 rev\u00eatement de couleur Ral"},"content":{"rendered":"<p>Les bobines rev\u00eatues de couleur sont bas\u00e9es sur des t\u00f4les galvanis\u00e9es \u00e0 chaud, des t\u00f4les galvanis\u00e9es \u00e0 chaud, des t\u00f4les \u00e9lectro-galvanis\u00e9es, etc. Apr\u00e8s un pr\u00e9traitement de la surface (d\u00e9graissage chimique et traitement de conversion chimique), une ou plusieurs couches de rev\u00eatements organiques sont appliqu\u00e9es sur la surface, puis un produit est cuit et durci. Il doit son nom aux bobines d'acier color\u00e9es rev\u00eatues de diff\u00e9rentes couleurs de rev\u00eatements organiques, appel\u00e9es bobines color\u00e9es.<\/p>\n<p>Le feuillard d'acier color\u00e9 utilisant le feuillard d'acier galvanis\u00e9 \u00e0 chaud comme mat\u00e9riau de base est non seulement prot\u00e9g\u00e9 par la couche de zinc, mais le rev\u00eatement organique sur la couche de zinc joue un r\u00f4le de couverture et de protection pour emp\u00eacher le feuillard d'acier de rouiller, et sa dur\u00e9e de vie est plus longue que celle du feuillard galvanis\u00e9, d'environ 1,5 fois.<\/p>\n<p>Utilisation de rouleaux enduits de couleur<\/p>\n<p>Les rouleaux rev\u00eatus de couleur sont l\u00e9gers, beaux et ont de bonnes propri\u00e9t\u00e9s anti-corrosion, et peuvent \u00eatre trait\u00e9s directement. Les couleurs se r\u00e9partissent g\u00e9n\u00e9ralement entre le blanc cass\u00e9, le bleu marine et le rouge brique. Ils sont principalement utilis\u00e9s dans la publicit\u00e9, la construction, les appareils m\u00e9nagers, les appareils \u00e9lectriques, l'ameublement et les transports. Industrie.<br \/>\nLe rev\u00eatement utilis\u00e9 pour les bobines color\u00e9es doit s\u00e9lectionner des r\u00e9sines appropri\u00e9es en fonction des diff\u00e9rents environnements d'utilisation, telles que le polyester modifi\u00e9 au silicium, le plastisol de chlorure de polyvinyle, le chlorure de polyvinylid\u00e8ne, etc. Les utilisateurs peuvent choisir en fonction de leur objectif.<\/p>\n<p>Classification des substrats des rouleaux enduits de couleur<\/p>\n<p>-Substrat galvanis\u00e9 \u00e0 chaud<\/p>\n<p>Le produit obtenu par l'application d'un rev\u00eatement organique sur une t\u00f4le d'acier galvanis\u00e9e \u00e0 chaud est une t\u00f4le galvanis\u00e9e \u00e0 chaud \u00e0 rev\u00eatement color\u00e9. Outre l'effet protecteur du zinc, la t\u00f4le color\u00e9e galvanis\u00e9e \u00e0 chaud a \u00e9galement une fonction de protection isolante et de pr\u00e9vention de la rouille, et sa dur\u00e9e de vie est plus longue que celle de la t\u00f4le galvanis\u00e9e \u00e0 chaud. La teneur en zinc du substrat galvanis\u00e9 \u00e0 chaud est g\u00e9n\u00e9ralement de 180g\/m2 (double face), et la quantit\u00e9 de galvanisation la plus \u00e9lev\u00e9e du substrat galvanis\u00e9 \u00e0 chaud pour l'ext\u00e9rieur des b\u00e2timents est de 275g\/m2.<\/p>\n<p>-Substrat galvanis\u00e9 \u00e0 chaud<\/p>\n<p>La t\u00f4le d'acier galvanis\u00e9e \u00e0 chaud (55% Al-Zn) est utilis\u00e9e comme substrat nouvellement rev\u00eatu, contenant g\u00e9n\u00e9ralement 150g\/\u33a1 d'aluminium et de zinc (des deux c\u00f4t\u00e9s). La r\u00e9sistance \u00e0 la corrosion de la t\u00f4le galvanis\u00e9e \u00e0 chaud est 2 \u00e0 5 fois sup\u00e9rieure \u00e0 celle de la t\u00f4le galvanis\u00e9e \u00e0 chaud. L'utilisation continue ou intermittente \u00e0 des temp\u00e9ratures allant jusqu'\u00e0 490\u00b0C n'entra\u00eene pas d'oxydation s\u00e9v\u00e8re ni d'entartrage. La capacit\u00e9 de r\u00e9flexion de la chaleur et de la lumi\u00e8re est deux fois sup\u00e9rieure \u00e0 celle de l'acier galvanis\u00e9 \u00e0 chaud, et la r\u00e9flectivit\u00e9 sup\u00e9rieure \u00e0 0,75 est un mat\u00e9riau de construction id\u00e9al pour \u00e9conomiser l'\u00e9nergie.<\/p>\n<p>-Substrat galvanis\u00e9<\/p>\n<p>La t\u00f4le \u00e9lectro-galvanis\u00e9e est utilis\u00e9e comme substrat, et le produit obtenu par rev\u00eatement avec une peinture organique et cuisson est une t\u00f4le \u00e9lectro-galvanis\u00e9e \u00e0 rev\u00eatement color\u00e9. La couche de zinc de la t\u00f4le \u00e9lectro-galvanis\u00e9e \u00e9tant mince, la teneur en zinc est g\u00e9n\u00e9ralement de 20\/20g\/m2, de sorte que ce produit n'est pas adapt\u00e9 \u00e0 l'utilisation. Pour r\u00e9aliser des murs, des toits, etc. \u00e0 l'ext\u00e9rieur. Toutefois, en raison de sa belle apparence et de ses excellentes performances de traitement, elle est principalement utilis\u00e9e dans les appareils m\u00e9nagers, l'audio, les meubles en acier, la d\u00e9coration int\u00e9rieure, etc.<\/p>\n<p>v Type de structure de rev\u00eatement<br \/>\n2\/1 : Enduire la surface sup\u00e9rieure deux fois, enduire la surface inf\u00e9rieure une fois et cuire deux fois.<br \/>\n2\/1M : Enduire les surfaces sup\u00e9rieure et inf\u00e9rieure deux fois et cuire une fois.<br \/>\n2\/2 : Enduire les surfaces sup\u00e9rieure et inf\u00e9rieure deux fois et cuire deux fois.<br \/>\nv Application de diff\u00e9rentes structures de rev\u00eatement :<br \/>\n2\/1 : La r\u00e9sistance \u00e0 la corrosion et la r\u00e9sistance aux rayures de la peinture arri\u00e8re monocouche sont m\u00e9diocres, mais l'adh\u00e9rence est bonne.<br \/>\n\u00e0 appliquer aux panneaux sandwichs ;<br \/>\n2\/1M : la peinture arri\u00e8re pr\u00e9sente une meilleure r\u00e9sistance \u00e0 la corrosion, aux rayures et \u00e0 la d\u00e9formation, ainsi qu'une bonne adh\u00e9rence.<br \/>\nConvient aux panneaux profil\u00e9s monocouches et aux panneaux sandwichs.<br \/>\n2\/2 : La r\u00e9sistance \u00e0 la corrosion, la r\u00e9sistance aux rayures et l'aptitude au traitement de la peinture arri\u00e8re \u00e0 double couche sont meilleures, et la plupart d'entre elles sont utilis\u00e9es pour les peintures \u00e0 simple couche.<br \/>\nLes panneaux stratifi\u00e9s, en raison de leur faible adh\u00e9rence, ne doivent pas \u00eatre utilis\u00e9s pour les panneaux sandwichs.<\/p>","protected":false},"excerpt":{"rendered":"<p>Les bobines rev\u00eatues de couleur sont bas\u00e9es sur des t\u00f4les galvanis\u00e9es \u00e0 chaud, des t\u00f4les galvanis\u00e9es \u00e0 chaud, des t\u00f4les \u00e9lectro-galvanis\u00e9es, etc. Apr\u00e8s un pr\u00e9traitement de la surface (d\u00e9graissage chimique et traitement de conversion chimique), une ou plusieurs couches de rev\u00eatements organiques sont appliqu\u00e9es sur la surface, puis un produit est cuit et durci. Il doit son nom aux bobines d'acier color\u00e9es rev\u00eatues de divers [...]","protected":false},"featured_media":3252,"comment_status":"closed","ping_status":"closed","template":"","meta":[],"product_cat":[17,47],"class_list":{"0":"post-3349","1":"product","2":"type-product","3":"status-publish","4":"has-post-thumbnail","6":"product_cat-galvanized-steel-manufacturer","7":"product_cat-ppgi-coil","9":"first","10":"instock","11":"shipping-taxable","12":"product-type-simple"},"_links":{"self":[{"href":"https:\/\/steelsupplydirect.com\/fr\/wp-json\/wp\/v2\/product\/3349","targetHints":{"allow":["GET"]}}],"collection":[{"href":"https:\/\/steelsupplydirect.com\/fr\/wp-json\/wp\/v2\/product"}],"about":[{"href":"https:\/\/steelsupplydirect.com\/fr\/wp-json\/wp\/v2\/types\/product"}],"replies":[{"embeddable":true,"href":"https:\/\/steelsupplydirect.com\/fr\/wp-json\/wp\/v2\/comments?post=3349"}],"wp:featuredmedia":[{"embeddable":true,"href":"https:\/\/steelsupplydirect.com\/fr\/wp-json\/wp\/v2\/media\/3252"}],"wp:attachment":[{"href":"https:\/\/steelsupplydirect.com\/fr\/wp-json\/wp\/v2\/media?parent=3349"}],"wp:term":[{"taxonomy":"product_cat","embeddable":true,"href":"https:\/\/steelsupplydirect.com\/fr\/wp-json\/wp\/v2\/product_cat?post=3349"}],"curies":[{"name":"wp","href":"https:\/\/api.w.org\/{rel}","templated":true}]}}