{"id":3350,"date":"2023-08-29T13:39:21","date_gmt":"2023-08-29T05:39:21","guid":{"rendered":"https:\/\/steelsupplydirect.com\/?post_type=product&#038;p=3350"},"modified":"2024-06-27T16:53:38","modified_gmt":"2024-06-27T08:53:38","slug":"materiaux-de-construction-ppgi","status":"publish","type":"product","link":"https:\/\/steelsupplydirect.com\/fr\/produit\/materiaux-de-construction-ppgi","title":{"rendered":"Mat\u00e9riaux de construction Bobines pr\u00e9peintes \u00e0 rev\u00eatement color\u00e9 PPGI"},"content":{"rendered":"<p>Les bobines rev\u00eatues de couleur sont bas\u00e9es sur des t\u00f4les galvanis\u00e9es \u00e0 chaud, des t\u00f4les galvanis\u00e9es \u00e0 chaud, des t\u00f4les \u00e9lectro-galvanis\u00e9es, etc. Apr\u00e8s un pr\u00e9traitement de la surface (d\u00e9graissage chimique et traitement de conversion chimique), une ou plusieurs couches de rev\u00eatements organiques sont appliqu\u00e9es sur la surface, puis un produit est cuit et durci. Il doit son nom aux bobines d'acier color\u00e9es rev\u00eatues de diff\u00e9rentes couleurs de rev\u00eatements organiques, appel\u00e9es bobines color\u00e9es.<\/p>\n<p>Le feuillard d'acier color\u00e9 utilisant le feuillard d'acier galvanis\u00e9 \u00e0 chaud comme mat\u00e9riau de base est non seulement prot\u00e9g\u00e9 par la couche de zinc, mais le rev\u00eatement organique sur la couche de zinc joue un r\u00f4le de couverture et de protection pour emp\u00eacher le feuillard d'acier de rouiller, et sa dur\u00e9e de vie est plus longue que celle du feuillard galvanis\u00e9, d'environ 1,5 fois.<\/p>\n<p>-Le processus de production des rouleaux enduits de couleur<\/p>\n<p>La production de bobines d'acier color\u00e9es est g\u00e9n\u00e9ralement divis\u00e9e en deux \u00e9tapes : la pr\u00e9paration du rev\u00eatement et le processus de rev\u00eatement. La pr\u00e9paration du rev\u00eatement consiste \u00e0 mettre le rev\u00eatement color\u00e9 dans un \u00e9tat appropri\u00e9 pour le rev\u00eatement, y compris la conception de la formule, le processus de production, le contr\u00f4le de la qualit\u00e9 et d'autres aspects du rev\u00eatement. Le processus de rev\u00eatement fait r\u00e9f\u00e9rence \u00e0 l'application de rev\u00eatements color\u00e9s sur la plaque d'acier, g\u00e9n\u00e9ralement de deux mani\u00e8res : le rev\u00eatement au rouleau et la pulv\u00e9risation. Le rev\u00eatement au rouleau consiste \u00e0 appliquer un rev\u00eatement color\u00e9 sur la plaque d'acier, puis \u00e0 utiliser un \u00e9quipement \u00e0 rouleaux pour effectuer des op\u00e9rations telles que le calandrage, le s\u00e9chage et le durcissement. La pulv\u00e9risation consiste \u00e0 pulv\u00e9riser le rev\u00eatement color\u00e9 sur la plaque d'acier, puis \u00e0 utiliser des \u00e9quipements de s\u00e9chage et de durcissement pour le post-traitement.<\/p>\n<p>-Caract\u00e9ristiques des bobines d'acier pr\u00e9laqu\u00e9<\/p>\n<p>1. Performance esth\u00e9tique : Les bobines d'acier color\u00e9 ont des couleurs et des textures riches, qui peuvent r\u00e9pondre \u00e0 diff\u00e9rentes exigences de conception dans les domaines de la construction et de l'\u00e9lectrom\u00e9nager. En m\u00eame temps, la surface des bobines d'acier rev\u00eatues de couleur est lisse et plate, et a un bon effet d\u00e9coratif.<\/p>\n<p>2. R\u00e9sistance \u00e0 la corrosion : Le rev\u00eatement de surface des bobines d'acier color\u00e9 pr\u00e9sente une excellente r\u00e9sistance \u00e0 la corrosion et peut \u00eatre utilis\u00e9 dans des environnements difficiles pendant de nombreuses ann\u00e9es sans dommages.<\/p>\n<p>3. R\u00e9sistance aux intemp\u00e9ries : Le rev\u00eatement de surface des bobines d'acier color\u00e9 a une excellente r\u00e9sistance aux intemp\u00e9ries, qui peut r\u00e9sister \u00e0 l'\u00e9rosion des environnements naturels tels que la lumi\u00e8re du soleil, la pluie et le vent, et maintenir un aspect stable \u00e0 long terme.<\/p>\n<p>4. Propri\u00e9t\u00e9s m\u00e9caniques : Les bobines d'acier color\u00e9 ont une r\u00e9sistance m\u00e9canique et une rigidit\u00e9 \u00e9lev\u00e9es, et peuvent supporter la charge des structures des b\u00e2timents et des \u00e9quipements m\u00e9caniques.<\/p>\n<p>5. Performance de traitement : Les bobines d'acier rev\u00eatues de couleur peuvent \u00eatre trait\u00e9es par pliage \u00e0 froid, estampage, cisaillement et soudage, et ont de bonnes performances de traitement et de formabilit\u00e9.<\/p>\n<p>-Application des bobines d'acier \u00e0 rev\u00eatement color\u00e9<\/p>\n<p>1. Domaine de la construction : Les bobines d'acier color\u00e9 sont largement utilis\u00e9es dans la construction de toits, de panneaux muraux, de portes et de fen\u00eatres, de fermes de toit, de cloisons et de plafonds. Les bobines d'acier rev\u00eatues de couleur ont non seulement de belles performances, mais aussi de bonnes performances en mati\u00e8re d'\u00e9tanch\u00e9it\u00e9, d'ignifugation et d'isolation thermique, et constituent un excellent mat\u00e9riau de construction.<\/p>\n<p>2. Appareils m\u00e9nagers : Les bobines d'acier color\u00e9 sont largement utilis\u00e9es pour fabriquer des bo\u00eetiers pour les appareils m\u00e9nagers, tels que les r\u00e9frig\u00e9rateurs, les climatiseurs, les machines \u00e0 laver, les fours \u00e0 micro-ondes et les fours \u00e9lectriques. Les bobines d'acier color\u00e9 pr\u00e9sentent les caract\u00e9ristiques suivantes : r\u00e9sistance \u00e0 l'usure, anticorrosion, facilit\u00e9 de nettoyage et bel aspect, ce qui permet de r\u00e9pondre aux exigences de l'industrie de l'\u00e9lectrom\u00e9nager en mati\u00e8re d'aspect et de performance.<\/p>\n<p>3. Domaine des transports : Les bobines d'acier rev\u00eatues de couleur peuvent \u00eatre utilis\u00e9es pour fabriquer des pi\u00e8ces telles que des carrosseries, des toits, des ch\u00e2ssis et des cadres. Les bobines d'acier pr\u00e9peint pr\u00e9sentent les caract\u00e9ristiques suivantes : l\u00e9g\u00e8ret\u00e9, haute r\u00e9sistance, r\u00e9sistance \u00e0 la corrosion, r\u00e9sistance \u00e0 l'usure et esth\u00e9tique, ce qui permet d'am\u00e9liorer la s\u00e9curit\u00e9 et l'esth\u00e9tique des outils de transport.<\/p>\n<p>4. Domaine de l'ameublement : Les bobines d'acier rev\u00eatues de couleur peuvent \u00eatre utilis\u00e9es pour fabriquer des meubles de bureau, des meubles de cuisine, des \u00e9tag\u00e8res, des armoires et d'autres meubles. Les bobines d'acier pr\u00e9laqu\u00e9 pr\u00e9sentent les caract\u00e9ristiques suivantes : beaut\u00e9, r\u00e9sistance \u00e0 l'usure, facilit\u00e9 de nettoyage et r\u00e9sistance \u00e0 la corrosion, ce qui permet de r\u00e9pondre aux exigences de l'industrie du meuble en mati\u00e8re d'apparence et de performance des mat\u00e9riaux.<\/p>\n<p>5. Secteur de l'\u00e9quipement \u00e9lectronique : Les bobines d'acier rev\u00eatues de couleur peuvent \u00eatre utilis\u00e9es pour fabriquer des bo\u00eetiers d'\u00e9quipements \u00e9lectroniques tels que des bo\u00eetiers de t\u00e9l\u00e9vision, des bo\u00eetiers audio et des bo\u00eetiers d'ordinateurs. Les bobines d'acier pr\u00e9peint pr\u00e9sentent des caract\u00e9ristiques de beaut\u00e9, de r\u00e9sistance \u00e0 l'usure, de r\u00e9sistance \u00e0 la corrosion et d'anti-interf\u00e9rence \u00e9lectromagn\u00e9tique, ce qui peut am\u00e9liorer la s\u00e9curit\u00e9 et l'esth\u00e9tique de l'\u00e9quipement \u00e9lectronique.<\/p>\n<p>&nbsp;<\/p>\n<p>&nbsp;<\/p>\n<p>&nbsp;<\/p>","protected":false},"excerpt":{"rendered":"<p>Les bobines rev\u00eatues de couleur sont bas\u00e9es sur des t\u00f4les galvanis\u00e9es \u00e0 chaud, des t\u00f4les galvanis\u00e9es \u00e0 chaud, des t\u00f4les \u00e9lectro-galvanis\u00e9es, etc. Apr\u00e8s un pr\u00e9traitement de la surface (d\u00e9graissage chimique et traitement de conversion chimique), une ou plusieurs couches de rev\u00eatements organiques sont appliqu\u00e9es sur la surface, puis un produit est cuit et durci. Il doit son nom aux bobines d'acier color\u00e9es rev\u00eatues de divers [...]","protected":false},"featured_media":3204,"comment_status":"closed","ping_status":"closed","template":"","meta":[],"product_cat":[17,47],"class_list":{"0":"post-3350","1":"product","2":"type-product","3":"status-publish","4":"has-post-thumbnail","6":"product_cat-galvanized-steel-manufacturer","7":"product_cat-ppgi-coil","9":"first","10":"instock","11":"shipping-taxable","12":"product-type-simple"},"_links":{"self":[{"href":"https:\/\/steelsupplydirect.com\/fr\/wp-json\/wp\/v2\/product\/3350","targetHints":{"allow":["GET"]}}],"collection":[{"href":"https:\/\/steelsupplydirect.com\/fr\/wp-json\/wp\/v2\/product"}],"about":[{"href":"https:\/\/steelsupplydirect.com\/fr\/wp-json\/wp\/v2\/types\/product"}],"replies":[{"embeddable":true,"href":"https:\/\/steelsupplydirect.com\/fr\/wp-json\/wp\/v2\/comments?post=3350"}],"wp:featuredmedia":[{"embeddable":true,"href":"https:\/\/steelsupplydirect.com\/fr\/wp-json\/wp\/v2\/media\/3204"}],"wp:attachment":[{"href":"https:\/\/steelsupplydirect.com\/fr\/wp-json\/wp\/v2\/media?parent=3350"}],"wp:term":[{"taxonomy":"product_cat","embeddable":true,"href":"https:\/\/steelsupplydirect.com\/fr\/wp-json\/wp\/v2\/product_cat?post=3350"}],"curies":[{"name":"wp","href":"https:\/\/api.w.org\/{rel}","templated":true}]}}