{"id":3354,"date":"2023-08-29T17:03:37","date_gmt":"2023-08-29T09:03:37","guid":{"rendered":"https:\/\/steelsupplydirect.com\/?post_type=product&#038;p=3354"},"modified":"2023-11-06T10:58:32","modified_gmt":"2023-11-06T02:58:32","slug":"yw35-1000","status":"publish","type":"product","link":"https:\/\/steelsupplydirect.com\/fr\/produit\/yw35-1000","title":{"rendered":"YW35-1000 T\u00f4le PPGI de type L, \u00e9paisseur 0,2-1mm"},"content":{"rendered":"<div style=\"overflow: auto\">\n<table>\n<thead>\n<tr>\n<th>Nom du produit<\/th>\n<th>T\u00f4le d'acier ondul\u00e9e pour toiture<\/th>\n<\/tr>\n<\/thead>\n<tbody>\n<tr>\n<td>Taille<\/td>\n<td>0,12 mm-1,2 mm<\/td>\n<\/tr>\n<tr>\n<td>Largeur<\/td>\n<td>600mm-1500mm<\/td>\n<\/tr>\n<tr>\n<td>Rev\u00eatement de zinc<\/td>\n<td>40-275g\/m2<\/td>\n<\/tr>\n<tr>\n<td>Longueur<\/td>\n<td>Longueur : longueur al\u00e9atoire simple\/double longueur al\u00e9atoire<br \/>5m-14m, 5.8m, 6m, 10m-12m, 12m ou selon les besoins r\u00e9els du client.<\/td>\n<\/tr>\n<tr>\n<td>Technique<\/td>\n<td>T\u00f4le d'\u00e9tanch\u00e9it\u00e9 en gi lron<\/td>\n<\/tr>\n<tr>\n<td>Traitement de surface<\/td>\n<td>1. Galvanis\u00e9 <br \/>2. PVC, peinture noire et couleur <br \/>3. Huile transparente, huile antirouille <br \/>4. Selon les besoins du client<\/td>\n<\/tr>\n<tr>\n<td>D\u00e9lai de livraison<\/td>\n<td>7 \u00e0 15 jours apr\u00e8s r\u00e9ception de l'acompte<\/td>\n<\/tr>\n<\/tbody>\n<\/table>\n<\/div>\n<h2>Partie 1 description du produit<\/h2>\n<p>La t\u00f4le ondul\u00e9e color\u00e9e, \u00e9galement appel\u00e9e t\u00f4le profil\u00e9e, est fabriqu\u00e9e \u00e0 partir de t\u00f4le d'acier color\u00e9e, de t\u00f4le galvanis\u00e9e et d'autres t\u00f4les m\u00e9talliques qui sont lamin\u00e9es et pli\u00e9es \u00e0 froid en diverses t\u00f4les ondul\u00e9es. Elle convient aux b\u00e2timents industriels et civils, aux entrep\u00f4ts et aux b\u00e2timents sp\u00e9ciaux, aux toits, aux murs et \u00e0 la d\u00e9coration des murs int\u00e9rieurs et ext\u00e9rieurs des maisons \u00e0 structure m\u00e9tallique de grande port\u00e9e. Elle pr\u00e9sente les caract\u00e9ristiques suivantes : l\u00e9g\u00e8ret\u00e9, r\u00e9sistance \u00e9lev\u00e9e, couleur riche, construction pratique et rapide, antisismique, ignifuge, \u00e9tanche \u00e0 la pluie, longue dur\u00e9e de vie, sans entretien, etc.<\/p>\n<p>Le carton ondul\u00e9 a une forme incurv\u00e9e en nid d'abeille, ce qui lui conf\u00e8re des fonctions d'isolation acoustique, d'isolation thermique, de pr\u00e9vention des incendies et de r\u00e9sistance aux chocs. Le panneau est fabriqu\u00e9 par pulv\u00e9risation en ligne, ce qui \u00e9vite tout probl\u00e8me d'aberration chromatique. Il peut \u00e9galement subir des traitements secondaires, tels que l'anticorrosion, le gaufrage, la peinture, etc. Le plus important est que son co\u00fbt est tr\u00e8s bas, que l'effet d\u00e9coratif est meilleur et que l'effet d\u00e9coratif global du b\u00e2timent est grandement am\u00e9lior\u00e9. Cependant, lors de l'utilisation, vous devez faire attention \u00e0 la position de placement, car toutes les positions ne conviennent pas \u00e0 l'installation.<\/p>\n<h2>Partie 2 Sp\u00e9cifications des produits<\/h2>\n<p>\u2460\u00c9paisseur de la feuille : 0,2-1,0 mm,<\/p>\n<p>\u2461Largeur : 50-250mm.<\/p>\n<p>\u2462Application code : L (pour les b\u00e2timents), Q (pour les murs), W (pour les maisons), X (panneau universel).<\/p>\n<p>\u2463Mat\u00e9riaux couramment utilis\u00e9s : Q235A, Q235B, etc. La norme de fabrication du carton ondul\u00e9 en acier rev\u00eatu de couleur est GB\/T 12755.<\/p>\n<p>\u2464Color steel corrugated sheet Common Specification :<\/p>\n<p>YW35-1000-205-0.4, Q235B, GB\/T 12755<\/p>\n<p>YX15-1000-125-0.8, Q235B, GB\/T 12755<\/p>\n<p>YW30-970-240-0.4, Q235B, GB\/T12755<\/p>\n<p>YW51-600-250-0.8, Q235A, GB\/T 12755<\/p>\n<p>YX15-850-65-0.5, Q235B, GB\/T 12755<\/p>\n<p>YW51-760-380-0.8, Q235B, GB\/T 12755<\/p>\n<h2>Partie 3 Classification<\/h2>\n<p>Selon la m\u00e9thode de production et de transformation, il peut \u00eatre divis\u00e9 en plusieurs cat\u00e9gories :<\/p>\n<h4>1. le carton ondul\u00e9 galvanis\u00e9.<\/h4>\n<p>La t\u00f4le d'acier est plong\u00e9e dans un bain de zinc en fusion, ce qui fait adh\u00e9rer la t\u00f4le d'acier avec la couche de zinc \u00e0 la surface. \u00c0 l'heure actuelle, on utilise principalement le proc\u00e9d\u00e9 de galvanisation en continu, c'est-\u00e0-dire que la t\u00f4le d'acier enroul\u00e9e est immerg\u00e9e en continu dans une cuve de galvanisation et devient une t\u00f4le d'acier galvanis\u00e9e avec du zinc en fusion.<\/p>\n<h4>2. Carton ondul\u00e9 en alliage galvanis\u00e9.<\/h4>\n<p>Ce type de t\u00f4le d'acier est \u00e9galement fabriqu\u00e9 par trempage \u00e0 chaud, mais imm\u00e9diatement apr\u00e8s avoir \u00e9t\u00e9 d\u00e9charg\u00e9 de la cuve, il est chauff\u00e9 \u00e0 environ 500\u00b0C pour former un film d'alliage de zinc et de fer. La t\u00f4le galvanis\u00e9e pr\u00e9sente une bonne adh\u00e9rence de la peinture et une bonne soudabilit\u00e9.<\/p>\n<h4>3. le carton ondul\u00e9 galvanis\u00e9.<\/h4>\n<p>Les t\u00f4les d'acier galvanis\u00e9 produites par galvanisation ont une bonne usinabilit\u00e9. Toutefois, le rev\u00eatement est moins \u00e9pais et la r\u00e9sistance \u00e0 la corrosion n'est pas aussi bonne que celle des panneaux galvanis\u00e9s \u00e0 chaud.<\/p>\n<h4>4. t\u00f4les ondul\u00e9es galvanis\u00e9es simple face et double face.<\/h4>\n<p>La t\u00f4le d'acier galvanis\u00e9e sur une seule face est un produit galvanis\u00e9 sur une seule face. En termes de soudage, de peinture, de traitement antirouille, de transformation, etc., elle pr\u00e9sente une meilleure adaptabilit\u00e9 que les panneaux galvanis\u00e9s double face. Pour pallier l'inconv\u00e9nient de ne pas \u00eatre galvanis\u00e9e d'un c\u00f4t\u00e9, une autre t\u00f4le galvanis\u00e9e est recouverte d'une fine couche de zinc sur l'autre face, c'est ce qu'on appelle la t\u00f4le galvanis\u00e9e diff\u00e9rentielle double face.<\/p>\n<h4>5. le carton ondul\u00e9 galvanis\u00e9 alli\u00e9 et composite.<\/h4>\n<p>Il s'agit d'une plaque d'acier compos\u00e9e de zinc et d'autres m\u00e9taux, tels que des alliages de plomb et de zinc, ou m\u00eame des rev\u00eatements composites. Cette plaque d'acier pr\u00e9sente non seulement d'excellentes performances antirouille, mais aussi de bonnes performances en mati\u00e8re de rev\u00eatement.<\/p>\n<h2>Partie 4 Sp\u00e9cifications communes<\/h2>\n<h4>1.840 T\u00f4le ondul\u00e9e en acier zingu\u00e9<\/h4>\n<p>Le carton ondul\u00e9 en zinc-acier de type 840 est une sp\u00e9cification courante. Son \u00e9paisseur effective est de 840 mm, la hauteur des ondes est de 25 mm, la distance entre les ondes est de 210 mm et l'\u00e9paisseur de la plaque est de 0,3-0,8 mm. Cette sp\u00e9cification de carton ondul\u00e9 en zinc-acier convient aux installations industrielles, aux toits et aux murs de b\u00e2timents tels que les entrep\u00f4ts et les garages.<\/p>\n<h4>2. 820 T\u00f4le ondul\u00e9e en acier zingu\u00e9<\/h4>\n<p>Son \u00e9paisseur effective est de 820 mm, la hauteur d'onde est de 25 mm, la distance d'onde est de 205 mm et l'\u00e9paisseur de la plaque est de 0,3-0,8 mm. Cette sp\u00e9cification de carton ondul\u00e9 en zinc-acier convient aux b\u00e2timents civils, aux toits et aux murs de b\u00e2timents tels que les b\u00e2timents commerciaux et les installations industrielles.<\/p>\n<h4>3.760Type T\u00f4le ondul\u00e9e zinc-acier<\/h4>\n<p>La largeur effective est de 760 mm, la hauteur d'onde est de 18 mm, la distance d'onde est de 76 mm et l'\u00e9paisseur du panneau est de 0,3-0,8 mm. Cette sp\u00e9cification de plaques ondul\u00e9es en acier zingu\u00e9 convient aux b\u00e2timents civils, aux b\u00e2timents commerciaux, aux usines industrielles et aux autres toits et murs des b\u00e2timents.<\/p>\n<h4>4. T\u00f4le ondul\u00e9e galvanis\u00e9e de type 900<\/h4>\n<p>La largeur effective de la feuille est de 900 mm, la hauteur d'onde est de 25 mm, la distance d'onde est de 225 mm et l'\u00e9paisseur du panneau est de 0,3-0,8 mm. Cette sp\u00e9cification de plaques ondul\u00e9es en zinc-acier convient aux toits et aux murs des b\u00e2timents de longue port\u00e9e, tels que les gymnases et les salles d'exposition.<\/p>\n<h4>5.1000Type T\u00f4le ondul\u00e9e en acier zingu\u00e9<\/h4>\n<p>La largeur effective est de 1000 mm, la hauteur d'onde est de 25 mm, la distance d'onde est de 200 mm et l'\u00e9paisseur de la plaque est de 0,3-0,8 mm. Cette sp\u00e9cification de plaques ondul\u00e9es en zinc-acier convient aux toits et aux murs des b\u00e2timents \u00e0 longue port\u00e9e. Tels que les gymnases, les halls d'exposition.<\/p>","protected":false},"excerpt":{"rendered":"<p>Nom du produit T\u00f4le d'acier ondul\u00e9e pour toiture Taille 0,12mm-1,2mm Largeur 600mm-1500mm Rev\u00eatement de zinc 40-275g\/m2 Longueur Longueur : longueur al\u00e9atoire simple\/longueur al\u00e9atoire double5m-14m,5,8m,6m,10m-12m,12m ou selon les demandes r\u00e9elles du client Technique T\u00f4le d'acier ondul\u00e9e pour toiture Traitement de surface 1. Galvanisation 2. PVC, peinture noire et couleur 3. Huile transparente, huile antirouille 4. Selon les exigences des clients D\u00e9lai de livraison 7 \u00e0 15 jours apr\u00e8s r\u00e9ception [...]","protected":false},"featured_media":3130,"comment_status":"closed","ping_status":"closed","template":"","meta":[],"product_cat":[17,44,48],"class_list":{"0":"post-3354","1":"product","2":"type-product","3":"status-publish","4":"has-post-thumbnail","6":"product_cat-galvanized-steel-manufacturer","7":"product_cat-galvanized-corrugated-steel","8":"product_cat-ppgi-corrugated","10":"first","11":"instock","12":"shipping-taxable","13":"product-type-simple"},"_links":{"self":[{"href":"https:\/\/steelsupplydirect.com\/fr\/wp-json\/wp\/v2\/product\/3354","targetHints":{"allow":["GET"]}}],"collection":[{"href":"https:\/\/steelsupplydirect.com\/fr\/wp-json\/wp\/v2\/product"}],"about":[{"href":"https:\/\/steelsupplydirect.com\/fr\/wp-json\/wp\/v2\/types\/product"}],"replies":[{"embeddable":true,"href":"https:\/\/steelsupplydirect.com\/fr\/wp-json\/wp\/v2\/comments?post=3354"}],"wp:featuredmedia":[{"embeddable":true,"href":"https:\/\/steelsupplydirect.com\/fr\/wp-json\/wp\/v2\/media\/3130"}],"wp:attachment":[{"href":"https:\/\/steelsupplydirect.com\/fr\/wp-json\/wp\/v2\/media?parent=3354"}],"wp:term":[{"taxonomy":"product_cat","embeddable":true,"href":"https:\/\/steelsupplydirect.com\/fr\/wp-json\/wp\/v2\/product_cat?post=3354"}],"curies":[{"name":"wp","href":"https:\/\/api.w.org\/{rel}","templated":true}]}}