{"id":3357,"date":"2023-08-31T14:35:38","date_gmt":"2023-08-31T06:35:38","guid":{"rendered":"https:\/\/steelsupplydirect.com\/?post_type=product&#038;p=3357"},"modified":"2025-11-10T15:44:21","modified_gmt":"2025-11-10T07:44:21","slug":"fabricant-de-serpentins-de-refroidissement-en-acier-inoxydable","status":"publish","type":"product","link":"https:\/\/steelsupplydirect.com\/fr\/produit\/fabricant-de-serpentins-de-refroidissement-en-acier-inoxydable","title":{"rendered":"Qualit\u00e9 des serpentins de refroidissement en acier inoxydable 304 201 316 430 lamin\u00e9s \u00e0 froid 2B Surface"},"content":{"rendered":"<p data-block-id=\"427913d3-4961-4fda-ae67-e2cb4815950d\" data-pm-slice=\"1 1 []\">L'acier inoxydable contient au moins 10,5% de chrome et pas plus de 1,2% de carbone. Ceci est conforme \u00e0 la norme GB\/T20878-2007.<\/p>\n<p data-block-id=\"28741483-9dde-4fb4-b66d-d98483d1ac2f\">La r\u00e9sistance \u00e0 la corrosion de l'acier inoxydable diminue avec l'augmentation de la teneur en carbone. C'est pourquoi la teneur en carbone de la plupart des aciers inoxydables est faible, avec un maximum ne d\u00e9passant pas 1,2%. La \u03c9c (teneur en carbone) de certains aciers est m\u00eame inf\u00e9rieure \u00e0 0,03% (comme le 00Cr12 ). Le principal \u00e9l\u00e9ment d'alliage de l'acier inoxydable est le Cr (chrome). Ce n'est que lorsque la teneur en chrome atteint une certaine valeur que l'acier r\u00e9siste \u00e0 la corrosion. Par cons\u00e9quent, l'acier inoxydable a g\u00e9n\u00e9ralement une teneur en Cr (chrome) d'au moins 10,5%. L'acier inoxydable contient \u00e9galement du Ni, du Ti, du Mn, du N, du Nb, du Mo, du Si, du Cu et d'autres \u00e9l\u00e9ments. L'acier inoxydable est un type d'acier qui r\u00e9siste \u00e0 une faible corrosion. Cela comprend l'exposition \u00e0 l'air, \u00e0 la vapeur et \u00e0 l'eau. L'acier r\u00e9sistant aux acides est un acier qui r\u00e9siste \u00e0 la corrosion par les acides, les alcalis et les sels.<\/p>\n<p data-block-id=\"44f5c7e1-6d67-4e7e-a92a-00eec24c4cb4\">Ces deux types d'acier ont des compositions chimiques diff\u00e9rentes, ce qui explique que leur r\u00e9sistance \u00e0 la corrosion varie. L'acier inoxydable ordinaire se corrode g\u00e9n\u00e9ralement lorsqu'il est expos\u00e9 \u00e0 des produits chimiques. En revanche, l'acier r\u00e9sistant aux acides est g\u00e9n\u00e9ralement inoxydable. Les pi\u00e8ces en \"acier inoxydable\" comprennent plus d'une centaine de types d'acier inoxydable. Chaque type est con\u00e7u pour des applications sp\u00e9cifiques et donne de bons r\u00e9sultats dans son domaine. Il n'existe g\u00e9n\u00e9ralement que six types d'acier pour les applications de construction de b\u00e2timents. Ils contiennent tous de 17 \u00e0 22% de chrome, et les meilleurs types d'acier contiennent \u00e9galement du nickel. L'ajout de molybd\u00e8ne peut encore am\u00e9liorer la corrosion atmosph\u00e9rique, en particulier la r\u00e9sistance \u00e0 la corrosion dans les atmosph\u00e8res contenant du chlorure. L'acier inoxydable est plus dur que l'alliage d'aluminium ordinaire. Il co\u00fbte \u00e9galement plus cher que l'alliage d'aluminium.<\/p>\n<p data-block-id=\"ac391ce7-161b-4e73-a4a4-9d54bcccdc2d\">\n<p data-block-id=\"d87a1f9c-79ec-4bf6-8fd9-b64a3d358445\">Principaux types : L'acier inoxydable se divise en cinq cat\u00e9gories principales en fonction de sa structure :<\/p>\n<ul data-block-id=\"d95d9b3c-cb20-48c5-85cf-d2ead02dff20\">\n<li>\n<p data-block-id=\"937eb774-bd0c-46cc-a362-c738c97df5ce\">Acier martensitique<\/p>\n<\/li>\n<li>\n<p data-block-id=\"b3bb925f-7821-4cfb-a4b3-78cb2a0d79d3\">Acier ferritique<\/p>\n<\/li>\n<li>\n<p data-block-id=\"80a34bbc-4276-44fc-8ad0-8a726ebe3e5d\">Acier aust\u00e9nitique<\/p>\n<\/li>\n<li>\n<p data-block-id=\"3c66bfb1-61ef-4a94-8517-ffe5ab66cb53\">Acier inoxydable aust\u00e9no-ferritique (duplex)<\/p>\n<\/li>\n<li>\n<p data-block-id=\"9f516790-397c-4533-be7e-bc145a77fa99\">Acier inoxydable \u00e0 durcissement par pr\u00e9cipitation<\/p>\n<\/li>\n<\/ul>\n<p data-block-id=\"792987dd-6f17-48da-bbba-137d08a6c324\">L'acier inoxydable peut \u00e9galement \u00eatre divis\u00e9 en fonction de sa composition. Il s'agit des \u00e9l\u00e9ments suivants :<\/p>\n<ul data-block-id=\"7ca1e182-71c5-4c28-8e62-ac94c022cb99\">\n<li>\n<p data-block-id=\"b839d6b4-756f-457a-a7c5-9adf788721b2\">Acier inoxydable au chrome<\/p>\n<\/li>\n<li>\n<p data-block-id=\"5eff8bd2-aedb-412d-8212-828fa8608c58\">Acier inoxydable chrome-nickel<\/p>\n<\/li>\n<li>\n<p data-block-id=\"1965880b-a456-4225-a49f-63cfff85d483\">Acier inoxydable chrome-mangan\u00e8se-azote<\/p>\n<\/li>\n<\/ul>\n<p data-block-id=\"0c48a886-7a99-4708-a9c0-bcecb16dcada\">Il existe \u00e9galement un acier inoxydable sp\u00e9cial pour les appareils \u00e0 pression. Il s'appelle \"GB24511_2009_Stainless steel plates and steel strips for pressure-bearing equipment\" (plaques et bandes en acier inoxydable pour \u00e9quipements sous pression).<\/p>\n<p data-block-id=\"cd1e0f99-da40-42d1-ad64-d25069125650\">La composition se divise en plusieurs s\u00e9ries :<\/p>\n<ul data-block-id=\"291d4a5e-4f02-4f5f-bc3b-67db50013141\">\n<li>\n<p data-block-id=\"e961651e-2b41-4f47-bc60-20bde40f9573\">S\u00e9rie Cr (s\u00e9rie 400)<\/p>\n<\/li>\n<li>\n<p data-block-id=\"987467b3-c6cd-4c30-b452-94a8757918b5\">S\u00e9rie Cr-Ni (s\u00e9rie 300)<\/p>\n<\/li>\n<li>\n<p data-block-id=\"fd8d2d4d-b2ef-4410-a879-620fbcfbeb44\">S\u00e9rie Cr-Mn-Ni (s\u00e9rie 200)<\/p>\n<\/li>\n<li>\n<p data-block-id=\"a42f44aa-9954-470e-b9aa-3b9fb6b9c546\">Acier alli\u00e9 au chrome r\u00e9sistant \u00e0 la chaleur (s\u00e9rie 500)<\/p>\n<\/li>\n<li>\n<p data-block-id=\"fe0e4a5e-1128-4feb-b7d8-bf8fa014f5a4\">S\u00e9rie de durcissement par pr\u00e9cipitation (s\u00e9rie 600)<\/p>\n<\/li>\n<\/ul>\n<p data-block-id=\"41072788-9e47-4771-9672-2b0ee17d5911\">S\u00e9rie 200 : Chrome-Mangan\u00e8se-Nickel<\/p>\n<p data-block-id=\"f58f9fa8-7f42-41f9-860b-abb7734a2c1a\">201, 202, etc. : le nickel est remplac\u00e9 par le mangan\u00e8se, qui pr\u00e9sente une mauvaise r\u00e9sistance \u00e0 la corrosion et est largement utilis\u00e9 comme substitut bon march\u00e9 de la s\u00e9rie 300 en Chine.<\/p>\n<p data-block-id=\"a33d2e28-0ee8-453d-bf27-a89919f11c6c\">S\u00e9rie 300 : Acier inoxydable aust\u00e9nitique chrome-nickel<\/p>\n<p data-block-id=\"0f13ccde-133f-411e-8755-ada8a7936389\">304 : mod\u00e8le universel, c'est-\u00e0-dire acier inoxydable 18\/8. Produits tels que : r\u00e9cipients r\u00e9sistants \u00e0 la corrosion, vaisselle, mobilier, garde-corps et \u00e9quipements m\u00e9dicaux. La composition standard est de 18% de chrome et 8% de nickel. Il s'agit d'un acier inoxydable non magn\u00e9tique. Le traitement thermique ne modifie pas sa structure m\u00e9tallographique. La nuance GB est 06Cr19Ni10.<\/p>\n<p data-block-id=\"4dd5d1c3-f33e-4a73-b9f8-5a3f3fed83ca\">304 L : Semblable \u00e0 304, mais \u00e0 faible teneur en carbone. Cela le rend plus r\u00e9sistant \u00e0 la corrosion et plus facile \u00e0 traiter thermiquement. Cependant, ses propri\u00e9t\u00e9s m\u00e9caniques sont m\u00e9diocres. Il convient pour le soudage et les produits difficiles \u00e0 traiter thermiquement.<\/p>\n<p data-block-id=\"3b7bd95b-8889-4de1-b2e7-2a36f2143c2e\">309 S : il contient beaucoup de chrome et de nickel, ce qui lui conf\u00e8re une bonne r\u00e9sistance \u00e0 la chaleur et \u00e0 l'oxydation. Produits : \u00e9changeurs de chaleur, composants de chaudi\u00e8res et moteurs \u00e0 r\u00e9action.<\/p>\n<p data-block-id=\"66a180e4-4067-41dc-b754-7f804f45122d\">310 : Excellente r\u00e9sistance \u00e0 l'oxydation \u00e0 haute temp\u00e9rature, temp\u00e9rature maximale d'utilisation 1200\u2103.<\/p>\n<p data-block-id=\"30bef819-4edf-4d47-9992-c819df911771\">316 : Apr\u00e8s la nuance 304, la nuance d'acier la plus populaire est principalement utilis\u00e9e dans l'industrie alimentaire, les pi\u00e8ces d'horlogerie, les produits pharmaceutiques et les outils chirurgicaux. L'ajout de molybd\u00e8ne lui conf\u00e8re une structure sp\u00e9ciale r\u00e9sistante \u00e0 la corrosion. Comme il r\u00e9siste mieux \u00e0 la corrosion par le chlorure que le 304, il est \u00e9galement utilis\u00e9 comme \"acier marin\". L'inox 316 est g\u00e9n\u00e9ralement utilis\u00e9 dans les dispositifs de r\u00e9cup\u00e9ration du combustible nucl\u00e9aire. L'acier inoxydable 18\/10 convient aussi g\u00e9n\u00e9ralement \u00e0 ce niveau d'application.<\/p>\n<p data-block-id=\"ea50afc3-6d31-4267-9d52-828dd1db4bc1\">316 L : faible teneur en carbone, donc plus r\u00e9sistant \u00e0 la corrosion et facile \u00e0 traiter thermiquement. Produits tels que : \u00e9quipement de traitement chimique, g\u00e9n\u00e9rateurs d'\u00e9nergie nucl\u00e9aire et r\u00e9servoirs de stockage de r\u00e9frig\u00e9rant.<\/p>\n<p data-block-id=\"35a93791-e629-4b36-a1e8-c4ac04c9bbce\">321 : Outre la r\u00e9duction du risque de corrosion des mat\u00e9riaux soud\u00e9s gr\u00e2ce \u00e0 l'ajout de titane, les autres propri\u00e9t\u00e9s sont similaires \u00e0 celles du 304.<\/p>\n<p data-block-id=\"1e74647d-1703-4b7d-bb01-b85c76c75c41\">S\u00e9rie 400 : acier inoxydable ferritique et martensitique, sans mangan\u00e8se, peut remplacer l'acier inoxydable 304 dans une certaine mesure.<\/p>\n<p data-block-id=\"42bf9291-7f08-4731-a082-dc636da18f28\">430 : Acier inoxydable ferritique, pour la d\u00e9coration, par exemple pour les accessoires automobiles. Bonne aptitude au formage, mais mauvaise r\u00e9sistance \u00e0 la temp\u00e9rature et \u00e0 la corrosion.<\/p>\n<p data-block-id=\"d5e175c7-dc6e-4403-ad27-ab895e1eef8e\">S\u00e9rie 500 : Acier alli\u00e9 au chrome r\u00e9sistant \u00e0 la chaleur. S\u00e9rie 600 : Acier inoxydable martensitique \u00e0 durcissement par pr\u00e9cipitation.<\/p>\n<p data-block-id=\"8dba944d-10d5-40e6-8cde-5e14e23ee5d6\">Grade de traitement de surface de l'acier inoxydable<\/p>\n<p data-block-id=\"956e100b-f29e-4f56-a34a-fdde1945f0a8\">NO.1 Le processus soumet la surface \u00e0 un traitement thermique et \u00e0 un traitement de d\u00e9capage apr\u00e8s le laminage \u00e0 chaud. G\u00e9n\u00e9ralement utilis\u00e9 pour les mat\u00e9riaux lamin\u00e9s \u00e0 froid.<\/p>\n<p data-block-id=\"649b868e-a579-4b79-9b3d-cde67d724af1\">-Surface \u00e9mouss\u00e9e : NO.2D, qui a subi un traitement thermique et un d\u00e9capage apr\u00e8s le laminage \u00e0 froid. Le mat\u00e9riau est souple et la surface est blanc argent\u00e9. Il est utilis\u00e9 pour l'emboutissage profond.<\/p>\n<p data-block-id=\"9d293fb5-2170-4f18-9e91-483f8fbcaef7\">-Surface mate : NO.2B Apr\u00e8s le laminage \u00e0 froid, il subit un traitement thermique, un d\u00e9capage, puis un laminage de finition pour rendre la surface mod\u00e9r\u00e9ment brillante.<\/p>\n<p data-block-id=\"e91f0606-faac-4edf-9720-36855e2af227\">-Le grain grossier NO.3 est un produit broy\u00e9 avec une bande abrasive No. 100-120. Il pr\u00e9sente une meilleure brillance et des lignes rugueuses discontinues<\/p>\n<p data-block-id=\"96bf7710-6d3f-42a3-9071-dde3ff00eeb8\">-HLNO.4 est fabriqu\u00e9 \u00e0 l'aide d'une bande de polissage dont la taille des particules est sp\u00e9cifique. Cela permet de cr\u00e9er un motif de pon\u00e7age unique gr\u00e2ce \u00e0 un pon\u00e7age continu. Il est principalement utilis\u00e9 pour la d\u00e9coration architecturale.<\/p>\n<p data-block-id=\"88d88cef-8bbd-48ab-b61f-5b7299146b8f\">- Surface brillante : Le BA est fabriqu\u00e9 par laminage \u00e0 froid, recuit brillant et lissage. La surface est brillante et tr\u00e8s r\u00e9fl\u00e9chissante, comme un miroir.<\/p>\n<p data-block-id=\"2b9be454-c0ef-40d0-8feb-8baeeb6ba2ce\">\n<p data-block-id=\"31d82e34-fc40-4849-b308-1133bb862ec0\">","protected":false},"excerpt":{"rendered":"<p>L'acier inoxydable contient au moins 10,5% de chrome et pas plus de 1,2% de carbone. Ceci est conforme \u00e0 la norme GB\/T20878-2007. La r\u00e9sistance \u00e0 la corrosion de l'acier inoxydable diminue avec l'augmentation de la teneur en carbone. Par cons\u00e9quent, la teneur en carbone de la plupart des aciers inoxydables est faible, avec un maximum de 1,2%. La \u03c9c (teneur en carbone) de certains [...]","protected":false},"featured_media":3286,"comment_status":"closed","ping_status":"closed","template":"","meta":[],"product_cat":[54,55],"class_list":{"0":"post-3357","1":"product","2":"type-product","3":"status-publish","4":"has-post-thumbnail","6":"product_cat-stainless-steel","7":"product_cat-stainless-steel-coil","9":"first","10":"instock","11":"shipping-taxable","12":"product-type-simple"},"_links":{"self":[{"href":"https:\/\/steelsupplydirect.com\/fr\/wp-json\/wp\/v2\/product\/3357","targetHints":{"allow":["GET"]}}],"collection":[{"href":"https:\/\/steelsupplydirect.com\/fr\/wp-json\/wp\/v2\/product"}],"about":[{"href":"https:\/\/steelsupplydirect.com\/fr\/wp-json\/wp\/v2\/types\/product"}],"replies":[{"embeddable":true,"href":"https:\/\/steelsupplydirect.com\/fr\/wp-json\/wp\/v2\/comments?post=3357"}],"wp:featuredmedia":[{"embeddable":true,"href":"https:\/\/steelsupplydirect.com\/fr\/wp-json\/wp\/v2\/media\/3286"}],"wp:attachment":[{"href":"https:\/\/steelsupplydirect.com\/fr\/wp-json\/wp\/v2\/media?parent=3357"}],"wp:term":[{"taxonomy":"product_cat","embeddable":true,"href":"https:\/\/steelsupplydirect.com\/fr\/wp-json\/wp\/v2\/product_cat?post=3357"}],"curies":[{"name":"wp","href":"https:\/\/api.w.org\/{rel}","templated":true}]}}