{"id":3360,"date":"2023-08-31T15:53:53","date_gmt":"2023-08-31T07:53:53","guid":{"rendered":"https:\/\/steelsupplydirect.com\/?post_type=product&#038;p=3360"},"modified":"2023-10-10T10:12:24","modified_gmt":"2023-10-10T02:12:24","slug":"3360","status":"publish","type":"product","link":"https:\/\/steelsupplydirect.com\/fr\/produit\/3360","title":{"rendered":"Best Selling Manufacturers with Low Price and High Quality 2B No.1 310s Stainless Steel Coil (fabricant de bobines d'acier inoxydable \u00e0 bas prix et de haute qualit\u00e9)"},"content":{"rendered":"<p>L'acier inoxydable est un acier dont la teneur en chrome est d'au moins 10,5% et dont la teneur en carbone ne d\u00e9passe pas 1,2%, conform\u00e9ment \u00e0 la norme GB\/T20878-2007.<\/p>\n<p>La r\u00e9sistance \u00e0 la corrosion de l'acier inoxydable diminue avec l'augmentation de la teneur en carbone. C'est pourquoi la teneur en carbone de la plupart des aciers inoxydables est faible, avec un maximum ne d\u00e9passant pas 1,2%. La \u03c9c (teneur en carbone) de certains aciers est m\u00eame inf\u00e9rieure \u00e0 0,03% (comme le 00Cr12 ). Le principal \u00e9l\u00e9ment d'alliage de l'acier inoxydable est le Cr (chrome). Ce n'est que lorsque la teneur en chrome atteint une certaine valeur que l'acier r\u00e9siste \u00e0 la corrosion. Par cons\u00e9quent, l'acier inoxydable a g\u00e9n\u00e9ralement une teneur en Cr (chrome) d'au moins 10,5%. L'acier inoxydable contient \u00e9galement du Ni, du Ti, du Mn, du N, du Nb, du Mo, du Si, du Cu et d'autres \u00e9l\u00e9ments.<br \/>\nL'acier inoxydable est un type d'acier qui r\u00e9siste aux milieux faiblement corrosifs tels que l'air, la vapeur, l'eau, etc.<\/p>\n<p>Type principal :<br \/>\nL'acier inoxydable est souvent divis\u00e9 en acier martensitique, acier ferritique, acier aust\u00e9nitique, acier inoxydable aust\u00e9no-ferritique (duplex) et acier inoxydable \u00e0 durcissement par pr\u00e9cipitation en fonction de l'\u00e9tat d'organisation. En outre, il peut \u00eatre divis\u00e9 en fonction de sa composition : acier inoxydable au chrome, acier inoxydable au chrome-nickel, acier inoxydable au chrome-mangan\u00e8se-azote, etc. Il existe \u00e9galement un acier inoxydable sp\u00e9cial pour les appareils \u00e0 pression \u300aGB24511_2009_T\u00f4les et bandes en acier inoxydable pour \u00e9quipements sous pression\u300b.<\/p>\n<p>Les principales caract\u00e9ristiques sont la soudabilit\u00e9, la r\u00e9sistance \u00e0 la corrosion, la polissabilit\u00e9 et la r\u00e9sistance \u00e0 la chaleur.<\/p>\n<p>En fonction de sa composition, il peut \u00eatre divis\u00e9 en s\u00e9ries Cr (s\u00e9rie 400), Cr-Ni (s\u00e9rie 300), Cr-Mn-Ni (s\u00e9rie 200), acier alli\u00e9 au chrome r\u00e9sistant \u00e0 la chaleur (s\u00e9rie 500) et s\u00e9rie \u00e0 durcissement par pr\u00e9cipitation (s\u00e9rie 600).<\/p>\n<p>S\u00e9rie 200 : Chrome-Mangan\u00e8se-Nickel : SS201, SS202.<\/p>\n<p>S\u00e9rie 300 : Acier inoxydable aust\u00e9nitique chrome-nickel : SS304, SS301, SS302, SS304L, SS309, SS310, SS316, SS316L, SS321, SS347.<\/p>\n<p>S\u00e9rie 400 : Acier inoxydable ferritique et martensitique, sans mangan\u00e8se, peut remplacer l'acier inoxydable 304 dans une certaine mesure. SS408, SS409, SS410, SS416, SS420, SS430, SS440.<\/p>\n<p>S\u00e9rie 500 :  Acier alli\u00e9 au chrome r\u00e9sistant \u00e0 la chaleur.<\/p>\n<p>S\u00e9rie 600 : Acier inoxydable martensitique \u00e0 durcissement par pr\u00e9cipitation.<\/p>\n<p>Finition de la surface Grade :<\/p>\n<p>-Surface d'origine : NO.1 La surface soumise \u00e0 un traitement thermique et \u00e0 un traitement de d\u00e9capage apr\u00e8s le laminage \u00e0 chaud. G\u00e9n\u00e9ralement utilis\u00e9 pour les mat\u00e9riaux lamin\u00e9s \u00e0 froid.<\/p>\n<p>-Surface \u00e9mouss\u00e9e : NO.2D, qui a \u00e9t\u00e9 trait\u00e9 thermiquement et d\u00e9cap\u00e9 apr\u00e8s le laminage \u00e0 froid. Le mat\u00e9riau est souple et la surface est blanc argent\u00e9. Il est utilis\u00e9 pour l'emboutissage profond.<\/p>\n<p>-Surface mate : NO.2B Apr\u00e8s le laminage \u00e0 froid, il subit un traitement thermique, un d\u00e9capage, puis un laminage de finition pour rendre la surface mod\u00e9r\u00e9ment brillante.<\/p>\n<p>-Le grain grossier NO.3 est un produit broy\u00e9 avec la bande abrasive No. 100-120. Meilleure brillance et lignes rugueuses discontinues<\/p>\n<p>-HLNO.4 est un produit dont le motif de pon\u00e7age est produit par un pon\u00e7age continu \u00e0 l'aide d'une bande de polissage d'une taille de particules appropri\u00e9e. Il est principalement utilis\u00e9 pour la d\u00e9coration architecturale.<\/p>\n<p>-Surface brillante : BA est un produit obtenu par laminage \u00e0 froid, recuit brillant et lissage. La surface est brillante et tr\u00e8s r\u00e9fl\u00e9chissante, comme un miroir.<\/p>\n<p>Calcul du poids th\u00e9orique des produits en acier inoxydable :<\/p>\n<p>1. Formule de r\u00e9f\u00e9rence pour les plaques\/bandes en acier inoxydable : poids de la plaque en acier inoxydable (kg) = longueur (m) * largeur (m) * \u00e9paisseur (mm) * densit\u00e9 \u03c1 (g\/cm\u00b3).<br \/>\n2. Formule de r\u00e9f\u00e9rence du fil rond en acier inoxydable\/fil d'acier : poids du fil rond en acier inoxydable (kg)=(diam\u00e8tre (mm)\/2)*(diam\u00e8tre (mm)\/2)*\u03c0*longueur (m)*densit\u00e9 \u03c1(g\/cm\u00b3)\/1000 .<br \/>\n3. Formule de r\u00e9f\u00e9rence du tube rond en acier inoxydable : poids du tube rond en acier inoxydable (kg)=((diam\u00e8tre ext\u00e9rieur (mm)\/2)*(diam\u00e8tre ext\u00e9rieur (mm)\/2)-(diam\u00e8tre int\u00e9rieur (mm)\/2)*(diam\u00e8tre int\u00e9rieur (mm)\/2))*\u03c0*longueur (m)*densit\u00e9 \u03c1(g\/cm\u00b3)\/1000 ; **\u00e9paisseur de paroi (mm)=(diam\u00e8tre ext\u00e9rieur (mm)-diam\u00e8tre int\u00e9rieur (mm))\/2.<br \/>\n4. Formule de r\u00e9f\u00e9rence du tube carr\u00e9 en acier inoxydable : poids du tube carr\u00e9 en acier inoxydable (kg)=(longueur de la section (mm)*2-largeur de la section (mm)*2-\u00e9paisseur de la paroi (mm)*4)*\u00e9paisseur de la paroi (mm)*longueur (m) *Densit\u00e9 \u03c1(g\/cm\u00b3)\/1000.<br \/>\n5. Formule de r\u00e9f\u00e9rence pour l'acier inoxydable \u00e0 angle \u00e9quilat\u00e9ral : poids de l'acier inoxydable \u00e0 angle \u00e9quilat\u00e9ral (kg)=(longueur du c\u00f4t\u00e9 de la section (mm)*2-\u00e9paisseur du c\u00f4t\u00e9 (mm)*longueur (m)*densit\u00e9 \u03c1(g\/cm\u00b3)\/1000<\/p>\n<p>&nbsp;<\/p>","protected":false},"excerpt":{"rendered":"<p>L'acier inoxydable est un acier dont la teneur en chrome est d'au moins 10,5% et dont la teneur en carbone ne d\u00e9passe pas 1,2%, conform\u00e9ment \u00e0 la norme GB\/T20878-2007. La r\u00e9sistance \u00e0 la corrosion de l'acier inoxydable diminue avec l'augmentation de la teneur en carbone. Par cons\u00e9quent, la teneur en carbone de la plupart des aciers inoxydables est faible, avec un maximum ne d\u00e9passant pas [...]","protected":false},"featured_media":3053,"comment_status":"closed","ping_status":"closed","template":"","meta":[],"product_cat":[54,55],"class_list":{"0":"post-3360","1":"product","2":"type-product","3":"status-publish","4":"has-post-thumbnail","6":"product_cat-stainless-steel","7":"product_cat-stainless-steel-coil","9":"first","10":"instock","11":"shipping-taxable","12":"product-type-simple"},"_links":{"self":[{"href":"https:\/\/steelsupplydirect.com\/fr\/wp-json\/wp\/v2\/product\/3360","targetHints":{"allow":["GET"]}}],"collection":[{"href":"https:\/\/steelsupplydirect.com\/fr\/wp-json\/wp\/v2\/product"}],"about":[{"href":"https:\/\/steelsupplydirect.com\/fr\/wp-json\/wp\/v2\/types\/product"}],"replies":[{"embeddable":true,"href":"https:\/\/steelsupplydirect.com\/fr\/wp-json\/wp\/v2\/comments?post=3360"}],"wp:featuredmedia":[{"embeddable":true,"href":"https:\/\/steelsupplydirect.com\/fr\/wp-json\/wp\/v2\/media\/3053"}],"wp:attachment":[{"href":"https:\/\/steelsupplydirect.com\/fr\/wp-json\/wp\/v2\/media?parent=3360"}],"wp:term":[{"taxonomy":"product_cat","embeddable":true,"href":"https:\/\/steelsupplydirect.com\/fr\/wp-json\/wp\/v2\/product_cat?post=3360"}],"curies":[{"name":"wp","href":"https:\/\/api.w.org\/{rel}","templated":true}]}}