{"id":3362,"date":"2023-08-31T16:48:32","date_gmt":"2023-08-31T08:48:32","guid":{"rendered":"https:\/\/steelsupplydirect.com\/?post_type=product&#038;p=3362"},"modified":"2023-10-10T10:09:46","modified_gmt":"2023-10-10T02:09:46","slug":"astm-aisi-mirror-finish-sus-316l-stainless-steel-coils-for-decoration","status":"publish","type":"product","link":"https:\/\/steelsupplydirect.com\/fr\/produit\/astm-aisi-mirror-finish-sus-316l-stainless-steel-coils-for-decoration","title":{"rendered":"Bobines d'acier inoxydable ASTM AISI SUS 316L \u00e0 finition miroir pour la d\u00e9coration"},"content":{"rendered":"<p>Les bandes d'acier inoxydable sont \u00e9galement appel\u00e9es bandes, bobines, bobines et bobines, et la duret\u00e9 des bandes varie \u00e9galement. Caract\u00e9ristiques de l'acier inoxydable : 1. sp\u00e9cifications compl\u00e8tes du produit et mat\u00e9riaux divers ; 2. grande pr\u00e9cision dimensionnelle, jusqu'\u00e0 \u00b10,1 mm ; 3. excellente qualit\u00e9 de surface et bonne luminosit\u00e9 ; 4. forte r\u00e9sistance \u00e0 la corrosion, r\u00e9sistance \u00e0 la traction et r\u00e9sistance \u00e0 la fatigue ; 5. composition chimique stable, acier pur, faible teneur en inclusions ; 6. bien emball\u00e9, prix favorable ; 7. possibilit\u00e9 de personnalisation non standard.<\/p>\n<p>Sp\u00e9cifications : Largeur 3,5mm\uff5e1550mm, \u00e9paisseur 0,025mm\uff5e16mm.<\/p>\n<p>1. 0,25 mm-0,3 mm : Convient g\u00e9n\u00e9ralement \u00e0 la fabrication de petits produits tels que les \u00e9l\u00e9ments de batterie, les tuyaux d'\u00e9chappement des automobiles et les bo\u00eetiers de produits \u00e9lectroniques.<\/p>\n<p>2. 0,4 mm-0,8 mm : Convient aux industries de l'ameublement, de la construction, de la cuisine et de la salle de bains, pour la fabrication de panneaux muraux, de plafonds, d'ustensiles de cuisine, etc.<\/p>\n<p>3. 1,0 mm-1,5 mm : Convient \u00e0 la fabrication d'\u00e9quipements, aux r\u00e9servoirs de stockage, aux machines de transport, etc. dans les industries chimiques, papeti\u00e8res, alimentaires et autres.<\/p>\n<p>4. 2,0 mm-3,0 mm : Convient \u00e0 la fabrication de grands r\u00e9servoirs de stockage, de r\u00e9servoirs de stockage, de cylindres, de r\u00e9acteurs, etc., principalement utilis\u00e9s dans les industries pharmaceutiques, chimiques, papeti\u00e8res et autres.<\/p>\n<p>5. 4,0 mm-5,0 mm : Convient \u00e0 la fabrication de pi\u00e8ces structurelles de b\u00e2timents, d'\u00e9quipements chimiques r\u00e9sistant \u00e0 la corrosion, etc.<\/p>\n<p>L'acier inoxydable est l'abr\u00e9viation d'acier inoxydable r\u00e9sistant \u00e0 l'acide. Les types d'acier qui r\u00e9sistent aux milieux faiblement corrosifs tels que l'air, la vapeur et l'eau ou qui sont inoxydables sont appel\u00e9s aciers inoxydables.<\/p>\n<p>L'acier inoxydable est un acier dont la teneur en chrome est d'au moins 10,5% et dont la teneur en carbone ne d\u00e9passe pas 1,2%, conform\u00e9ment \u00e0 la norme GB\/T20878-2007.<\/p>\n<p>La r\u00e9sistance \u00e0 la corrosion de l'acier inoxydable diminue avec l'augmentation de la teneur en carbone. C'est pourquoi la teneur en carbone de la plupart des aciers inoxydables est faible, avec un maximum ne d\u00e9passant pas 1,2%. La \u03c9c (teneur en carbone) de certains aciers est m\u00eame inf\u00e9rieure \u00e0 0,03% (comme le 00Cr12 ). Le principal \u00e9l\u00e9ment d'alliage de l'acier inoxydable est le Cr (chrome). Ce n'est que lorsque la teneur en chrome atteint une certaine valeur que l'acier r\u00e9siste \u00e0 la corrosion. Par cons\u00e9quent, l'acier inoxydable a g\u00e9n\u00e9ralement une teneur en Cr (chrome) d'au moins 10,5%. L'acier inoxydable contient \u00e9galement du Ni, du Ti, du Mn, du N, du Nb, du Mo, du Si, du Cu et d'autres \u00e9l\u00e9ments.<br \/>\nL'acier inoxydable est un type d'acier r\u00e9sistant aux milieux faiblement corrosifs tels que l'air, la vapeur, l'eau, etc. ou est inoxydable. Les types d'acier qui r\u00e9sistent aux milieux chimiquement corrosifs (corrosion chimique telle que les acides, les alcalis, les sels, etc.) sont appel\u00e9s acier r\u00e9sistant aux acides.<\/p>\n<p>En raison de la diff\u00e9rence de composition chimique entre les deux, leur r\u00e9sistance \u00e0 la corrosion est diff\u00e9rente. L'acier inoxydable ordinaire ne r\u00e9siste g\u00e9n\u00e9ralement pas \u00e0 la corrosion par les milieux chimiques, tandis que l'acier r\u00e9sistant aux acides est g\u00e9n\u00e9ralement inoxydable. Les pi\u00e8ces en \"acier inoxydable\" ne se r\u00e9f\u00e8rent pas seulement \u00e0 un type d'acier inoxydable, mais repr\u00e9sentent plus d'une centaine d'aciers inoxydables industriels, de sorte que les aciers inoxydables d\u00e9velopp\u00e9s ont de bonnes performances dans leurs domaines d'application sp\u00e9cifiques. Il n'existe g\u00e9n\u00e9ralement que six types d'acier pour les applications de construction de b\u00e2timents. Ils contiennent tous de 17 \u00e0 22% de chrome, et les meilleurs types d'acier contiennent \u00e9galement du nickel. L'ajout de molybd\u00e8ne peut encore am\u00e9liorer la corrosion atmosph\u00e9rique, en particulier la r\u00e9sistance \u00e0 la corrosion dans les atmosph\u00e8res contenant du chlorure.<\/p>\n<p>Type principal :<\/p>\n<p>L'acier inoxydable est souvent divis\u00e9 en acier martensitique, acier ferritique, acier aust\u00e9nitique, acier inoxydable aust\u00e9no-ferritique (duplex) et acier inoxydable \u00e0 durcissement par pr\u00e9cipitation en fonction de l'\u00e9tat d'organisation. En outre, il peut \u00eatre divis\u00e9 en : acier inoxydable au chrome, acier inoxydable au chrome-nickel et acier inoxydable au chrome-mangan\u00e8se-azote, etc.<\/p>\n<p>Principales caract\u00e9ristiques : Soudabilit\u00e9, r\u00e9sistance \u00e0 la corrosion, aptitude au polissage, r\u00e9sistance \u00e0 la chaleur.<\/p>\n<p>La r\u00e9sistance \u00e0 la corrosion de l'acier inoxydable diminue avec l'augmentation de la teneur en carbone. C'est pourquoi la teneur en carbone de la plupart des aciers inoxydables est faible, avec un maximum ne d\u00e9passant pas 1,2%. La \u03c9c (teneur en carbone) de certains aciers est m\u00eame inf\u00e9rieure \u00e0 0,03% (comme le 00Cr12 ). Le principal \u00e9l\u00e9ment d'alliage de l'acier inoxydable est le Cr (chrome). Ce n'est que lorsque la teneur en chrome atteint une certaine valeur que l'acier r\u00e9siste \u00e0 la corrosion. Par cons\u00e9quent, l'acier inoxydable a g\u00e9n\u00e9ralement une teneur en Cr (chrome) d'au moins 10,5%. L'acier inoxydable contient \u00e9galement du Ni, du Ti, du Mn, du N, du Nb, du Mo, du Si, du Cu et d'autres \u00e9l\u00e9ments.<\/p>\n<p>Selon la composition, il peut \u00eatre divis\u00e9 en s\u00e9rie Cr (s\u00e9rie 400), s\u00e9rie Cr-Ni (s\u00e9rie 300), s\u00e9rie Cr-Mn-Ni (s\u00e9rie 200), acier alli\u00e9 au chrome r\u00e9sistant \u00e0 la chaleur (s\u00e9rie 500) et s\u00e9rie \u00e0 durcissement par pr\u00e9cipitation (s\u00e9rie 600). SS201, SS202, SS301, SS302, SS303, SS304, SS304L, SS304N, SS309, SS309S, SS310, SS316, SS316L, SS321, SS347, SS408, SS409, SS410, SS416, SS420, SS430, SS440.<\/p>\n<p>Bobine d'acier inoxydable Formule de calcul du poids th\u00e9orique : poids de la plaque d'acier inoxydable (kg) = longueur (m) * largeur (m) * \u00e9paisseur (mm) * densit\u00e9 \u03c1 (g\/cm\u00b3).<\/p>\n<p>&nbsp;<\/p>","protected":false},"excerpt":{"rendered":"<p>Les bandes d'acier inoxydable sont \u00e9galement appel\u00e9es bandes, bobines, bobines et bobines, et la duret\u00e9 des bandes varie \u00e9galement. Caract\u00e9ristiques de l'acier inoxydable : 1. sp\u00e9cifications compl\u00e8tes du produit et diversit\u00e9 des mat\u00e9riaux ; 2. grande pr\u00e9cision dimensionnelle, jusqu'\u00e0 \u00b10,1 mm ; 3. excellente qualit\u00e9 de surface et bonne brillance ; 4. forte r\u00e9sistance \u00e0 la corrosion, r\u00e9sistance \u00e0 la traction et r\u00e9sistance \u00e0 la fatigue Haute r\u00e9sistance ; [...]","protected":false},"featured_media":3075,"comment_status":"closed","ping_status":"closed","template":"","meta":[],"product_cat":[54,55],"class_list":{"0":"post-3362","1":"product","2":"type-product","3":"status-publish","4":"has-post-thumbnail","6":"product_cat-stainless-steel","7":"product_cat-stainless-steel-coil","9":"first","10":"instock","11":"shipping-taxable","12":"product-type-simple"},"_links":{"self":[{"href":"https:\/\/steelsupplydirect.com\/fr\/wp-json\/wp\/v2\/product\/3362","targetHints":{"allow":["GET"]}}],"collection":[{"href":"https:\/\/steelsupplydirect.com\/fr\/wp-json\/wp\/v2\/product"}],"about":[{"href":"https:\/\/steelsupplydirect.com\/fr\/wp-json\/wp\/v2\/types\/product"}],"replies":[{"embeddable":true,"href":"https:\/\/steelsupplydirect.com\/fr\/wp-json\/wp\/v2\/comments?post=3362"}],"wp:featuredmedia":[{"embeddable":true,"href":"https:\/\/steelsupplydirect.com\/fr\/wp-json\/wp\/v2\/media\/3075"}],"wp:attachment":[{"href":"https:\/\/steelsupplydirect.com\/fr\/wp-json\/wp\/v2\/media?parent=3362"}],"wp:term":[{"taxonomy":"product_cat","embeddable":true,"href":"https:\/\/steelsupplydirect.com\/fr\/wp-json\/wp\/v2\/product_cat?post=3362"}],"curies":[{"name":"wp","href":"https:\/\/api.w.org\/{rel}","templated":true}]}}