{"id":3363,"date":"2023-09-11T09:43:37","date_gmt":"2023-09-11T01:43:37","guid":{"rendered":"https:\/\/steelsupplydirect.com\/?post_type=product&#038;p=3363"},"modified":"2023-09-11T09:43:37","modified_gmt":"2023-09-11T01:43:37","slug":"personnalisation-de-base-lamine-a-chaud-3mm-4mm-304-304l-316l-plaque-dacier-inoxydable","status":"publish","type":"product","link":"https:\/\/steelsupplydirect.com\/fr\/produit\/personnalisation-de-base-lamine-a-chaud-3mm-4mm-304-304l-316l-plaque-dacier-inoxydable","title":{"rendered":"Personnalisation de base Plaque d'acier inoxydable lamin\u00e9e \u00e0 chaud 3mm 4mm 304 304L 316L"},"content":{"rendered":"<p>Les t\u00f4les en acier inoxydable sont des t\u00f4les en acier qui r\u00e9sistent \u00e0 la corrosion par des milieux faibles tels que l'atmosph\u00e8re, la vapeur et l'eau, tandis que les t\u00f4les en acier r\u00e9sistant aux acides sont des t\u00f4les en acier qui r\u00e9sistent \u00e0 la corrosion par des milieux chimiquement corrosifs tels que les acides, les alcalis et les sels.<\/p>\n<p>composition chimique :<\/p>\n<p>Nuance d'acier inoxydable 304 : 0Cr18Ni9 (0Cr19Ni9) 06Cr19Ni9 S30408<br \/>\nComposition chimique : C : \u22640,08, Si : \u22641,0 Mn : \u22642,0, Cr : 18.0\uff5e20.0, Ni : 8.0\uff5e10.5, S : \u22640.03, P : \u22640.035 N\u22640.1.<br \/>\navec 304L<br \/>\nLe 304L est plus r\u00e9sistant \u00e0 la corrosion et contient moins de carbone.<br \/>\n304 est largement utilis\u00e9, avec une bonne r\u00e9sistance \u00e0 la corrosion, une bonne r\u00e9sistance \u00e0 la chaleur, une bonne r\u00e9sistance \u00e0 basse temp\u00e9rature et de bonnes propri\u00e9t\u00e9s m\u00e9caniques ; une bonne aptitude au travail \u00e0 chaud, comme l'estampage et le pliage, et aucun ph\u00e9nom\u00e8ne de durcissement d\u00fb au traitement thermique (non magn\u00e9tique, temp\u00e9rature de service -196\u00b0C~800\u00b0C).<br \/>\nLe 304L pr\u00e9sente une excellente r\u00e9sistance \u00e0 la corrosion des joints de grains apr\u00e8s soudage ou d\u00e9tensionnement ; il peut \u00e9galement conserver une bonne r\u00e9sistance \u00e0 la corrosion sans traitement thermique, et sa temp\u00e9rature de service est comprise entre -196\u00b0C et 800\u00b0C.<\/p>\n<p>Situation de base :<br \/>\nSelon la m\u00e9thode de production, il est divis\u00e9 en deux types : le laminage \u00e0 chaud et le laminage \u00e0 froid. Selon les caract\u00e9ristiques structurelles du type d'acier, il est divis\u00e9 en 5 cat\u00e9gories : aust\u00e9nite, aust\u00e9nite-ferrite, ferrite, martensite et durcissement par pr\u00e9cipitation. Il doit r\u00e9sister \u00e0 la corrosion de divers acides tels que l'acide oxalique, l'acide sulfurique-sulfate de fer, l'acide nitrique, l'acide nitrique-hydrofluorique, l'acide sulfurique-sulfate de cuivre, l'acide phosphorique, l'acide formique, l'acide ac\u00e9tique et d'autres acides. Il est largement utilis\u00e9 dans l'industrie chimique, l'alimentation, la m\u00e9decine, la papeterie, le p\u00e9trole, l'\u00e9nergie atomique, etc. L'industrie, ainsi que la construction, les ustensiles de cuisine, la vaisselle, les v\u00e9hicules et diverses pi\u00e8ces d'appareils m\u00e9nagers.<br \/>\nLa plaque d'acier inoxydable pr\u00e9sente une surface lisse, une plasticit\u00e9, une t\u00e9nacit\u00e9 et une r\u00e9sistance m\u00e9canique \u00e9lev\u00e9es, et r\u00e9siste \u00e0 la corrosion par les acides, les gaz alcalins, les solutions et d'autres milieux. Il s'agit d'un alliage d'acier qui n'est pas facile \u00e0 rouiller, mais qui n'est pas absolument inoxydable.<br \/>\nLes t\u00f4les en acier inoxydable sont divis\u00e9es en deux types : le laminage \u00e0 chaud et le laminage \u00e0 froid selon la m\u00e9thode de production, y compris les t\u00f4les minces \u00e0 froid d'une \u00e9paisseur de 0,02 \u00e0 4 mm et les t\u00f4les moyennes et \u00e9paisses d'une \u00e9paisseur de 4,5 \u00e0 100 mm.<\/p>\n<p>Afin de garantir que les propri\u00e9t\u00e9s m\u00e9caniques telles que la limite d'\u00e9lasticit\u00e9, la r\u00e9sistance \u00e0 la traction, l'allongement et la duret\u00e9 des diff\u00e9rentes plaques d'acier inoxydable r\u00e9pondent aux exigences, les plaques d'acier doivent subir un traitement thermique tel que le recuit, le traitement de mise en solution et le traitement de vieillissement avant la livraison 05.10 88.57.29.38 Symboles sp\u00e9ciaux<br \/>\nLa r\u00e9sistance \u00e0 la corrosion de l'acier inoxydable d\u00e9pend principalement de la composition de l'alliage (chrome, nickel, titane, silicium, aluminium, etc.) et de la structure organisationnelle interne. Le r\u00f4le principal est jou\u00e9 par le chrome. Le chrome a une grande stabilit\u00e9 chimique et peut former un film de passivation \u00e0 la surface de l'acier pour isoler le m\u00e9tal du monde ext\u00e9rieur, prot\u00e9ger la plaque d'acier de l'oxydation et augmenter la r\u00e9sistance \u00e0 la corrosion de la plaque d'acier. Lorsque le film de passivation est d\u00e9truit, la r\u00e9sistance \u00e0 la corrosion diminue.<\/p>\n<p>Nature de la norme nationale :<br \/>\nR\u00e9sistance \u00e0 la traction (Mpa) 520<br \/>\nLimite d'\u00e9lasticit\u00e9 (Mpa) 205-210<br \/>\n\u00c9longation (%) 40%<br \/>\nDuret\u00e9 HB187 HRB90 HV200<br \/>\nLa densit\u00e9 de l'acier inoxydable 304 est de 7,93 g\/cm3. L'acier inoxydable aust\u00e9nitique utilise g\u00e9n\u00e9ralement cette valeur. La teneur en chrome de l'acier 304 (%) est de 17,00-19,00, la teneur en nickel (%) est de 8,00-10,00. L'acier 304 est \u00e9quivalent \u00e0 l'acier inoxydable 0Cr19Ni9 (0Cr18Ni9) de mon pays.<\/p>\n<p>Caract\u00e9ristiques g\u00e9n\u00e9rales :<\/p>\n<p>Les t\u00f4les en acier inoxydable 304 ont une belle surface et des possibilit\u00e9s d'utilisation diversifi\u00e9es.<br \/>\nBonne r\u00e9sistance \u00e0 la corrosion, meilleure r\u00e9sistance \u00e0 la corrosion que l'acier ordinaire<br \/>\nLa r\u00e9sistance \u00e9lev\u00e9e permet d'utiliser des feuilles minces<br \/>\nR\u00e9sistance \u00e0 l'oxydation \u00e0 haute temp\u00e9rature et r\u00e9sistance \u00e9lev\u00e9e, donc r\u00e9sistance au feu<br \/>\nTransformation \u00e0 temp\u00e9rature ambiante, c'est-\u00e0-dire transformation facile du plastique<br \/>\nEntretien simple et facile car aucun traitement de surface n'est n\u00e9cessaire<br \/>\nFinition propre et soign\u00e9e<br \/>\nBonne performance de soudage<\/p>","protected":false},"excerpt":{"rendered":"<p>Les t\u00f4les en acier inoxydable sont des t\u00f4les en acier qui r\u00e9sistent \u00e0 la corrosion par des milieux faibles tels que l'atmosph\u00e8re, la vapeur et l'eau, tandis que les t\u00f4les en acier r\u00e9sistant aux acides sont des t\u00f4les en acier qui r\u00e9sistent \u00e0 la corrosion par des milieux chimiquement corrosifs tels que les acides, les alcalis et les sels. composition chimique : Nuance d'acier inoxydable 304 : 0Cr18Ni9 (0Cr19Ni9) 06Cr19Ni9 S30408 Chemical [...]","protected":false},"featured_media":3214,"comment_status":"closed","ping_status":"closed","template":"","meta":[],"product_cat":[54,56],"class_list":{"0":"post-3363","1":"product","2":"type-product","3":"status-publish","4":"has-post-thumbnail","6":"product_cat-stainless-steel","7":"product_cat-stainless-steel-plate","9":"first","10":"instock","11":"shipping-taxable","12":"product-type-simple"},"_links":{"self":[{"href":"https:\/\/steelsupplydirect.com\/fr\/wp-json\/wp\/v2\/product\/3363","targetHints":{"allow":["GET"]}}],"collection":[{"href":"https:\/\/steelsupplydirect.com\/fr\/wp-json\/wp\/v2\/product"}],"about":[{"href":"https:\/\/steelsupplydirect.com\/fr\/wp-json\/wp\/v2\/types\/product"}],"replies":[{"embeddable":true,"href":"https:\/\/steelsupplydirect.com\/fr\/wp-json\/wp\/v2\/comments?post=3363"}],"wp:featuredmedia":[{"embeddable":true,"href":"https:\/\/steelsupplydirect.com\/fr\/wp-json\/wp\/v2\/media\/3214"}],"wp:attachment":[{"href":"https:\/\/steelsupplydirect.com\/fr\/wp-json\/wp\/v2\/media?parent=3363"}],"wp:term":[{"taxonomy":"product_cat","embeddable":true,"href":"https:\/\/steelsupplydirect.com\/fr\/wp-json\/wp\/v2\/product_cat?post=3363"}],"curies":[{"name":"wp","href":"https:\/\/api.w.org\/{rel}","templated":true}]}}