{"id":3365,"date":"2023-09-11T10:41:58","date_gmt":"2023-09-11T02:41:58","guid":{"rendered":"https:\/\/steelsupplydirect.com\/?post_type=product&#038;p=3365"},"modified":"2025-09-26T11:32:27","modified_gmt":"2025-09-26T03:32:27","slug":"astm-a240-321-310s-309s-430-2b-ba-8k-mirror-embossed-checkered-stainless-steel-plate","status":"publish","type":"product","link":"https:\/\/steelsupplydirect.com\/fr\/produit\/astm-a240-321-310s-309s-430-2b-ba-8k-mirror-embossed-checkered-stainless-steel-plate","title":{"rendered":"Plaque en acier inoxydable ASTM A240 321 310S 309S 430 2b\/Ba\/8K\/Miroir\/Emboss\u00e9\/Checkered"},"content":{"rendered":"<p data-block-id=\"b9c73f7b-04c6-40e8-b09a-54dd3700000a\" data-pm-slice=\"1 1 []\">Les plaques en acier inoxydable r\u00e9sistent \u00e0 la corrosion caus\u00e9e par des milieux faibles tels que l'air, la vapeur et l'eau. Les plaques d'acier r\u00e9sistant aux acides peuvent r\u00e9sister \u00e0 la corrosion caus\u00e9e par des produits chimiques puissants. Cela comprend les acides, les alcalis et les sels. La plaque en acier inoxydable pr\u00e9sente une surface lisse. Elle offre plasticit\u00e9, t\u00e9nacit\u00e9 et r\u00e9sistance m\u00e9canique. En outre, elle r\u00e9siste \u00e0 la corrosion par les acides, les gaz alcalins, les solutions et d'autres substances. Il s'agit d'un acier alli\u00e9 qui est susceptible de rouiller, mais qui n'est pas absolument exempt de rouille.<\/p>\n<h2 data-block-id=\"bc4b2fe3-38bd-4174-a305-a353c443a234\">Performance<\/h2>\n<p data-block-id=\"493c982d-444f-4791-a47d-2da451801dd2\">- **R\u00e9sistance \u00e0 la corrosion** : Les plaques d'acier inoxydable r\u00e9sistent bien \u00e0 la corrosion. Cependant, l'alliage nickel-chrome 304 est moins stable. Un chauffage prolong\u00e9 dans la plage de temp\u00e9rature des niveaux de carbure de chrome peut affecter les alliages 321 et 347 dans les milieux corrosifs agressifs. Ces mat\u00e9riaux r\u00e9sistent \u00e0 la sensibilisation, ce qui les rend adapt\u00e9s aux applications \u00e0 haute temp\u00e9rature. Cela permet de pr\u00e9venir la corrosion intergranulaire, m\u00eame \u00e0 des temp\u00e9ratures plus basses.<\/p>\n<p data-block-id=\"6b3d61be-8748-4d03-a95b-3b92ddebdd07\">- R\u00e9sistance \u00e0 l'oxydation \u00e0 haute temp\u00e9rature : Les t\u00f4les en acier inoxydable r\u00e9sistent \u00e0 l'oxydation \u00e0 haute temp\u00e9rature. Mais leur taux d'oxydation d\u00e9pend de facteurs tels que l'environnement et la forme du produit.<\/p>\n<p data-block-id=\"198d7376-62c0-4a9e-9ab8-ad59ed939aee\">- Propri\u00e9t\u00e9s physiques** : Le coefficient global de transfert de chaleur d'un m\u00e9tal ne d\u00e9pend pas uniquement de sa conductivit\u00e9 thermique. Dans la plupart des cas, le coefficient de dissipation thermique du film, de la rouille et de l'\u00e9tat de surface du m\u00e9tal est important. L'acier inoxydable reste propre. Il conduit \u00e9galement mieux la chaleur que les m\u00e9taux ayant une conductivit\u00e9 thermique plus \u00e9lev\u00e9e. La flamme de l'oxyg\u00e8ne et du gaz ne peut pas couper les plaques d'acier inoxydable parce que l'acier inoxydable r\u00e9siste \u00e0 l'oxydation.<\/p>\n<p data-block-id=\"27ac8618-9f57-4655-9817-f0892e2775a1\">Effets des \u00e9l\u00e9ments - Carbone (C) : 1. am\u00e9liore la r\u00e9sistance \u00e0 la d\u00e9formation et la r\u00e9sistance \u00e0 la traction de la lame ; 2. augmente sa duret\u00e9 et am\u00e9liore sa r\u00e9sistance \u00e0 l'usure. - Chrome (Cr) : 1. Am\u00e9liore la duret\u00e9, la r\u00e9sistance \u00e0 la traction et la t\u00e9nacit\u00e9 ; 2. pr\u00e9vient l'usure et la corrosion. - Cobalt (Co) : 1. Augmente la duret\u00e9 et la r\u00e9sistance afin de pouvoir supporter une trempe \u00e0 haute temp\u00e9rature ; 2. est utilis\u00e9 dans des alliages plus complexes pour renforcer certaines propri\u00e9t\u00e9s individuelles d'autres \u00e9l\u00e9ments. - Cuivre (Cu) : 1. Am\u00e9liore la r\u00e9sistance \u00e0 la corrosion ; 2. am\u00e9liore la r\u00e9sistance \u00e0 l'usure. - Mangan\u00e8se (Mn) : 1. Augmente la trempabilit\u00e9, la r\u00e9sistance \u00e0 l'usure et la r\u00e9sistance \u00e0 la traction ; 2. \u00e9limine l'oxyg\u00e8ne du m\u00e9tal en fusion par oxydation s\u00e9par\u00e9e et vaporisation s\u00e9par\u00e9e ; 3. ajout\u00e9 en grandes quantit\u00e9s, il am\u00e9liore la duret\u00e9 mais augmente la fragilit\u00e9. - Molybd\u00e8ne (Mo) : 1. Am\u00e9liore la r\u00e9sistance, la duret\u00e9, la trempabilit\u00e9 et la t\u00e9nacit\u00e9 ; 2. am\u00e9liore l'usinabilit\u00e9 et la r\u00e9sistance \u00e0 la corrosion. - Nickel (Ni) : 1. Am\u00e9liore la r\u00e9sistance, la duret\u00e9 et la r\u00e9sistance \u00e0 la corrosion. - Phosphore (P) : am\u00e9liore la r\u00e9sistance, l'usinabilit\u00e9 et la duret\u00e9.<\/p>\n<h2 data-block-id=\"85d89e79-8dc0-480f-983b-21df19f37282\"><strong>\u00c9paisseur<\/strong><\/h2>\n<ul>\n<li data-block-id=\"8cefa97b-b7ad-4b27-a718-bbf4dfb1549b\">Plaque mince : 0,2 mm \u00e0 4 mm<\/li>\n<li data-block-id=\"8cefa97b-b7ad-4b27-a718-bbf4dfb1549b\">Plaque moyenne : 4 mm \u00e0 20 mm<\/li>\n<li data-block-id=\"8cefa97b-b7ad-4b27-a718-bbf4dfb1549b\">Plaque \u00e9paisse : 20 mm \u00e0 60 mm<\/li>\n<li data-block-id=\"8cefa97b-b7ad-4b27-a718-bbf4dfb1549b\">Plaque tr\u00e8s \u00e9paisse : 60 mm \u00e0 115 mm<\/li>\n<\/ul>\n<p data-block-id=\"8020c25f-316e-4aae-837a-5b6addaf1cef\">\n<h2 data-block-id=\"8020c25f-316e-4aae-837a-5b6addaf1cef\"><strong>M\u00e9thode de production<br \/>\n<\/strong><\/h2>\n<p data-block-id=\"8020c25f-316e-4aae-837a-5b6addaf1cef\">(1) T\u00f4le d'acier lamin\u00e9e \u00e0 chaud (2) T\u00f4le d'acier lamin\u00e9e \u00e0 froid<\/p>\n<h2 data-block-id=\"8020c25f-316e-4aae-837a-5b6addaf1cef\"><strong>Caract\u00e9ristiques de surface<\/strong><\/h2>\n<ol>\n<li data-block-id=\"a36d4464-65ae-45e8-8639-dd686d2a3e76\">O.1, blanc argent\u00e9, mat, lamin\u00e9 \u00e0 chaud \u00e0 l'\u00e9paisseur sp\u00e9cifi\u00e9e.<\/li>\n<li data-block-id=\"ae60fab9-97fb-4381-8120-0a9679af7dba\">\u00a0NO.2D est blanc argent\u00e9. Il est trait\u00e9 thermiquement et d\u00e9cap\u00e9 apr\u00e8s le laminage \u00e0 froid. Il est utilis\u00e9 pour l'emboutissage.<\/li>\n<li data-block-id=\"ba010533-18b3-4adb-861c-71dd915f3147\">NO.2B, plus brillant que NO.2D. Apr\u00e8s le traitement NO.2D, le l\u00e9ger laminage \u00e0 froid final est effectu\u00e9 \u00e0 l'aide de rouleaux de polissage.<\/li>\n<li data-block-id=\"23313fe3-18b2-4189-a188-e3ff33e1216c\">BA, aussi brillant qu'un miroir. Il n'existe pas de norme, mais il s'agit g\u00e9n\u00e9ralement d'une finition de surface recuite brillante avec une surface tr\u00e8s r\u00e9fl\u00e9chissante. Mat\u00e9riaux de construction, ustensiles de cuisine.<\/li>\n<li data-block-id=\"a7aba415-7cf1-49a4-9163-22a8a3e194ea\">NO. 3, Broyage grossier<\/li>\n<li data-block-id=\"16558981-0b00-407d-806c-68cba2a54e3d\">NO. 4, broyage interm\u00e9diaire<\/li>\n<li data-block-id=\"8548a288-9316-49b6-a6ed-f78d48cc9bd3\">NO. 240, Broyage fin<\/li>\n<li data-block-id=\"292d14cf-e37d-4849-867d-6b935d032c8b\">NO. 320, broyage extr\u00eamement fin<\/li>\n<li data-block-id=\"0a57f40e-f18f-47bc-b07b-b81721b72d3b\">NO. 400, Gloss pr\u00e8s de BA<\/li>\n<li data-block-id=\"88e342ec-8dfb-431a-92a5-0082b6b2c2db\">HL, Mat\u00e9riaux de construction<\/li>\n<li data-block-id=\"fe5baba8-0a08-4c02-8313-f5fa0ac5be4c\">NO.7, rectification des miroirs<\/li>\n<li data-block-id=\"eca2bc08-3ca0-4953-a40f-2ab7a0ceb24d\">NO. 8, Meulage des miroirs<\/li>\n<\/ol>","protected":false},"excerpt":{"rendered":"<p>Les t\u00f4les en acier inoxydable r\u00e9sistent \u00e0 la corrosion caus\u00e9e par des milieux faibles tels que l'air, la vapeur et l'eau. Les plaques d'acier r\u00e9sistant aux acides peuvent r\u00e9sister \u00e0 la corrosion caus\u00e9e par des produits chimiques puissants. Cela inclut les acides, les alcalis et les sels. La plaque en acier inoxydable pr\u00e9sente une surface lisse. Elle offre plasticit\u00e9, t\u00e9nacit\u00e9 et r\u00e9sistance m\u00e9canique. En outre, elle r\u00e9siste \u00e0 la corrosion par les acides, les gaz alcalins, les solutions et d'autres substances. [...]","protected":false},"featured_media":3283,"comment_status":"closed","ping_status":"closed","template":"","meta":[],"product_cat":[54,56],"class_list":{"0":"post-3365","1":"product","2":"type-product","3":"status-publish","4":"has-post-thumbnail","6":"product_cat-stainless-steel","7":"product_cat-stainless-steel-plate","9":"first","10":"instock","11":"shipping-taxable","12":"product-type-simple"},"_links":{"self":[{"href":"https:\/\/steelsupplydirect.com\/fr\/wp-json\/wp\/v2\/product\/3365","targetHints":{"allow":["GET"]}}],"collection":[{"href":"https:\/\/steelsupplydirect.com\/fr\/wp-json\/wp\/v2\/product"}],"about":[{"href":"https:\/\/steelsupplydirect.com\/fr\/wp-json\/wp\/v2\/types\/product"}],"replies":[{"embeddable":true,"href":"https:\/\/steelsupplydirect.com\/fr\/wp-json\/wp\/v2\/comments?post=3365"}],"wp:featuredmedia":[{"embeddable":true,"href":"https:\/\/steelsupplydirect.com\/fr\/wp-json\/wp\/v2\/media\/3283"}],"wp:attachment":[{"href":"https:\/\/steelsupplydirect.com\/fr\/wp-json\/wp\/v2\/media?parent=3365"}],"wp:term":[{"taxonomy":"product_cat","embeddable":true,"href":"https:\/\/steelsupplydirect.com\/fr\/wp-json\/wp\/v2\/product_cat?post=3365"}],"curies":[{"name":"wp","href":"https:\/\/api.w.org\/{rel}","templated":true}]}}