{"id":3366,"date":"2023-09-11T11:12:57","date_gmt":"2023-09-11T03:12:57","guid":{"rendered":"https:\/\/steelsupplydirect.com\/?post_type=product&#038;p=3366"},"modified":"2023-09-11T11:16:08","modified_gmt":"2023-09-11T03:16:08","slug":"plaque-en-acier-inoxydable-316l","status":"publish","type":"product","link":"https:\/\/steelsupplydirect.com\/fr\/produit\/plaque-en-acier-inoxydable-316l","title":{"rendered":"Plaque d'acier inoxydable ASTM lamin\u00e9e \u00e0 chaud\/\u00e0 froid AISI 316L aust\u00e9nitique 1.4308 1.4408 Grade"},"content":{"rendered":"<p>Les t\u00f4les en acier inoxydable sont des t\u00f4les en acier qui r\u00e9sistent \u00e0 la corrosion par des milieux faibles tels que l'atmosph\u00e8re, la vapeur et l'eau, tandis que les t\u00f4les en acier r\u00e9sistant aux acides sont des t\u00f4les en acier qui r\u00e9sistent \u00e0 la corrosion par des milieux chimiquement corrosifs tels que les acides, les alcalis et les sels.<\/p>\n<p>Composition chimique :<\/p>\n<p>Nuance d'acier inoxydable -304 : 0Cr18Ni9 (0Cr19Ni9) 06Cr19Ni9 S30408<br \/>\nComposition chimique : C : \u22640,08, Si : \u22641,0 Mn : \u22642,0, Cr : 18.0\uff5e20.0, Ni : 8.0\uff5e10.5, S : \u22640.03, P : \u22640.035 N\u22640.1.<br \/>\navec 304L<br \/>\nLe 304L est plus r\u00e9sistant \u00e0 la corrosion et contient moins de carbone.<br \/>\n304 est largement utilis\u00e9, avec une bonne r\u00e9sistance \u00e0 la corrosion, une bonne r\u00e9sistance \u00e0 la chaleur, une bonne r\u00e9sistance \u00e0 basse temp\u00e9rature et de bonnes propri\u00e9t\u00e9s m\u00e9caniques ; une bonne aptitude au travail \u00e0 chaud, comme l'estampage et le pliage, et aucun ph\u00e9nom\u00e8ne de durcissement d\u00fb au traitement thermique (non magn\u00e9tique, temp\u00e9rature de service -196\u00b0C~800\u00b0C).<br \/>\nLe 304L pr\u00e9sente une excellente r\u00e9sistance \u00e0 la corrosion des joints de grains apr\u00e8s soudage ou d\u00e9tensionnement ; il peut \u00e9galement conserver une bonne r\u00e9sistance \u00e0 la corrosion sans traitement thermique, et sa temp\u00e9rature de service est comprise entre -196\u00b0C et 800\u00b0C.<\/p>\n<p>-316L : (AISI 316L\/ SUS316L\/S31603\/022Cr17Ni12Mo2\/022Cr17Ni14Mo2)<\/p>\n<p>C \uff1a\u22640.030, Si\uff1a \u22641.00, Mn\uff1a\u22642.00, S \uff1a \u22640.030, P \uff1a \u22640.045, Cr\uff1a16.00\uff5e18.00, Ni\uff1a10.00\uff5e14.00, <span style=\"color: #333333;font-size: 14.4px\">Mo\uff1a2.00\uff5e3.00<\/span><\/p>\n<p>Propri\u00e9t\u00e9s m\u00e9caniques :<\/p>\n<p>R\u00e9sistance \u00e0 la traction \u03c3b (MPa) : \u2265480<br \/>\nLimite d'\u00e9lasticit\u00e9 conditionnelle \u03c30,2 (MPa) : \u2265177<br \/>\n\u00c9longation \u03b45(%) : \u226540<br \/>\nR\u00e9tr\u00e9cissement de la surface \u03c8 (%) : \u226560<br \/>\nDuret\u00e9 : \u2264187HB ; \u226490HRB ; \u2264200HV<br \/>\nDensit\u00e9 : 7,98 g\/cm3 ;<br \/>\nRapport de capacit\u00e9 thermique sp\u00e9cifique (20\u2103) : 0,502J\/(g*K)<\/p>\n<p>Selon la structure organisationnelle, il est divis\u00e9 en quatre cat\u00e9gories : les t\u00f4les d'acier inoxydable aust\u00e9nitique, les t\u00f4les d'acier inoxydable martensitique (y compris les t\u00f4les d'acier inoxydable durcies par pr\u00e9cipitation), les t\u00f4les d'acier inoxydable ferritique et les t\u00f4les d'acier inoxydable duplex aust\u00e9nitique et ferritique. Selon la classification des t\u00f4les d'acier en fonction de la composition chimique principale ou de certains \u00e9l\u00e9ments caract\u00e9ristiques de la t\u00f4le d'acier, on distingue les t\u00f4les d'acier inoxydable au chrome, les t\u00f4les d'acier inoxydable au chrome-nickel, les t\u00f4les d'acier inoxydable au chrome-nickel-molybd\u00e8ne, les t\u00f4les d'acier inoxydable \u00e0 faible teneur en carbone, les t\u00f4les d'acier inoxydable \u00e0 haute teneur en molybd\u00e8ne, les t\u00f4les d'acier inoxydable de haute puret\u00e9, etc. Selon les caract\u00e9ristiques de performance et les utilisations des plaques d'acier, celles-ci sont divis\u00e9es en plaques d'acier inoxydable r\u00e9sistant \u00e0 l'acide nitrique, plaques d'acier inoxydable r\u00e9sistant \u00e0 l'acide sulfurique, plaques d'acier inoxydable r\u00e9sistant aux piq\u00fbres, plaques d'acier inoxydable r\u00e9sistant \u00e0 la corrosion sous contrainte, plaques d'acier inoxydable \u00e0 haute r\u00e9sistance, etc. Selon les caract\u00e9ristiques fonctionnelles des plaques d'acier, on distingue les plaques d'acier inoxydable \u00e0 basse temp\u00e9rature, les plaques d'acier inoxydable non magn\u00e9tiques, les plaques d'acier inoxydable \u00e0 coupe facile, les plaques d'acier inoxydable superplastiques, etc. La m\u00e9thode de classification couramment utilis\u00e9e est bas\u00e9e sur les caract\u00e9ristiques structurelles de la plaque d'acier, les caract\u00e9ristiques de composition chimique de la plaque d'acier et une combinaison des deux. On distingue g\u00e9n\u00e9ralement les plaques d'acier inoxydable martensitique, les plaques d'acier inoxydable ferritique, les plaques d'acier inoxydable aust\u00e9nitique, les plaques d'acier inoxydable duplex et les plaques d'acier inoxydable durcies par pr\u00e9cipitation, ou on les divise en deux cat\u00e9gories : les plaques d'acier inoxydable au chrome et les plaques d'acier inoxydable au nickel. Il a un large \u00e9ventail d'utilisations. Utilisations typiques : \u00e9changeurs de chaleur pour les \u00e9quipements de fabrication de p\u00e2te et de papier, \u00e9quipements m\u00e9caniques, \u00e9quipements de teinture, \u00e9quipements de traitement des films, pipelines, mat\u00e9riaux ext\u00e9rieurs pour les b\u00e2timents dans les zones c\u00f4ti\u00e8res, etc.<\/p>\n<p>Performance :<\/p>\n<p>-R\u00e9sistance \u00e0 la corrosion<br \/>\nLes plaques d'acier inoxydable ont une r\u00e9sistance \u00e0 la corrosion g\u00e9n\u00e9rale similaire \u00e0 celle de l'alliage instable nickel-chrome 304. Un chauffage prolong\u00e9 dans la plage de temp\u00e9rature des niveaux de carbure de chrome peut affecter les alliages 321 et 347 dans les milieux corrosifs agressifs. Principalement utilis\u00e9s dans des applications \u00e0 haute temp\u00e9rature, n\u00e9cessitant des mat\u00e9riaux avec de fortes capacit\u00e9s anti-sensibilisation pour pr\u00e9venir la corrosion intergranulaire \u00e0 des temp\u00e9ratures plus basses.<\/p>\n<p>-R\u00e9sistance \u00e0 l'oxydation \u00e0 haute temp\u00e9rature<br \/>\nLes plaques d'acier inoxydable ont toutes une r\u00e9sistance \u00e0 l'oxydation \u00e0 haute temp\u00e9rature, mais la vitesse d'oxydation est affect\u00e9e par des facteurs inh\u00e9rents tels que l'environnement d'exposition et la forme du produit.<\/p>\n<p>-Propri\u00e9t\u00e9s physiques<br \/>\nLe coefficient global de transfert de chaleur d'un m\u00e9tal d\u00e9pend d'autres facteurs que la conductivit\u00e9 thermique du m\u00e9tal. Dans la plupart des cas, il d\u00e9pend du coefficient de dissipation thermique du film, de la rouille et de l'\u00e9tat de surface du m\u00e9tal. L'acier inoxydable garde sa surface propre et conduit donc mieux la chaleur que d'autres m\u00e9taux ayant une conductivit\u00e9 thermique plus \u00e9lev\u00e9e.<\/p>\n<p>&nbsp;<\/p>","protected":false},"excerpt":{"rendered":"<p>Les t\u00f4les en acier inoxydable sont des t\u00f4les en acier qui r\u00e9sistent \u00e0 la corrosion par des milieux faibles tels que l'atmosph\u00e8re, la vapeur et l'eau, tandis que les t\u00f4les en acier r\u00e9sistant aux acides sont des t\u00f4les en acier qui r\u00e9sistent \u00e0 la corrosion par des milieux chimiquement corrosifs tels que les acides, les alcalis et les sels. Composition chimique : -304 Grade d'acier inoxydable : 0Cr18Ni9 (0Cr19Ni9) 06Cr19Ni9 S30408 Chemical [...]","protected":false},"featured_media":3265,"comment_status":"closed","ping_status":"closed","template":"","meta":[],"product_cat":[54,56],"class_list":{"0":"post-3366","1":"product","2":"type-product","3":"status-publish","4":"has-post-thumbnail","6":"product_cat-stainless-steel","7":"product_cat-stainless-steel-plate","9":"first","10":"instock","11":"shipping-taxable","12":"product-type-simple"},"_links":{"self":[{"href":"https:\/\/steelsupplydirect.com\/fr\/wp-json\/wp\/v2\/product\/3366","targetHints":{"allow":["GET"]}}],"collection":[{"href":"https:\/\/steelsupplydirect.com\/fr\/wp-json\/wp\/v2\/product"}],"about":[{"href":"https:\/\/steelsupplydirect.com\/fr\/wp-json\/wp\/v2\/types\/product"}],"replies":[{"embeddable":true,"href":"https:\/\/steelsupplydirect.com\/fr\/wp-json\/wp\/v2\/comments?post=3366"}],"wp:featuredmedia":[{"embeddable":true,"href":"https:\/\/steelsupplydirect.com\/fr\/wp-json\/wp\/v2\/media\/3265"}],"wp:attachment":[{"href":"https:\/\/steelsupplydirect.com\/fr\/wp-json\/wp\/v2\/media?parent=3366"}],"wp:term":[{"taxonomy":"product_cat","embeddable":true,"href":"https:\/\/steelsupplydirect.com\/fr\/wp-json\/wp\/v2\/product_cat?post=3366"}],"curies":[{"name":"wp","href":"https:\/\/api.w.org\/{rel}","templated":true}]}}