{"id":3368,"date":"2023-09-11T11:47:26","date_gmt":"2023-09-11T03:47:26","guid":{"rendered":"https:\/\/steelsupplydirect.com\/?post_type=product&#038;p=3368"},"modified":"2024-06-27T16:50:54","modified_gmt":"2024-06-27T08:50:54","slug":"bulk-sale-astm-aisi-409l-430-440-no-1-surface-stainless-steel-tube","status":"publish","type":"product","link":"https:\/\/steelsupplydirect.com\/fr\/produit\/bulk-sale-astm-aisi-409l-430-440-no-1-surface-stainless-steel-tube","title":{"rendered":"Bulk Sale ASTM AISI 409L 430 440 Stainless Steel Tube No.1 Cold Rolled Pickling Surface"},"content":{"rendered":"<p>Introduction d\u00e9taill\u00e9e :<\/p>\n<p>-Duret\u00e9<br \/>\nLes tuyaux en acier inoxydable utilisent g\u00e9n\u00e9ralement trois indicateurs de duret\u00e9 : Brinell, Rockwell et Vickers pour mesurer leur duret\u00e9.<\/p>\n<p>-Duret\u00e9 Brinell<br \/>\nParmi les normes applicables aux tuyaux en acier inoxydable, la duret\u00e9 Brinell est la plus utilis\u00e9e. Le diam\u00e8tre de l'empreinte est souvent utilis\u00e9 pour exprimer la duret\u00e9 du mat\u00e9riau, ce qui est \u00e0 la fois intuitif et pratique. Mais il ne convient pas aux tuyaux en acier fabriqu\u00e9s \u00e0 partir d'acier plus dur ou plus fin.<\/p>\n<p>-Duret\u00e9 de Rockwell<br \/>\nL'essai de duret\u00e9 Rockwell des tuyaux en acier inoxydable est identique \u00e0 l'essai de duret\u00e9 Brinell, qui est une m\u00e9thode d'essai par indentation. La diff\u00e9rence r\u00e9side dans le fait qu'il mesure la profondeur de l'indentation. L'essai de duret\u00e9 Rockwell est actuellement une m\u00e9thode largement utilis\u00e9e, parmi laquelle HRC est utilis\u00e9e dans les normes relatives aux tuyaux en acier, juste apr\u00e8s la duret\u00e9 Brinell HB. La duret\u00e9 Rockwell peut \u00eatre utilis\u00e9e pour mesurer des mat\u00e9riaux m\u00e9talliques allant d'une extr\u00eame douceur \u00e0 une extr\u00eame duret\u00e9. Elle comble les lacunes de la m\u00e9thode Brinell. Elle est plus simple que la m\u00e9thode Brinell et la valeur de duret\u00e9 peut \u00eatre lue directement sur le cadran de la machine de duret\u00e9. Toutefois, en raison de la petite empreinte, la valeur de duret\u00e9 n'est pas aussi pr\u00e9cise que celle de la m\u00e9thode Brinell.<\/p>\n<p>-Duret\u00e9 Vickers<br \/>\nL'essai de duret\u00e9 Vickers d'un tube en acier inoxydable est \u00e9galement une m\u00e9thode d'essai par indentation qui peut \u00eatre utilis\u00e9e pour d\u00e9terminer la duret\u00e9 de mat\u00e9riaux m\u00e9talliques tr\u00e8s fins et de couches superficielles. Elle pr\u00e9sente les principaux avantages des m\u00e9thodes Brinell et Rockwell et surmonte leurs principales lacunes, mais elle n'est pas aussi simple que la m\u00e9thode Rockwell. La m\u00e9thode Vickers est rarement utilis\u00e9e dans les normes relatives aux tuyaux en acier.<\/p>\n<p>-Essai de duret\u00e9<br \/>\nLa duret\u00e9 de la paroi interne du tuyau peut \u00e9galement \u00eatre test\u00e9e \u00e0 l'aide d'un appareil d'essai de duret\u00e9 Rockwell ou Rockwell de surface.<\/p>\n<p>Le processus de production des tubes sans soudure en acier inoxydable :<br \/>\na. Pr\u00e9paration de l'acier rond ;<br \/>\nb. le chauffage ;<br \/>\nc. perforation par laminage \u00e0 chaud ;<br \/>\nd. couper la t\u00eate ;<br \/>\ne. le d\u00e9capage ;<br \/>\nf. broyage ; broyage<br \/>\ng. lubrification ;<br \/>\nh. Traitement par laminage \u00e0 froid ;<br \/>\ni. \u00c9cr\u00e9mer ;<br \/>\nj\uff0e Traitement thermique de mise en solution ;<br \/>\nk\uff0e redresser ; redresser<br \/>\nl\uff0e couper le tuyau ;<br \/>\nm. d\u00e9capage ;<br \/>\nn\uff0e Essais de produits.<\/p>\n<p>Classification : Les tubes en acier inoxydable sont divis\u00e9s en deux cat\u00e9gories : les tubes sans soudure et les tubes soud\u00e9s, en fonction des m\u00e9thodes de production. Les tubes en acier sans soudure peuvent \u00eatre divis\u00e9s en tubes lamin\u00e9s \u00e0 chaud, tubes lamin\u00e9s \u00e0 froid, tubes \u00e9tir\u00e9s \u00e0 froid et tubes extrud\u00e9s. Les tubes \u00e9tir\u00e9s et lamin\u00e9s \u00e0 froid sont les proc\u00e9d\u00e9s secondaires des tubes en acier. Les tubes soud\u00e9s sont divis\u00e9s en tubes soud\u00e9s \u00e0 joint droit et tubes soud\u00e9s en spirale.<\/p>\n<p>Normes de mise en \u0153uvre des tubes en acier inoxydable :<\/p>\n<p>GB\/T14976-2012 Tubes en acier inoxydable sans soudure pour le transport de fluides<br \/>\n(Remplace GB\/T14976-2002, remplace GB\/T14976-1994, remplace GB2270-1980)<br \/>\nGB\/T14975-2012 Tubes en acier inoxydable sans soudure pour usage structurel (rempla\u00e7ant GB\/T14975-2002)<br \/>\nGB13296-2013 Tubes en acier inoxydable pour chaudi\u00e8res et \u00e9changeurs de chaleur<br \/>\n(GJB2608-96) (YB676-73) Tubes de construction a\u00e9ronautique, tubes en acier sans soudure \u00e0 paroi \u00e9paisse<br \/>\n(GJB2296-95) (YB678-71) Tube en acier inoxydable pour l'aviation<br \/>\n(YB\/T679-97) (YB679-71) Tube d'acier sans soudure \u00e0 paroi mince \u00e0 rivets creux 18A pour l'aviation<br \/>\n(GJB2609-96) (YB680-71) Tubes de construction a\u00e9ronautique, tubes en acier sans soudure \u00e0 paroi mince<br \/>\n(YB\/T681-97) (YB681-71) Conduit d'aviation 20A tube d'acier sans soudure \u00e0 paroi mince<br \/>\nGB3090-2000 Tube en acier inoxydable de petit diam\u00e8tre<br \/>\nGB5310-2017 Tube en acier sans soudure pour chaudi\u00e8res \u00e0 haute pression<br \/>\nGB3087-2008 tubes pour chaudi\u00e8res \u00e0 basse et moyenne pression<br \/>\nGB3089-2008 Tube en acier inoxydable sans soudure \u00e0 paroi extr\u00eamement fine r\u00e9sistant aux acides<br \/>\nGB9948-2013 Acier sans soudure pour craquage p\u00e9trolier<br \/>\nASTM A213 Tubes en alliage ferritique et aust\u00e9nitique pour chaudi\u00e8res et \u00e9changeurs de chaleur<br \/>\nASTM A269 Tubes et tuyaux soud\u00e9s en acier inoxydable aust\u00e9nitique \u00e0 usage g\u00e9n\u00e9ral<br \/>\nASTM A312 acier inoxydable aust\u00e9nitique tube en acier sans soudure tube en acier soud\u00e9 tube en acier soud\u00e9<br \/>\nASTM A450 Exigences g\u00e9n\u00e9rales pour les tubes en acier au carbone, en acier ferritique et en acier alli\u00e9 aust\u00e9nitique<br \/>\nASTM A530 General Requirements for Ferrous and Alloy Steels for Special Purposes (Exigences g\u00e9n\u00e9rales pour les aciers ferreux et alli\u00e9s destin\u00e9s \u00e0 des fins sp\u00e9ciales)<br \/>\nASTM A789 General Requirements for Carbonitic Austenitic Stainless Steel Seamless and Welded Steel Pipe (Exigences g\u00e9n\u00e9rales pour les tuyaux sans soudure et soud\u00e9s en acier inoxydable aust\u00e9nitique carbonitique)<br \/>\nJIS G3456-88 Tubes en acier inoxydable pour structures m\u00e9caniques<br \/>\nJIS G3448-88 Tubes en acier inoxydable pour tubes ordinaires<br \/>\nJIS G3459-88 Tubes en acier inoxydable pour pipelines<br \/>\nJIS G3463-88 Tubes en acier inoxydable pour chaudi\u00e8res et \u00e9changeurs de chaleur<br \/>\nQ\/HYAD - Tube en acier sans soudure pour l'industrie chimique<br \/>\n(0Cr18NI11T) Q\/HYAD Cr18Ni5MO3Si2 tube en acier inoxydable duplex sans soudure<\/p>\n<p>&nbsp;<\/p>\n<p>&nbsp;<\/p>","protected":false},"excerpt":{"rendered":"<p>Introduction d\u00e9taill\u00e9e : -Duret\u00e9 Les tubes en acier inoxydable utilisent g\u00e9n\u00e9ralement trois indicateurs de duret\u00e9 : Brinell, Rockwell et Vickers pour mesurer leur duret\u00e9. -Duret\u00e9 Brinell Parmi les normes relatives aux tuyaux en acier inoxydable, la duret\u00e9 Brinell est la plus utilis\u00e9e. Le diam\u00e8tre de l'empreinte est souvent utilis\u00e9 pour exprimer la duret\u00e9 du mat\u00e9riau, ce qui est \u00e0 la fois intuitif et pratique. Mais il est [...]","protected":false},"featured_media":3155,"comment_status":"closed","ping_status":"closed","template":"","meta":[],"product_cat":[54,57],"class_list":{"0":"post-3368","1":"product","2":"type-product","3":"status-publish","4":"has-post-thumbnail","6":"product_cat-stainless-steel","7":"product_cat-stainless-steel-tube","9":"first","10":"instock","11":"shipping-taxable","12":"product-type-simple"},"_links":{"self":[{"href":"https:\/\/steelsupplydirect.com\/fr\/wp-json\/wp\/v2\/product\/3368","targetHints":{"allow":["GET"]}}],"collection":[{"href":"https:\/\/steelsupplydirect.com\/fr\/wp-json\/wp\/v2\/product"}],"about":[{"href":"https:\/\/steelsupplydirect.com\/fr\/wp-json\/wp\/v2\/types\/product"}],"replies":[{"embeddable":true,"href":"https:\/\/steelsupplydirect.com\/fr\/wp-json\/wp\/v2\/comments?post=3368"}],"wp:featuredmedia":[{"embeddable":true,"href":"https:\/\/steelsupplydirect.com\/fr\/wp-json\/wp\/v2\/media\/3155"}],"wp:attachment":[{"href":"https:\/\/steelsupplydirect.com\/fr\/wp-json\/wp\/v2\/media?parent=3368"}],"wp:term":[{"taxonomy":"product_cat","embeddable":true,"href":"https:\/\/steelsupplydirect.com\/fr\/wp-json\/wp\/v2\/product_cat?post=3368"}],"curies":[{"name":"wp","href":"https:\/\/api.w.org\/{rel}","templated":true}]}}