{"id":3369,"date":"2023-09-11T13:35:52","date_gmt":"2023-09-11T05:35:52","guid":{"rendered":"https:\/\/steelsupplydirect.com\/?post_type=product&#038;p=3369"},"modified":"2024-06-27T16:50:31","modified_gmt":"2024-06-27T08:50:31","slug":"china-factory-wholesale-astm-aisi-ss316l-201-321-310-32570-32670-a312-grade-seamless-stainless-steel-tube","status":"publish","type":"product","link":"https:\/\/steelsupplydirect.com\/fr\/produit\/china-factory-wholesale-astm-aisi-ss316l-201-321-310-32570-32670-a312-grade-seamless-stainless-steel-tube","title":{"rendered":"Tube en acier inoxydable sans soudure de qualit\u00e9 A312, 201 321 310 32570 32670, avec grossiste ASTM AISI SS316L"},"content":{"rendered":"<p>Le tube en acier inoxydable est une sorte d'acier rond long et creux, qui est principalement utilis\u00e9 dans les pipelines de transport industriel et les composants structurels m\u00e9caniques tels que le p\u00e9trole, l'industrie chimique, le traitement m\u00e9dical, l'alimentation, l'industrie l\u00e9g\u00e8re, l'instrumentation m\u00e9canique, etc. En outre, lorsque la r\u00e9sistance \u00e0 la flexion et \u00e0 la torsion est la m\u00eame, le poids est plus l\u00e9ger, de sorte qu'il est \u00e9galement largement utilis\u00e9 dans la fabrication de pi\u00e8ces m\u00e9caniques et d'ouvrages d'art. Il est \u00e9galement couramment utilis\u00e9 pour les meubles, les ustensiles de cuisine, etc.<\/p>\n<p>-Classification : Les tubes en acier inoxydable sont divis\u00e9s en deux cat\u00e9gories : les tubes sans soudure et les tubes soud\u00e9s, en fonction des m\u00e9thodes de production. Les tubes en acier sans soudure peuvent \u00eatre divis\u00e9s en tubes lamin\u00e9s \u00e0 chaud, tubes lamin\u00e9s \u00e0 froid, tubes \u00e9tir\u00e9s \u00e0 froid et tubes extrud\u00e9s. Les tubes \u00e9tir\u00e9s et lamin\u00e9s \u00e0 froid sont les proc\u00e9d\u00e9s secondaires des tubes en acier. Les tubes soud\u00e9s sont divis\u00e9s en tubes soud\u00e9s \u00e0 joint droit et tubes soud\u00e9s en spirale.<\/p>\n<p>-Essais de duret\u00e9 : Duret\u00e9 Brinell ; duret\u00e9 Rockwell ; duret\u00e9 Vickers<\/p>\n<p>-Normes de mise en \u0153uvre des tuyaux en acier inoxydable :<\/p>\n<p>GB\/T14976-2012 Tubes en acier inoxydable sans soudure pour le transport de fluides<br \/>\n(Remplace GB\/T14976-2002, remplace GB\/T14976-1994, remplace GB2270-1980)<br \/>\nGB\/T14975-2012 Tubes en acier inoxydable sans soudure pour usage structurel (rempla\u00e7ant GB\/T14975-2002)<br \/>\nGB13296-2013 Tubes en acier inoxydable pour chaudi\u00e8res et \u00e9changeurs de chaleur<br \/>\n(GJB2608-96) (YB676-73) Tubes de construction a\u00e9ronautique, tubes en acier sans soudure \u00e0 paroi \u00e9paisse<br \/>\n(GJB2296-95) (YB678-71) Tube en acier inoxydable pour l'aviation<br \/>\n(YB\/T679-97) (YB679-71) Tube d'acier sans soudure \u00e0 paroi mince \u00e0 rivets creux 18A pour l'aviation<br \/>\n(GJB2609-96) (YB680-71) Tubes de construction a\u00e9ronautique, tubes en acier sans soudure \u00e0 paroi mince<br \/>\n(YB\/T681-97) (YB681-71) Conduit d'aviation 20A tube d'acier sans soudure \u00e0 paroi mince<br \/>\nGB3090-2000 Tube en acier inoxydable de petit diam\u00e8tre<br \/>\nGB5310-2017 Tube en acier sans soudure pour chaudi\u00e8res \u00e0 haute pression<br \/>\nGB3087-2008 tubes pour chaudi\u00e8res \u00e0 basse et moyenne pression<br \/>\nGB3089-2008 Tube en acier inoxydable sans soudure \u00e0 paroi extr\u00eamement fine r\u00e9sistant aux acides<br \/>\nGB9948-2013 Acier sans soudure pour craquage p\u00e9trolier<br \/>\nASTM A213 Tubes en alliage ferritique et aust\u00e9nitique pour chaudi\u00e8res et \u00e9changeurs de chaleur<br \/>\nASTM A269 Tubes et tuyaux soud\u00e9s en acier inoxydable aust\u00e9nitique \u00e0 usage g\u00e9n\u00e9ral<br \/>\nASTM A312 acier inoxydable aust\u00e9nitique tube en acier sans soudure tube en acier soud\u00e9 tube en acier soud\u00e9<br \/>\nASTM A450 Exigences g\u00e9n\u00e9rales pour les tubes en acier au carbone, en acier ferritique et en acier alli\u00e9 aust\u00e9nitique<br \/>\nASTM A530 General Requirements for Ferrous and Alloy Steels for Special Purposes (Exigences g\u00e9n\u00e9rales pour les aciers ferreux et alli\u00e9s destin\u00e9s \u00e0 des fins sp\u00e9ciales)<br \/>\nASTM A789 General Requirements for Carbonitic Austenitic Stainless Steel Seamless and Welded Steel Pipe (Exigences g\u00e9n\u00e9rales pour les tuyaux sans soudure et soud\u00e9s en acier inoxydable aust\u00e9nitique carbonitique)<br \/>\nJIS G3456-88 Tubes en acier inoxydable pour structures m\u00e9caniques<br \/>\nJIS G3448-88 Tubes en acier inoxydable pour tubes ordinaires<br \/>\nJIS G3459-88 Tubes en acier inoxydable pour pipelines<br \/>\nJIS G3463-88 Tubes en acier inoxydable pour chaudi\u00e8res et \u00e9changeurs de chaleur<br \/>\nQ\/HYAD - Tube en acier sans soudure pour l'industrie chimique<br \/>\n(0Cr18NI11T) Q\/HYAD Cr18Ni5MO3Si2 tube en acier inoxydable duplex sans soudure<\/p>\n<p>-Le processus de production des tubes sans soudure en acier inoxydable :<br \/>\na. Pr\u00e9paration de l'acier rond ;<br \/>\nb. le chauffage ;<br \/>\nc. perforation par laminage \u00e0 chaud ;<br \/>\nd. couper la t\u00eate ;<br \/>\ne. le d\u00e9capage ;<br \/>\nf. broyage ; broyage<br \/>\ng. lubrification ;<br \/>\nh. Traitement par laminage \u00e0 froid ;<br \/>\ni. \u00c9cr\u00e9mer ;<br \/>\nj\uff0e Traitement thermique de mise en solution ;<br \/>\nk\uff0e redresser ; redresser<br \/>\nl\uff0e couper le tuyau ;<br \/>\nm. d\u00e9capage ;<br \/>\nn\uff0e Essais de produits<\/p>\n<p>Application :<\/p>\n<p>-Industrie automobile<br \/>\nL'acier inoxydable est principalement utilis\u00e9 dans les syst\u00e8mes d'\u00e9chappement. Les types d'acier couramment utilis\u00e9s sont 409L, 436L, etc., qui repr\u00e9sentent plus de la moiti\u00e9 du total de l'acier inoxydable utilis\u00e9 dans les automobiles, et 80%, qui sont des aciers inoxydables ferritiques.<\/p>\n<p>-Industrie p\u00e9trochimique, y compris l'industrie des engrais<br \/>\nCette industrie utilise principalement des tuyaux sans soudure en acier inoxydable, dont les sp\u00e9cifications sont les suivantes : 304, 321, 316, 316L, 347, 317L, etc : 304, 321, 316, 316L, 347, 317L, etc., le diam\u00e8tre ext\u00e9rieur est d'environ \u03c618-\u03c6610, et l'\u00e9paisseur de la paroi est d'environ 6mm-50mm.<\/p>\n<p>-Transport de fluides tels que l'eau et le gaz<br \/>\nLes canalisations en acier inoxydable et leur \u00e9quipement de distribution d'eau sont les mat\u00e9riaux de base les plus avanc\u00e9s en mati\u00e8re de purification de l'eau dans le monde d'aujourd'hui.<\/p>\n<p>-Fabrication et r\u00e9paration d'\u00e9quipements<br \/>\nLa consommation annuelle de tubes en acier inoxydable est sup\u00e9rieure \u00e0 20 000 tonnes. Les tuyaux en acier inoxydable de qualit\u00e9 sanitaire ou antibact\u00e9rienne sont principalement utilis\u00e9s. Les tuyaux hygi\u00e9niques sans soudure sont fabriqu\u00e9s en acier inoxydable import\u00e9 SUS304 et 316L.<\/p>\n<p>&nbsp;<\/p>","protected":false},"excerpt":{"rendered":"<p>Le tube en acier inoxydable est une sorte d'acier rond long et creux, qui est principalement utilis\u00e9 dans les pipelines de transport industriel et les composants structurels m\u00e9caniques tels que le p\u00e9trole, l'industrie chimique, le traitement m\u00e9dical, l'alimentation, l'industrie l\u00e9g\u00e8re, l'instrumentation m\u00e9canique, etc. En outre, lorsque la r\u00e9sistance \u00e0 la flexion et \u00e0 la torsion est la m\u00eame, le poids est plus l\u00e9ger, il est donc [...]","protected":false},"featured_media":3139,"comment_status":"closed","ping_status":"closed","template":"","meta":[],"product_cat":[57,54],"class_list":{"0":"post-3369","1":"product","2":"type-product","3":"status-publish","4":"has-post-thumbnail","6":"product_cat-stainless-steel-tube","7":"product_cat-stainless-steel","9":"first","10":"instock","11":"shipping-taxable","12":"product-type-simple"},"_links":{"self":[{"href":"https:\/\/steelsupplydirect.com\/fr\/wp-json\/wp\/v2\/product\/3369","targetHints":{"allow":["GET"]}}],"collection":[{"href":"https:\/\/steelsupplydirect.com\/fr\/wp-json\/wp\/v2\/product"}],"about":[{"href":"https:\/\/steelsupplydirect.com\/fr\/wp-json\/wp\/v2\/types\/product"}],"replies":[{"embeddable":true,"href":"https:\/\/steelsupplydirect.com\/fr\/wp-json\/wp\/v2\/comments?post=3369"}],"wp:featuredmedia":[{"embeddable":true,"href":"https:\/\/steelsupplydirect.com\/fr\/wp-json\/wp\/v2\/media\/3139"}],"wp:attachment":[{"href":"https:\/\/steelsupplydirect.com\/fr\/wp-json\/wp\/v2\/media?parent=3369"}],"wp:term":[{"taxonomy":"product_cat","embeddable":true,"href":"https:\/\/steelsupplydirect.com\/fr\/wp-json\/wp\/v2\/product_cat?post=3369"}],"curies":[{"name":"wp","href":"https:\/\/api.w.org\/{rel}","templated":true}]}}