{"id":3370,"date":"2023-09-11T14:06:34","date_gmt":"2023-09-11T06:06:34","guid":{"rendered":"https:\/\/steelsupplydirect.com\/?post_type=product&#038;p=3370"},"modified":"2024-06-27T16:50:00","modified_gmt":"2024-06-27T08:50:00","slug":"tube-en-acier-inoxydable-duplex-brillant-etire-a-froid-serie-300-serie-200-petit-diametre-pour-projet-deau","status":"publish","type":"product","link":"https:\/\/steelsupplydirect.com\/fr\/produit\/tube-en-acier-inoxydable-duplex-brillant-etire-a-froid-serie-300-serie-200-petit-diametre-pour-projet-deau","title":{"rendered":"Tube en acier inoxydable de petit diam\u00e8tre pour projet d'eau, brillant\/duplex\/\u00e9tir\u00e9 \u00e0 froid, s\u00e9rie 300, s\u00e9rie 200"},"content":{"rendered":"<p>Le tube en acier inoxydable est une sorte d'acier rond long et creux, qui est principalement utilis\u00e9 dans les pipelines de transport industriel et les composants structurels m\u00e9caniques tels que le p\u00e9trole, l'industrie chimique, le traitement m\u00e9dical, l'alimentation, l'industrie l\u00e9g\u00e8re, l'instrumentation m\u00e9canique, etc. En outre, lorsque la r\u00e9sistance \u00e0 la flexion et \u00e0 la torsion est la m\u00eame, le poids est plus l\u00e9ger, de sorte qu'il est \u00e9galement largement utilis\u00e9 dans la fabrication de pi\u00e8ces m\u00e9caniques et d'ouvrages d'art. Il est \u00e9galement couramment utilis\u00e9 pour les meubles, les ustensiles de cuisine, etc.<\/p>\n<p>-Les tuyaux en acier inoxydable utilisent g\u00e9n\u00e9ralement les indicateurs de transparence Brinell, Rockwell et Vickers pour r\u00e9duire leur duret\u00e9.<\/p>\n<p>-Le processus de production des tubes sans soudure en acier inoxydable :<br \/>\na. Pr\u00e9paration de l'acier rond ;<br \/>\nb. le chauffage ;<br \/>\nc. perforation par laminage \u00e0 chaud ;<br \/>\nd. couper la t\u00eate ;<br \/>\ne. le d\u00e9capage ;<br \/>\nf. broyage ; broyage<br \/>\ng. lubrification ;<br \/>\nh. Traitement par laminage \u00e0 froid ;<br \/>\ni. \u00c9cr\u00e9mer ;<br \/>\nj\uff0e Traitement thermique de mise en solution ;<br \/>\nk\uff0e redresser ; redresser<br \/>\nl\uff0e couper le tuyau ;<br \/>\nm. d\u00e9capage ;<br \/>\nn\uff0e Essais de produits.<\/p>\n<p>Les tubes en acier inoxydable sont divis\u00e9s en deux cat\u00e9gories : les tubes sans soudure et les tubes soud\u00e9s, en fonction des m\u00e9thodes de production. Les tubes en acier sans soudure peuvent \u00eatre divis\u00e9s en tubes lamin\u00e9s \u00e0 chaud, tubes lamin\u00e9s \u00e0 froid, tubes \u00e9tir\u00e9s \u00e0 froid et tubes extrud\u00e9s. Les tubes \u00e9tir\u00e9s et lamin\u00e9s \u00e0 froid sont les proc\u00e9d\u00e9s secondaires des tubes en acier. Les tubes soud\u00e9s sont divis\u00e9s en tubes soud\u00e9s \u00e0 joint droit et tubes soud\u00e9s en spirale, etc.<\/p>\n<p>-Processus de production des tubes soud\u00e9s en acier inoxydable :<br \/>\nMati\u00e8res premi\u00e8res - fendage - soudage - fabrication de tubes - finition - polissage - inspection (impression) - emballage - exp\u00e9dition (entreposage) (tubes soud\u00e9s d\u00e9coratifs)<\/p>\n<p>Mati\u00e8res premi\u00e8res - refendage - soudage - fabrication de tubes - traitement thermique - correction - redressage - \u00e9barbage - d\u00e9capage - \u00e9preuve hydraulique - inspection (impression) - emballage - exp\u00e9dition (entreposage) (Tubes soud\u00e9s pour tuyauterie industrielle).<\/p>\n<p>-Sp\u00e9cifications des tuyaux en acier inoxydable :<\/p>\n<p>\u03c66-12\u00d71.5-2.5, \u03c614\u00d71.5-2.5-3, \u03c616\u00d71.5-2.5-4, \u03c618\u00d72.3-4-5, \u03c620\u00d72.5-3-5, \u03c624\u00d72.5-3-4-5-6, ...\u03c695\u00d74.5-6-8, \u03c6102\u00d74.5-5-6-10-12-14-16-20, \u03c6152\u00d74.5-6-10-12-14, ...\u03c6219\u00d76-8-12-16-18-20-25<\/p>\n<p>-Taille des tuyaux en acier et \u00e9cart admissible :<\/p>\n<p>D1 : \u00b11,5%\uff0cMin \u00b10,75mm ; D2 : \u00b11%\uff0cMin \u00b10,50mm ; D3 : \u00b10,75%\uff0cMin \u00b10,30mm ; D4 : \u00b10,5%\uff0cMin \u00b10,10mm<\/p>\n<p>S - \u00c9paisseur nominale de la paroi du tube d'acier, en mm ;<br \/>\nD-Diam\u00e8tre ext\u00e9rieur nominal du tube d'acier, mm.<br \/>\nW=(diam\u00e8tre ext\u00e9rieur-\u00e9paisseur de la paroi)\u00d7\u00e9paisseur de la paroi\u00d70,02491=KG\/M (poids par m\u00e8tre)<\/p>\n<p>-Classification des tubes en acier inoxydable<\/p>\n<p>Les tubes en acier inoxydable peuvent \u00eatre divis\u00e9s en s\u00e9ries Cr (s\u00e9rie 400), Cr-Ni (s\u00e9rie 300), Cr-Mn-Ni (s\u00e9rie 200) et en s\u00e9ries \u00e0 durcissement par pr\u00e9cipitation (s\u00e9rie 600) en fonction de leur composition.<br \/>\nS\u00e9rie 200 - Acier inoxydable aust\u00e9nitique chrome-nickel-mangan\u00e8se S\u00e9rie 300 - Acier inoxydable aust\u00e9nitique chrome-nickel.<\/p>\n<p>301 - Bonne ductilit\u00e9, utilis\u00e9 pour les produits moul\u00e9s. Il peut \u00e9galement \u00eatre durci par traitement m\u00e9canique. Bonne soudabilit\u00e9. La r\u00e9sistance \u00e0 l'usure et \u00e0 la fatigue est meilleure que celle de l'acier inoxydable 304.<br \/>\n302 - La r\u00e9sistance \u00e0 la corrosion est la m\u00eame que celle de 304, mais la r\u00e9sistance est meilleure en raison de la teneur en carbone relativement plus \u00e9lev\u00e9e.<br \/>\n303- En ajoutant une petite quantit\u00e9 de soufre et de phosphore, il est plus facile \u00e0 couper que le 304.<br \/>\n304, c'est-\u00e0-dire de l'acier inoxydable 18\/8. La qualit\u00e9 GB est 0Cr18Ni9. Le 309 a une meilleure r\u00e9sistance \u00e0 la temp\u00e9rature que le 304.<br \/>\n316 - Apr\u00e8s 304, c'est le deuxi\u00e8me type d'acier le plus utilis\u00e9, principalement dans l'industrie alimentaire, l'industrie pharmaceutique et les \u00e9quipements chirurgicaux. L'ajout de molybd\u00e8ne lui conf\u00e8re une structure sp\u00e9ciale r\u00e9sistante \u00e0 la corrosion. Comme il r\u00e9siste mieux \u00e0 la corrosion par le chlorure que les tuyaux en acier inoxydable 304, il est \u00e9galement utilis\u00e9 comme \"acier marin\". L'acier inoxydable SS316 est g\u00e9n\u00e9ralement utilis\u00e9 dans les dispositifs de r\u00e9cup\u00e9ration du combustible nucl\u00e9aire. Les tuyaux en acier inoxydable de qualit\u00e9 18\/10 r\u00e9pondent aussi g\u00e9n\u00e9ralement \u00e0 ce type d'application.<\/p>\n<p>SS321 - Semblable \u00e0 304, mais l'ajout de titane r\u00e9duit le risque de corrosion des soudures.<br \/>\nS\u00e9rie 400 - aciers inoxydables ferritiques et martensitiques.<br \/>\n408-Bonne r\u00e9sistance \u00e0 la chaleur, faible r\u00e9sistance \u00e0 la corrosion, 11% Cr, 8% Ni.<br \/>\n409 - le mod\u00e8le le moins cher (britannique et am\u00e9ricain), couramment utilis\u00e9 pour les tuyaux d'\u00e9chappement des automobiles, est un acier inoxydable ferritique (acier au chrome).<br \/>\n410-Martensite (acier au chrome \u00e0 haute r\u00e9sistance), bonne r\u00e9sistance \u00e0 l'usure, mauvaise r\u00e9sistance \u00e0 la corrosion.<br \/>\n416 - L'ajout de soufre am\u00e9liore les propri\u00e9t\u00e9s de transformation du mat\u00e9riau.<br \/>\n420 - Acier martensitique de \"qualit\u00e9 de coupe\", similaire \u00e0 l'acier \u00e0 haute teneur en chrome Brinell, le plus ancien acier inoxydable. Il est \u00e9galement utilis\u00e9 pour les couteaux chirurgicaux, qui peuvent \u00eatre rendus tr\u00e8s brillants.<br \/>\nAcier inoxydable ferritique 430, destin\u00e9 \u00e0 des fins d\u00e9coratives, telles que les accessoires automobiles. Bonne aptitude au formage, mais mauvaise r\u00e9sistance \u00e0 la temp\u00e9rature et \u00e0 la corrosion.<br \/>\n440 - Acier \u00e0 outils de coupe \u00e0 haute r\u00e9sistance avec une teneur en carbone l\u00e9g\u00e8rement plus \u00e9lev\u00e9e. Apr\u00e8s un traitement thermique appropri\u00e9, il peut obtenir une limite d'\u00e9lasticit\u00e9 plus \u00e9lev\u00e9e et sa duret\u00e9 peut atteindre 58 HRC, ce qui en fait l'un des aciers inoxydables les plus durs. L'exemple d'application le plus courant est celui des \"lames de rasoir\". Il existe trois mod\u00e8les couramment utilis\u00e9s : 440A, 440B, 440C et 440F (type facile \u00e0 traiter).<br \/>\nS\u00e9rie 500 - Acier alli\u00e9 au chrome r\u00e9sistant \u00e0 la chaleur.<br \/>\nS\u00e9rie 600-Tubes en acier inoxydable durcis par pr\u00e9cipitation martensitique.<\/p>","protected":false},"excerpt":{"rendered":"<p>Le tube en acier inoxydable est une sorte d'acier rond long et creux, qui est principalement utilis\u00e9 dans les pipelines de transport industriel et les composants structurels m\u00e9caniques tels que le p\u00e9trole, l'industrie chimique, le traitement m\u00e9dical, l'alimentation, l'industrie l\u00e9g\u00e8re, l'instrumentation m\u00e9canique, etc. En outre, lorsque la r\u00e9sistance \u00e0 la flexion et \u00e0 la torsion est la m\u00eame, le poids est plus l\u00e9ger, il est donc [...]","protected":false},"featured_media":2828,"comment_status":"closed","ping_status":"closed","template":"","meta":[],"product_cat":[54,57],"class_list":{"0":"post-3370","1":"product","2":"type-product","3":"status-publish","4":"has-post-thumbnail","6":"product_cat-stainless-steel","7":"product_cat-stainless-steel-tube","9":"first","10":"instock","11":"shipping-taxable","12":"product-type-simple"},"_links":{"self":[{"href":"https:\/\/steelsupplydirect.com\/fr\/wp-json\/wp\/v2\/product\/3370","targetHints":{"allow":["GET"]}}],"collection":[{"href":"https:\/\/steelsupplydirect.com\/fr\/wp-json\/wp\/v2\/product"}],"about":[{"href":"https:\/\/steelsupplydirect.com\/fr\/wp-json\/wp\/v2\/types\/product"}],"replies":[{"embeddable":true,"href":"https:\/\/steelsupplydirect.com\/fr\/wp-json\/wp\/v2\/comments?post=3370"}],"wp:featuredmedia":[{"embeddable":true,"href":"https:\/\/steelsupplydirect.com\/fr\/wp-json\/wp\/v2\/media\/2828"}],"wp:attachment":[{"href":"https:\/\/steelsupplydirect.com\/fr\/wp-json\/wp\/v2\/media?parent=3370"}],"wp:term":[{"taxonomy":"product_cat","embeddable":true,"href":"https:\/\/steelsupplydirect.com\/fr\/wp-json\/wp\/v2\/product_cat?post=3370"}],"curies":[{"name":"wp","href":"https:\/\/api.w.org\/{rel}","templated":true}]}}