{"id":3371,"date":"2023-09-11T15:15:40","date_gmt":"2023-09-11T07:15:40","guid":{"rendered":"https:\/\/steelsupplydirect.com\/?post_type=product&#038;p=3371"},"modified":"2023-09-11T15:15:41","modified_gmt":"2023-09-11T07:15:41","slug":"fournisseur-chinois-astm-a213-304-316l-321-310s-acier-inoxydable-poli-miroir-brillant-tige-carree-ronde","status":"publish","type":"product","link":"https:\/\/steelsupplydirect.com\/fr\/produit\/fournisseur-chinois-astm-a213-304-316l-321-310s-acier-inoxydable-poli-miroir-brillant-tige-carree-ronde","title":{"rendered":"Fournisseur chinois ASTM A213 304 316L 321 310S Barre carr\u00e9e ronde en acier inoxydable poli miroir brillant"},"content":{"rendered":"<p>Le fil d'acier inoxydable 304 est un alliage d'acier r\u00e9sistant \u00e0 la corrosion par piq\u00fbre, aux temp\u00e9ratures \u00e9lev\u00e9es, au fluage et \u00e0 une grande solidit\u00e9.<\/p>\n<p>-Normes de mise en \u0153uvre<br \/>\nNorme chinoise :<br \/>\nBarres en acier inoxydable lamin\u00e9es \u00e0 chaud et forg\u00e9es : GB\/T1220-2007<br \/>\nBarre d'acier inoxydable transform\u00e9e \u00e0 froid : GB4226-2009<br \/>\nNorme am\u00e9ricaine :<br \/>\nTiges et formes en acier inoxydable Norme : ASTM A276-2011<br \/>\nNorme g\u00e9n\u00e9rale pour les barres, billettes et pi\u00e8ces forg\u00e9es en acier inoxydable ASTM A484-2011<br \/>\nNorme pour les tiges en acier inoxydable facilement usin\u00e9es ASTM A582-2011<br \/>\nASME SA276-2010, ASME SA484-2010<\/p>\n<p>ASTM A484\/A484M, ASTM A213\/213A, ASTM A269\/269M<\/p>\n<p>Excellente r\u00e9sistance \u00e0 la corrosion par piq\u00fbre et excellente r\u00e9sistance au fluage \u00e0 haute temp\u00e9rature.<\/p>\n<p>2. Caract\u00e9ristiques 1) Le produit lamin\u00e9 \u00e0 froid a une bonne brillance et un bel aspect ; 2) Mo ajout\u00e9, excellente r\u00e9sistance \u00e0 la corrosion, en particulier \u00e0 la corrosion par piq\u00fbre ; 3) Excellente r\u00e9sistance \u00e0 haute temp\u00e9rature ; 4) Excellent \u00e9crouissage (faible magn\u00e9tisme apr\u00e8s traitement) 5) Non magn\u00e9tique \u00e0 l'\u00e9tat de solution solide ; 6) Compar\u00e9 \u00e0 l'acier inoxydable 304, le prix est plus \u00e9lev\u00e9.<br \/>\n3. Champ d'application : tuyaux, \u00e9changeurs de chaleur, industrie alimentaire, industrie chimique, etc.<\/p>\n<p>Tige ronde en acier inoxydable 304, tige capillaire en acier inoxydable 304<br \/>\nMarque : 0Cr18Ni9 (0Cr19Ni9)<br \/>\n\u00c9l\u00e9ment<br \/>\nC : \u22640,07, Si : \u22641,0,<br \/>\nMn : \u22642,0,<br \/>\nCr : 17.0\uff5e19.0,<br \/>\nNi : 8.0~11.0,<br \/>\nS : \u22640.03,<br \/>\nP : \u22640.035.<br \/>\nR\u00e9sistance \u00e0 la traction (Mpa) 620 MIN<br \/>\nLimite d'\u00e9lasticit\u00e9 (Mpa) 310 MIN<br \/>\nAllongement (%) 30 MIN<br \/>\nR\u00e9duction de surface (%) 40 MIN<br \/>\nLa densit\u00e9 de l'acier inoxydable 304 est de 7,93 g\/cm3. L'acier inoxydable aust\u00e9nitique utilise g\u00e9n\u00e9ralement cette valeur. La teneur en chrome de l'acier 304 (%) est de 18 \u00e0 20. L'acier inoxydable 304 est \u00e9quivalent \u00e0 l'acier inoxydable 0Cr19Ni9 (0Cr18Ni9) de mon pays. L'acier inoxydable 304 est un mat\u00e9riau inoxydable universel. Ses performances antirouille sont sup\u00e9rieures \u00e0 celles des mat\u00e9riaux en acier inoxydable de la s\u00e9rie 200. Il est \u00e9galement relativement bon en termes de r\u00e9sistance aux temp\u00e9ratures \u00e9lev\u00e9es et peut atteindre des temp\u00e9ratures allant jusqu'\u00e0 1000-1200 degr\u00e9s. L'acier inoxydable 304 pr\u00e9sente une excellente r\u00e9sistance \u00e0 la corrosion inoxydable et une bonne r\u00e9sistance \u00e0 la corrosion intergranulaire. En ce qui concerne les acides oxydants, des exp\u00e9riences ont montr\u00e9 que l'acier inoxydable 304 pr\u00e9sente une forte r\u00e9sistance \u00e0 la corrosion dans l'acide nitrique en dessous de la temp\u00e9rature d'\u00e9bullition avec une concentration de \u226465%. Il pr\u00e9sente \u00e9galement une bonne r\u00e9sistance \u00e0 la corrosion dans les solutions alcalines et dans la plupart des acides organiques et inorganiques.<\/p>\n<p>-Formule de calcul du poids<\/p>\n<p>Poids (kg)=Diam\u00e8tre (mm)*Diam\u00e8tre (mm)*Longueur (m)*0,00623<br \/>\nDensit\u00e9 de l'acier inoxydable :<br \/>\n\u25cfL'acier inoxydable au chrome prend 7,75 tonnes\/M3<br \/>\n\u25cfL'acier inoxydable chrome-nickel est de 7,93 tonnes\/M3.<br \/>\n\u25cf Extraction de fer 7,87 tonnes\/M3<br \/>\nFormule de calcul du poids th\u00e9orique d'une plaque d'acier inoxydable<br \/>\nPoids th\u00e9orique des produits en acier Poids (kg) = \u00c9paisseur (mm) \u00d7 Largeur (mm) \u00d7 Longueur (mm) \u00d7 Valeur de la densit\u00e9<\/p>\n<p>-\u00c9paisseur conforme aux normes am\u00e9ricaines et nationales :<br \/>\n28GA=0.015inches=0.38mm<br \/>\n26GA=0.018inches=0.46mm<br \/>\n24GA=0.024inches=0.61mm<br \/>\n22GA=0.030inches=0.76mm<br \/>\n20GA=0.036inches=1.00mm<br \/>\n18GA=0.048inches=1.25mm<br \/>\n16GA=0.060inches=1.60mm<br \/>\n14GA=0.075inches=2.00mm<br \/>\n12GA=0.105inches=2.70mm<\/p>\n<p>Mat\u00e9riaux : 304, 304L, 321, 316, 316L, 310S, 630, 1Cr13, 2Cr13, 3Cr13, 1Cr17Ni2, acier duplex, acier antibact\u00e9rien et autres mat\u00e9riaux !<\/p>\n<p>304 (18Cr-8Ni) mat\u00e9riau :<\/p>\n<p>En tant qu'acier largement utilis\u00e9, il pr\u00e9sente une bonne r\u00e9sistance \u00e0 la corrosion, une bonne r\u00e9sistance \u00e0 la chaleur, une faible r\u00e9sistance et de bonnes propri\u00e9t\u00e9s m\u00e9caniques ; une bonne aptitude au travail \u00e0 chaud, comme l'estampage et le cintrage, et aucun ph\u00e9nom\u00e8ne de traitement thermique (aucun ph\u00e9nom\u00e8ne de traitement thermique) : Produits m\u00e9nagers (articles sanitaires de classe 1 et 2, armoires, c\u00e2blage int\u00e9rieur, chauffe-eau, chaudi\u00e8res, baignoires), pi\u00e8ces automobiles (essuie-glaces, silencieux, produits moul\u00e9s), \u00e9quipements m\u00e9dicaux, mat\u00e9riaux de construction, chimie, industrie alimentaire, agriculture, pi\u00e8ces de navires.<\/p>\n<p>-Qualit\u00e9 de la tige en acier inoxydable :<\/p>\n<p>S\u00e9rie 200 : 201, 202 (acier inoxydable aust\u00e9nitique au chrome, au nickel et au mangan\u00e8se)<br \/>\nS\u00e9rie d'acier inoxydable 300 : 301, 302, 302HQ, 303, 304, 304L, 304F, 304HC, 316, 316L, 316F, 316S, 316Ti, 310, 310S, 314, 314L, 317, 317L, 321 (acier inoxydable \u00e0 corps chrom\u00e9, nickel aust\u00e9nitique).<br \/>\nS\u00e9rie d'aciers inoxydables 400 : 410, 420, 420J2, 430, 430F, 431 (acier inoxydable ferritique et martensitique)<\/p>\n<p>Remarque : L signifie faible teneur en carbone. Par exemple, la teneur en carbone de 304L est inf\u00e9rieure \u00e0 celle de 304. H et S repr\u00e9sentent la r\u00e9sistance aux temp\u00e9ratures \u00e9lev\u00e9es. Par exemple, 310S est plus r\u00e9sistant \u00e0 la chaleur que 310, et 304H est plus r\u00e9sistant \u00e0 la chaleur que 304.<br \/>\nLes barres en acier inoxydable sont divis\u00e9es en barres rondes, barres hexagonales, barres carr\u00e9es, barres plates, barres rondes et barres pleines. Les tiges \u00e0 surface brillante sont plus ch\u00e8res que celles \u00e0 surface en cuir noir. Le 303 est un mat\u00e9riau unique pour les tiges. Il s'agit d'un mat\u00e9riau facile \u00e0 tourner (couper) et il est principalement utilis\u00e9 pour la coupe au tour automatique. En outre : 304F, 303CU et 316F sont \u00e9galement des mat\u00e9riaux faciles \u00e0 couper. Sp\u00e9cifications : \u04241mm\uff5e\u0424280mm.<\/p>\n<p>&nbsp;<\/p>\n<p>&nbsp;<\/p>","protected":false},"excerpt":{"rendered":"<p>La barre en acier inoxydable 304 est un mat\u00e9riau en acier alli\u00e9 qui pr\u00e9sente une r\u00e9sistance \u00e0 la corrosion par piq\u00fbre, une r\u00e9sistance aux temp\u00e9ratures \u00e9lev\u00e9es, une r\u00e9sistance au fluage et une haute r\u00e9sistance m\u00e9canique - Normes d'application Norme chinoise : Barres en acier inoxydable lamin\u00e9es \u00e0 chaud et forg\u00e9es : GB\/T1220-2007 Barres en acier inoxydable transform\u00e9es \u00e0 froid : GB4226-2009 Norme am\u00e9ricaine : Norme sur les tiges et les formes en acier inoxydable : ASTM A276-2011 Norme g\u00e9n\u00e9rale pour les barres en acier inoxydable, [...]","protected":false},"featured_media":2908,"comment_status":"closed","ping_status":"closed","template":"","meta":[],"product_cat":[54,58],"class_list":{"0":"post-3371","1":"product","2":"type-product","3":"status-publish","4":"has-post-thumbnail","6":"product_cat-stainless-steel","7":"product_cat-stainless-steel-rod","9":"first","10":"instock","11":"shipping-taxable","12":"product-type-simple"},"_links":{"self":[{"href":"https:\/\/steelsupplydirect.com\/fr\/wp-json\/wp\/v2\/product\/3371","targetHints":{"allow":["GET"]}}],"collection":[{"href":"https:\/\/steelsupplydirect.com\/fr\/wp-json\/wp\/v2\/product"}],"about":[{"href":"https:\/\/steelsupplydirect.com\/fr\/wp-json\/wp\/v2\/types\/product"}],"replies":[{"embeddable":true,"href":"https:\/\/steelsupplydirect.com\/fr\/wp-json\/wp\/v2\/comments?post=3371"}],"wp:featuredmedia":[{"embeddable":true,"href":"https:\/\/steelsupplydirect.com\/fr\/wp-json\/wp\/v2\/media\/2908"}],"wp:attachment":[{"href":"https:\/\/steelsupplydirect.com\/fr\/wp-json\/wp\/v2\/media?parent=3371"}],"wp:term":[{"taxonomy":"product_cat","embeddable":true,"href":"https:\/\/steelsupplydirect.com\/fr\/wp-json\/wp\/v2\/product_cat?post=3371"}],"curies":[{"name":"wp","href":"https:\/\/api.w.org\/{rel}","templated":true}]}}