{"id":3372,"date":"2023-09-11T14:35:47","date_gmt":"2023-09-11T06:35:47","guid":{"rendered":"https:\/\/steelsupplydirect.com\/?post_type=product&#038;p=3372"},"modified":"2023-09-11T14:39:11","modified_gmt":"2023-09-11T06:39:11","slug":"tige-en-acier-inoxydable","status":"publish","type":"product","link":"https:\/\/steelsupplydirect.com\/fr\/produit\/tige-en-acier-inoxydable","title":{"rendered":"Tige ronde en acier inoxydable polie et d\u00e9cap\u00e9e ASTM AISI 200 300 400 Diam\u00e8tre"},"content":{"rendered":"<p>La barre en acier inoxydable 304 est un mat\u00e9riau en acier alli\u00e9 qui r\u00e9siste \u00e0 la corrosion par piq\u00fbre, aux temp\u00e9ratures \u00e9lev\u00e9es, au fluage et qui est tr\u00e8s r\u00e9sistant.<\/p>\n<p>-Normes de mise en \u0153uvre<br \/>\nNorme chinoise :<br \/>\nBarres en acier inoxydable lamin\u00e9es \u00e0 chaud et forg\u00e9es : GB\/T1220-2007 ;<br \/>\nBarre d'acier inoxydable transform\u00e9e \u00e0 froid : GB4226-2009<\/p>\n<p>GB\/T14975-2002, GB\/T14976-2002, GB\/T13296-91<\/p>\n<p>Norme am\u00e9ricaine :<br \/>\nTiges et formes en acier inoxydable Norme : ASTM A276-2011<br \/>\nNorme g\u00e9n\u00e9rale pour les barres, billettes et pi\u00e8ces forg\u00e9es en acier inoxydable ASTM A484-2011<br \/>\nNorme pour les tiges en acier inoxydable facilement usin\u00e9es ASTM A582-2011<br \/>\nASME SA276-2010<br \/>\nASME SA484-2010<\/p>\n<p>ASTM A484\/A484M, ASTM A213\/213A, ASTM A269\/269M<\/p>\n<p>Mat\u00e9riaux des barres en acier inoxydable : 304, 304L, 321, 316, 316L, 310S, 630, 1Cr13, 2Cr13, 3Cr13, 1Cr17Ni2, acier duplex, acier antibact\u00e9rien et autres mat\u00e9riaux.<\/p>\n<p>-Classification :<\/p>\n<p>Les barres en acier inoxydable peuvent \u00eatre divis\u00e9es en trois types selon la technologie de production : le laminage \u00e0 chaud, le forgeage et l'\u00e9tirage \u00e0 froid. Les barres en acier inoxydable lamin\u00e9es \u00e0 chaud et forg\u00e9es dont les dimensions (diam\u00e8tre, longueur lat\u00e9rale, \u00e9paisseur ou distance entre les c\u00f4t\u00e9s oppos\u00e9s) ne d\u00e9passent pas 250 mm.<br \/>\nLes sp\u00e9cifications des barres rondes en acier inoxydable lamin\u00e9es \u00e0 chaud sont comprises entre 5,5 et 250 mm. Parmi elles : les petites barres rondes en acier inoxydable de 5,5-25 mm sont principalement fournies en bandes droites et sont couramment utilis\u00e9es comme barres d'acier, boulons et diverses pi\u00e8ces m\u00e9caniques ; les barres rondes en acier inoxydable de plus de 25 mm sont principalement utilis\u00e9es pour fabriquer des pi\u00e8ces m\u00e9caniques ou des \u00e9bauches de tuyaux en acier sans soudure.<\/p>\n<p>Excellente r\u00e9sistance \u00e0 la corrosion par piq\u00fbre et excellente r\u00e9sistance au fluage \u00e0 haute temp\u00e9rature.<br \/>\n-Caract\u00e9ristiques 1) Le produit lamin\u00e9 \u00e0 froid a une bonne brillance et un bel aspect ; 2) Mo ajout\u00e9, excellente r\u00e9sistance \u00e0 la corrosion, en particulier \u00e0 la corrosion par piq\u00fbres ; 3) Excellente r\u00e9sistance \u00e0 haute temp\u00e9rature ; 4) Excellent \u00e9crouissage (faible magn\u00e9tisme apr\u00e8s traitement) 5) Non magn\u00e9tique \u00e0 l'\u00e9tat de solution solide ; 6) Compar\u00e9 \u00e0 l'acier inoxydable 304, le prix est plus \u00e9lev\u00e9.<br \/>\n-Champ d'application : tuyaux, \u00e9changeurs de chaleur, industrie alimentaire, industrie chimique, etc.<br \/>\nTige ronde en acier inoxydable 304, tige capillaire en acier inoxydable 304<br \/>\nMarque : 0Cr18Ni9 (0Cr19Ni9)<br \/>\nComposant chimique \u00c9l\u00e9ment<br \/>\nC : \u22640,07, Si : \u22641,0,<br \/>\nMn : \u22642,0,<br \/>\nCr : 17.0\uff5e19.0,<br \/>\nNi : 8.0~11.0,<br \/>\nS : \u22640.03,<br \/>\nP : \u22640.035.<br \/>\nR\u00e9sistance \u00e0 la traction (Mpa) 620 MIN<br \/>\nLimite d'\u00e9lasticit\u00e9 (Mpa) 310 MIN<br \/>\nAllongement (%) 30 MIN<br \/>\nR\u00e9duction de surface (%) 40 MIN<br \/>\nLa densit\u00e9 de l'acier inoxydable 304 est de 7,93 g\/cm3. L'acier inoxydable aust\u00e9nitique utilise g\u00e9n\u00e9ralement cette valeur. La teneur en chrome de l'acier 304 (%) est de 18 \u00e0 20. L'acier inoxydable 304 est \u00e9quivalent \u00e0 l'acier inoxydable 0Cr19Ni9 (0Cr18Ni9) de mon pays. L'acier inoxydable 304 est un mat\u00e9riau inoxydable universel. Ses performances antirouille sont sup\u00e9rieures \u00e0 celles des mat\u00e9riaux en acier inoxydable de la s\u00e9rie 200. Il est \u00e9galement relativement bon en termes de r\u00e9sistance aux temp\u00e9ratures \u00e9lev\u00e9es et peut atteindre des temp\u00e9ratures allant jusqu'\u00e0 1000-1200 degr\u00e9s. L'acier inoxydable 304 pr\u00e9sente une excellente r\u00e9sistance \u00e0 la corrosion inoxydable et une bonne r\u00e9sistance \u00e0 la corrosion intergranulaire. En ce qui concerne les acides oxydants, des exp\u00e9riences ont montr\u00e9 que l'acier inoxydable 304 pr\u00e9sente une forte r\u00e9sistance \u00e0 la corrosion dans l'acide nitrique en dessous de la temp\u00e9rature d'\u00e9bullition avec une concentration de \u226465%. Il pr\u00e9sente \u00e9galement une bonne r\u00e9sistance \u00e0 la corrosion dans les solutions alcalines et dans la plupart des acides organiques et inorganiques.<\/p>\n<p>Nature-Avantage :<br \/>\nLimite d'\u00e9lasticit\u00e9 (Mpa) 310 MIN<br \/>\nAllongement (%) 30 MIN<br \/>\nR\u00e9duction de surface (%) 40 MIN<br \/>\nLa densit\u00e9 de l'acier inoxydable 304 est de 7,93 g\/cm3. L'acier inoxydable aust\u00e9nitique utilise g\u00e9n\u00e9ralement cette valeur : 304 teneur en chrome (%) 18-20. Compar\u00e9 \u00e0 l'acier inoxydable 0Cr19Ni9 (0Cr18Ni9) de mon pays, l'acier inoxydable 304 est un mat\u00e9riau inoxydable universel dont les performances antirouille sont sup\u00e9rieures \u00e0 celles des mat\u00e9riaux en acier inoxydable de la s\u00e9rie 200. Il est \u00e9galement meilleur en termes de r\u00e9sistance aux temp\u00e9ratures \u00e9lev\u00e9es.<br \/>\nLa temp\u00e9rature peut atteindre 1000 \u00e0 1200 degr\u00e9s. L'acier inoxydable 304 pr\u00e9sente une excellente r\u00e9sistance \u00e0 la corrosion inoxydable et une bonne r\u00e9sistance \u00e0 la corrosion intergranulaire. Les r\u00e9sultats de l'exp\u00e9rience : L'acier inoxydable 304 a la plus forte r\u00e9sistance \u00e0 la corrosion dans l'acide nitrique sous la temp\u00e9rature de chauffage avec une concentration de \u226465%. Il pr\u00e9sente une bonne r\u00e9sistance \u00e0 la corrosion dans les solutions alcalines et dans la plupart des acides organiques et inorganiques.<\/p>\n<p>Mat\u00e9riau 304 (18Cr-8Ni) : Comme un acier largement utilis\u00e9, il a une bonne r\u00e9sistance \u00e0 la corrosion \/ r\u00e9sistance \u00e0 la chaleur, la r\u00e9sistance \u00e0 basse temp\u00e9rature et les propri\u00e9t\u00e9s m\u00e9caniques ; bonne fa\u00e7onnage \u00e0 chaud tels que l'estampage \/ pliage, pas de traitement thermique ph\u00e9nom\u00e8ne de durcissement (non-magn\u00e9tique, Utiliser une temp\u00e9rature de -196\u2103\uff5e800\u2103). Utilisation : Produits m\u00e9nagers (vaisselle de classe 1\/2\/armoires\/ tuyauterie int\u00e9rieure\/chauffe-eau\/chaudi\u00e8res\/baignoires), pi\u00e8ces automobiles (essuie-glaces\/silencieux\/produits moul\u00e9s), \u00e9quipement m\u00e9dical, mat\u00e9riaux de construction, produits chimiques, industrie alimentaire, agriculture, pi\u00e8ces de navire.<\/p>\n<p>&nbsp;<\/p>","protected":false},"excerpt":{"rendered":"<p>La barre en acier inoxydable 304 est un mat\u00e9riau en acier alli\u00e9 qui pr\u00e9sente une r\u00e9sistance \u00e0 la corrosion par piq\u00fbre, une r\u00e9sistance aux temp\u00e9ratures \u00e9lev\u00e9es, une r\u00e9sistance au fluage et une grande solidit\u00e9. -Normes de mise en \u0153uvre Norme chinoise : Barres en acier inoxydable lamin\u00e9es \u00e0 chaud et forg\u00e9es : GB\/T1220-2007 ; barres en acier inoxydable transform\u00e9es \u00e0 froid : GB4226-2009 GB\/T14975-2002, GB\/T14976-2002, GB\/T13296-91 Norme am\u00e9ricaine : Tiges et formes en acier inoxydable Norme : ASTM A276-2011 Norme g\u00e9n\u00e9rale pour [...]","protected":false},"featured_media":3308,"comment_status":"closed","ping_status":"closed","template":"","meta":[],"product_cat":[54,58],"class_list":{"0":"post-3372","1":"product","2":"type-product","3":"status-publish","4":"has-post-thumbnail","6":"product_cat-stainless-steel","7":"product_cat-stainless-steel-rod","9":"first","10":"instock","11":"shipping-taxable","12":"product-type-simple"},"_links":{"self":[{"href":"https:\/\/steelsupplydirect.com\/fr\/wp-json\/wp\/v2\/product\/3372","targetHints":{"allow":["GET"]}}],"collection":[{"href":"https:\/\/steelsupplydirect.com\/fr\/wp-json\/wp\/v2\/product"}],"about":[{"href":"https:\/\/steelsupplydirect.com\/fr\/wp-json\/wp\/v2\/types\/product"}],"replies":[{"embeddable":true,"href":"https:\/\/steelsupplydirect.com\/fr\/wp-json\/wp\/v2\/comments?post=3372"}],"wp:featuredmedia":[{"embeddable":true,"href":"https:\/\/steelsupplydirect.com\/fr\/wp-json\/wp\/v2\/media\/3308"}],"wp:attachment":[{"href":"https:\/\/steelsupplydirect.com\/fr\/wp-json\/wp\/v2\/media?parent=3372"}],"wp:term":[{"taxonomy":"product_cat","embeddable":true,"href":"https:\/\/steelsupplydirect.com\/fr\/wp-json\/wp\/v2\/product_cat?post=3372"}],"curies":[{"name":"wp","href":"https:\/\/api.w.org\/{rel}","templated":true}]}}