{"id":3375,"date":"2023-09-11T16:42:28","date_gmt":"2023-09-11T08:42:28","guid":{"rendered":"https:\/\/steelsupplydirect.com\/?post_type=product&#038;p=3375"},"modified":"2023-09-11T16:42:29","modified_gmt":"2023-09-11T08:42:29","slug":"tige-en-acier-inoxydable-2","status":"publish","type":"product","link":"https:\/\/steelsupplydirect.com\/fr\/produit\/tige-en-acier-inoxydable-2","title":{"rendered":"Tige en acier inoxydable"},"content":{"rendered":"<p>Barre ronde en acier inoxydable<\/p>\n<p>-Barre ronde en acier inoxydable de la s\u00e9rie 300 : Barre ronde en acier inoxydable 316, barre ronde en acier inoxydable 304L, barre ronde en acier inoxydable 304, barre ronde en acier inoxydable 310, barre ronde en acier inoxydable 303, barre ronde en acier inoxydable 302, barre ronde en acier inoxydable 301,<br \/>\n-Barres rondes en acier inoxydable de la s\u00e9rie 200 : barres rondes en acier inoxydable 202, barres rondes en acier inoxydable 201,<br \/>\n-Barre ronde en acier inoxydable de la s\u00e9rie 400 : barre ronde en acier inoxydable 410, barre ronde en acier inoxydable 420, barre ronde en acier inoxydable 430<br \/>\n-Explication d\u00e9taill\u00e9e des barres rondes en acier inoxydable de la s\u00e9rie 300 :<\/p>\n<p>Barre ronde en acier inoxydable 316L : L'acier inoxydable 316 contient du molybd\u00e8ne et une faible teneur en carbone. Sa r\u00e9sistance \u00e0 la corrosion par piq\u00fbres dans l'oc\u00e9an et dans l'environnement industriel chimique est bien meilleure que celle de l'acier inoxydable 304 ! (316L est \u00e0 faible teneur en carbone, 316N contient de l'azote et a une r\u00e9sistance \u00e9lev\u00e9e, l'acier inoxydable 316F a une teneur \u00e9lev\u00e9e en soufre et est un acier inoxydable facile \u00e0 couper.<\/p>\n<p>Barre ronde en acier inoxydable 304L : En tant qu'acier 304 \u00e0 faible teneur en carbone, dans des circonstances normales, sa r\u00e9sistance \u00e0 la corrosion est similaire \u00e0 celle de 304. Cependant, apr\u00e8s soudage ou d\u00e9tente, sa r\u00e9sistance \u00e0 la corrosion des joints de grains est excellente. Il peut \u00e9galement r\u00e9sister \u00e0 la corrosion sans traitement thermique. Maintien d'une bonne r\u00e9sistance \u00e0 la corrosion.<\/p>\n<p>Barre ronde en acier inoxydable 304 : Elle pr\u00e9sente une bonne r\u00e9sistance \u00e0 la corrosion, une bonne r\u00e9sistance \u00e0 la chaleur, une bonne r\u00e9sistance \u00e0 basse temp\u00e9rature et de bonnes propri\u00e9t\u00e9s m\u00e9caniques, une bonne aptitude au travail \u00e0 chaud, comme l'estampage et le cintrage, et aucun ph\u00e9nom\u00e8ne de durcissement d\u00fb au traitement thermique. Utilisation : vaisselle, armoires, chaudi\u00e8res, pi\u00e8ces automobiles, \u00e9quipements m\u00e9dicaux, mat\u00e9riaux de construction, industrie alimentaire (temp\u00e9rature d'utilisation -196\u00b0C-700\u00b0C). Tige ronde en acier inoxydable 310 : ses principales caract\u00e9ristiques sont les suivantes : r\u00e9sistance aux temp\u00e9ratures \u00e9lev\u00e9es, g\u00e9n\u00e9ralement utilis\u00e9e dans les chaudi\u00e8res et les tuyaux d'\u00e9chappement des automobiles. Les autres propri\u00e9t\u00e9s sont moyennes.<\/p>\n<p>Barre ronde en acier inoxydable 303 : En ajoutant une petite quantit\u00e9 de soufre et de phosphore, il est plus facile \u00e0 couper que le 304, et les autres propri\u00e9t\u00e9s sont similaires \u00e0 celles du 304.<br \/>\nBarre ronde en acier inoxydable 302 : Les barres en acier inoxydable 302 sont largement utilis\u00e9es dans les pi\u00e8ces automobiles, l'aviation, les outils de quincaillerie a\u00e9rospatiale et l'industrie chimique. Les d\u00e9tails sont les suivants : artisanat, roulements, mod\u00e8les de glissement, instruments m\u00e9dicaux, appareils \u00e9lectriques, etc. Caract\u00e9ristiques : La bille en acier inoxydable 302 est un acier aust\u00e9nitique, qui est proche de 304, mais la duret\u00e9 de 302 est plus \u00e9lev\u00e9e, HRC\u226428, et a de bonnes propri\u00e9t\u00e9s antirouille et anticorrosion.<br \/>\nTige ronde en acier inoxydable 301 : bonne ductilit\u00e9, utilis\u00e9e pour les produits moul\u00e9s. Il peut \u00e9galement \u00eatre durci par traitement m\u00e9canique. Bonne soudabilit\u00e9. La r\u00e9sistance \u00e0 l'usure et \u00e0 la fatigue est meilleure que celle de l'acier inoxydable 304.<\/p>\n<p>-Explication d\u00e9taill\u00e9e des barres rondes en acier inoxydable de la s\u00e9rie 200 :<\/p>\n<p>Barre ronde en acier inoxydable 202 : Il s'agit d'un acier inoxydable aust\u00e9nitique au chrome-nickel-mangan\u00e8se dont les performances sont sup\u00e9rieures \u00e0 celles de l'acier inoxydable 201.<br \/>\nBarre ronde en acier inoxydable 201 : appartient \u00e0 l'acier inoxydable aust\u00e9nitique chrome-nickel-mangan\u00e8se avec un magn\u00e9tisme relativement faible. Explication d\u00e9taill\u00e9e du fil rond en acier inoxydable de la s\u00e9rie 400 :<br \/>\nBarre ronde en acier inoxydable 410 : appartient \u00e0 la cat\u00e9gorie des aciers martensitiques (acier \u00e0 haute teneur en chrome), pr\u00e9sente une bonne r\u00e9sistance \u00e0 l'usure et une faible r\u00e9sistance \u00e0 la corrosion.<br \/>\nBarre ronde en acier inoxydable 420 : Acier martensitique de qualit\u00e9 \"outil de coupe\", similaire aux premiers aciers inoxydables tels que l'acier \u00e0 haute teneur en chrome Brinell. \u00c9galement utilis\u00e9 dans les couteaux chirurgicaux, qui peuvent \u00eatre rendus tr\u00e8s brillants.<br \/>\nTige ronde en acier inoxydable 430 : acier inoxydable ferritique, utilis\u00e9 pour la d\u00e9coration, comme les accessoires automobiles. Bonne formabilit\u00e9, mais mauvaise r\u00e9sistance \u00e0 la temp\u00e9rature et \u00e0 la corrosion.<\/p>\n<p>-Norme nationale pour les barres en acier inoxydable : GB\/T14975-2002, GB\/T14976-2002, GB\/T13296-91<br \/>\nNormes am\u00e9ricaines : ASTM A484\/A484M, ASTM A213\/213A, ASTM A269\/269M<\/p>\n<p>Les barres en acier inoxydable peuvent \u00eatre divis\u00e9es en trois types selon la technologie de production : le laminage \u00e0 chaud, le forgeage et l'\u00e9tirage \u00e0 froid. Les sp\u00e9cifications des barres rondes en acier inoxydable lamin\u00e9es \u00e0 chaud sont comprises entre 5,5 et 250 mm. Parmi elles, les petites barres rondes en acier inoxydable de 5,5 \u00e0 25 mm sont principalement fournies en bandes droites et sont couramment utilis\u00e9es comme barres d'acier, boulons et diverses pi\u00e8ces m\u00e9caniques ; les barres rondes en acier inoxydable de plus de 25 mm sont principalement utilis\u00e9es pour fabriquer des pi\u00e8ces m\u00e9caniques ou des \u00e9bauches de tuyaux en acier sans soudure.<\/p>\n<p>&nbsp;<\/p>","protected":false},"excerpt":{"rendered":"<p>Barre ronde en acier inoxydable -barre ronde en acier inoxydable de la s\u00e9rie 300 : Barre ronde en acier inoxydable 316, barre ronde en acier inoxydable 304L, barre ronde en acier inoxydable 304, barre ronde en acier inoxydable 310, barre ronde en acier inoxydable 303, barre ronde en acier inoxydable 302, barre ronde en acier inoxydable 301, -barres rondes en acier inoxydable s\u00e9rie 200 : barre ronde en acier inoxydable 202 [...]","protected":false},"featured_media":2907,"comment_status":"closed","ping_status":"closed","template":"","meta":[],"product_cat":[54,58],"class_list":{"0":"post-3375","1":"product","2":"type-product","3":"status-publish","4":"has-post-thumbnail","6":"product_cat-stainless-steel","7":"product_cat-stainless-steel-rod","9":"first","10":"instock","11":"shipping-taxable","12":"product-type-simple"},"_links":{"self":[{"href":"https:\/\/steelsupplydirect.com\/fr\/wp-json\/wp\/v2\/product\/3375","targetHints":{"allow":["GET"]}}],"collection":[{"href":"https:\/\/steelsupplydirect.com\/fr\/wp-json\/wp\/v2\/product"}],"about":[{"href":"https:\/\/steelsupplydirect.com\/fr\/wp-json\/wp\/v2\/types\/product"}],"replies":[{"embeddable":true,"href":"https:\/\/steelsupplydirect.com\/fr\/wp-json\/wp\/v2\/comments?post=3375"}],"wp:featuredmedia":[{"embeddable":true,"href":"https:\/\/steelsupplydirect.com\/fr\/wp-json\/wp\/v2\/media\/2907"}],"wp:attachment":[{"href":"https:\/\/steelsupplydirect.com\/fr\/wp-json\/wp\/v2\/media?parent=3375"}],"wp:term":[{"taxonomy":"product_cat","embeddable":true,"href":"https:\/\/steelsupplydirect.com\/fr\/wp-json\/wp\/v2\/product_cat?post=3375"}],"curies":[{"name":"wp","href":"https:\/\/api.w.org\/{rel}","templated":true}]}}