{"id":3379,"date":"2023-09-12T11:27:25","date_gmt":"2023-09-12T03:27:25","guid":{"rendered":"https:\/\/steelsupplydirect.com\/?post_type=product&#038;p=3379"},"modified":"2023-10-30T13:37:36","modified_gmt":"2023-10-30T05:37:36","slug":"3379","status":"publish","type":"product","link":"https:\/\/steelsupplydirect.com\/fr\/produit\/3379","title":{"rendered":"T\u00f4le ondul\u00e9e en acier inoxydable 316L 430 Inox lamin\u00e9e \u00e0 froid"},"content":{"rendered":"<h2>Partie 1 Description de la production<\/h2>\n<p>Le carton ondul\u00e9 en acier inoxydable est un carton profil\u00e9 fabriqu\u00e9 \u00e0 partir de minces rouleaux d'acier inoxydable, puis lamin\u00e9 et pli\u00e9 \u00e0 froid par un \u00e9quipement pour obtenir diverses formes ondul\u00e9es. Il convient pour les toits, les murs et les \u00e9clairages d\u00e9coratifs int\u00e9rieurs et ext\u00e9rieurs des b\u00e2timents industriels et civils, des entrep\u00f4ts, des b\u00e2timents sp\u00e9ciaux et des maisons \u00e0 structure d'acier de grande port\u00e9e. Il pr\u00e9sente les caract\u00e9ristiques suivantes : protection contre le feu, \u00e9tanch\u00e9it\u00e9 \u00e0 la pluie, longue dur\u00e9e de vie et absence d'entretien. Il a \u00e9t\u00e9 largement promu et appliqu\u00e9.<\/p>\n<p>Les plaques ondul\u00e9es en acier inoxydable monocouche sont g\u00e9n\u00e9ralement utilis\u00e9es dans les usines et autres lieux o\u00f9 l'isolation thermique et acoustique n'est pas n\u00e9cessaire. Par rapport aux plaques ondul\u00e9es ordinaires, les plaques ondul\u00e9es en acier ont de bonnes propri\u00e9t\u00e9s m\u00e9caniques, une r\u00e9sistance \u00e9lev\u00e9e, une grande port\u00e9e et une bonne durabilit\u00e9 (r\u00e9sistance aux pluies acides, aux gaz corrosifs, aux acides faibles et aux alcalis).<\/p>\n<p>Les panneaux ondul\u00e9s en acier inoxydable r\u00e9sistent aux effets de la pluie, de la glace, du soleil et de la neige. Cela signifie que, pour les applications ext\u00e9rieures, vous disposerez d'une surface toujours attrayante, ann\u00e9e apr\u00e8s ann\u00e9e, avec un minimum d'entretien. Cette r\u00e9sistance \u00e0 la corrosion est associ\u00e9e \u00e0 la haute r\u00e9sistance de l'acier, ce qui signifie que vous pouvez \u00eatre s\u00fbr que votre plancher ondul\u00e9, votre toiture ou votre bardage seront suffisamment robustes pour r\u00e9sister \u00e0 des contraintes importantes. Si vous recherchez des panneaux ondul\u00e9s qui n\u00e9cessitent peu d'entretien et qui ont une belle apparence, l'acier inoxydable est l'option qu'il vous faut.<\/p>\n<p>La t\u00f4le ondul\u00e9e en acier inoxydable est un mat\u00e9riau m\u00e9tallique tr\u00e8s r\u00e9sistant \u00e0 la corrosion qui est largement utilis\u00e9 dans la construction, la d\u00e9coration, la fabrication et d'autres domaines avec des sp\u00e9cifications vari\u00e9es. Les sp\u00e9cifications des t\u00f4les ondul\u00e9es en acier inoxydable les plus courantes sont les suivantes<\/p>\n<div style=\"overflow: auto\">\n<table>\n<thead>\n<tr>\n<th>Standard :<\/th>\n<th>JIS, AiSi, ASTM, GB, DIN, EN.<\/th>\n<\/tr>\n<\/thead>\n<tbody>\n<tr>\n<td>\u00c9paisseur :<\/td>\n<td>0,3 mm - 3,0 mm.<\/td>\n<\/tr>\n<tr>\n<td>Largeur :<\/td>\n<td>1000mm, 1219mm, 1250mm, 1500mm, sur mesure.<\/td>\n<\/tr>\n<tr>\n<td>Longueur :<\/td>\n<td>2000mm, 2438mm, 2500mm, 3000mm, 3048mm, sur mesure.<\/td>\n<\/tr>\n<tr>\n<td>Tol\u00e9rance :<\/td>\n<td>\u00b11%.<\/td>\n<\/tr>\n<tr>\n<td>SS Grade :<\/td>\n<td>304, 316, 201, 430, etc.<\/td>\n<\/tr>\n<\/tbody>\n<\/table>\n<\/div>\n<h2>Partie 2 Classification de la production :<\/h2>\n<p>Les propri\u00e9t\u00e9s comprennent la r\u00e9sistance \u00e0 la corrosion, la r\u00e9sistance \u00e0 l'oxydation \u00e0 haute temp\u00e9rature, le transfert de chaleur.<\/p>\n<p>1. Poids l\u00e9ger : 4-8kg\/m\u00e8tre carr\u00e9<\/p>\n<p>2. Conductivit\u00e9 thermique :<\/p>\n<p>3. Haute r\u00e9sistance : il peut \u00eatre utilis\u00e9 comme plaque de pes\u00e9e pour la structure de l'enceinte du plafond, qui est r\u00e9sistante \u00e0 la flexion et \u00e0 la compression ; les maisons g\u00e9n\u00e9rales n'utilisent pas de poutres et de colonnes.<\/p>\n<p>4. Couleur : aucune d\u00e9coration de surface n'est n\u00e9cessaire, l'acier inoxydable est de couleur naturelle, il peut \u00e9galement \u00eatre trait\u00e9 par rev\u00eatement color\u00e9.<\/p>\n<p>5. Dur\u00e9e de vie : 20-30 ans<\/p>\n<p>6. Installation flexible et rapide : la p\u00e9riode de construction peut \u00eatre r\u00e9duite de plus de 40%.<\/p>\n<p>La plaque d'acier inoxydable pr\u00e9sente une surface lisse, une plasticit\u00e9, une t\u00e9nacit\u00e9 et une r\u00e9sistance m\u00e9canique \u00e9lev\u00e9es, et r\u00e9siste \u00e0 la corrosion par les acides, les gaz alcalins, les solutions et d'autres milieux.<\/p>","protected":false},"excerpt":{"rendered":"<p>Partie 1 Description de la production Le carton ondul\u00e9 en acier inoxydable est un carton profil\u00e9 fabriqu\u00e9 \u00e0 partir de rouleaux minces en acier inoxydable, puis lamin\u00e9 et pli\u00e9 \u00e0 froid par un \u00e9quipement pour obtenir diverses formes ondul\u00e9es. Il convient pour les toits, les murs et les \u00e9clairages d\u00e9coratifs int\u00e9rieurs et ext\u00e9rieurs des b\u00e2timents industriels et civils, des entrep\u00f4ts, des b\u00e2timents sp\u00e9ciaux et des structures en acier \u00e0 grande port\u00e9e [...].","protected":false},"featured_media":2873,"comment_status":"closed","ping_status":"closed","template":"","meta":[],"product_cat":[59,44,54],"class_list":{"0":"post-3379","1":"product","2":"type-product","3":"status-publish","4":"has-post-thumbnail","6":"product_cat-stainless-steel-corrugated","7":"product_cat-galvanized-corrugated-steel","8":"product_cat-stainless-steel","10":"first","11":"instock","12":"shipping-taxable","13":"product-type-simple"},"_links":{"self":[{"href":"https:\/\/steelsupplydirect.com\/fr\/wp-json\/wp\/v2\/product\/3379","targetHints":{"allow":["GET"]}}],"collection":[{"href":"https:\/\/steelsupplydirect.com\/fr\/wp-json\/wp\/v2\/product"}],"about":[{"href":"https:\/\/steelsupplydirect.com\/fr\/wp-json\/wp\/v2\/types\/product"}],"replies":[{"embeddable":true,"href":"https:\/\/steelsupplydirect.com\/fr\/wp-json\/wp\/v2\/comments?post=3379"}],"wp:featuredmedia":[{"embeddable":true,"href":"https:\/\/steelsupplydirect.com\/fr\/wp-json\/wp\/v2\/media\/2873"}],"wp:attachment":[{"href":"https:\/\/steelsupplydirect.com\/fr\/wp-json\/wp\/v2\/media?parent=3379"}],"wp:term":[{"taxonomy":"product_cat","embeddable":true,"href":"https:\/\/steelsupplydirect.com\/fr\/wp-json\/wp\/v2\/product_cat?post=3379"}],"curies":[{"name":"wp","href":"https:\/\/api.w.org\/{rel}","templated":true}]}}