{"id":3383,"date":"2023-09-12T15:46:33","date_gmt":"2023-09-12T07:46:33","guid":{"rendered":"https:\/\/steelsupplydirect.com\/?post_type=product&#038;p=3383"},"modified":"2023-09-12T15:46:33","modified_gmt":"2023-09-12T07:46:33","slug":"acier-angulaire-en-acier-doux-non-allie-de-qualite-superieure-a36-q235-q345-en-forme-de-l","status":"publish","type":"product","link":"https:\/\/steelsupplydirect.com\/fr\/produit\/acier-angulaire-en-acier-doux-non-allie-de-qualite-superieure-a36-q235-q345-en-forme-de-l","title":{"rendered":"Acier angulaire en acier doux non alli\u00e9 de qualit\u00e9 sup\u00e9rieure A36 Q235 Q345 en forme de L"},"content":{"rendered":"<p>-Introduction :<\/p>\n<p>La corni\u00e8re est une longue bande d'acier dont les deux c\u00f4t\u00e9s sont perpendiculaires l'un \u00e0 l'autre. Il existe des corni\u00e8res \u00e9quilat\u00e9rales et des corni\u00e8res in\u00e9gales. La largeur des deux c\u00f4t\u00e9s de la corni\u00e8re \u00e9quilat\u00e9rale est \u00e9gale. Ses sp\u00e9cifications sont exprim\u00e9es en millim\u00e8tres de largeur lat\u00e9rale \u00d7 largeur lat\u00e9rale \u00d7 \u00e9paisseur lat\u00e9rale. Par exemple, \"\u221f30\u00d730\u00d73\" signifie que l'acier \u00e0 angle \u00e9quilat\u00e9ral a une largeur lat\u00e9rale de 30 mm et une \u00e9paisseur lat\u00e9rale de 3 mm. Elle peut \u00e9galement \u00eatre exprim\u00e9e par le num\u00e9ro de mod\u00e8le, qui est le nombre de centim\u00e8tres de largeur lat\u00e9rale, comme \u221f3#. Le num\u00e9ro de mod\u00e8le n'indique pas les dimensions des diff\u00e9rentes \u00e9paisseurs lat\u00e9rales d'un m\u00eame mod\u00e8le. Par cons\u00e9quent, les dimensions de la largeur et de l'\u00e9paisseur des c\u00f4t\u00e9s de l'acier cornier doivent \u00eatre indiqu\u00e9es int\u00e9gralement dans le contrat et dans d'autres documents afin d'\u00e9viter d'utiliser uniquement le num\u00e9ro de mod\u00e8le. Les sp\u00e9cifications des corni\u00e8res \u00e9quilat\u00e9rales lamin\u00e9es \u00e0 chaud sont 2#-20#. L'acier angulaire peut \u00eatre compos\u00e9 de divers \u00e9l\u00e9ments porteurs de contraintes en fonction des diff\u00e9rents besoins de la structure, et peut \u00e9galement \u00eatre utilis\u00e9 comme connecteur entre les \u00e9l\u00e9ments. Il est largement utilis\u00e9 dans diverses structures de b\u00e2timent et d'ing\u00e9nierie, telles que les poutres de toit, les ponts, les tours de transmission, les machines de levage et de transport, les navires, les fours industriels, les tours de r\u00e9action, les racks \u00e0 conteneurs et les entrep\u00f4ts.<\/p>\n<p>Composition chimique de l'acier angulaire Q345C :<\/p>\n<p>Q repr\u00e9sente la limite d'\u00e9lasticit\u00e9 de ce mat\u00e9riau, et 345 fait r\u00e9f\u00e9rence \u00e0 la limite d'\u00e9lasticit\u00e9 de ce mat\u00e9riau, qui est d'environ 345. Plus l'\u00e9paisseur du mat\u00e9riau augmente, plus sa limite d'\u00e9lasticit\u00e9 diminue.<br \/>\nComposition : C\u22640,20 Si\u22640,55 Mn\u22641,70 P\u22640,035 S \u22640,035 V:0,02-0,15 Nb 0,015-0,060 Al\u22650,015 Ti:0,02-0,20<br \/>\nLa diff\u00e9rence entre l'acier d'angle Q345C et les autres sections d'acier :<br \/>\nQ235-A<br \/>\nCarbone C : 0,14\uff5e0,22 ; Mangan\u00e8se Mn : 0.30\uff5e0.65 ;<br \/>\nQ235-B<br \/>\nCarbone C : 0,12\uff5e0,20 ; Mangan\u00e8se Mn : 0.30\uff5e0.70 ;<br \/>\nAppliqu\u00e9 aux pi\u00e8ces c\u00e9ment\u00e9es ou cyanur\u00e9es dont la r\u00e9sistance \u00e0 c\u0153ur est faible, telles que les barres d'accouplement, les bielles, les crochets, les boulons, les arbres et les pi\u00e8ces de soudure, etc.<\/p>\n<p>-Norme de grille :<br \/>\nGB\/T2101-89 (dispositions g\u00e9n\u00e9rales pour l'acceptation, l'emballage, le marquage et les certificats de qualit\u00e9 des profil\u00e9s en acier) ; GB9787-88\/GB9788-88 (taille, forme, poids et \u00e9cart admissible des corni\u00e8res \u00e9quilat\u00e9rales\/in\u00e9gales lamin\u00e9es \u00e0 chaud) ; JISG3192- 94 (forme, taille, poids et tol\u00e9rance des aciers lamin\u00e9s \u00e0 chaud) ; DIN17100-80 (norme de qualit\u00e9 pour les aciers de construction ordinaires) ; \u0413\u041e\u0421\u0422535-88 (conditions techniques pour les aciers au carbone ordinaires).<br \/>\nConform\u00e9ment aux dispositions des normes susmentionn\u00e9es, l'acier cornier doit \u00eatre livr\u00e9 en paquets, et le nombre de passages et la longueur des paquets doivent \u00eatre conformes aux r\u00e9glementations. L'acier angulaire est g\u00e9n\u00e9ralement livr\u00e9 nu, et une protection contre l'humidit\u00e9 est n\u00e9cessaire pendant le transport et le stockage.<\/p>\n<p>-Composition chimique :<br \/>\n(1) Indice de composition : La composition chimique de l'acier angulaire appartient \u00e0 la s\u00e9rie g\u00e9n\u00e9rale des aciers lamin\u00e9s de construction, et les principaux indices de v\u00e9rification sont C, Mn, P et S. La teneur varie en fonction de la marque. La fourchette g\u00e9n\u00e9rale est la suivante : C&lt;0,22%, Mn : 0,30-0,65%, P&lt;0,060%, S&lt;0,060%.<br \/>\n(2) M\u00e9thodes d'inspection : Pour tester les composants chimiques susmentionn\u00e9s, les m\u00e9thodes d'inspection standard couramment utilis\u00e9es sont les suivantes : GB223, JISG1211-1215, BS1837, BS Manual 19, \u0413\u041e\u0421\u042222536, etc.<\/p>\n<p>-Application :<\/p>\n<p>L'acier angulaire peut \u00eatre utilis\u00e9 pour former divers composants porteurs de contraintes en fonction de diff\u00e9rentes structures, et peut \u00e9galement \u00eatre utilis\u00e9 comme connecteurs entre les composants. Il est largement utilis\u00e9 dans diverses structures de construction et d'ing\u00e9nierie, telles que les poutres de maison, les ponts, les tours de transmission et les \u00e9quipements de levage. L'acier angulaire utilis\u00e9 dans les machines de transport, les navires, les fours industriels, les tours de r\u00e9action, les racks \u00e0 conteneurs, les supports de tranch\u00e9es de c\u00e2bles, les canalisations d'\u00e9nergie, l'installation de supports de barres omnibus et les rayonnages d'entrep\u00f4ts est un acier de construction au carbone utilis\u00e9 dans la construction. Il s'agit d'un mat\u00e9riau en acier \u00e0 section transversale simple, principalement utilis\u00e9 pour les composants m\u00e9talliques. Il s'agit d'un mat\u00e9riau en acier de section simple, principalement utilis\u00e9 pour les composants m\u00e9talliques, l'ossature du b\u00e2timent de l'usine, etc. Il requiert une bonne soudabilit\u00e9, une bonne d\u00e9formation plastique et une certaine r\u00e9sistance m\u00e9canique en cours d'utilisation. La mati\u00e8re premi\u00e8re pour la production d'acier d'angle est la billette d'acier carr\u00e9 \u00e0 faible teneur en carbone, et l'acier d'angle fini est livr\u00e9 \u00e0 l'\u00e9tat lamin\u00e9 \u00e0 chaud, normalis\u00e9 ou lamin\u00e9 \u00e0 chaud.<\/p>\n<p>&nbsp;<\/p>","protected":false},"excerpt":{"rendered":"<p>-Introduction : La corni\u00e8re est une longue bande d'acier dont les deux c\u00f4t\u00e9s sont perpendiculaires l'un \u00e0 l'autre. Il existe des corni\u00e8res \u00e9quilat\u00e9rales et des corni\u00e8res in\u00e9gales. La largeur des deux c\u00f4t\u00e9s de la corni\u00e8re \u00e9quilat\u00e9rale est \u00e9gale. Ses sp\u00e9cifications sont exprim\u00e9es en millim\u00e8tres de largeur lat\u00e9rale \u00d7 largeur lat\u00e9rale \u00d7 \u00e9paisseur lat\u00e9rale. Par exemple, \"\u221f30\u00d730\u00d73\" [...]","protected":false},"featured_media":2860,"comment_status":"closed","ping_status":"closed","template":"","meta":[],"product_cat":[18,49],"class_list":{"0":"post-3383","1":"product","2":"type-product","3":"status-publish","4":"has-post-thumbnail","6":"product_cat-steel-profile","7":"product_cat-angle-steel","9":"first","10":"instock","11":"shipping-taxable","12":"product-type-simple"},"_links":{"self":[{"href":"https:\/\/steelsupplydirect.com\/fr\/wp-json\/wp\/v2\/product\/3383","targetHints":{"allow":["GET"]}}],"collection":[{"href":"https:\/\/steelsupplydirect.com\/fr\/wp-json\/wp\/v2\/product"}],"about":[{"href":"https:\/\/steelsupplydirect.com\/fr\/wp-json\/wp\/v2\/types\/product"}],"replies":[{"embeddable":true,"href":"https:\/\/steelsupplydirect.com\/fr\/wp-json\/wp\/v2\/comments?post=3383"}],"wp:featuredmedia":[{"embeddable":true,"href":"https:\/\/steelsupplydirect.com\/fr\/wp-json\/wp\/v2\/media\/2860"}],"wp:attachment":[{"href":"https:\/\/steelsupplydirect.com\/fr\/wp-json\/wp\/v2\/media?parent=3383"}],"wp:term":[{"taxonomy":"product_cat","embeddable":true,"href":"https:\/\/steelsupplydirect.com\/fr\/wp-json\/wp\/v2\/product_cat?post=3383"}],"curies":[{"name":"wp","href":"https:\/\/api.w.org\/{rel}","templated":true}]}}