{"id":3385,"date":"2023-09-12T16:43:02","date_gmt":"2023-09-12T08:43:02","guid":{"rendered":"https:\/\/steelsupplydirect.com\/?post_type=product&#038;p=3385"},"modified":"2023-09-26T10:24:49","modified_gmt":"2023-09-26T02:24:49","slug":"acier-lamine-a-chaud-en-forme-de-u-a-faible-teneur-en-carbone","status":"publish","type":"product","link":"https:\/\/steelsupplydirect.com\/fr\/produit\/acier-lamine-a-chaud-en-forme-de-u-a-faible-teneur-en-carbone","title":{"rendered":"Utilisation professionnelle dans le secteur de la construction Profil\u00e9s en U lamin\u00e9s \u00e0 chaud Acier \u00e0 faible teneur en carbone"},"content":{"rendered":"<p>L'acier \u00e0 canaux est une longue bande d'acier dont la section transversale a la forme d'une rainure. Il s'agit d'un acier de construction au carbone utilis\u00e9 dans la construction et les machines. Il s'agit d'un profil\u00e9 d'acier \u00e0 section transversale complexe et \u00e0 section transversale en forme de rainure. Les profil\u00e9s en acier sont principalement utilis\u00e9s dans les structures de b\u00e2timents, l'ing\u00e9nierie des murs-rideaux, les \u00e9quipements m\u00e9caniques et la fabrication de v\u00e9hicules.<\/p>\n<p>-Situation de base :<br \/>\nDans son utilisation, il doit pr\u00e9senter de bonnes performances de soudage et de rivetage, ainsi que des propri\u00e9t\u00e9s m\u00e9caniques compl\u00e8tes. Les billettes de mati\u00e8res premi\u00e8res utilis\u00e9es pour la production d'acier pour profil\u00e9s sont des billettes d'acier au carbone ou d'acier faiblement alli\u00e9 dont la teneur en carbone ne d\u00e9passe pas 0,25%. L'acier pour caniveaux fini est livr\u00e9 \u00e0 l'\u00e9tat form\u00e9 \u00e0 chaud, normalis\u00e9 ou lamin\u00e9 \u00e0 chaud. Les sp\u00e9cifications sont exprim\u00e9es en millim\u00e8tres de hauteur de taille (h) * largeur de jambe (b) * \u00e9paisseur de taille (d). Par exemple, 100*48*5,3 signifie que la hauteur de la taille est de 100 mm, la largeur de la jambe est de 48 mm et l'\u00e9paisseur de la taille est de 5,3 mm. Acier, ou acier en cannelure 10#. Pour l'acier en cannelure de m\u00eame hauteur de taille, s'il existe plusieurs largeurs de pattes et \u00e9paisseurs de taille diff\u00e9rentes, il est n\u00e9cessaire d'ajouter un b c \u00e0 droite du num\u00e9ro de mod\u00e8le pour les distinguer, par exemple 25#a 25#b 25#c, etc.<br \/>\n-Classification :<br \/>\nL'acier pour profil\u00e9s est divis\u00e9 en acier pour profil\u00e9s ordinaires et en acier pour profil\u00e9s l\u00e9gers. Les sp\u00e9cifications de l'acier \u00e0 canal ordinaire lamin\u00e9 \u00e0 chaud sont 5-40#. Les sp\u00e9cifications de l'acier \u00e0 canaux modifi\u00e9 lamin\u00e9 \u00e0 chaud fourni par accord entre le fournisseur et l'acheteur sont de 6,5-30#. Les profil\u00e9s en acier sont principalement utilis\u00e9s dans les structures de b\u00e2timents, la fabrication de v\u00e9hicules, d'autres structures industrielles et les panneaux fixes. Les profil\u00e9s en acier sont souvent utilis\u00e9s en association avec des poutres en I.<br \/>\nLes profil\u00e9s en acier peuvent \u00eatre divis\u00e9s en 4 types selon leur forme : profil\u00e9s en acier \u00e0 bords \u00e9gaux form\u00e9s \u00e0 froid, profil\u00e9s en acier \u00e0 bords in\u00e9gaux form\u00e9s \u00e0 froid, profil\u00e9s en acier courb\u00e9 int\u00e9rieur form\u00e9s \u00e0 froid et profil\u00e9s en acier courb\u00e9 ext\u00e9rieur form\u00e9s \u00e0 froid.<br \/>\nSelon la th\u00e9orie de la structure en acier, la plaque d'aile en acier doit supporter la force, c'est-\u00e0-dire que l'acier doit \u00eatre debout plut\u00f4t que couch\u00e9.<\/p>\n<p>-Sp\u00e9cifications :<br \/>\nLes sp\u00e9cifications des profil\u00e9s en acier sont principalement exprim\u00e9es par la hauteur (h), la largeur du pied (b), l'\u00e9paisseur de la taille (d) et d'autres dimensions. Les sp\u00e9cifications des profil\u00e9s en acier domestiques vont de 5 \u00e0 40, c'est-\u00e0-dire que la hauteur correspondante est de 5 \u00e0 40 cm.<br \/>\nA hauteur \u00e9gale, l'acier l\u00e9ger a des pattes plus \u00e9troites, une taille plus fine et un poids plus l\u00e9ger que l'acier ordinaire. Les num\u00e9ros 18 \u00e0 40 sont de grands aciers pour profil\u00e9s, et les num\u00e9ros 5 \u00e0 16 sont des aciers pour profil\u00e9s moyens. Les profil\u00e9s en acier import\u00e9s sont marqu\u00e9s avec les sp\u00e9cifications, les dimensions et les normes correspondantes. Les commandes d'importation et d'exportation d'acier pour profil\u00e9s sont g\u00e9n\u00e9ralement bas\u00e9es sur les sp\u00e9cifications requises pour l'utilisation apr\u00e8s avoir d\u00e9termin\u00e9 la nuance d'acier au carbone (ou d'acier faiblement alli\u00e9) correspondante. Hormis les num\u00e9ros de sp\u00e9cification, l'acier pour profil\u00e9s n'a pas de composition sp\u00e9cifique ni de s\u00e9rie de performances.<br \/>\nLa longueur de livraison des profil\u00e9s en acier est divis\u00e9e en deux types : longueur fixe et longueur double, et la valeur de tol\u00e9rance est sp\u00e9cifi\u00e9e dans la norme correspondante. La gamme des longueurs s\u00e9lectionn\u00e9es pour les profil\u00e9s en acier nationaux est divis\u00e9e en trois types en fonction des diff\u00e9rentes sp\u00e9cifications : 5-12m, 5-19m et 6-19m. La plage de s\u00e9lection des longueurs des profil\u00e9s en acier import\u00e9s est g\u00e9n\u00e9ralement de 6 \u00e0 15 m\u00e8tres.<\/p>\n<p>-Poids th\u00e9orique :<\/p>\n<p>5# : 50*37*4.5=5.438kg\/m<\/p>\n<p>6.3# : 63*40*4.8=6.634kg\/m<\/p>\n<p>6.5# : 65*40*4.3=6.709kg\/m<\/p>\n<p>8# : 80*43*5.0=8.045kg\/m<\/p>\n<p>10# : 100*48*5.3=10.007kg\/m<\/p>\n<p>12# : 120*53*5.5=12.059kg\/m<\/p>\n<p>&#8230;.<\/p>\n<p>-D\u00e9viation autoris\u00e9e (mm) :<br \/>\nHauteur h \u00b11,5 \u00b12,0 \u00b12,0 \u00b13,0 \u00b13,0<br \/>\nLargeur des jambesb \u00b11,5 \u00b12,0 \u00b12,5 \u00b13,0 \u00b13,5<br \/>\n\u00c9paisseur du tour de taille d \u00b10,4 \u00b10,5 \u00b10,6 \u00b10,7 \u00b10,8<br \/>\nLa fl\u00e8che de flexion ne doit pas d\u00e9passer 0,15d<br \/>\nLongueur habituelle 5 ~ 12m 5 ~ 19m 6 ~ 19m<\/p>","protected":false},"excerpt":{"rendered":"<p>L'acier \u00e0 canaux est une longue bande d'acier dont la section transversale a la forme d'une rainure. Il s'agit d'un acier de construction au carbone utilis\u00e9 dans la construction et les machines. Il s'agit d'un profil\u00e9 d'acier \u00e0 section transversale complexe et \u00e0 section transversale en forme de rainure. Les profil\u00e9s en acier sont principalement utilis\u00e9s dans les structures de b\u00e2timents, l'ing\u00e9nierie des murs-rideaux, les \u00e9quipements m\u00e9caniques et la fabrication de v\u00e9hicules. -Situation de base : [...]","protected":false},"featured_media":3411,"comment_status":"closed","ping_status":"closed","template":"","meta":[],"product_cat":[18,50],"class_list":{"0":"post-3385","1":"product","2":"type-product","3":"status-publish","4":"has-post-thumbnail","6":"product_cat-steel-profile","7":"product_cat-channel-steel","9":"first","10":"instock","11":"shipping-taxable","12":"product-type-simple"},"_links":{"self":[{"href":"https:\/\/steelsupplydirect.com\/fr\/wp-json\/wp\/v2\/product\/3385","targetHints":{"allow":["GET"]}}],"collection":[{"href":"https:\/\/steelsupplydirect.com\/fr\/wp-json\/wp\/v2\/product"}],"about":[{"href":"https:\/\/steelsupplydirect.com\/fr\/wp-json\/wp\/v2\/types\/product"}],"replies":[{"embeddable":true,"href":"https:\/\/steelsupplydirect.com\/fr\/wp-json\/wp\/v2\/comments?post=3385"}],"wp:featuredmedia":[{"embeddable":true,"href":"https:\/\/steelsupplydirect.com\/fr\/wp-json\/wp\/v2\/media\/3411"}],"wp:attachment":[{"href":"https:\/\/steelsupplydirect.com\/fr\/wp-json\/wp\/v2\/media?parent=3385"}],"wp:term":[{"taxonomy":"product_cat","embeddable":true,"href":"https:\/\/steelsupplydirect.com\/fr\/wp-json\/wp\/v2\/product_cat?post=3385"}],"curies":[{"name":"wp","href":"https:\/\/api.w.org\/{rel}","templated":true}]}}