{"id":3386,"date":"2023-09-12T17:27:47","date_gmt":"2023-09-12T09:27:47","guid":{"rendered":"https:\/\/steelsupplydirect.com\/?post_type=product&#038;p=3386"},"modified":"2023-09-26T10:33:41","modified_gmt":"2023-09-26T02:33:41","slug":"fournisseur-dusine-chinois-astm-a36-ss400-q235b-low-carbon-steel-20-c-channel","status":"publish","type":"product","link":"https:\/\/steelsupplydirect.com\/fr\/produit\/fournisseur-dusine-chinois-astm-a36-ss400-q235b-low-carbon-steel-20-c-channel","title":{"rendered":"Fournisseur d'usine chinois ASTM A36 Ss400 Q235B Low Carbon Steel 20# C Channel"},"content":{"rendered":"<p>-Acier profil\u00e9 Introduction :<\/p>\n<p>Le profil\u00e9 est un mat\u00e9riau en acier long avec une section transversale en forme de canal. Il s'agit d'un type d'acier de construction au carbone utilis\u00e9 dans la construction et les machines. Il s'agit d'un type d'acier avec une section transversale complexe et une section transversale en forme de rainure. L'acier en forme de canal est principalement utilis\u00e9 dans les structures de b\u00e2timents, l'ing\u00e9nierie des murs-rideaux, les \u00e9quipements m\u00e9caniques et la fabrication de v\u00e9hicules. De bonnes performances en mati\u00e8re de soudage et de rivetage et des propri\u00e9t\u00e9s m\u00e9caniques compl\u00e8tes sont requises pendant l'utilisation. Les billettes de mati\u00e8re premi\u00e8re pour la production d'acier pour profil\u00e9s sont des billettes d'acier au carbone ou d'acier faiblement alli\u00e9 dont la teneur en carbone ne d\u00e9passe pas 0,25%. Les profil\u00e9s finis sont livr\u00e9s form\u00e9s \u00e0 chaud, normalis\u00e9s ou lamin\u00e9s \u00e0 chaud. Les sp\u00e9cifications sont exprim\u00e9es en millim\u00e8tres de hauteur de taille (h) * largeur de jambe (b) * \u00e9paisseur de taille (d). Par exemple, 100*48*5,3 signifie que la hauteur de la taille est de 100 mm, la largeur de la jambe est de 48 mm et l'\u00e9paisseur de la taille est de 5,3 mm. Acier, ou acier en cannelure 10#. Pour l'acier en cannelure avec la m\u00eame hauteur de taille, s'il y a plusieurs largeurs de jambe et \u00e9paisseurs de taille diff\u00e9rentes, vous devez ajouter un bc sur le c\u00f4t\u00e9 droit du mod\u00e8le pour faire la distinction, comme 25#a 25#b 25#c, etc.<\/p>\n<p>-Classification :<br \/>\nL'acier pour profil\u00e9s est divis\u00e9 en acier pour profil\u00e9s ordinaires et en acier pour profil\u00e9s l\u00e9gers. Les sp\u00e9cifications de l'acier \u00e0 canal ordinaire lamin\u00e9 \u00e0 chaud sont 5-40#. Les sp\u00e9cifications de l'acier \u00e0 canaux modifi\u00e9 lamin\u00e9 \u00e0 chaud fourni par accord entre le fournisseur et l'acheteur sont de 6,5-30#. Les profil\u00e9s en acier sont principalement utilis\u00e9s dans les structures de b\u00e2timents, la fabrication de v\u00e9hicules, d'autres structures industrielles et les panneaux fixes. Les profil\u00e9s en acier sont souvent utilis\u00e9s en association avec des poutres en I.<br \/>\nLes profil\u00e9s en acier peuvent \u00eatre divis\u00e9s en 4 types selon leur forme : profil\u00e9s en acier \u00e0 bords \u00e9gaux form\u00e9s \u00e0 froid, profil\u00e9s en acier \u00e0 bords in\u00e9gaux form\u00e9s \u00e0 froid, profil\u00e9s en acier courb\u00e9 int\u00e9rieur form\u00e9s \u00e0 froid et profil\u00e9s en acier courb\u00e9 ext\u00e9rieur form\u00e9s \u00e0 froid.<\/p>\n<p>-Sp\u00e9cifications :<br \/>\nLes sp\u00e9cifications des profil\u00e9s en acier sont principalement exprim\u00e9es par la hauteur (h), la largeur du pied (b), l'\u00e9paisseur de la taille (d) et d'autres dimensions. Les sp\u00e9cifications des profil\u00e9s en acier domestiques vont de 5 \u00e0 40, c'est-\u00e0-dire que la hauteur correspondante est de 5 \u00e0 40 cm.<br \/>\nA hauteur \u00e9gale, l'acier l\u00e9ger a des pattes plus \u00e9troites, une taille plus fine et un poids plus l\u00e9ger que l'acier ordinaire. Les num\u00e9ros 18 \u00e0 40 sont de grands aciers pour profil\u00e9s, et les num\u00e9ros 5 \u00e0 16 sont des aciers pour profil\u00e9s moyens. Les profil\u00e9s en acier import\u00e9s sont marqu\u00e9s avec les sp\u00e9cifications, les dimensions et les normes correspondantes. Les commandes d'importation et d'exportation d'acier pour profil\u00e9s sont g\u00e9n\u00e9ralement bas\u00e9es sur les sp\u00e9cifications requises pour l'utilisation apr\u00e8s avoir d\u00e9termin\u00e9 la nuance d'acier au carbone (ou d'acier faiblement alli\u00e9) correspondante. Hormis les num\u00e9ros de sp\u00e9cification, l'acier pour profil\u00e9s n'a pas de composition sp\u00e9cifique ni de s\u00e9rie de performances.<br \/>\nLa longueur de livraison des profil\u00e9s en acier est divis\u00e9e en deux types : longueur fixe et longueur double, et la valeur de tol\u00e9rance est sp\u00e9cifi\u00e9e dans la norme correspondante. La gamme des longueurs s\u00e9lectionn\u00e9es pour les profil\u00e9s en acier nationaux est divis\u00e9e en trois types en fonction des diff\u00e9rentes sp\u00e9cifications : 5-12m, 5-19m et 6-19m. La plage de s\u00e9lection des longueurs des profil\u00e9s en acier import\u00e9s est g\u00e9n\u00e9ralement de 6 \u00e0 15 m\u00e8tres.<\/p>\n<p>-Poids th\u00e9orique<\/p>\n<p>5# : 50*37*4.5=5.438kg\/m<\/p>\n<p>6.3# : 63*40*4.8=6.634kg\/m<\/p>\n<p>6.5# : 65*40*4.3=6.709kg\/m<\/p>\n<p>8# : 80*43*5.0=8.045kg\/m<\/p>\n<p>10# : 100*48*5.3=10.007kg\/m<\/p>\n<p>12# : 120*53*5.5=12.059kg\/m<\/p>\n<p>&#8230;.40#<\/p>\n<p>-D\u00e9viation autoris\u00e9e (mm) :<br \/>\nHauteur h \u00b11,5 \u00b12,0 \u00b12,0 \u00b13,0 \u00b13,0<br \/>\nLargeur des jambes b \u00b11,5 \u00b12,0 \u00b12,5 \u00b13,0 \u00b13,5<br \/>\n\u00c9paisseur du tour de taille d \u00b10,4 \u00b10,5 \u00b10,6 \u00b10,7 \u00b10,8<br \/>\nLa fl\u00e8che de flexion ne doit pas d\u00e9passer 0,15d<br \/>\nLongueur habituelle 5 ~ 12m 5 ~ 19m 6 ~ 19m<\/p>\n<p>-Contr\u00f4le de la composition chimique :<\/p>\n<p>Indice de composition. L'acier pour profil\u00e9s appartient \u00e0 la s\u00e9rie des aciers lamin\u00e9s \u00e0 usage structurel. Les principaux indicateurs pour l'inspection de la composition chimique sont C, Mn, P et S. Les num\u00e9ros d'acier de fabrication de l'acier pour profil\u00e9s domestiques sont Q235A, Q235B, Q295A et Q345A. attendez. Les nuances d'acier de fabrication des profil\u00e9s en acier import\u00e9s comprennent principalement SS400, SS490 (norme industrielle japonaise), St44-3, St52-3 (norme allemande), etc.<\/p>\n<p>Inspection des performances m\u00e9caniques : principalement essai de traction et essai de flexion, les indicateurs comprennent la limite d'\u00e9lasticit\u00e9, la r\u00e9sistance \u00e0 la traction, l'allongement et la qualification de la flexion, etc.<\/p>\n<p>-Sp\u00e9cifications et normes normales :<\/p>\n<p>GB\/T228-87\u3001JISZ2201\u3001JISZ2241\u3001ASTMA370\u3001\u0413\u041e\u0421\u04221497\u3001BS18\u3001DIN50145<\/p>\n<p>GB\/T232-88\u3001JISZ2204\u3001JISZ2248\u3001ASTME290\u3001\u0413\u041e\u0421\u042214019\u3001DIN50111<\/p>\n<p>&nbsp;<\/p>","protected":false},"excerpt":{"rendered":"<p>-Acier pour profil\u00e9s Introduction : Le profil\u00e9 est un mat\u00e9riau en acier long avec une section transversale en forme de canal. Il s'agit d'un type d'acier de construction au carbone utilis\u00e9 dans la construction et les machines. Il s'agit d'un type d'acier avec une section transversale complexe et une section transversale en forme de rainure. L'acier \u00e0 canaux est principalement utilis\u00e9 dans les structures de b\u00e2timent, l'ing\u00e9nierie des murs-rideaux, les \u00e9quipements m\u00e9caniques et les v\u00e9hicules [...]","protected":false},"featured_media":3416,"comment_status":"closed","ping_status":"closed","template":"","meta":[],"product_cat":[18,50],"class_list":{"0":"post-3386","1":"product","2":"type-product","3":"status-publish","4":"has-post-thumbnail","6":"product_cat-steel-profile","7":"product_cat-channel-steel","9":"first","10":"instock","11":"shipping-taxable","12":"product-type-simple"},"_links":{"self":[{"href":"https:\/\/steelsupplydirect.com\/fr\/wp-json\/wp\/v2\/product\/3386","targetHints":{"allow":["GET"]}}],"collection":[{"href":"https:\/\/steelsupplydirect.com\/fr\/wp-json\/wp\/v2\/product"}],"about":[{"href":"https:\/\/steelsupplydirect.com\/fr\/wp-json\/wp\/v2\/types\/product"}],"replies":[{"embeddable":true,"href":"https:\/\/steelsupplydirect.com\/fr\/wp-json\/wp\/v2\/comments?post=3386"}],"wp:featuredmedia":[{"embeddable":true,"href":"https:\/\/steelsupplydirect.com\/fr\/wp-json\/wp\/v2\/media\/3416"}],"wp:attachment":[{"href":"https:\/\/steelsupplydirect.com\/fr\/wp-json\/wp\/v2\/media?parent=3386"}],"wp:term":[{"taxonomy":"product_cat","embeddable":true,"href":"https:\/\/steelsupplydirect.com\/fr\/wp-json\/wp\/v2\/product_cat?post=3386"}],"curies":[{"name":"wp","href":"https:\/\/api.w.org\/{rel}","templated":true}]}}