{"id":3389,"date":"2023-09-13T11:08:45","date_gmt":"2023-09-13T03:08:45","guid":{"rendered":"https:\/\/steelsupplydirect.com\/?post_type=product&#038;p=3389"},"modified":"2025-09-26T11:50:49","modified_gmt":"2025-09-26T03:50:49","slug":"h-faisceau-2","status":"publish","type":"product","link":"https:\/\/steelsupplydirect.com\/fr\/produit\/h-faisceau-2","title":{"rendered":"Poutre en H en acier alli\u00e9 pour maison pr\u00e9fabriqu\u00e9e Q235 Q345"},"content":{"rendered":"<p data-block-id=\"40c501fb-e266-49b8-98b1-7b6e647efa20\" data-pm-slice=\"1 3 []\">Un profil de section bon march\u00e9 ressemble \u00e0 la lettre H. Il est \u00e9galement connu sous le nom de poutre m\u00e9tallique universelle, poutre en I \u00e0 larges bords ou poutre en I \u00e0 ailes parall\u00e8les.<\/p>\n<p data-block-id=\"40c501fb-e266-49b8-98b1-7b6e647efa20\" data-pm-slice=\"1 3 []\">La section transversale de l'acier en forme de H comprend g\u00e9n\u00e9ralement deux parties : l'\u00e2me et l'aile, \u00e9galement appel\u00e9es taille et bord.<\/p>\n<h2 data-block-id=\"02c3321a-1986-4c10-8e3c-da7d27c89e0f\">Caract\u00e9ristiques :<\/h2>\n<p data-block-id=\"ff9ce22c-49a0-48ce-b33e-e581c70dec1e\">Les c\u00f4t\u00e9s int\u00e9rieur et ext\u00e9rieur des brides en acier en forme de H sont parall\u00e8les ou presque. Les extr\u00e9mit\u00e9s des ailes forment des angles droits, c'est pourquoi on parle de poutre en I \u00e0 ailes parall\u00e8les. L'\u00e9paisseur de l'\u00e2me de l'acier en forme de H est plus fine que celle des poutres en I ordinaires ayant la m\u00eame hauteur d'\u00e2me. Cependant, la largeur de l'aile est plus importante que celle des poutres en I ordinaires de m\u00eame hauteur. C'est pourquoi on l'appelle souvent poutre en I \u00e0 bord large. L'acier en H a un meilleur module de section, un meilleur moment d'inertie et une meilleure r\u00e9sistance que les poutres en I ordinaires de m\u00eame poids. Cet avantage provient de sa forme. Il excelle dans les structures m\u00e9talliques aux besoins vari\u00e9s. Elle r\u00e9siste bien aux moments de flexion, aux charges de pression et aux charges excentriques. Il permet d'augmenter consid\u00e9rablement la capacit\u00e9 de charge par rapport aux poutres en I ordinaires et d'\u00e9conomiser de 101 \u00e0 401 tonnes de m\u00e9tal. L'acier en forme de H a des ailes larges, des \u00e2mes minces, des sp\u00e9cifications multiples et une utilisation flexible. Il permet d'\u00e9conomiser de 151 \u00e0 201 tonnes de m\u00e9tal lorsqu'il est utilis\u00e9 dans diverses structures en treillis. La bride a des c\u00f4t\u00e9s int\u00e9rieurs et ext\u00e9rieurs parall\u00e8les, avec des extr\u00e9mit\u00e9s \u00e0 angle droit. Cette conception permet de l'assembler facilement en diff\u00e9rents composants. Par cons\u00e9quent, elle permet d'\u00e9conomiser environ 25% sur le soudage et le rivetage. Cela permet d'acc\u00e9l\u00e9rer la construction et de raccourcir les d\u00e9lais du projet.<\/p>\n<h2 data-block-id=\"88f8b045-f276-46ec-addb-3db5e4de8e8f\">Classification<\/h2>\n<p data-block-id=\"a743a380-c1e2-4b48-8bbe-01518bca5ad8\">Il existe de nombreuses sp\u00e9cifications de produits en acier en forme de H, et les m\u00e9thodes de classification sont les suivantes. (1) La largeur de l'aile du produit le divise en acier en forme de H \u00e0 large aile, \u00e0 aile moyenne et \u00e0 aile \u00e9troite.<\/p>\n<p data-block-id=\"86f6f7a6-82c2-456f-b873-53695d0d5721\">Dans les aciers en forme de H \u00e0 ailes larges et \u00e0 ailes moyennes, la largeur de l'aile B est au moins aussi large que la hauteur de l'\u00e2me H.<\/p>\n<p data-block-id=\"5adf1d8b-2184-4ce8-a71f-e1d259baeebb\">Dans l'acier en forme de H \u00e0 ailes \u00e9troites, la largeur de l'aile B est environ la moiti\u00e9 de la hauteur de l'\u00e2me H.<\/p>\n<p data-block-id=\"cc5663e1-5bc1-4b67-ba08-009f0c8bdafe\">En outre, selon leur utilisation, les aciers en forme de H sont class\u00e9s comme suit :<\/p>\n<ul data-block-id=\"3d6229f2-5f5f-4544-846e-f88d87833e52\">\n<li>\n<p data-block-id=\"abb0421f-dc22-4d72-ad7e-f80708f932e8\">Poutrelles en acier en forme de H<\/p>\n<\/li>\n<li>\n<p data-block-id=\"e8304289-d88d-4ed4-a299-1a03e6922d9c\">Colonnes d'acier en forme de H<\/p>\n<\/li>\n<li>\n<p data-block-id=\"260b4827-abd6-44d9-8008-e90d6a3327f9\">Pieux en acier en forme de H<\/p>\n<\/li>\n<li>\n<p data-block-id=\"65a25042-df01-4c98-a7f4-ff4cdf5f4062\">Poutrelles en acier en forme de H \u00e0 ailes tr\u00e8s \u00e9paisses<\/p>\n<\/li>\n<\/ul>\n<p data-block-id=\"3e6c88cf-2f14-4955-b766-43b0a114d180\">Parfois, l'acier \u00e0 pattes parall\u00e8les et l'acier en forme de T \u00e0 ailes parall\u00e8les sont \u00e9galement inclus dans le champ d'application de l'acier en forme de H. Les ing\u00e9nieurs utilisent g\u00e9n\u00e9ralement de l'acier en forme de H \u00e0 ailes \u00e9troites pour les poutres, et de l'acier en forme de H \u00e0 ailes larges pour les colonnes. C'est pourquoi on parle \u00e9galement d'acier en forme de H de type poutre et d'acier en forme de H de type colonne. (3) Selon la m\u00e9thode de production, on distingue l'acier en forme de H soud\u00e9 et l'acier en forme de H lamin\u00e9. (4) En fonction de la taille, il est divis\u00e9 en acier en forme de H de grande, moyenne et petite taille. Les produits dont la hauteur de l'\u00e2me (H) est sup\u00e9rieure \u00e0 700 mm sont des produits de grande taille. Ceux dont la hauteur de l'\u00e2me est comprise entre 300 et 700 mm sont moyens. Les produits dont la hauteur de l'\u00e2me est inf\u00e9rieure \u00e0 300 mm sont petits. \u00c0 la fin de 1990, la plus grande \u00e2me d'acier en forme de H au monde avait une hauteur de 1200 mm et une largeur d'aile de 530 mm.<\/p>\n<h2 data-block-id=\"b2d6a407-3651-4a35-ae13-696b0124edbf\">Avantages des poutrelles en H lamin\u00e9es \u00e0 chaud<\/h2>\n<ol data-block-id=\"20c9177a-7b35-4eb9-86c6-9658caa029f7\">\n<li>\n<p data-block-id=\"0185893c-ce7e-4d3a-b316-0c92cc04b3eb\">Les structures en acier en forme de H lamin\u00e9es \u00e0 chaud sont tr\u00e8s \u00e9labor\u00e9es. Elles permettent une production m\u00e9canique et une installation faciles. Cette m\u00e9thode garantit une pr\u00e9cision et une qualit\u00e9 \u00e9lev\u00e9es, ce qui la rend tr\u00e8s pratique. Elles peuvent \u00eatre transform\u00e9es en usines pour la construction de maisons, de ponts, d'installations industrielles, etc.<\/p>\n<\/li>\n<li>\n<p data-block-id=\"29fe1cae-ad15-41fb-a75c-2ac27afeeb14\">La vitesse de construction du projet est rapide. Il couvre une petite surface et se pr\u00eate \u00e0 des travaux par tous les temps. Il est donc moins affect\u00e9 par les conditions climatiques.<\/p>\n<\/li>\n<li>\n<p data-block-id=\"0dce3428-f8a7-43eb-a209-477cab304bfb\">Augmenter la surface d'utilisation effective de la structure.<\/p>\n<\/li>\n<li>\n<p data-block-id=\"9ea8f7b2-de00-4768-b153-a3083da812b0\">L'utilisation d'acier en forme de H au lieu du soudage permet d'\u00e9conomiser de la main-d'\u0153uvre et des mat\u00e9riaux. Elle permet de r\u00e9duire la consommation de mati\u00e8res premi\u00e8res, d'\u00e9nergie et de main-d'\u0153uvre. En outre, elle permet de r\u00e9duire les contraintes r\u00e9siduelles et d'am\u00e9liorer l'aspect et la qualit\u00e9 de la surface.<\/p>\n<\/li>\n<li>\n<p data-block-id=\"60a26e03-59a8-488b-852a-6d01c6121701\">Facilite l'usinage, la connexion structurelle et l'installation. Il est \u00e9galement facile \u00e0 d\u00e9monter et \u00e0 r\u00e9utiliser.<\/p>\n<\/li>\n<\/ol>","protected":false},"excerpt":{"rendered":"<p>Un profil\u00e9 de section bon march\u00e9 ressemble \u00e0 la lettre H. Il est \u00e9galement connu sous le nom de poutre m\u00e9tallique universelle, poutre en I \u00e0 larges bords ou poutre en I \u00e0 ailes parall\u00e8les. La section transversale de l'acier en forme de H comprend g\u00e9n\u00e9ralement deux parties : l'\u00e2me et la plaque d'aile, \u00e9galement appel\u00e9es taille et bord. Caract\u00e9ristiques : Les c\u00f4t\u00e9s int\u00e9rieur et ext\u00e9rieur des brides en acier en forme de H sont [...]","protected":false},"featured_media":3084,"comment_status":"closed","ping_status":"closed","template":"","meta":[],"product_cat":[18,51],"class_list":{"0":"post-3389","1":"product","2":"type-product","3":"status-publish","4":"has-post-thumbnail","6":"product_cat-steel-profile","7":"product_cat-h-beam","9":"first","10":"instock","11":"shipping-taxable","12":"product-type-simple"},"_links":{"self":[{"href":"https:\/\/steelsupplydirect.com\/fr\/wp-json\/wp\/v2\/product\/3389","targetHints":{"allow":["GET"]}}],"collection":[{"href":"https:\/\/steelsupplydirect.com\/fr\/wp-json\/wp\/v2\/product"}],"about":[{"href":"https:\/\/steelsupplydirect.com\/fr\/wp-json\/wp\/v2\/types\/product"}],"replies":[{"embeddable":true,"href":"https:\/\/steelsupplydirect.com\/fr\/wp-json\/wp\/v2\/comments?post=3389"}],"wp:featuredmedia":[{"embeddable":true,"href":"https:\/\/steelsupplydirect.com\/fr\/wp-json\/wp\/v2\/media\/3084"}],"wp:attachment":[{"href":"https:\/\/steelsupplydirect.com\/fr\/wp-json\/wp\/v2\/media?parent=3389"}],"wp:term":[{"taxonomy":"product_cat","embeddable":true,"href":"https:\/\/steelsupplydirect.com\/fr\/wp-json\/wp\/v2\/product_cat?post=3389"}],"curies":[{"name":"wp","href":"https:\/\/api.w.org\/{rel}","templated":true}]}}