{"id":3391,"date":"2023-09-13T11:31:59","date_gmt":"2023-09-13T03:31:59","guid":{"rendered":"https:\/\/steelsupplydirect.com\/?post_type=product&#038;p=3391"},"modified":"2023-10-09T14:11:05","modified_gmt":"2023-10-09T06:11:05","slug":"poutre-en-h-laminee-a-chaud-astm-s235-s355-ss400-s235jr-s355jr-profilee","status":"publish","type":"product","link":"https:\/\/steelsupplydirect.com\/fr\/produit\/poutre-en-h-laminee-a-chaud-astm-s235-s355-ss400-s235jr-s355jr-profilee","title":{"rendered":"Poutre en H lamin\u00e9e \u00e0 chaud ASTM S235 S355 SS400 S235jr S355jr Profil\u00e9 en H"},"content":{"rendered":"<p>L'acier en forme de H est une section transversale \u00e9conomique et un profil \u00e0 haut rendement avec une r\u00e9partition plus optimis\u00e9e de la surface de la section transversale et un rapport r\u00e9sistance\/poids plus raisonnable. Son nom vient du fait que sa section transversale est identique \u00e0 la lettre anglaise \"H\".<\/p>\n<p>Les c\u00f4t\u00e9s int\u00e9rieurs et ext\u00e9rieurs des ailes de l'acier en forme de H sont parall\u00e8les ou presque, et les extr\u00e9mit\u00e9s des ailes sont \u00e0 angle droit, d'o\u00f9 le nom de poutre en I \u00e0 ailes parall\u00e8les. L'\u00e9paisseur de l'\u00e2me de l'acier en forme de H est inf\u00e9rieure \u00e0 celle des poutres en I ordinaires ayant la m\u00eame hauteur d'\u00e2me, et la largeur de l'aile est sup\u00e9rieure \u00e0 celle des poutres en I ordinaires ayant la m\u00eame hauteur d'\u00e2me, c'est pourquoi on l'appelle \u00e9galement poutre en I \u00e0 large bord. D\u00e9termin\u00e9s par sa forme, le module de section, le moment d'inertie et la r\u00e9sistance correspondante de l'acier en forme de H sont nettement sup\u00e9rieurs \u00e0 ceux des poutres en I ordinaires de m\u00eame poids unitaire. Utilis\u00e9e dans des structures m\u00e9talliques ayant des exigences diff\u00e9rentes, elle montre ses performances sup\u00e9rieures, qu'elle supporte un moment de flexion, une charge de pression ou une charge excentrique. Elle peut augmenter consid\u00e9rablement la capacit\u00e9 de charge par rapport aux poutres en I ordinaires et permettre d'\u00e9conomiser de 101 \u00e0 401 tonnes de m\u00e9tal. L'acier en forme de H a des ailes larges, des \u00e2mes minces, des sp\u00e9cifications multiples et une utilisation flexible. Il permet d'\u00e9conomiser 15% \u00e0 20% de m\u00e9tal lorsqu'il est utilis\u00e9 dans diverses structures en treillis. Comme les c\u00f4t\u00e9s int\u00e9rieurs et ext\u00e9rieurs de la bride sont parall\u00e8les et que les extr\u00e9mit\u00e9s des bords sont \u00e0 angle droit, il est facile de l'assembler et de le combiner en divers composants, ce qui permet d'\u00e9conomiser environ 25% de travail de soudage et de rivetage, ce qui peut grandement acc\u00e9l\u00e9rer la vitesse de construction du projet et raccourcir la p\u00e9riode de construction.<\/p>\n<p>-Cha\u00eene de production de poutrelles en H lamin\u00e9es \u00e0 chaud\uff1a<\/p>\n<p>T\u00f4le d'acier - d\u00e9capage automatique - assemblage - soudage automatique \u00e0 l'arc submerg\u00e9 - d\u00e9tection des d\u00e9fauts - correction des brides - correction de l'\u00e2me - traitement de la face frontale - sablage et enl\u00e8vement de la rouille - peinture. Les op\u00e9rations de d\u00e9coupe, d'assemblage et de soudage de la ligne de production enti\u00e8rement automatique de soudage \u00e0 l'arc submerg\u00e9 sont toutes contr\u00f4l\u00e9es par des micro-ordinateurs afin de garantir que la pr\u00e9cision dimensionnelle de l'acier en forme de H produit et la qualit\u00e9 des soudures sont conformes aux normes nationales. La structure du b\u00e2timent en acier est simple et l\u00e9g\u00e8re, ce qui permet d'agrandir l'espace int\u00e9rieur du b\u00e2timent, d'\u00e9conomiser de l'acier et de raccourcir la p\u00e9riode d'installation. Le toit et les murs sont faits de plaques d'acier profil\u00e9es color\u00e9es.<\/p>\n<p>-Avantages des poutres en H lamin\u00e9es \u00e0 chaud<\/p>\n<p>1) Les structures en acier bas\u00e9es sur l'acier lamin\u00e9 \u00e0 chaud en forme de H ont un degr\u00e9 \u00e9lev\u00e9 de fabrication industrielle, sont adapt\u00e9es \u00e0 la fabrication m\u00e9canique, \u00e0 la production intensive, \u00e0 la haute pr\u00e9cision, \u00e0 l'installation facile et \u00e0 l'assurance de la qualit\u00e9.<\/p>\n<p>2. la vitesse de construction du projet est rapide, la zone est petite, et elle convient \u00e0 la construction par tous les temps et est moins affect\u00e9e par les conditions climatiques.<\/p>\n<p>3. augmenter la surface d'utilisation effective de la structure<\/p>\n<p>4 Par rapport au soudage de l'acier en forme de H, cette m\u00e9thode permet d'\u00e9conomiser consid\u00e9rablement la main-d'\u0153uvre et les mat\u00e9riaux, de r\u00e9duire la consommation de mati\u00e8res premi\u00e8res, d'\u00e9nergie et de main-d'\u0153uvre, de r\u00e9duire les contraintes r\u00e9siduelles et d'obtenir une bonne apparence et une bonne qualit\u00e9 de surface.<\/p>\n<p>5. facilite l'usinage, la connexion structurelle et l'installation. Facile \u00e0 d\u00e9monter et \u00e0 r\u00e9utiliser.<\/p>\n<p>-Gamme d'applications<\/p>\n<p>Composants des poutres et des poteaux dans les structures m\u00e9talliques des b\u00e2timents industriels et civils. Supports porteurs en acier pour structures industrielles. Pieux et structures de soutien en acier pour les projets souterrains. Structures d'\u00e9quipements industriels tels que la p\u00e9trochimie et l'\u00e9nergie \u00e9lectrique. Composants de ponts en acier \u00e0 longue port\u00e9e. Structures de ch\u00e2ssis pour la construction de navires et de machines. Supports de poutres pour trains, voitures et tracteurs. Bande transporteuse portuaire, support de d\u00e9flecteur d'autoroute.<\/p>","protected":false},"excerpt":{"rendered":"<p>L'acier en forme de H est une section transversale \u00e9conomique et un profil \u00e0 haut rendement avec une r\u00e9partition plus optimis\u00e9e de la surface de la section transversale et un rapport r\u00e9sistance\/poids plus raisonnable. Son nom vient du fait que sa section transversale est identique \u00e0 la lettre anglaise \"H\". Les c\u00f4t\u00e9s int\u00e9rieurs et ext\u00e9rieurs des brides de l'acier en forme de H sont parall\u00e8les ou presque, et les extr\u00e9mit\u00e9s des brides [...]","protected":false},"featured_media":3718,"comment_status":"closed","ping_status":"closed","template":"","meta":[],"product_cat":[18,51],"class_list":{"0":"post-3391","1":"product","2":"type-product","3":"status-publish","4":"has-post-thumbnail","6":"product_cat-steel-profile","7":"product_cat-h-beam","9":"first","10":"instock","11":"shipping-taxable","12":"product-type-simple"},"_links":{"self":[{"href":"https:\/\/steelsupplydirect.com\/fr\/wp-json\/wp\/v2\/product\/3391","targetHints":{"allow":["GET"]}}],"collection":[{"href":"https:\/\/steelsupplydirect.com\/fr\/wp-json\/wp\/v2\/product"}],"about":[{"href":"https:\/\/steelsupplydirect.com\/fr\/wp-json\/wp\/v2\/types\/product"}],"replies":[{"embeddable":true,"href":"https:\/\/steelsupplydirect.com\/fr\/wp-json\/wp\/v2\/comments?post=3391"}],"wp:featuredmedia":[{"embeddable":true,"href":"https:\/\/steelsupplydirect.com\/fr\/wp-json\/wp\/v2\/media\/3718"}],"wp:attachment":[{"href":"https:\/\/steelsupplydirect.com\/fr\/wp-json\/wp\/v2\/media?parent=3391"}],"wp:term":[{"taxonomy":"product_cat","embeddable":true,"href":"https:\/\/steelsupplydirect.com\/fr\/wp-json\/wp\/v2\/product_cat?post=3391"}],"curies":[{"name":"wp","href":"https:\/\/api.w.org\/{rel}","templated":true}]}}