{"id":3394,"date":"2023-09-13T14:35:20","date_gmt":"2023-09-13T06:35:20","guid":{"rendered":"https:\/\/steelsupplydirect.com\/?post_type=product&#038;p=3394"},"modified":"2023-10-10T09:56:36","modified_gmt":"2023-10-10T01:56:36","slug":"vente-directe-dusine-poutre-en-forme-de-i-norme-astm-section-i-prix-bon-marche","status":"publish","type":"product","link":"https:\/\/steelsupplydirect.com\/fr\/produit\/vente-directe-dusine-poutre-en-forme-de-i-norme-astm-section-i-prix-bon-marche","title":{"rendered":"Factory Direct Sale ASTM Standards I Shaped Beam I Section Cheap Price"},"content":{"rendered":"<p>La poutre en I, \u00e9galement connue sous le nom de poutre en acier (nom anglais Universal Beam), est une longue barre d'acier dont la section transversale est en forme de I.<\/p>\n<p>-La classification :<\/p>\n<p>Les poutres en I sont principalement divis\u00e9es en poutres en I ordinaires, poutres en I l\u00e9g\u00e8res et poutres en I \u00e0 larges ailes.<\/p>\n<p>En fonction du rapport de hauteur entre l'aile et l'\u00e2me, on distingue les poutres en I \u00e0 ailes larges, \u00e0 ailes moyennes et \u00e0 ailes \u00e9troites. Les deux premi\u00e8res sont produites dans les dimensions 10-60, c'est-\u00e0-dire que les hauteurs correspondantes sont 10 cm-60 cm. \u00c0 hauteur \u00e9gale, les poutres en I l\u00e9g\u00e8res ont des ailes \u00e9troites, des \u00e2mes minces et un poids l\u00e9ger. La poutre en I \u00e0 ailes larges est \u00e9galement appel\u00e9e acier en forme de H. La section transversale se caract\u00e9rise par le fait que les pieds sont parall\u00e8les et qu'il n'y a pas de pente \u00e0 l'int\u00e9rieur des pieds. Il s'agit d'un acier de section \u00e9conomique qui est lamin\u00e9 sur un laminoir universel \u00e0 quatre cylindres, c'est pourquoi il est \u00e9galement appel\u00e9 \"poutre en I universelle\".<\/p>\n<div class=\"para-title level-2 J-chapter\" data-index=\"4\" data-uuid=\"gnx6i8wetc\" data-pid=\"15\"><\/div>\n<div class=\"para MARK_MODULE\" data-uuid=\"gnx6i8weux\" data-pid=\"16\">-Sp\u00e9cifications et mod\u00e8les :<br \/>\nLes sp\u00e9cifications sont exprim\u00e9es par la taille \u00d7 l'\u00e9paisseur des jambes \u00d7 l'\u00e9paisseur du tour de taille. Les principales dimensions des sp\u00e9cifications peuvent \u00e9galement \u00eatre exprim\u00e9es par des chiffres. Par exemple, la poutre en I n\u00b0 18 d\u00e9signe une poutre en I d'une hauteur de 18 cm. Si les poutres en I sont de la m\u00eame hauteur, le code d'angle a ou b ou c peut \u00eatre ajout\u00e9 apr\u00e8s le num\u00e9ro pour l'indiquer, comme 36a, 36b, 36c, etc. On distingue la poutre en I ordinaire, la poutre en I l\u00e9g\u00e8re et la poutre en I \u00e0 large aile. En fonction du rapport de hauteur entre l'aile et l'\u00e2me, on distingue les poutres en I \u00e0 ailes larges, moyennes et \u00e9troites. Les deux premi\u00e8res sont produites dans les dimensions 10-60, c'est-\u00e0-dire que les hauteurs correspondantes sont de 10 cm \u00e0 60 cm.<\/div>\n<p>-Caract\u00e9ristiques de l'application :<\/p>\n<p>Que l'acier en forme de I soit ordinaire ou l\u00e9ger, en raison des dimensions relativement \u00e9lev\u00e9es et \u00e9troites de la section transversale, le moment d'inertie des deux axes principaux de la section transversale est tr\u00e8s diff\u00e9rent, de sorte qu'il ne peut \u00eatre utilis\u00e9 directement que pour la flexion dans le plan de l'\u00e2me. Elle ne convient pas \u00e0 l'utilisation d'\u00e9l\u00e9ments de compression axiale ou d'\u00e9l\u00e9ments perpendiculaires au plan de l'\u00e2me et courb\u00e9s, ce qui limite consid\u00e9rablement son champ d'application. Les poutres en I sont largement utilis\u00e9es dans les b\u00e2timents et autres structures m\u00e9talliques.<br \/>\nLes poutres en I ordinaires et les poutres en I l\u00e9g\u00e8res ont des dimensions de section relativement \u00e9lev\u00e9es et \u00e9troites, de sorte que le moment d'inertie des deux axes principaux de la section transversale est tr\u00e8s diff\u00e9rent, ce qui limite leur champ d'application.<\/p>\n<p>-Poutre en I lamin\u00e9e \u00e0 chaud (YB(T)5601987),<\/p>\n<p>(1) Courbure : lorsque la hauteur de la poutre en I est inf\u00e9rieure ou \u00e9gale \u00e0 400 mm. La courbure par m\u00e8tre ne doit pas \u00eatre sup\u00e9rieure \u00e0 1,5 mm et la courbure totale ne doit pas \u00eatre sup\u00e9rieure \u00e0 0,15% de la longueur totale. Lorsque la hauteur est sup\u00e9rieure \u00e0 400 mm, la courbure par m\u00e8tre ne doit pas \u00eatre sup\u00e9rieure \u00e0 1,0 mm et la courbure totale ne doit pas \u00eatre sup\u00e9rieure \u00e0 0,1% de la longueur totale.<\/p>\n<p>(2) Longueur habituelle : mod\u00e8le 10-18. Longueur habituelle 5-19m : mod\u00e8le 20-63, longueur habituelle 6-19m, longueur fixe, longueur double : Lorsque la poutre en I est livr\u00e9e en longueur fixe ou en double longueur, il convient de l'indiquer dans la note contractuelle. La longueur de la longueur fixe et de la double longueur est inf\u00e9rieure ou \u00e9gale \u00e0 8M, et l'\u00e9cart autoris\u00e9 est de +40mm. Lorsque la longueur est sup\u00e9rieure \u00e0 8 m, pour chaque 1 m suppl\u00e9mentaire, l'\u00e9cart admissible augmente de 5 mm, mais le maximum ne doit pas d\u00e9passer 80 mm.<\/p>\n<p>(3) Poids : les poutres en I sont livr\u00e9es en fonction du poids th\u00e9orique ou du poids r\u00e9el : lors du calcul du poids th\u00e9orique, la densit\u00e9 de l'acier est de 7,85 G\/centim\u00e8tre cube, et la formule de calcul de la surface de la section transversale est la suivante : HD+2T(B-D)+0,815(R carr\u00e9-R1 carr\u00e9).<\/p>","protected":false},"excerpt":{"rendered":"<p>La poutre en I, \u00e9galement connue sous le nom de poutre en acier (nom anglais Universal Beam), est une longue barre d'acier dont la section transversale est en forme de I. -Classification : Les poutres en I sont principalement divis\u00e9es en poutres en I ordinaires, poutres en I l\u00e9g\u00e8res et poutres en I \u00e0 larges ailes. En fonction du rapport de hauteur entre l'aile et l'\u00e2me, on distingue les poutres en I \u00e0 ailes larges, moyennes et \u00e9troites. Les deux premi\u00e8res [...]","protected":false},"featured_media":3717,"comment_status":"closed","ping_status":"closed","template":"","meta":[],"product_cat":[18,52],"class_list":{"0":"post-3394","1":"product","2":"type-product","3":"status-publish","4":"has-post-thumbnail","6":"product_cat-steel-profile","7":"product_cat-i-beam","9":"first","10":"instock","11":"shipping-taxable","12":"product-type-simple"},"_links":{"self":[{"href":"https:\/\/steelsupplydirect.com\/fr\/wp-json\/wp\/v2\/product\/3394","targetHints":{"allow":["GET"]}}],"collection":[{"href":"https:\/\/steelsupplydirect.com\/fr\/wp-json\/wp\/v2\/product"}],"about":[{"href":"https:\/\/steelsupplydirect.com\/fr\/wp-json\/wp\/v2\/types\/product"}],"replies":[{"embeddable":true,"href":"https:\/\/steelsupplydirect.com\/fr\/wp-json\/wp\/v2\/comments?post=3394"}],"wp:featuredmedia":[{"embeddable":true,"href":"https:\/\/steelsupplydirect.com\/fr\/wp-json\/wp\/v2\/media\/3717"}],"wp:attachment":[{"href":"https:\/\/steelsupplydirect.com\/fr\/wp-json\/wp\/v2\/media?parent=3394"}],"wp:term":[{"taxonomy":"product_cat","embeddable":true,"href":"https:\/\/steelsupplydirect.com\/fr\/wp-json\/wp\/v2\/product_cat?post=3394"}],"curies":[{"name":"wp","href":"https:\/\/api.w.org\/{rel}","templated":true}]}}