{"id":3398,"date":"2023-09-13T17:22:21","date_gmt":"2023-09-13T09:22:21","guid":{"rendered":"https:\/\/steelsupplydirect.com\/?post_type=product&#038;p=3398"},"modified":"2023-09-13T17:22:22","modified_gmt":"2023-09-13T09:22:22","slug":"fournisseur-chinois-de-toles-dacier-laminees-a-chaud-de-type-u-z-pour-la-construction","status":"publish","type":"product","link":"https:\/\/steelsupplydirect.com\/fr\/produit\/fournisseur-chinois-de-toles-dacier-laminees-a-chaud-de-type-u-z-pour-la-construction","title":{"rendered":"Pieu en t\u00f4le d'acier lamin\u00e9 \u00e0 chaud de type U\/Z pour la construction, fournisseur chinois"},"content":{"rendered":"<p>La palplanche en acier est une structure en acier avec des dispositifs de liaison sur les bords, et les dispositifs de liaison peuvent \u00eatre librement combin\u00e9s pour former un mur de retenue continu et \u00e9tanche du sol ou de l'eau.<\/p>\n<p>-Classification :<\/p>\n<p>Les palplanches sont divis\u00e9es en deux types selon la technologie de production : les palplanches en acier \u00e0 parois minces form\u00e9es \u00e0 froid et les palplanches en acier lamin\u00e9es \u00e0 chaud.<br \/>\n(1) Les palplanches en t\u00f4le d'acier form\u00e9e \u00e0 froid comprennent les palplanches en t\u00f4le d'acier form\u00e9e \u00e0 froid non mordantes (\u00e9galement appel\u00e9es plaques \u00e0 canaux) et les palplanches en t\u00f4le d'acier form\u00e9e \u00e0 froid mordantes (divis\u00e9es en type L, type S, type U et type Z). Processus de production : Les t\u00f4les minces (\u00e9paisseur courante de 8 \u00e0 14 mm) sont lamin\u00e9es en continu et form\u00e9es dans une unit\u00e9 de pliage \u00e0 froid. Avantages : moins d'investissements dans les lignes de production, co\u00fbts de production inf\u00e9rieurs et contr\u00f4le flexible de la longueur du produit. Inconv\u00e9nients : L'\u00e9paisseur de toutes les parties du corps de la pile est la m\u00eame, la taille de la section transversale ne peut pas \u00eatre optimis\u00e9e, ce qui entra\u00eene une augmentation de la quantit\u00e9 d'acier utilis\u00e9e, la forme de la partie de verrouillage est difficile \u00e0 contr\u00f4ler, les joints ne sont pas fix\u00e9s de mani\u00e8re \u00e9tanche, l'eau ne peut pas \u00eatre scell\u00e9e, et le corps de la pile est susceptible de se d\u00e9chirer pendant l'utilisation.<\/p>\n<p>(2) T\u00f4les d'acier lamin\u00e9es \u00e0 chaud. Les palplanches en acier lamin\u00e9es \u00e0 chaud dans le monde comprennent principalement les palplanches de type U, de type Z, de type AS, de type H et des dizaines de sp\u00e9cifications. Les processus de production, de traitement et d'installation des palplanches en acier de type Z et AS sont relativement complexes et sont principalement utilis\u00e9s en Europe et aux \u00c9tats-Unis ; en Chine, les palplanches en acier de type U sont principalement utilis\u00e9es. Processus de production : Elles sont form\u00e9es par laminage \u00e0 haute temp\u00e9rature dans un laminoir \u00e0 profil\u00e9s d'acier. Avantages : dimensions standardis\u00e9es, performances sup\u00e9rieures, section transversale raisonnable, haute qualit\u00e9 et \u00e9tanch\u00e9it\u00e9 \u00e0 l'eau. Inconv\u00e9nients : difficult\u00e9s techniques plus importantes, co\u00fbts de production plus \u00e9lev\u00e9s et sp\u00e9cifications peu flexibles.<\/p>\n<p>-Catelogue de la forme<\/p>\n<p>Pile en t\u00f4le d'acier en forme de U : WRU7 WRU8 WRU9 WRU10-450 WRU11-450<br \/>\nAvantages :<\/p>\n<p>1) Les palplanches en acier en forme de U sont disponibles dans diff\u00e9rentes sp\u00e9cifications et mod\u00e8les.<br \/>\n2) Con\u00e7ue et produite selon les normes europ\u00e9ennes, la structure est sym\u00e9trique, ce qui favorise une utilisation r\u00e9p\u00e9t\u00e9e et \u00e9quivaut au laminage \u00e0 chaud en termes d'utilisation r\u00e9p\u00e9t\u00e9e.<br \/>\n3) La longueur peut \u00eatre sp\u00e9cialement adapt\u00e9e aux besoins du client, ce qui facilite grandement la construction et r\u00e9duit les co\u00fbts.<br \/>\n4) Pour des raisons de commodit\u00e9 de production, les piles combin\u00e9es peuvent \u00eatre command\u00e9es \u00e0 l'avance avant de quitter l'usine.<br \/>\n5) La conception et le cycle de production sont courts, et les performances des palplanches en acier peuvent \u00eatre d\u00e9termin\u00e9es en fonction des exigences des clients.<\/p>\n<p>Pile en t\u00f4le d'acier en forme de Z : WRZ16-635 WRZ18-635 WRZ28-635<br \/>\nLes verrous sont r\u00e9partis sym\u00e9triquement de part et d'autre de l'axe neutre, et l'\u00e2me est continue, ce qui am\u00e9liore consid\u00e9rablement le module de la section et la rigidit\u00e9 en flexion et garantit que les propri\u00e9t\u00e9s m\u00e9caniques de la section peuvent \u00eatre pleinement exerc\u00e9es. Gr\u00e2ce \u00e0 la forme unique de sa section transversale et \u00e0 la fiabilit\u00e9 de la serrure Larssen.<br \/>\nAvantages des palplanches en acier en forme de Z :<br \/>\n1. Conception flexible, avec un module de section et un rapport de masse relativement \u00e9lev\u00e9s ;<br \/>\n2. Moment d'inertie plus \u00e9lev\u00e9, augmentant ainsi la rigidit\u00e9 de la paroi de palplanches et r\u00e9duisant les d\u00e9placements et les d\u00e9formations ;<br \/>\n3. Grande largeur, ce qui permet de gagner du temps lors du levage et de l'empilage ;<br \/>\n4. L'augmentation de la largeur de la section transversale r\u00e9duit le nombre de retraits de la paroi de palplanches et am\u00e9liore directement ses performances en mati\u00e8re d'\u00e9tanch\u00e9it\u00e9 ;<br \/>\n5. Les pi\u00e8ces fortement corrod\u00e9es sont \u00e9paissies pour am\u00e9liorer encore la r\u00e9sistance \u00e0 la corrosion.<\/p>","protected":false},"excerpt":{"rendered":"<p>Les palplanches en acier sont des structures en acier dot\u00e9es de dispositifs de liaison sur les bords, et les dispositifs de liaison peuvent \u00eatre librement combin\u00e9s pour former un mur de retenue continu et \u00e9tanche du sol ou de l'eau. -Classification : Les palplanches sont divis\u00e9es en deux types selon la technologie de production : les palplanches en acier \u00e0 parois minces form\u00e9es \u00e0 froid et les palplanches en acier lamin\u00e9es \u00e0 chaud [...]","protected":false},"featured_media":3302,"comment_status":"closed","ping_status":"closed","template":"","meta":[],"product_cat":[18,53],"class_list":{"0":"post-3398","1":"product","2":"type-product","3":"status-publish","4":"has-post-thumbnail","6":"product_cat-steel-profile","7":"product_cat-steel-sheet-pile","9":"first","10":"instock","11":"shipping-taxable","12":"product-type-simple"},"_links":{"self":[{"href":"https:\/\/steelsupplydirect.com\/fr\/wp-json\/wp\/v2\/product\/3398","targetHints":{"allow":["GET"]}}],"collection":[{"href":"https:\/\/steelsupplydirect.com\/fr\/wp-json\/wp\/v2\/product"}],"about":[{"href":"https:\/\/steelsupplydirect.com\/fr\/wp-json\/wp\/v2\/types\/product"}],"replies":[{"embeddable":true,"href":"https:\/\/steelsupplydirect.com\/fr\/wp-json\/wp\/v2\/comments?post=3398"}],"wp:featuredmedia":[{"embeddable":true,"href":"https:\/\/steelsupplydirect.com\/fr\/wp-json\/wp\/v2\/media\/3302"}],"wp:attachment":[{"href":"https:\/\/steelsupplydirect.com\/fr\/wp-json\/wp\/v2\/media?parent=3398"}],"wp:term":[{"taxonomy":"product_cat","embeddable":true,"href":"https:\/\/steelsupplydirect.com\/fr\/wp-json\/wp\/v2\/product_cat?post=3398"}],"curies":[{"name":"wp","href":"https:\/\/api.w.org\/{rel}","templated":true}]}}