{"id":3399,"date":"2023-09-13T17:33:11","date_gmt":"2023-09-13T09:33:11","guid":{"rendered":"https:\/\/steelsupplydirect.com\/?post_type=product&#038;p=3399"},"modified":"2023-09-14T10:45:04","modified_gmt":"2023-09-14T02:45:04","slug":"fournisseur-professionnel-z-type-steel-sheet-pile-s355jr-s355j0-s355j2-with-superior-quality","status":"publish","type":"product","link":"https:\/\/steelsupplydirect.com\/fr\/produit\/fournisseur-professionnel-z-type-steel-sheet-pile-s355jr-s355j0-s355j2-with-superior-quality","title":{"rendered":"Fournisseur professionnel de palplanches en acier de type Z S355jr S355j0 S355j2 de qualit\u00e9 sup\u00e9rieure"},"content":{"rendered":"<p>La palplanche en acier est une structure en acier avec des dispositifs de liaison sur les bords, et les dispositifs de liaison peuvent \u00eatre librement combin\u00e9s pour former un mur de retenue continu et \u00e9tanche du sol ou de l'eau.<\/p>\n<p>-Classification :<br \/>\nLes palplanches en acier sont divis\u00e9es en deux types selon la technologie de production : les palplanches en acier \u00e0 paroi mince form\u00e9es \u00e0 froid et les palplanches en acier lamin\u00e9es \u00e0 chaud.<br \/>\n(1) Les pieux en t\u00f4le d'acier form\u00e9s \u00e0 froid comprennent les pieux en t\u00f4le d'acier form\u00e9s \u00e0 froid non mordants (\u00e9galement appel\u00e9s plaques de canal) et les pieux en t\u00f4le d'acier form\u00e9s \u00e0 froid mordants (divis\u00e9s en pieux de type L, de type S, de type U et de type Z) Processus de production : Les t\u00f4les minces (\u00e9paisseur courante de 8 \u00e0 14 mm) sont lamin\u00e9es en continu et form\u00e9es dans un cadre de pliage \u00e0 froid. Avantages : moins d'investissements dans les lignes de production, co\u00fbts de production inf\u00e9rieurs et contr\u00f4le flexible de la longueur du produit. Inconv\u00e9nients : L'\u00e9paisseur de chaque partie du corps du pieu est similaire et la taille ne peut pas \u00eatre optimis\u00e9e, ce qui entra\u00eene une augmentation de la quantit\u00e9 d'acier utilis\u00e9e. La forme de la partie de verrouillage est difficile \u00e0 contr\u00f4ler. Les joints ne sont pas bien fix\u00e9s et ne peuvent pas arr\u00eater l'eau. Le corps du pieu est susceptible de se d\u00e9chirer en cours d'utilisation.<\/p>\n<p>-Composition chimique et propri\u00e9t\u00e9s m\u00e9caniques de la marque\uff1a<\/p>\n<p>Q345B : C\u22640.20\uff0cSi\u22640.50\uff0cMn\u22641.5\uff0cP\u22640.025\uff0cS\u22640.020\uff0cR\u00e9sistance\u2265345Mpa, R\u00e9sistance \u00e0 la traction=470-630Mpa, Allongement\u226521, Energie d'impact\u226534<\/p>\n<p>Q235B : C=0,12-0,2\uff0cSi\u22640,30\uff0cMn=0,3-0,7\uff0cP\u22640,045\uff0cS\u22640,045\uff0cR\u00e9sistance \u00e0 la rupture\u2265235Mpa, R\u00e9sistance \u00e0 la traction=375-500Mpa, Allongement\u226526, \u00c9nergie d'impact\u226527.<\/p>\n<p>(2) Palplanches en acier lamin\u00e9 \u00e0 chaud Il existe plusieurs grands types de palplanches en acier lamin\u00e9 \u00e0 chaud dans le monde, tels que le type U, le type Z, le type AS, le type H, etc. Technologie de production, de traitement et d'installation des palplanches en acier de type Z et de type AS Technologie de production : Les palplanches en acier sont form\u00e9es par laminage \u00e0 haute temp\u00e9rature dans un laminoir \u00e0 profil\u00e9s en acier. Avantages : sp\u00e9cifications, performances raisonnables, structure raisonnable, haute qualit\u00e9, verrouillage \u00e9tanche et structure de verrouillage. Inconv\u00e9nients : technologie accrue, co\u00fbts de production plus \u00e9lev\u00e9s et s\u00e9ries de sp\u00e9cifications rigides.<\/p>\n<p>-Composition chimique et propri\u00e9t\u00e9s m\u00e9caniques de la marque\uff1a<\/p>\n<p>JIS A5523-SYW295 : C\u22640.18\uff0cSi\u22640.55\uff0cMn\u22641.5\uff0cP\u22640.04\uff0cS\u22640.04\uff0cN\u22640.006\uff0c Limite d'\u00e9lasticit\u00e9\uff1e295N\/mm\u00b2, R\u00e9sistance \u00e0 la traction\uff1e490N\/mm\u00b2, Allongement\uff1e17<\/p>\n<p>SYW390 :  C\u22640.18\uff0cSi\u22640.55\uff0cMn\u22641.5\uff0cP\u22640.04\uff0cS\u22640.04\uff0cN\u22640.006\uff0c Limite d'\u00e9lasticit\u00e9\uff1e540N\/mm\u00b2, R\u00e9sistance \u00e0 la traction\uff1e15N\/mm\u00b2,<\/p>\n<p>JIS A5528-SY295 : Limite d'\u00e9lasticit\u00e9\uff1e295N\/mm\u00b2, R\u00e9sistance \u00e0 la traction\uff1e490N\/mm\u00b2, Allongement\uff1e17<\/p>\n<p>SY390 : Limite d'\u00e9lasticit\u00e9\uff1e540N\/mm\u00b2, Allongement\uff1e15<\/p>\n<p>-Cat\u00e9gorie de forme<\/p>\n<p>Avantage du type U : WRU7(42kg\/m), WRU8(51kg\/m), WRU9(59.7kg\/m)...<br \/>\n1) Les palplanches en acier en forme de U sont disponibles dans diff\u00e9rentes sp\u00e9cifications et mod\u00e8les.<br \/>\n2) Con\u00e7ue et produite selon les normes europ\u00e9ennes, la structure est sym\u00e9trique, ce qui favorise une utilisation r\u00e9p\u00e9t\u00e9e et \u00e9quivaut au laminage \u00e0 chaud en termes d'utilisation r\u00e9p\u00e9t\u00e9e.<br \/>\n3) La longueur peut \u00eatre sp\u00e9cialement adapt\u00e9e aux besoins du client, ce qui facilite grandement la construction et r\u00e9duit les co\u00fbts.<br \/>\n4) Pour des raisons de commodit\u00e9 de production, les piles combin\u00e9es peuvent \u00eatre command\u00e9es \u00e0 l'avance avant de quitter l'usine.<br \/>\n5) La conception et le cycle de production sont courts, et les performances des palplanches en acier peuvent \u00eatre d\u00e9termin\u00e9es en fonction des exigences des clients.<\/p>\n<p>Avantages du type Z : WRZ16-635(61.5kg\/m), WRZ18-635, WRZ28-635...<\/p>\n<p>1) Conception flexible, avec un module de section et un rapport de masse relativement \u00e9lev\u00e9s ;<br \/>\n2) Un moment d'inertie plus \u00e9lev\u00e9, augmentant ainsi la rigidit\u00e9 de la paroi de palplanches et r\u00e9duisant les d\u00e9placements et les d\u00e9formations ;<br \/>\n3) Grande largeur, ce qui permet de gagner du temps lors du levage et de l'empilage ;<br \/>\n4) L'augmentation de la largeur de la section transversale r\u00e9duit le nombre de retraits de la paroi de palplanches et am\u00e9liore directement ses performances en mati\u00e8re d'\u00e9tanch\u00e9it\u00e9 ;<br \/>\n5) Les pi\u00e8ces fortement corrod\u00e9es sont \u00e9paissies pour am\u00e9liorer encore la r\u00e9sistance \u00e0 la corrosion.<\/p>\n<p>Palplanches de type L : WRL1.5<\/p>\n<p>La section transversale est l\u00e9g\u00e8re, le mur de pieux prend peu de place et les serrures sont dans la m\u00eame direction, ce qui facilite la construction. Convient aux travaux d'excavation du g\u00e9nie municipal<\/p>\n<p>Palplanches de type S : WRS4<\/p>\n<p>Type d'acier droit : En raison de sa faible hauteur et de la proximit\u00e9 d'une ligne droite, il convient mieux au creusement de certaines tranch\u00e9es, en particulier lorsque l'espace entre deux b\u00e2timents n'est pas grand et doit \u00eatre creus\u00e9.<\/p>","protected":false},"excerpt":{"rendered":"<p>Les palplanches en acier sont des structures en acier dot\u00e9es de dispositifs de liaison sur les bords, et les dispositifs de liaison peuvent \u00eatre librement combin\u00e9s pour former un mur de retenue continu et \u00e9tanche du sol ou de l'eau. -Classification : Les palplanches en acier sont divis\u00e9es en deux types selon la technologie de production : les palplanches en acier \u00e0 paroi mince form\u00e9es \u00e0 froid et les palplanches en acier [...]","protected":false},"featured_media":3247,"comment_status":"closed","ping_status":"closed","template":"","meta":[],"product_cat":[18,53],"class_list":{"0":"post-3399","1":"product","2":"type-product","3":"status-publish","4":"has-post-thumbnail","6":"product_cat-steel-profile","7":"product_cat-steel-sheet-pile","9":"first","10":"instock","11":"shipping-taxable","12":"product-type-simple"},"_links":{"self":[{"href":"https:\/\/steelsupplydirect.com\/fr\/wp-json\/wp\/v2\/product\/3399","targetHints":{"allow":["GET"]}}],"collection":[{"href":"https:\/\/steelsupplydirect.com\/fr\/wp-json\/wp\/v2\/product"}],"about":[{"href":"https:\/\/steelsupplydirect.com\/fr\/wp-json\/wp\/v2\/types\/product"}],"replies":[{"embeddable":true,"href":"https:\/\/steelsupplydirect.com\/fr\/wp-json\/wp\/v2\/comments?post=3399"}],"wp:featuredmedia":[{"embeddable":true,"href":"https:\/\/steelsupplydirect.com\/fr\/wp-json\/wp\/v2\/media\/3247"}],"wp:attachment":[{"href":"https:\/\/steelsupplydirect.com\/fr\/wp-json\/wp\/v2\/media?parent=3399"}],"wp:term":[{"taxonomy":"product_cat","embeddable":true,"href":"https:\/\/steelsupplydirect.com\/fr\/wp-json\/wp\/v2\/product_cat?post=3399"}],"curies":[{"name":"wp","href":"https:\/\/api.w.org\/{rel}","templated":true}]}}