{"id":3401,"date":"2023-09-14T11:22:45","date_gmt":"2023-09-14T03:22:45","guid":{"rendered":"https:\/\/steelsupplydirect.com\/?post_type=product&#038;p=3401"},"modified":"2023-09-14T11:22:46","modified_gmt":"2023-09-14T03:22:46","slug":"toles-dacier-lasern-formees-a-froid-en-forme-de-u-et-en-forme-de-z-sy390-sy295","status":"publish","type":"product","link":"https:\/\/steelsupplydirect.com\/fr\/produit\/toles-dacier-lasern-formees-a-froid-en-forme-de-u-et-en-forme-de-z-sy390-sy295","title":{"rendered":"Palplanches en acier form\u00e9es \u00e0 froid en forme de U et de Z Sy390 Sy295"},"content":{"rendered":"<p>Les palplanches en acier sont un type d'acier dot\u00e9 d'une serrure. Ses sections transversales comprennent des plaques droites, des rainures et des formes en Z, etc., et sont disponibles en diff\u00e9rentes tailles et formes d'embo\u00eetement. Les formes les plus courantes sont le type Larson, le type Lackawanna, etc. Ses avantages sont les suivants : haute r\u00e9sistance, facile \u00e0 enfoncer dans un sol dur ; il peut \u00eatre construit en eau profonde et, si n\u00e9cessaire, des supports diagonaux peuvent \u00eatre ajout\u00e9s pour former une cage. Il a de bonnes performances en mati\u00e8re d'\u00e9tanch\u00e9it\u00e9 ; il peut former des batardeaux de diff\u00e9rentes formes selon les besoins et peut \u00eatre r\u00e9utilis\u00e9 de nombreuses fois, ce qui lui conf\u00e8re un large \u00e9ventail d'utilisations.<\/p>\n<p>Les palplanches en acier sont divis\u00e9es en deux types selon la technologie de production : les palplanches en acier \u00e0 paroi mince form\u00e9es \u00e0 froid et les palplanches en acier lamin\u00e9es \u00e0 chaud (produits phares).<br \/>\n(1) Les palplanches en t\u00f4le d'acier form\u00e9e \u00e0 froid comprennent les palplanches en t\u00f4le d'acier form\u00e9e \u00e0 froid non mordantes (\u00e9galement appel\u00e9es plaques \u00e0 canaux) et les palplanches en t\u00f4le d'acier form\u00e9e \u00e0 froid mordantes (divis\u00e9es en type L, type S, type U et type Z). Processus de production : Les t\u00f4les minces (\u00e9paisseur courante de 8 \u00e0 14 mm) sont lamin\u00e9es en continu et form\u00e9es dans une unit\u00e9 de pliage \u00e0 froid. Avantages : moins d'investissements dans les lignes de production, co\u00fbts de production inf\u00e9rieurs et contr\u00f4le flexible de la longueur du produit. Inconv\u00e9nients : L'\u00e9paisseur de toutes les parties du corps de la pile est la m\u00eame, la taille de la section transversale ne peut pas \u00eatre optimis\u00e9e, ce qui entra\u00eene une augmentation de la quantit\u00e9 d'acier utilis\u00e9e, la forme de la partie de verrouillage est difficile \u00e0 contr\u00f4ler, les joints ne sont pas fix\u00e9s de mani\u00e8re \u00e9tanche, l'eau ne peut pas \u00eatre scell\u00e9e, et le corps de la pile est susceptible de se d\u00e9chirer pendant l'utilisation.<br \/>\n(2) T\u00f4les d'acier lamin\u00e9es \u00e0 chaud. Les palplanches en acier lamin\u00e9es \u00e0 chaud dans le monde comprennent principalement les palplanches de type U, de type Z, de type AS, de type H et des dizaines de sp\u00e9cifications. Les processus de production, de traitement et d'installation des palplanches en acier de type Z et AS sont relativement complexes et sont principalement utilis\u00e9s en Europe et aux \u00c9tats-Unis ; en Chine, les palplanches en acier de type U sont principalement utilis\u00e9es. Processus de production : Elles sont form\u00e9es par laminage \u00e0 haute temp\u00e9rature dans un laminoir \u00e0 profil\u00e9s d'acier. Avantages : taille standardis\u00e9e, performances sup\u00e9rieures, section transversale raisonnable, haute qualit\u00e9 et \u00e9tanch\u00e9it\u00e9 \u00e0 l'eau. Inconv\u00e9nients : difficult\u00e9s techniques plus importantes, co\u00fbts de production plus \u00e9lev\u00e9s et s\u00e9ries de sp\u00e9cifications peu flexibles.<\/p>\n<p>Nom du grade :<\/p>\n<p>EST A5523-SYW295 : C\u22640.18\uff0cSi\u22640.55\uff0cMn\u22641.5\uff0cP\u22640.04\uff0cS\u22640.04\uff0cN\u22640.006\uff0c Limite d'\u00e9lasticit\u00e9\uff1e295N\/mm\u00b2, R\u00e9sistance \u00e0 la traction\uff1e490N\/mm\u00b2, Allongement\uff1e17.<\/p>\n<p>SYW390 :  C\u22640.18\uff0cSi\u22640.55\uff0cMn\u22641.5\uff0cP\u22640.04\uff0cS\u22640.04\uff0cN\u22640.006\uff0c Limite d'\u00e9lasticit\u00e9\uff1e540N\/mm\u00b2, R\u00e9sistance \u00e0 la traction\uff1e15N\/mm\u00b2,<\/p>\n<p>JIS A5528-SY295 : Limite d'\u00e9lasticit\u00e9\uff1e295N\/mm\u00b2, R\u00e9sistance \u00e0 la traction\uff1e490N\/mm\u00b2, Allongement\uff1e17<\/p>\n<p>SY390 : Limite d'\u00e9lasticit\u00e9\uff1e540N\/mm\u00b2, Allongement\uff1e15<\/p>\n<p>-Cat\u00e9gorie de forme<\/p>\n<p>U Type :<\/p>\n<p>1) Les palplanches en acier en forme de U sont disponibles dans diff\u00e9rentes sp\u00e9cifications et mod\u00e8les.<br \/>\n2) Con\u00e7ue et produite selon les normes europ\u00e9ennes, la structure est sym\u00e9trique, ce qui favorise une utilisation r\u00e9p\u00e9t\u00e9e et \u00e9quivaut au laminage \u00e0 chaud en termes d'utilisation r\u00e9p\u00e9t\u00e9e.<br \/>\n3) La longueur peut \u00eatre sp\u00e9cialement adapt\u00e9e aux besoins du client, ce qui facilite grandement la construction et r\u00e9duit les co\u00fbts.<br \/>\n4) Pour des raisons de commodit\u00e9 de production, les piles combin\u00e9es peuvent \u00eatre command\u00e9es \u00e0 l'avance avant de quitter l'usine.<br \/>\n5) La conception et le cycle de production sont courts, et les performances des palplanches en acier peuvent \u00eatre d\u00e9termin\u00e9es en fonction des exigences des clients.<\/p>\n<p>Z Type :<\/p>\n<p>1). Conception flexible, avec un module de section et un rapport de masse relativement \u00e9lev\u00e9s ;<br \/>\n2). Moment d'inertie plus \u00e9lev\u00e9, augmentant ainsi la rigidit\u00e9 de la paroi de palplanches et r\u00e9duisant les d\u00e9placements et les d\u00e9formations ;<br \/>\n3). Grande largeur, ce qui permet de gagner du temps lors du levage et de l'empilage ;<br \/>\n4). L'augmentation de la largeur de la section transversale r\u00e9duit le nombre de retraits de la paroi de palplanches et am\u00e9liore directement ses performances en mati\u00e8re d'\u00e9tanch\u00e9it\u00e9 ;<br \/>\n5). Les parties fortement corrod\u00e9es sont \u00e9paissies pour am\u00e9liorer encore la r\u00e9sistance \u00e0 la corrosion.<\/p>\n<p>L Type :<\/p>\n<p>Le type L est principalement utilis\u00e9 pour soutenir les remblais, les murs de barrage, les tranch\u00e9es et le creusement de tranch\u00e9es.<br \/>\nLa section transversale est l\u00e9g\u00e8re, le mur de pieux prend peu de place et les serrures sont orient\u00e9es dans la m\u00eame direction, ce qui facilite la construction.<\/p>\n<p>Pieux lin\u00e9aires en t\u00f4le d'acier :<\/p>\n<p>En raison de leur faible hauteur et de leur proximit\u00e9 avec une ligne droite, ils conviennent mieux au creusement de certaines tranch\u00e9es, en particulier lorsque l'espace entre deux b\u00e2timents n'est pas grand et doit \u00eatre excav\u00e9.<\/p>","protected":false},"excerpt":{"rendered":"<p>Les palplanches en acier sont un type d'acier dot\u00e9 d'une serrure. Ses sections transversales comprennent des plaques droites, des rainures et des formes en Z, etc., et sont disponibles en diff\u00e9rentes tailles et formes d'embo\u00eetement. Les formes les plus courantes sont le type Larson, le type Lackawanna, etc. Ses avantages sont les suivants : haute r\u00e9sistance, facile \u00e0 enfoncer dans un sol dur ; il peut \u00eatre construit dans des eaux profondes, [...]","protected":false},"featured_media":1616,"comment_status":"closed","ping_status":"closed","template":"","meta":[],"product_cat":[18,53],"class_list":{"0":"post-3401","1":"product","2":"type-product","3":"status-publish","4":"has-post-thumbnail","6":"product_cat-steel-profile","7":"product_cat-steel-sheet-pile","9":"first","10":"instock","11":"shipping-taxable","12":"product-type-simple"},"_links":{"self":[{"href":"https:\/\/steelsupplydirect.com\/fr\/wp-json\/wp\/v2\/product\/3401","targetHints":{"allow":["GET"]}}],"collection":[{"href":"https:\/\/steelsupplydirect.com\/fr\/wp-json\/wp\/v2\/product"}],"about":[{"href":"https:\/\/steelsupplydirect.com\/fr\/wp-json\/wp\/v2\/types\/product"}],"replies":[{"embeddable":true,"href":"https:\/\/steelsupplydirect.com\/fr\/wp-json\/wp\/v2\/comments?post=3401"}],"wp:featuredmedia":[{"embeddable":true,"href":"https:\/\/steelsupplydirect.com\/fr\/wp-json\/wp\/v2\/media\/1616"}],"wp:attachment":[{"href":"https:\/\/steelsupplydirect.com\/fr\/wp-json\/wp\/v2\/media?parent=3401"}],"wp:term":[{"taxonomy":"product_cat","embeddable":true,"href":"https:\/\/steelsupplydirect.com\/fr\/wp-json\/wp\/v2\/product_cat?post=3401"}],"curies":[{"name":"wp","href":"https:\/\/api.w.org\/{rel}","templated":true}]}}