{"id":4405,"date":"2024-07-10T17:05:51","date_gmt":"2024-07-10T09:05:51","guid":{"rendered":"https:\/\/steelsupplydirect.com\/?post_type=product&#038;p=2994"},"modified":"2025-09-22T19:51:49","modified_gmt":"2025-09-22T11:51:49","slug":"tube-en-acier-inoxydable-304","status":"publish","type":"product","link":"https:\/\/steelsupplydirect.com\/fr\/produit\/tube-en-acier-inoxydable-304","title":{"rendered":"Tube en acier inoxydable 304"},"content":{"rendered":"<h2>description du produit<\/h2>\n<p>Le tube en acier inoxydable est un mat\u00e9riau en acier creux, allong\u00e9 et circulaire largement utilis\u00e9 dans les pipelines de transport industriel et les composants structurels m\u00e9caniques tels que le p\u00e9trole, les produits chimiques, la m\u00e9decine, l'alimentation, l'industrie l\u00e9g\u00e8re, les instruments m\u00e9caniques, etc. En outre, lorsque la r\u00e9sistance \u00e0 la flexion et \u00e0 la torsion est la m\u00eame, le poids est l\u00e9ger, de sorte qu'il est \u00e9galement largement utilis\u00e9 pour fabriquer des \u00e9l\u00e9ments de machines et des structures d'ing\u00e9nierie. Il est \u00e9galement couramment utilis\u00e9 pour les meubles, les ustensiles de cuisine, etc.<br \/>\nLes tuyaux en acier inoxydable utilisent g\u00e9n\u00e9ralement les indicateurs de duret\u00e9 Brinell, Rockwell et Vickers pour mesurer leur duret\u00e9.<\/p>\n<h3>Partie 1 : Duret\u00e9 Brinell<\/h3>\n<p>Parmi les normes applicables aux tuyaux en acier inoxydable, la duret\u00e9 Brinell est la plus utilis\u00e9e, et la duret\u00e9 du mat\u00e9riau est souvent repr\u00e9sent\u00e9e par le diam\u00e8tre de l'empreinte, ce qui est \u00e0 la fois intuitif et pratique. Toutefois, elle ne convient pas aux tuyaux en acier plus dur ou plus fin.<\/p>\n<h3>Partie 2 Duret\u00e9 Rockwell<\/h3>\n<p>L'\u00e9chelle Rockwell des tuyaux en acier inoxydable est identique \u00e0 l'\u00e9chelle Brinell, qui est une m\u00e9thode d'essai par indentation. La diff\u00e9rence r\u00e9side dans le fait qu'elle mesure la profondeur de l'indentation. L'\u00e9chelle de Rockwell est une m\u00e9thode largement utilis\u00e9e \u00e0 l'heure actuelle, dans laquelle la duret\u00e9 HRC est la deuxi\u00e8me apr\u00e8s la duret\u00e9 Brinell HB dans les normes relatives aux tuyaux en acier. La duret\u00e9 Rockwell convient pour mesurer les mat\u00e9riaux m\u00e9talliques de l'extr\u00eamement mou \u00e0 l'extr\u00eamement dur. Elle compense les lacunes de la m\u00e9thode Brinell et est plus simple que cette derni\u00e8re. Elle permet de lire directement la valeur de duret\u00e9 sur le cadran de la machine de duret\u00e9. Toutefois, en raison de sa petite empreinte, la valeur de duret\u00e9 n'est pas aussi pr\u00e9cise que celle de la m\u00e9thode Brinell.<\/p>\n<h3>Partie 3 Duret\u00e9 Vickers<\/h3>\n<p>L'essai de duret\u00e9 Vickers des tuyaux en acier inoxydable est \u00e9galement une m\u00e9thode d'essai par indentation, qui peut \u00eatre utilis\u00e9e pour mesurer la duret\u00e9 de mat\u00e9riaux m\u00e9talliques tr\u00e8s fins et de couches superficielles. Elle pr\u00e9sente les principaux avantages des m\u00e9thodes Brinell et Rockwell et surmonte leurs principaux inconv\u00e9nients, mais elle n'est pas aussi simple que la m\u00e9thode Rockwell, et la m\u00e9thode Vickers est rarement utilis\u00e9e dans les normes relatives aux tuyaux en acier.<\/p>\n<h3>Partie 4 Essais de duret\u00e9<\/h3>\n<p>Les tuyaux en acier inoxydable d'un diam\u00e8tre int\u00e9rieur sup\u00e9rieur \u00e0 6,0 mm et d'une \u00e9paisseur de paroi inf\u00e9rieure \u00e0 13 mm peuvent \u00eatre test\u00e9s \u00e0 l'aide d'un appareil de test de duret\u00e9 Vickers W-B75, qui est tr\u00e8s rapide et simple, et qui convient \u00e0 l'inspection de qualification non destructive rapide des tuyaux en acier inoxydable. Les tuyaux en acier inoxydable d'un diam\u00e8tre int\u00e9rieur sup\u00e9rieur \u00e0 30 mm et d'une \u00e9paisseur de paroi sup\u00e9rieure \u00e0 1,2 mm sont test\u00e9s pour la duret\u00e9 HRB et HRC \u00e0 l'aide d'un appareil d'essai de duret\u00e9 Rockwell. Les tuyaux en acier inoxydable d'un diam\u00e8tre int\u00e9rieur sup\u00e9rieur \u00e0 30 mm et d'une \u00e9paisseur de paroi inf\u00e9rieure \u00e0 1,2 mm sont test\u00e9s pour la duret\u00e9 HRT ou HRN \u00e0 l'aide d'un appareil d'essai de duret\u00e9 Rockwell de surface. Les tuyaux en acier inoxydable dont le diam\u00e8tre int\u00e9rieur est inf\u00e9rieur \u00e0 0 mm et sup\u00e9rieur \u00e0 4,8 mm sont test\u00e9s pour la duret\u00e9 HR15T \u00e0 l'aide d'un appareil d'essai de duret\u00e9 Rockwell d\u00e9di\u00e9 aux tuyaux. Lorsque le diam\u00e8tre int\u00e9rieur d'un tuyau en acier inoxydable est sup\u00e9rieur \u00e0 26 mm, un appareil d'essai de duret\u00e9 Rockwell ou Rockwell de surface peut \u00e9galement \u00eatre utilis\u00e9 pour tester la duret\u00e9 de la paroi int\u00e9rieure du tuyau.<\/p>\n<p>Les tuyaux en acier inoxydable se divisent en tuyaux ordinaires en acier au carbone, tuyaux en acier de construction au carbone de haute qualit\u00e9, tuyaux de construction en alliage, tuyaux en acier alli\u00e9, tuyaux en acier pour roulements, tuyaux en acier inoxydable, ainsi qu'en tuyaux composites bim\u00e9talliques, tuyaux rev\u00eatus et rev\u00eatus pour \u00e9conomiser les m\u00e9taux pr\u00e9cieux et r\u00e9pondre \u00e0 des exigences particuli\u00e8res. Il existe diff\u00e9rents types et utilisations de tuyaux en acier inoxydable, avec des exigences techniques et des m\u00e9thodes de production vari\u00e9es. La production actuelle de tuyaux en acier a un diam\u00e8tre ext\u00e9rieur de 0,1 \u00e0 4 500 mm et une \u00e9paisseur de paroi de 0,01 \u00e0 250 mm. Pour distinguer leurs caract\u00e9ristiques, les tubes en acier sont g\u00e9n\u00e9ralement class\u00e9s selon la m\u00e9thode suivante.<\/p>","protected":false},"excerpt":{"rendered":"<p>Bienvenue ! Nous vous remercions de l'attention que vous portez aux produits de notre soci\u00e9t\u00e9. Nos produits en acier sont con\u00e7us pour r\u00e9pondre aux besoins et \u00e0 la qualit\u00e9 de vos projets. Nous esp\u00e9rons que vous trouverez des produits satisfaisants lors de votre navigation et que nous vous fournirons une exp\u00e9rience d'achat satisfaisante. Nous sommes impatients de vous fournir des produits et des services de qualit\u00e9 !<\/p>","protected":false},"featured_media":2032,"comment_status":"closed","ping_status":"closed","template":"","meta":[],"product_cat":[54,57],"class_list":{"0":"post-4405","1":"product","2":"type-product","3":"status-publish","4":"has-post-thumbnail","6":"product_cat-stainless-steel","7":"product_cat-stainless-steel-tube","9":"first","10":"instock","11":"shipping-taxable","12":"product-type-simple"},"_links":{"self":[{"href":"https:\/\/steelsupplydirect.com\/fr\/wp-json\/wp\/v2\/product\/4405","targetHints":{"allow":["GET"]}}],"collection":[{"href":"https:\/\/steelsupplydirect.com\/fr\/wp-json\/wp\/v2\/product"}],"about":[{"href":"https:\/\/steelsupplydirect.com\/fr\/wp-json\/wp\/v2\/types\/product"}],"replies":[{"embeddable":true,"href":"https:\/\/steelsupplydirect.com\/fr\/wp-json\/wp\/v2\/comments?post=4405"}],"wp:featuredmedia":[{"embeddable":true,"href":"https:\/\/steelsupplydirect.com\/fr\/wp-json\/wp\/v2\/media\/2032"}],"wp:attachment":[{"href":"https:\/\/steelsupplydirect.com\/fr\/wp-json\/wp\/v2\/media?parent=4405"}],"wp:term":[{"taxonomy":"product_cat","embeddable":true,"href":"https:\/\/steelsupplydirect.com\/fr\/wp-json\/wp\/v2\/product_cat?post=4405"}],"curies":[{"name":"wp","href":"https:\/\/api.w.org\/{rel}","templated":true}]}}