{"id":4408,"date":"2024-07-19T09:43:34","date_gmt":"2024-07-19T01:43:34","guid":{"rendered":"https:\/\/steelsupplydirect.com\/?post_type=product&#038;p=3049"},"modified":"2025-12-09T16:14:06","modified_gmt":"2025-12-09T08:14:06","slug":"bobine-dacier-doux","status":"publish","type":"product","link":"https:\/\/steelsupplydirect.com\/fr\/produit\/bobine-dacier-doux","title":{"rendered":"Bobines d'acier doux bon march\u00e9"},"content":{"rendered":"<div style=\"overflow: auto;\">\n<table>\n<thead>\n<tr>\n<th>Nom du produit<\/th>\n<th>Bobine d'acier au carbone<\/th>\n<\/tr>\n<\/thead>\n<tbody>\n<tr>\n<td>Grade<\/td>\n<td>Q195\u3001Q215\u3001Q235\u3001Q255\u3001Q275\u3001Q345\u3001Q355\u3001SS400\u3001ST37\u3001ST52\u3001S235JR\u3001a36\u3001s235jr etc.<\/td>\n<\/tr>\n<tr>\n<td>Standard<\/td>\n<td>AISI, ASTM, DIN, JIS, GB, JIS, SUS, EN, etc.<\/td>\n<\/tr>\n<tr>\n<td>Largeur<\/td>\n<td>50MM~2200MM ou selon la demande du client<\/td>\n<\/tr>\n<tr>\n<td>\u00c9paisseur<\/td>\n<td>1.8MM\uff5e20MM ou selon les besoins du client<\/td>\n<\/tr>\n<tr>\n<td>Traitement de surface<\/td>\n<td>Nue, noire, huil\u00e9e, sabl\u00e9e, peinte, rev\u00eatue ou selon vos exigences<\/td>\n<\/tr>\n<tr>\n<td>Technologie<\/td>\n<td>Laminage \u00e0 chaud, laminage \u00e0 froid<\/td>\n<\/tr>\n<tr>\n<td>Application<\/td>\n<td>Construction, fabrication de machines, fabrication de conteneurs, construction navale, ponts, etc.<\/td>\n<\/tr>\n<\/tbody>\n<\/table>\n<\/div>\n<h2>Description du produit<\/h2>\n<p>La bobine d'acier au carbone Q235B est un mat\u00e9riau d'acier au carbone couramment utilis\u00e9 dans l'industrie manufacturi\u00e8re. Sa composition chimique contient du carbone, du fer, du mangan\u00e8se et d'autres \u00e9l\u00e9ments, et pr\u00e9sente de bonnes propri\u00e9t\u00e9s m\u00e9caniques et une bonne aptitude \u00e0 la transformation.<span style=\"font-size: 14.4px;\">Voici une pr\u00e9sentation d\u00e9taill\u00e9e des bobines d'acier au carbone Q235B :<\/span><\/p>\n<h3>Partie 1 Composition chimique<\/h3>\n<p>La composition chimique de la bobine d'acier au carbone Q235B r\u00e9pond aux exigences de la norme GB\/T 700-2006. Sa teneur en carbone est comprise entre 0,12 et 0,20%, sa teneur en mangan\u00e8se entre 0,30 et 0,70%, sa teneur en silicium entre 0,30% et moins, et sa teneur en phosphore et en soufre est inf\u00e9rieure \u00e0 0,045%.<\/p>\n<h3>Partie 2 Propri\u00e9t\u00e9s m\u00e9caniques<\/h3>\n<p>Les bobines d'acier au carbone Q235B ont une limite d'\u00e9lasticit\u00e9 \u00e9lev\u00e9e, avec une valeur standard de 235MPa. Sa r\u00e9sistance \u00e0 la traction est comprise entre 375 et 500MPa, et son allongement est sup\u00e9rieur \u00e0 26%. C'est pourquoi ce mat\u00e9riau est largement utilis\u00e9 dans de nombreux domaines de la construction et de la fabrication.<\/p>\n<h3>Partie 3 Vari\u00e9t\u00e9s et utilisations<\/h3>\n<p>Il existe de nombreuses vari\u00e9t\u00e9s de bobines d'acier au carbone Q235B, y compris les bobines lamin\u00e9es \u00e0 chaud, les bobines lamin\u00e9es \u00e0 froid, les bobines galvanis\u00e9es, etc. Selon les diff\u00e9rentes m\u00e9thodes de traitement, les bobines d'acier au carbone peuvent \u00eatre produites avec des sp\u00e9cifications et des dimensions vari\u00e9es. Elles sont largement utilis\u00e9es dans la construction, l'automobile, les navires, les ponts, la fabrication de machines et d'autres industries.<\/p>\n<h3>Partie 4 Traitement de surface<\/h3>\n<p>La surface des bobines d'acier au carbone Q235B peut \u00eatre trait\u00e9e diff\u00e9remment pour r\u00e9pondre aux diff\u00e9rentes exigences d'utilisation.<\/p>\n<h3>Partie 5 Les traitements de surface les plus courants sont les suivants<\/h3>\n<p>La mati\u00e8re premi\u00e8re pr\u00e9sente une surface noire apr\u00e8s le laminage \u00e0 chaud, une surface brillante apr\u00e8s le laminage \u00e0 froid, une surface anticorrosion apr\u00e8s la galvanisation, etc.<\/p>\n<p>D'une mani\u00e8re g\u00e9n\u00e9rale, la bobine d'acier au carbone Q235B, en tant que mat\u00e9riau d'acier au carbone couramment utilis\u00e9, pr\u00e9sente les avantages d'une composition chimique stable, de bonnes propri\u00e9t\u00e9s m\u00e9caniques et d'une bonne aptitude \u00e0 la transformation. Il est largement utilis\u00e9 dans l'industrie manufacturi\u00e8re, fournissant un support mat\u00e9riel fiable pour divers domaines structurels et manufacturiers.<\/p>","protected":false},"excerpt":{"rendered":"<p>Les bobines d'acier doux pr\u00e9sentent de bonnes propri\u00e9t\u00e9s m\u00e9caniques et une bonne aptitude \u00e0 la transformation. Elle est largement utilis\u00e9e dans l'industrie manufacturi\u00e8re. Sa composition chimique contient du carbone, du fer, du mangan\u00e8se et d'autres \u00e9l\u00e9ments.<\/p>","protected":false},"featured_media":3046,"comment_status":"closed","ping_status":"closed","template":"","meta":[],"product_cat":[15,39],"class_list":{"0":"post-4408","1":"product","2":"type-product","3":"status-publish","4":"has-post-thumbnail","6":"product_cat-carbon-steel","7":"product_cat-carbon-steel-coil","9":"first","10":"instock","11":"shipping-taxable","12":"product-type-simple"},"_links":{"self":[{"href":"https:\/\/steelsupplydirect.com\/fr\/wp-json\/wp\/v2\/product\/4408","targetHints":{"allow":["GET"]}}],"collection":[{"href":"https:\/\/steelsupplydirect.com\/fr\/wp-json\/wp\/v2\/product"}],"about":[{"href":"https:\/\/steelsupplydirect.com\/fr\/wp-json\/wp\/v2\/types\/product"}],"replies":[{"embeddable":true,"href":"https:\/\/steelsupplydirect.com\/fr\/wp-json\/wp\/v2\/comments?post=4408"}],"wp:featuredmedia":[{"embeddable":true,"href":"https:\/\/steelsupplydirect.com\/fr\/wp-json\/wp\/v2\/media\/3046"}],"wp:attachment":[{"href":"https:\/\/steelsupplydirect.com\/fr\/wp-json\/wp\/v2\/media?parent=4408"}],"wp:term":[{"taxonomy":"product_cat","embeddable":true,"href":"https:\/\/steelsupplydirect.com\/fr\/wp-json\/wp\/v2\/product_cat?post=4408"}],"curies":[{"name":"wp","href":"https:\/\/api.w.org\/{rel}","templated":true}]}}