{"id":34,"date":"2020-02-07T07:02:05","date_gmt":"2020-02-07T07:02:05","guid":{"rendered":"https:\/\/f.seowaimao.com\/?page_id=34"},"modified":"2023-09-28T13:28:55","modified_gmt":"2023-09-28T05:28:55","slug":"hakkinda","status":"publish","type":"page","link":"https:\/\/steelsupplydirect.com\/tr\/hakkinda","title":{"rendered":"Hakk\u0131nda"},"content":{"rendered":"<div class=\"banner has-hover\" id=\"banner-1630383996\">\n          <div class=\"banner-inner fill\">\n        <div class=\"banner-bg fill\" >\n            <img loading=\"lazy\" decoding=\"async\" width=\"1853\" height=\"904\" src=\"https:\/\/steelsupplydirect.com\/wp-content\/uploads\/2023\/09\/galpipe.webp\" class=\"bg attachment-original size-original\" alt=\"galpipe\" \/>                                    \n                    <\/div>\n\t\t\n        <div class=\"banner-layers container\">\n            <div class=\"fill banner-link\"><\/div>            \n   <div id=\"text-box-2119885676\" class=\"text-box banner-layer x5 md-x5 lg-x0 y50 md-y25 lg-y30 res-text\">\n                                <div class=\"text-box-content text dark\">\n              \n              <div class=\"text-inner text-center\">\n                  \n\t<div id=\"text-3997929993\" class=\"text\">\n\t\t\n<h1>Hakk\u0131m\u0131zda<\/h1>\n\t\t\n<style>\n#text-3997929993 {\n  font-size: 0.75rem;\n  text-align: left;\n}\n@media (min-width:550px) {\n  #text-3997929993 {\n    font-size: 1rem;\n  }\n}\n<\/style>\n\t<\/div>\n\t\n\t<div id=\"text-3984646328\" class=\"text\">\n\t\t\n<p>SteelSupplyDirect<br \/>\n\t\t\n<style>\n#text-3984646328 {\n  text-align: left;\n}\n<\/style>\n\t<\/div>\n\t\n              <\/div>\n           <\/div>\n                            \n<style>\n#text-box-2119885676 {\n  width: 81%;\n}\n#text-box-2119885676 .text-box-content {\n  font-size: 100%;\n}\n@media (min-width:550px) {\n  #text-box-2119885676 {\n    width: 34%;\n  }\n}\n<\/style>\n    <\/div>\n \n        <\/div>\n      <\/div>\n\n            \n<style>\n#banner-1630383996 {\n  padding-top: 38%;\n}\n#banner-1630383996 .banner-bg img {\n  object-position: 47% 5%;\n}\n@media (min-width:550px) {\n  #banner-1630383996 {\n    padding-top: 28%;\n  }\n}\n@media (min-width:850px) {\n  #banner-1630383996 {\n    padding-top: 28%;\n  }\n}\n<\/style>\n  <\/div>\n\n\n<div class=\"row\" style=\"max-width:1500px\" id=\"row-2026983412\">\n\n\t<div id=\"col-1886272135\" class=\"col hide-for-small medium-2 small-12 large-2\"  >\n\t\t\t\t<div class=\"col-inner\"  >\n\t\t\t\n\t\t\t\n<ul class=\"sidebar-wrapper ul-reset\"><aside id=\"woocommerce_product_categories-5\" class=\"widget woocommerce widget_product_categories\"><span class=\"widget-title\"><span>\u00dcr\u00fcn Kategorileri<\/span><\/span><div class=\"is-divider small\"><\/div><ul class=\"product-categories\"><li class=\"cat-item cat-item-69\"><a href=\"https:\/\/steelsupplydirect.com\/tr\/celik-tedariki\/aluminyum-bobinler\">Al\u00fcminyum Bobinler<\/a><\/li>\n<li class=\"cat-item cat-item-70\"><a href=\"https:\/\/steelsupplydirect.com\/tr\/celik-tedariki\/alumi%cc%87nyum-tup\">Al\u00fcminyum T\u00fcp<\/a><\/li>\n<li class=\"cat-item cat-item-71\"><a href=\"https:\/\/steelsupplydirect.com\/tr\/celik-tedariki\/aluminyum-cubuk\">Al\u00fcminyum \u00c7ubuk<\/a><\/li>\n<li class=\"cat-item cat-item-65\"><a href=\"https:\/\/steelsupplydirect.com\/tr\/celik-tedariki\/insaat-demiri-karbon-celigi\">\u0130n\u015faat demiri<\/a><\/li>\n<li class=\"cat-item cat-item-66\"><a href=\"https:\/\/steelsupplydirect.com\/tr\/celik-tedariki\/oluklu-levha\">Oluklu Levha<\/a><\/li>\n<li class=\"cat-item cat-item-68\"><a href=\"https:\/\/steelsupplydirect.com\/tr\/celik-tedariki\/aluminyum-levha\">Al\u00fcminyum Levha<\/a><\/li>\n<li class=\"cat-item cat-item-15 cat-parent\"><a href=\"https:\/\/steelsupplydirect.com\/tr\/celik-tedariki\/karbon-celigi\">Karbon \u00c7elik<\/a><ul class='children'>\n<li class=\"cat-item cat-item-39\"><a href=\"https:\/\/steelsupplydirect.com\/tr\/celik-tedariki\/karbon-celigi\/karbon-celi%cc%87k-bobi%cc%87n\">Karbon \u00c7elik Rulo<\/a><\/li>\n<li class=\"cat-item cat-item-40\"><a href=\"https:\/\/steelsupplydirect.com\/tr\/celik-tedariki\/karbon-celigi\/karbon-celi%cc%87k-levha\">Karbon \u00c7elik Levha<\/a><\/li>\n<li class=\"cat-item cat-item-41\"><a href=\"https:\/\/steelsupplydirect.com\/tr\/celik-tedariki\/karbon-celigi\/karbon-celi%cc%87k-boru\">Karbon \u00c7elik Boru<\/a><\/li>\n<li class=\"cat-item cat-item-42\"><a href=\"https:\/\/steelsupplydirect.com\/tr\/celik-tedariki\/karbon-celigi\/karbon-celi%cc%87k-cubuk\">Karbon \u00c7elik \u00c7ubuk<\/a><\/li>\n<\/ul>\n<\/li>\n<li class=\"cat-item cat-item-17 cat-parent\"><a href=\"https:\/\/steelsupplydirect.com\/tr\/celik-tedariki\/galvanizli-celik-ureticisi\">Galvanizli<\/a><ul class='children'>\n<li class=\"cat-item cat-item-43\"><a href=\"https:\/\/steelsupplydirect.com\/tr\/celik-tedariki\/galvanizli-celik-ureticisi\/galvanizli-celik-bobin-ureticisi\">Galvanizli \u00c7elik Rulo<\/a><\/li>\n<li class=\"cat-item cat-item-44\"><a href=\"https:\/\/steelsupplydirect.com\/tr\/celik-tedariki\/galvanizli-celik-ureticisi\/galvanizli-oluklu-celik\">Galvanizli Oluklu \u00c7elik<\/a><\/li>\n<li class=\"cat-item cat-item-45\"><a href=\"https:\/\/steelsupplydirect.com\/tr\/celik-tedariki\/galvanizli-celik-ureticisi\/galvanizli-celik-boru\">Galvanizli \u00c7elik Boru<\/a><\/li>\n<li class=\"cat-item cat-item-46\"><a href=\"https:\/\/steelsupplydirect.com\/tr\/celik-tedariki\/galvanizli-celik-ureticisi\/galvanizli-celik-sac\">Galvanizli \u00c7elik Sac<\/a><\/li>\n<li class=\"cat-item cat-item-47\"><a href=\"https:\/\/steelsupplydirect.com\/tr\/celik-tedariki\/galvanizli-celik-ureticisi\/ppgi-bobin\">PPGI Bobin<\/a><\/li>\n<li class=\"cat-item cat-item-48\"><a href=\"https:\/\/steelsupplydirect.com\/tr\/celik-tedariki\/galvanizli-celik-ureticisi\/ppgi-oluklu\">PPGI Oluklu Mukavva<\/a><\/li>\n<\/ul>\n<\/li>\n<li class=\"cat-item cat-item-18 cat-parent\"><a href=\"https:\/\/steelsupplydirect.com\/tr\/celik-tedariki\/celik-profil\">\u00c7elik Profil<\/a><ul class='children'>\n<li class=\"cat-item cat-item-49\"><a href=\"https:\/\/steelsupplydirect.com\/tr\/celik-tedariki\/celik-profil\/acili-celik\">A\u00e7\u0131l\u0131 \u00c7elik<\/a><\/li>\n<li class=\"cat-item cat-item-50\"><a href=\"https:\/\/steelsupplydirect.com\/tr\/celik-tedariki\/celik-profil\/kanal-celi%cc%87gi%cc%87\">Kanal \u00c7elik<\/a><\/li>\n<li class=\"cat-item cat-item-51\"><a href=\"https:\/\/steelsupplydirect.com\/tr\/celik-tedariki\/celik-profil\/h-isin\">H-kiri\u015f<\/a><\/li>\n<li class=\"cat-item cat-item-52\"><a href=\"https:\/\/steelsupplydirect.com\/tr\/celik-tedariki\/celik-profil\/i-isin\">I-kiri\u015f<\/a><\/li>\n<li class=\"cat-item cat-item-53\"><a href=\"https:\/\/steelsupplydirect.com\/tr\/celik-tedariki\/celik-profil\/celik-sac-kazik\">\u00c7elik Sac Kaz\u0131k<\/a><\/li>\n<\/ul>\n<\/li>\n<li class=\"cat-item cat-item-54 cat-parent\"><a href=\"https:\/\/steelsupplydirect.com\/tr\/celik-tedariki\/paslanmaz-celik\">Paslanmaz \u00c7elik<\/a><ul class='children'>\n<li class=\"cat-item cat-item-55\"><a href=\"https:\/\/steelsupplydirect.com\/tr\/celik-tedariki\/paslanmaz-celik\/paslanmaz-celi%cc%87k-bobi%cc%87n\">Paslanmaz \u00c7elik Bobin<\/a><\/li>\n<li class=\"cat-item cat-item-56\"><a href=\"https:\/\/steelsupplydirect.com\/tr\/celik-tedariki\/paslanmaz-celik\/paslanmaz-celi%cc%87k-levha\">Paslanmaz \u00c7elik Levha<\/a><\/li>\n<li class=\"cat-item cat-item-57\"><a href=\"https:\/\/steelsupplydirect.com\/tr\/celik-tedariki\/paslanmaz-celik\/paslanmaz-celi%cc%87k-boru\">Paslanmaz \u00c7elik Boru<\/a><\/li>\n<li class=\"cat-item cat-item-58\"><a href=\"https:\/\/steelsupplydirect.com\/tr\/celik-tedariki\/paslanmaz-celik\/paslanmaz-celi%cc%87k-cubuk\">Paslanmaz \u00c7elik \u00c7ubuk<\/a><\/li>\n<li class=\"cat-item cat-item-59\"><a href=\"https:\/\/steelsupplydirect.com\/tr\/celik-tedariki\/paslanmaz-celik\/paslanmaz-celi%cc%87k-oluklu\">Paslanmaz \u00c7elik Oluklu<\/a><\/li>\n<\/ul>\n<\/li>\n<\/ul><\/aside><\/ul>\n\t\t<\/div>\n\t\t\t\t\n<style>\n#col-1886272135 > .col-inner {\n  margin: 0px 0px 0px 0px;\n}\n<\/style>\n\t<\/div>\n\n\t\n\n\t<div id=\"col-913861722\" class=\"col medium-10 small-12 large-10\"  >\n\t\t\t\t<div class=\"col-inner\"  >\n\t\t\t\n\t\t\t\n\n\t<section class=\"section\" id=\"section_713047147\">\n\t\t<div class=\"section-bg fill\" >\n\t\t\t\t\t\t\t\t\t\n\t\t\t\n\n\t\t<\/div>\n\n\t\t\t<div class=\"ux-shape-divider ux-shape-divider--top ux-shape-divider--style-waves-opacity-3\">\n\t\t<svg viewbox=\"0 0 1000 300\" xmlns=\"http:\/\/www.w3.org\/2000\/svg\" preserveaspectratio=\"none\">\n\t<path class=\"ux-shape-fill\" opacity=\"0.05\" d=\"M1014 264V386H206L34 300C34 300 344.42 277.16 436 221C542 156 590 160 704 209C811 255 899.11 214.94 979 346L1014 264Z\"\/>\n\t<path class=\"ux-shape-fill\" opacity=\"0.1\" d=\"M-302 55C-302 55 -66.73 263.25 50 214C178 160 283 116 353 141C445.68 174.1 534.28 256.19 588 249C692.9 235 764.52 75.94 855 131C940.61 183.09 1000 254 1000 254V328L-306 338L-302 55Z\"\/>\n\t<path class=\"ux-shape-fill\" opacity=\"0.15\" d=\"M-286 255C-286 255 -72 152 52 126C176 100 255 155 436 227C581.57 284.91 614.7 277.79 708 227C787 184 1009 3.0001 1093 164C1146 265.63 1031 293 1031 293L924 377L-288 389L-286 255Z\"\/>\n\t<path class=\"ux-shape-fill\" opacity=\"0.3\" d=\"M-24 69C-24 69 275.68 370.66 389 314C397 310 622 316 673 356C690.47 369.7 845 224 890 182C944.8 130.85 1018 92 1078 143C1154.12 207.7 1196 242 1196 242L1184 374L-28 386L-24 69Z\"\/>\n\t<path class=\"ux-shape-fill\" d=\"M-12 201C-12 201 58 284 182 258C306 232 342.29 221.23 456 264C565 305 640.82 288.36 721 249C776 222 837.5 191.31 935 253C984 284 1030 279 1030 279L1024 430L-12 440V201Z\"\/>\n<\/svg>\n\t<\/div>\n\n\n\t\t<div class=\"section-content relative\">\n\t\t\t\n<div class=\"row\"  id=\"row-637250021\">\n\n\t<div id=\"col-1537715626\" class=\"col small-12 large-12\"  >\n\t\t\t\t<div class=\"col-inner\"  >\n\t\t\t\n\t\t\t\n<div class=\"row\"  id=\"row-1285776678\">\n\n\t<div id=\"col-1273606309\" class=\"col medium-12 small-12 large-6\"  >\n\t\t\t\t<div class=\"col-inner\"  >\n\t\t\t\n\t\t\t\n\t<div id=\"text-767217685\" class=\"text\">\n\t\t\n<h2>\u00dcst\u00fcn hizmet<\/h2>\n\t\t\n<style>\n#text-767217685 {\n  font-size: 1rem;\n  color: rgb(0, 0, 0);\n}\n#text-767217685 > * {\n  color: rgb(0, 0, 0);\n}\n@media (min-width:850px) {\n  #text-767217685 {\n    font-size: 1.3rem;\n  }\n}\n<\/style>\n\t<\/div>\n\t\n<p>SteelSupplyDirect olarak, kaliteye olan ba\u011fl\u0131l\u0131\u011f\u0131m\u0131zla gurur duyuyoruz. \u00dcr\u00fcnlerimizin en y\u00fcksek standartlar\u0131 kar\u015f\u0131lad\u0131\u011f\u0131ndan emin olmak i\u00e7in t\u00fcm \u00fcretim s\u00fcreci boyunca s\u0131k\u0131 kalite kontrol \u00f6nlemlerine ba\u011fl\u0131 kal\u0131yoruz. Hammadde tedarikinden son denetime kadar, yetenekli profesyonellerden olu\u015fan ekibimiz, \u00e7elik \u00fcr\u00fcnlerimizin dayan\u0131kl\u0131l\u0131\u011f\u0131n\u0131, g\u00fcc\u00fcn\u00fc ve tutarl\u0131l\u0131\u011f\u0131n\u0131 garanti etmek i\u00e7in her ad\u0131m\u0131 titizlikle izler. \u00e7e\u015fitli \u00fcr\u00fcn portf\u00f6y\u00fcm\u00fcz paslanmaz \u00e7elik, karbon \u00e7eli\u011fi, ala\u015f\u0131ml\u0131 \u00e7elik ve daha fazlas\u0131 dahil olmak \u00fczere \u00e7e\u015fitli \u00e7elik t\u00fcrlerini i\u00e7erir. \u0130n\u015faat, otomotiv, altyap\u0131 veya ba\u015fka herhangi bir sekt\u00f6r i\u00e7in \u00e7eli\u011fe ihtiyac\u0131n\u0131z olsun, sizi teminat alt\u0131na ald\u0131k. \u00d6zel proje ihtiya\u00e7lar\u0131n\u0131z\u0131 kar\u015f\u0131lamak i\u00e7in kapsaml\u0131 bir boyut, kalite ve y\u00fczey yelpazesi sunuyoruz.<\/p>\n\t<div id=\"text-1824250188\" class=\"text\">\n\t\t\n<p><a class=\"button secondary\" style=\"border-radius: 5px\" data-fancybox=\"\" data-src=\"#hidden-CF7\">Bize ula\u015f\u0131n<\/a><br \/>\n\t\t\n<style>\n#text-1824250188 {\n  text-align: right;\n}\n<\/style>\n\t<\/div>\n\t\n\t\t<\/div>\n\t\t\t\t\n<style>\n#col-1273606309 > .col-inner {\n  padding: 0px 0px 0px 0px;\n}\n@media (min-width:550px) {\n  #col-1273606309 > .col-inner {\n    padding: 0px 0px 0px 0px;\n  }\n}\n@media (min-width:850px) {\n  #col-1273606309 > .col-inner {\n    padding: 0px 50px 0px 0px;\n  }\n}\n<\/style>\n\t<\/div>\n\n\t\n\n\t<div id=\"col-116797737\" class=\"col medium-12 small-12 large-6 medium-col-first\"  >\n\t\t\t\t<div class=\"col-inner\"  >\n\t\t\t\n\t\t\t\n\t<div class=\"img has-hover hide-for-medium x md-x lg-x y md-y lg-y\" id=\"image_1544406949\">\n\t\t\t\t\t\t\t\t<div class=\"img-inner image-cover dark\" style=\"padding-top:56.25%;\">\n\t\t\t<img loading=\"lazy\" decoding=\"async\" width=\"1000\" height=\"658\" src=\"https:\/\/steelsupplydirect.com\/wp-content\/uploads\/2023\/07\/factory_hb-1.webp\" class=\"attachment-original size-original\" alt=\"demir_ve_\u00e7elik\" srcset=\"https:\/\/steelsupplydirect.com\/wp-content\/uploads\/2023\/07\/factory_hb-1.webp 1000w, https:\/\/steelsupplydirect.com\/wp-content\/uploads\/2023\/07\/factory_hb-1-300x197.webp 300w, https:\/\/steelsupplydirect.com\/wp-content\/uploads\/2023\/07\/factory_hb-1-768x505.webp 768w, https:\/\/steelsupplydirect.com\/wp-content\/uploads\/2023\/07\/factory_hb-1-510x336.webp 510w\" sizes=\"auto, (max-width: 1000px) 100vw, 1000px\" \/>\t\t\t\t\t\t\n\t\t\t\t\t<\/div>\n\t\t\t\t\t\t\t\t\n<style>\n#image_1544406949 {\n  width: 100%;\n}\n<\/style>\n\t<\/div>\n\t\n\t\t<\/div>\n\t\t\t\t\n<style>\n#col-116797737 > .col-inner {\n  padding: 0px 0px 0px 0px;\n}\n@media (min-width:850px) {\n  #col-116797737 > .col-inner {\n    padding: 0px 0px 0px 0px;\n  }\n}\n<\/style>\n\t<\/div>\n\n\t\n<\/div>\n\t\t<\/div>\n\t\t\t\t\t<\/div>\n\n\t\n<\/div>\n\t<div id=\"gap-978044954\" class=\"gap-element clearfix\" style=\"display:block; height:auto;\">\n\t\t\n<style>\n#gap-978044954 {\n  padding-top: 0px;\n}\n@media (min-width:850px) {\n  #gap-978044954 {\n    padding-top: 80px;\n  }\n}\n<\/style>\n\t<\/div>\n\t\n<div class=\"row align-middle\"  id=\"row-412398120\">\n\n\t<div id=\"col-1505308855\" class=\"col medium-12 small-12 large-6\"  >\n\t\t\t\t<div class=\"col-inner\"  >\n\t\t\t\n\t\t\t\n<div class=\"video video-fit mb\" style=\"padding-top:56.25%;\"><p><iframe loading=\"lazy\" title=\"SteelSupplyDirect (Shandong) Co, Ld.\" width=\"1020\" height=\"574\" src=\"https:\/\/www.youtube.com\/embed\/MHXNr-JUIUc?feature=oembed\" frameborder=\"0\" allow=\"accelerometer; autoplay; clipboard-write; encrypted-media; gyroscope; picture-in-picture; web-share\" allowfullscreen><\/iframe><\/p>\n<\/div>\n\t\t<\/div>\n\t\t\t\t\n<style>\n#col-1505308855 > .col-inner {\n  padding: 0px 0px 0px 0px;\n}\n@media (min-width:850px) {\n  #col-1505308855 > .col-inner {\n    padding: 0px 30px 0px 0px;\n  }\n}\n<\/style>\n\t<\/div>\n\n\t\n\n\t<div id=\"col-770472973\" class=\"col medium-12 small-12 large-6\"  >\n\t\t\t\t<div class=\"col-inner\"  >\n\t\t\t\n\t\t\t\n\t<div id=\"text-2308016312\" class=\"text\">\n\t\t\n<h2>Hakk\u0131m\u0131zda -Kuzey \u00c7in \u00c7elik<\/h2>\n\t\t\n<style>\n#text-2308016312 {\n  font-size: 1rem;\n  color: rgb(0, 0, 0);\n}\n#text-2308016312 > * {\n  color: rgb(0, 0, 0);\n}\n@media (min-width:850px) {\n  #text-2308016312 {\n    font-size: 1.3rem;\n  }\n}\n<\/style>\n\t<\/div>\n\t\n<p>SteelSupplyDirect, y\u00fcksek kaliteli \u00e7elik \u00fcr\u00fcnlerin \u00fcretimi ve da\u011f\u0131t\u0131m\u0131 konusunda uzmanla\u015fm\u0131\u015f, sekt\u00f6r\u00fcn \u00f6nde gelen \u00e7elik \u00fcreticilerinden biridir. Y\u0131llar\u0131n deneyimi ve uzmanl\u0131\u011f\u0131yla, \u00e7elik imalat sekt\u00f6r\u00fcnde g\u00fcvenilir ve sayg\u0131n bir oyuncu olarak kendimizi kan\u0131tlad\u0131k. \u00e7elik \u00fcreticisi olarak, m\u00fc\u015fterilerimize \u00f6zel gereksinimlerini kar\u015f\u0131layan birinci s\u0131n\u0131f \u00fcr\u00fcnler sunman\u0131n \u00f6nemini anl\u0131yoruz. Son teknoloji \u00fcretim tesislerimiz, \u00e7e\u015fitli end\u00fcstrilere ve uygulamalara hitap etmek i\u00e7in geni\u015f bir \u00e7elik \u00fcr\u00fcn yelpazesi \u00fcretmemizi sa\u011flayan geli\u015fmi\u015f makine ve teknoloji ile donat\u0131lm\u0131\u015ft\u0131r.<\/p>\n\t<div id=\"text-3459067290\" class=\"text\">\n\t\t\n<p><a class=\"button secondary\" style=\"border-radius: 5px\" data-fancybox=\"\" data-src=\"#hidden-CF7\">Bize ula\u015f\u0131n<\/a><br \/>\n\t\t\n<style>\n#text-3459067290 {\n  text-align: center;\n}\n<\/style>\n\t<\/div>\n\t\n\t\t<\/div>\n\t\t\t\t\n<style>\n#col-770472973 > .col-inner {\n  padding: 0px 0px 0px 0px;\n}\n@media (min-width:550px) {\n  #col-770472973 > .col-inner {\n    padding: 0px 0px 0px 0px;\n  }\n}\n@media (min-width:850px) {\n  #col-770472973 > .col-inner {\n    padding: 0px 0px 50px 0px;\n  }\n}\n<\/style>\n\t<\/div>\n\n\t\n<\/div>\n\t\t<\/div>\n\n\t\t\n<style>\n#section_713047147 {\n  padding-top: 20px;\n  padding-bottom: 20px;\n}\n#section_713047147 .ux-shape-divider--top svg {\n  height: 150px;\n  --divider-top-width: 100%;\n}\n@media (min-width:850px) {\n  #section_713047147 {\n    padding-top: 30px;\n    padding-bottom: 30px;\n  }\n}\n<\/style>\n\t<\/section>\n\t\n\n\t<section class=\"section seo_page_section1\" id=\"section_1193171340\">\n\t\t<div class=\"section-bg fill\" >\n\t\t\t\t\t\t\t\t\t\n\t\t\t\n\n\t\t<\/div>\n\n\t\t\n\n\t\t<div class=\"section-content relative\">\n\t\t\t\n<div class=\"row\"  id=\"row-405967877\">\n\n\t<div id=\"col-1512568477\" class=\"col small-12 large-12\"  >\n\t\t\t\t<div class=\"col-inner\"  >\n\t\t\t\n\t\t\t\n\t<div id=\"text-1961294215\" class=\"text\">\n\t\t\n<h2>\u0130\u015fbirli\u011fi davas\u0131<\/h2>\n\t\t\n<style>\n#text-1961294215 {\n  font-size: 1rem;\n  text-align: center;\n  color: rgb(0, 0, 0);\n}\n#text-1961294215 > * {\n  color: rgb(0, 0, 0);\n}\n@media (min-width:850px) {\n  #text-1961294215 {\n    font-size: 1.3rem;\n  }\n}\n<\/style>\n\t<\/div>\n\t\n\t<div id=\"gap-1769726790\" class=\"gap-element clearfix\" style=\"display:block; height:auto;\">\n\t\t\n<style>\n#gap-1769726790 {\n  padding-top: 5px;\n}\n@media (min-width:550px) {\n  #gap-1769726790 {\n    padding-top: 10px;\n  }\n}\n@media (min-width:850px) {\n  #gap-1769726790 {\n    padding-top: 30px;\n  }\n}\n<\/style>\n\t<\/div>\n\t\n<div class=\"row\"  id=\"row-1623856926\">\n\n\t<div id=\"col-1514825668\" class=\"col medium-4 small-12 large-4\"  >\n\t\t\t\t<div class=\"col-inner\"  >\n\t\t\t\n\t\t\t\n\t<div class=\"box has-hover   has-hover box-text-bottom\" >\n\n\t\t<div class=\"box-image\" style=\"border-radius:3%;\">\n\t\t\t\t\t\t<div class=\"image-cover\" style=\"padding-top:75%;\">\n\t\t\t\t<img loading=\"lazy\" decoding=\"async\" width=\"1000\" height=\"750\" src=\"https:\/\/steelsupplydirect.com\/wp-content\/uploads\/2023\/07\/steel_product_202_hb.webp\" class=\"attachment-original size-original\" alt=\"\" srcset=\"https:\/\/steelsupplydirect.com\/wp-content\/uploads\/2023\/07\/steel_product_202_hb.webp 1000w, https:\/\/steelsupplydirect.com\/wp-content\/uploads\/2023\/07\/steel_product_202_hb-300x225.webp 300w, https:\/\/steelsupplydirect.com\/wp-content\/uploads\/2023\/07\/steel_product_202_hb-768x576.webp 768w, https:\/\/steelsupplydirect.com\/wp-content\/uploads\/2023\/07\/steel_product_202_hb-510x383.webp 510w, https:\/\/steelsupplydirect.com\/wp-content\/uploads\/2023\/07\/steel_product_202_hb-247x185.webp 247w\" sizes=\"auto, (max-width: 1000px) 100vw, 1000px\" \/>\t\t\t\t\t\t\t\t\t\t\t<\/div>\n\t\t\t\t\t<\/div>\n\n\t\t<div class=\"box-text text-left\" style=\"padding:10px 10px 10px 10px;\">\n\t\t\t<div class=\"box-text-inner\">\n\t\t\t\t\n\t<div id=\"text-607551453\" class=\"text\">\n\t\t\n<h3 style=\"text-align: center\">Nijer'den M\u00fc\u015fteri<br \/>\n02\/5<\/h3>\n<p>Nijerli m\u00fc\u015fteri 700 ton karbon \u00e7elik halkay\u0131 ba\u015far\u0131yla sat\u0131n ald\u0131! K\u0131sa bir s\u00fcre \u00f6nce Nijer'den bir m\u00fc\u015fteri sat\u0131c\u0131m\u0131zla bir sat\u0131n alma s\u00f6zle\u015fmesi imzalad\u0131. Teslimat s\u00fcresi boyunca bu m\u00fc\u015fteriye 700 ton karbon \u00e7elik halka teslim edece\u011fiz.<br \/>\n\t\t\n<style>\n#text-607551453 {\n  font-size: 1rem;\n  text-align: left;\n}\n<\/style>\n\t<\/div>\n\t\n\t\t\t<\/div>\n\t\t<\/div>\n\t<\/div>\n\t\n\t<div id=\"text-2551249859\" class=\"text\">\n\t\t\n<p style=\"text-align: center\"><a class=\"button secondary\" style=\"border-radius: 5px\" data-fancybox=\"\" data-src=\"#hidden-CF7\">Bize ula\u015f\u0131n<\/a><\/p>\n\t\t\n<style>\n#text-2551249859 {\n  text-align: right;\n}\n<\/style>\n\t<\/div>\n\t\n\t\t<\/div>\n\t\t\t\t\t<\/div>\n\n\t\n\n\t<div id=\"col-39864146\" class=\"col medium-4 small-12 large-4\"  >\n\t\t\t\t<div class=\"col-inner\"  >\n\t\t\t\n\t\t\t\n\t<div class=\"box has-hover   has-hover box-text-bottom\" >\n\n\t\t<div class=\"box-image\" style=\"border-radius:3%;\">\n\t\t\t\t\t\t<div class=\"image-cover\" style=\"padding-top:75%;\">\n\t\t\t\t<img loading=\"lazy\" decoding=\"async\" width=\"1000\" height=\"750\" src=\"https:\/\/steelsupplydirect.com\/wp-content\/uploads\/2023\/07\/steel_product_583_hb.webp\" class=\"attachment-original size-original\" alt=\"\" srcset=\"https:\/\/steelsupplydirect.com\/wp-content\/uploads\/2023\/07\/steel_product_583_hb.webp 1000w, https:\/\/steelsupplydirect.com\/wp-content\/uploads\/2023\/07\/steel_product_583_hb-300x225.webp 300w, https:\/\/steelsupplydirect.com\/wp-content\/uploads\/2023\/07\/steel_product_583_hb-768x576.webp 768w, https:\/\/steelsupplydirect.com\/wp-content\/uploads\/2023\/07\/steel_product_583_hb-510x383.webp 510w, https:\/\/steelsupplydirect.com\/wp-content\/uploads\/2023\/07\/steel_product_583_hb-247x185.webp 247w\" sizes=\"auto, (max-width: 1000px) 100vw, 1000px\" \/>\t\t\t\t\t\t\t\t\t\t\t<\/div>\n\t\t\t\t\t<\/div>\n\n\t\t<div class=\"box-text text-left\" style=\"padding:10px 10px 10px 10px;\">\n\t\t\t<div class=\"box-text-inner\">\n\t\t\t\t\n\t<div id=\"text-2450166378\" class=\"text\">\n\t\t\n<h3>Tanzanya'dan M\u00fc\u015fteri<br \/>\n28\/3<\/h3>\n<p style=\"text-align: left\">Tanzanya m\u00fc\u015fterisi ba\u015far\u0131l\u0131 bir \u015fekilde 200 ton<em class=\"Highlight ht60ba4d56-d2bb-45ee-8367-8a620508f29b\">\u00a0galvanizli\u00a0<\/em>levha! K\u0131sa s\u00fcre \u00f6nce Tanzanyal\u0131 bir m\u00fc\u015fteri, sat\u0131c\u0131m\u0131zla bir sat\u0131n alma s\u00f6zle\u015fmesi imzalad\u0131. 200 ton sac teslim edece\u011fiz.<em class=\"Highlight ht60ba4d56-d2bb-45ee-8367-8a620508f29b\">\u00a0galvanizli\u00a0<\/em>teslimat s\u00fcresi i\u00e7inde bu m\u00fc\u015fteriye g\u00f6nderilecektir.<\/p>\n\t\t\n<style>\n#text-2450166378 {\n  font-size: 1rem;\n  text-align: center;\n}\n<\/style>\n\t<\/div>\n\t\n\t\t\t<\/div>\n\t\t<\/div>\n\t<\/div>\n\t\n\t<div id=\"text-2036285111\" class=\"text\">\n\t\t\n<p style=\"text-align: center\"><a class=\"button secondary\" style=\"border-radius: 5px\" data-fancybox=\"\" data-src=\"#hidden-CF7\">Bize ula\u015f\u0131n<\/a><\/p>\n\t\t\n<style>\n#text-2036285111 {\n  text-align: right;\n}\n<\/style>\n\t<\/div>\n\t\n\t\t<\/div>\n\t\t\t\t\t<\/div>\n\n\t\n\n\t<div id=\"col-119196847\" class=\"col medium-4 small-12 large-4\"  >\n\t\t\t\t<div class=\"col-inner\"  >\n\t\t\t\n\t\t\t\n\t<div class=\"box has-hover   has-hover box-text-bottom\" >\n\n\t\t<div class=\"box-image\" style=\"border-radius:3%;\">\n\t\t\t\t\t\t<div class=\"image-cover\" style=\"padding-top:75%;\">\n\t\t\t\t<img loading=\"lazy\" decoding=\"async\" width=\"1000\" height=\"750\" src=\"https:\/\/steelsupplydirect.com\/wp-content\/uploads\/2023\/07\/steel_product_581_hb.webp\" class=\"attachment-original size-original\" alt=\"\" srcset=\"https:\/\/steelsupplydirect.com\/wp-content\/uploads\/2023\/07\/steel_product_581_hb.webp 1000w, https:\/\/steelsupplydirect.com\/wp-content\/uploads\/2023\/07\/steel_product_581_hb-300x225.webp 300w, https:\/\/steelsupplydirect.com\/wp-content\/uploads\/2023\/07\/steel_product_581_hb-768x576.webp 768w, https:\/\/steelsupplydirect.com\/wp-content\/uploads\/2023\/07\/steel_product_581_hb-510x383.webp 510w, https:\/\/steelsupplydirect.com\/wp-content\/uploads\/2023\/07\/steel_product_581_hb-247x185.webp 247w\" sizes=\"auto, (max-width: 1000px) 100vw, 1000px\" \/>\t\t\t\t\t\t\t\t\t\t\t<\/div>\n\t\t\t\t\t<\/div>\n\n\t\t<div class=\"box-text text-left\" style=\"padding:10px 10px 10px 10px;\">\n\t\t\t<div class=\"box-text-inner\">\n\t\t\t\t\n\t<div id=\"text-156527444\" class=\"text\">\n\t\t\n<h3>Sudan'dan M\u00fc\u015fteri<br \/>\n09\/6<\/h3>\n<p style=\"text-align: left\">Sudanl\u0131 m\u00fc\u015fteriler 460 ton karbon \u00e7elik levhay\u0131 ba\u015far\u0131yla sat\u0131n ald\u0131! K\u0131sa bir s\u00fcre \u00f6nce Sudanl\u0131 bir m\u00fc\u015fteri sat\u0131c\u0131m\u0131zla bir sat\u0131n alma s\u00f6zle\u015fmesi imzalad\u0131. Bu m\u00fc\u015fterimize teslimat s\u00fcresi i\u00e7erisinde 460 ton karbon \u00e7elik levha teslim edece\u011fiz.<\/p>\n\t\t\n<style>\n#text-156527444 {\n  font-size: 1rem;\n  text-align: center;\n}\n<\/style>\n\t<\/div>\n\t\n\t<div id=\"text-3672319869\" class=\"text\">\n\t\t\n<p style=\"text-align: center\"><a class=\"button secondary\" style=\"border-radius: 5px\" data-fancybox=\"\" data-src=\"#hidden-CF7\">Bize ula\u015f\u0131n<\/a><\/p>\n\t\t\n<style>\n#text-3672319869 {\n  text-align: right;\n}\n<\/style>\n\t<\/div>\n\t\n\t\t\t<\/div>\n\t\t<\/div>\n\t<\/div>\n\t\n\t\t<\/div>\n\t\t\t\t\t<\/div>\n\n\t\n<\/div>\n\t\t<\/div>\n\t\t\t\t\t<\/div>\n\n\t\n<\/div>\n\t\t<\/div>\n\n\t\t\n<style>\n#section_1193171340 {\n  padding-top: 10px;\n  padding-bottom: 10px;\n}\n@media (min-width:550px) {\n  #section_1193171340 {\n    padding-top: 20px;\n    padding-bottom: 20px;\n  }\n}\n@media (min-width:850px) {\n  #section_1193171340 {\n    padding-top: 70px;\n    padding-bottom: 70px;\n  }\n}\n<\/style>\n\t<\/section>\n\t\n\t\t<\/div>\n\t\t\t\t\n<style>\n#col-913861722 > .col-inner {\n  margin: 0px 0px 0px 0px;\n}\n<\/style>\n\t<\/div>\n\n\t\n<\/div>","protected":false},"excerpt":{"rendered":"","protected":false},"author":10,"featured_media":0,"parent":0,"menu_order":0,"comment_status":"closed","ping_status":"closed","template":"page-blank.php","meta":{"footnotes":""},"class_list":["post-34","page","type-page","status-publish","hentry"],"_links":{"self":[{"href":"https:\/\/steelsupplydirect.com\/tr\/wp-json\/wp\/v2\/pages\/34","targetHints":{"allow":["GET"]}}],"collection":[{"href":"https:\/\/steelsupplydirect.com\/tr\/wp-json\/wp\/v2\/pages"}],"about":[{"href":"https:\/\/steelsupplydirect.com\/tr\/wp-json\/wp\/v2\/types\/page"}],"author":[{"embeddable":true,"href":"https:\/\/steelsupplydirect.com\/tr\/wp-json\/wp\/v2\/users\/10"}],"replies":[{"embeddable":true,"href":"https:\/\/steelsupplydirect.com\/tr\/wp-json\/wp\/v2\/comments?post=34"}],"version-history":[{"count":71,"href":"https:\/\/steelsupplydirect.com\/tr\/wp-json\/wp\/v2\/pages\/34\/revisions"}],"predecessor-version":[{"id":3633,"href":"https:\/\/steelsupplydirect.com\/tr\/wp-json\/wp\/v2\/pages\/34\/revisions\/3633"}],"wp:attachment":[{"href":"https:\/\/steelsupplydirect.com\/tr\/wp-json\/wp\/v2\/media?parent=34"}],"curies":[{"name":"wp","href":"https:\/\/api.w.org\/{rel}","templated":true}]}}