{"id":36,"date":"2020-02-07T07:02:50","date_gmt":"2020-02-07T07:02:50","guid":{"rendered":"https:\/\/f.seowaimao.com\/?page_id=36"},"modified":"2025-12-16T08:46:41","modified_gmt":"2025-12-16T00:46:41","slug":"iletisim","status":"publish","type":"page","link":"https:\/\/steelsupplydirect.com\/tr\/iletisim","title":{"rendered":"\u0130leti\u015fim"},"content":{"rendered":"<div class=\"banner has-hover\" id=\"banner-2088710671\">\n          <div class=\"banner-inner fill\">\n        <div class=\"banner-bg fill\" >\n            <img loading=\"lazy\" decoding=\"async\" width=\"1920\" height=\"480\" src=\"https:\/\/steelsupplydirect.com\/wp-content\/uploads\/2023\/07\/banner_2-480_stainless_steel.webp\" class=\"bg attachment-original size-original\" alt=\"banner_2_480_paslanmaz_\u00e7elik\" \/>                                    \n                    <\/div>\n\t\t\n        <div class=\"banner-layers container\">\n            <div class=\"fill banner-link\"><\/div>            \n   <div id=\"text-box-1368179340\" class=\"text-box banner-layer x5 md-x5 lg-x10 y50 md-y50 lg-y30 res-text\">\n                                <div class=\"text-box-content text dark\">\n              \n              <div class=\"text-inner text-center\">\n                  \n\t<div id=\"text-198060039\" class=\"text\">\n\t\t\n<h2>Bizimle \u0130leti\u015fime Ge\u00e7in<\/h2>\n\t\t\n<style>\n#text-198060039 {\n  font-size: 1rem;\n  text-align: center;\n}\n@media (min-width:550px) {\n  #text-198060039 {\n    font-size: 1rem;\n  }\n}\n@media (min-width:850px) {\n  #text-198060039 {\n    font-size: 1.2rem;\n  }\n}\n<\/style>\n\t<\/div>\n\t\n              <\/div>\n           <\/div>\n                            \n<style>\n#text-box-1368179340 {\n  width: 86%;\n}\n#text-box-1368179340 .text-box-content {\n  font-size: 100%;\n}\n@media (min-width:550px) {\n  #text-box-1368179340 {\n    width: 77%;\n  }\n}\n@media (min-width:850px) {\n  #text-box-1368179340 {\n    width: 51%;\n  }\n}\n<\/style>\n    <\/div>\n \n        <\/div>\n      <\/div>\n\n            \n<style>\n#banner-2088710671 {\n  padding-top: 38%;\n}\n#banner-2088710671 .banner-bg img {\n  object-position: 59% 63%;\n}\n@media (min-width:550px) {\n  #banner-2088710671 {\n    padding-top: 276px;\n  }\n}\n@media (min-width:850px) {\n  #banner-2088710671 {\n    padding-top: 20%;\n  }\n}\n<\/style>\n  <\/div>\n\n\n\n\t<section class=\"section\" id=\"section_2082282743\">\n\t\t<div class=\"section-bg fill\" >\n\t\t\t\t\t\t\t\t\t\n\t\t\t\n\n\t\t<\/div>\n\n\t\t\n\n\t\t<div class=\"section-content relative\">\n\t\t\t\n\t<div id=\"gap-2027398178\" class=\"gap-element clearfix\" style=\"display:block; height:auto;\">\n\t\t\n<style>\n#gap-2027398178 {\n  padding-top: 14px;\n}\n@media (min-width:550px) {\n  #gap-2027398178 {\n    padding-top: 62px;\n  }\n}\n<\/style>\n\t<\/div>\n\t\n<div class=\"row\"  id=\"row-335861458\">\n\n\t<div id=\"col-48939326\" class=\"col small-12 large-12\"  >\n\t\t\t\t<div class=\"col-inner\"  >\n\t\t\t\n\t\t\t\n\t\t<\/div>\n\t\t\t\t\t<\/div>\n\n\t\n<\/div>\n<div class=\"row\"  id=\"row-1403551445\">\n\n\t<div id=\"col-1306281166\" class=\"col medium-4 small-12 large-4\"  data-animate=\"fadeInUp\">\n\t\t\t\t<div class=\"col-inner\" style=\"background-color:rgb(240, 240, 240);\" >\n\t\t\t\n\t\t\t\n\n\t\t<div class=\"icon-box featured-box icon-box-center text-center\"  >\n\t\t\t\t\t<div class=\"icon-box-img\" style=\"width: 60px\">\n\t\t\t\t<div class=\"icon\">\n\t\t\t\t\t<div class=\"icon-inner\" >\n\t\t\t\t\t\t<img loading=\"lazy\" decoding=\"async\" width=\"300\" height=\"300\" src=\"https:\/\/steelsupplydirect.com\/wp-content\/uploads\/2023\/07\/home_address-300x300.webp\" class=\"attachment-medium size-medium\" alt=\"\" srcset=\"https:\/\/steelsupplydirect.com\/wp-content\/uploads\/2023\/07\/home_address-300x300.webp 300w, https:\/\/steelsupplydirect.com\/wp-content\/uploads\/2023\/07\/home_address-500x500.webp 500w, https:\/\/steelsupplydirect.com\/wp-content\/uploads\/2023\/07\/home_address-100x100.webp 100w, https:\/\/steelsupplydirect.com\/wp-content\/uploads\/2023\/07\/home_address-80x80.webp 80w, https:\/\/steelsupplydirect.com\/wp-content\/uploads\/2023\/07\/home_address-510x510.webp 510w, https:\/\/steelsupplydirect.com\/wp-content\/uploads\/2023\/07\/home_address.webp 512w\" sizes=\"auto, (max-width: 300px) 100vw, 300px\" \/>\t\t\t\t\t<\/div>\n\t\t\t\t<\/div>\n\t\t\t<\/div>\n\t\t\t\t<div class=\"icon-box-text last-reset\">\n\t\t\t\t\t\t\t\t\t\n<h3><a href=\"https:\/\/maps.app.goo.gl\/P4gtsxtqwLjmvoKS7\" rel=\"nofollow noopener\" target=\"_blank\"><u>Adres<\/u><\/a><\/h3>\n<p>506, Sunuo \u015eehri Bat\u0131 Kulesi, Huaiyin B\u00f6lgesi, Jinan<\/p>\n\t\t<\/div>\n\t<\/div>\n\t\n\t\n\t\t<\/div>\n\t\t\t\t\n<style>\n#col-1306281166 > .col-inner {\n  padding: 10px 10px 10px 10px;\n  border-radius: 8px;\n}\n@media (min-width:550px) {\n  #col-1306281166 > .col-inner {\n    padding: 10px 10px 25px 10px;\n  }\n}\n@media (min-width:850px) {\n  #col-1306281166 > .col-inner {\n    padding: 50px 20px 80px 20px;\n  }\n}\n<\/style>\n\t<\/div>\n\n\t\n\n\t<div id=\"col-1307014059\" class=\"col medium-4 small-12 large-4\"  data-animate=\"fadeInDown\">\n\t\t\t\t<div class=\"col-inner\" style=\"background-color:rgb(240, 240, 240);\" >\n\t\t\t\n\t\t\t\n\n\t\t<div class=\"icon-box featured-box icon-box-center text-center\"  >\n\t\t\t\t\t<div class=\"icon-box-img\" style=\"width: 60px\">\n\t\t\t\t<div class=\"icon\">\n\t\t\t\t\t<div class=\"icon-inner\" >\n\t\t\t\t\t\t<img loading=\"lazy\" decoding=\"async\" width=\"300\" height=\"300\" src=\"https:\/\/steelsupplydirect.com\/wp-content\/uploads\/2023\/07\/email-300x300.webp\" class=\"attachment-medium size-medium\" alt=\"\" srcset=\"https:\/\/steelsupplydirect.com\/wp-content\/uploads\/2023\/07\/email-300x300.webp 300w, https:\/\/steelsupplydirect.com\/wp-content\/uploads\/2023\/07\/email-500x500.webp 500w, https:\/\/steelsupplydirect.com\/wp-content\/uploads\/2023\/07\/email-100x100.webp 100w, https:\/\/steelsupplydirect.com\/wp-content\/uploads\/2023\/07\/email-80x80.webp 80w, https:\/\/steelsupplydirect.com\/wp-content\/uploads\/2023\/07\/email-510x510.webp 510w, https:\/\/steelsupplydirect.com\/wp-content\/uploads\/2023\/07\/email.webp 512w\" sizes=\"auto, (max-width: 300px) 100vw, 300px\" \/>\t\t\t\t\t<\/div>\n\t\t\t\t<\/div>\n\t\t\t<\/div>\n\t\t\t\t<div class=\"icon-box-text last-reset\">\n\t\t\t\t\t\t\t\t\t\n<h3><u><a href=\"mailto:admin@steelsupplydirect.com\" target=\"_blank\" rel=\"noopener\">E-posta<\/a><\/u><\/h3>\n<p>admin@steelsupplydirect.com<\/p>\n\t\t<\/div>\n\t<\/div>\n\t\n\t\n\t\t<\/div>\n\t\t\t\t\n<style>\n#col-1307014059 > .col-inner {\n  padding: 10px 10px 10px 10px;\n  border-radius: 8px;\n}\n@media (min-width:550px) {\n  #col-1307014059 > .col-inner {\n    padding: 10px 10px 50px 10px;\n  }\n}\n@media (min-width:850px) {\n  #col-1307014059 > .col-inner {\n    padding: 50px 20px 80px 20px;\n  }\n}\n<\/style>\n\t<\/div>\n\n\t\n\n\t<div id=\"col-467483396\" class=\"col medium-4 small-12 large-4\"  data-animate=\"fadeInUp\">\n\t\t\t\t<div class=\"col-inner text-center\" style=\"background-color:rgb(240, 240, 240);\" >\n\t\t\t\n\t\t\t\n\n\t\t<div class=\"icon-box featured-box icon-box-center text-center\"  >\n\t\t\t\t\t<div class=\"icon-box-img\" style=\"width: 60px\">\n\t\t\t\t<div class=\"icon\">\n\t\t\t\t\t<div class=\"icon-inner\" >\n\t\t\t\t\t\t<img loading=\"lazy\" decoding=\"async\" width=\"300\" height=\"300\" src=\"https:\/\/steelsupplydirect.com\/wp-content\/uploads\/2023\/07\/telephone-300x300.webp\" class=\"attachment-medium size-medium\" alt=\"\" srcset=\"https:\/\/steelsupplydirect.com\/wp-content\/uploads\/2023\/07\/telephone-300x300.webp 300w, https:\/\/steelsupplydirect.com\/wp-content\/uploads\/2023\/07\/telephone-500x500.webp 500w, https:\/\/steelsupplydirect.com\/wp-content\/uploads\/2023\/07\/telephone-100x100.webp 100w, https:\/\/steelsupplydirect.com\/wp-content\/uploads\/2023\/07\/telephone-80x80.webp 80w, https:\/\/steelsupplydirect.com\/wp-content\/uploads\/2023\/07\/telephone-510x510.webp 510w, https:\/\/steelsupplydirect.com\/wp-content\/uploads\/2023\/07\/telephone.webp 512w\" sizes=\"auto, (max-width: 300px) 100vw, 300px\" \/>\t\t\t\t\t<\/div>\n\t\t\t\t<\/div>\n\t\t\t<\/div>\n\t\t\t\t<div class=\"icon-box-text last-reset\">\n\t\t\t\t\t\t\t\t\t\n<h3>Telefon<\/h3>\n<p>8613500001111<br \/><u><a href=\"https:\/\/api.whatsapp.com\/send\/?phone=8613500001111&amp;text&amp;type=phone_number&amp;app_absent=0\" target=\"_blank\" rel=\"noopener nofollow\"><strong>(WhatsApp)<\/strong><\/a><\/u><\/p>\n\t\t<\/div>\n\t<\/div>\n\t\n\t\n\t\t<\/div>\n\t\t\t\t\n<style>\n#col-467483396 > .col-inner {\n  padding: 10px 10px 10px 10px;\n  border-radius: 8px;\n}\n@media (min-width:550px) {\n  #col-467483396 > .col-inner {\n    padding: 10px 10px 50px 10px;\n  }\n}\n@media (min-width:850px) {\n  #col-467483396 > .col-inner {\n    padding: 50px 20px 55px 20px;\n  }\n}\n<\/style>\n\t<\/div>\n\n\t\n<\/div>\n\t<div id=\"gap-1564757533\" class=\"gap-element clearfix\" style=\"display:block; height:auto;\">\n\t\t\n<style>\n#gap-1564757533 {\n  padding-top: 30px;\n}\n<\/style>\n\t<\/div>\n\t\n<div class=\"row\"  id=\"row-722736331\">\n\n\t<div id=\"col-1723176900\" class=\"col medium-6 small-12 large-6 small-col-first\"  data-animate=\"fadeInDown\">\n\t\t\t\t<div class=\"col-inner\"  >\n\t\t\t\n\t\t\t\n\n<div class=\"wpcf7 no-js\" id=\"wpcf7-f9-o1\" lang=\"en-US\" dir=\"ltr\">\n<div class=\"screen-reader-response\"><p role=\"status\" aria-live=\"polite\" aria-atomic=\"true\"><\/p> <ul><\/ul><\/div>\n<form action=\"\/tr\/wp-json\/wp\/v2\/pages\/36#wpcf7-f9-o1\" method=\"post\" class=\"wpcf7-form init\" aria-label=\"\u0130leti\u015fim formu\" novalidate=\"novalidate\" data-status=\"init\" data-trp-original-action=\"\/tr\/wp-json\/wp\/v2\/pages\/36#wpcf7-f9-o1\">\n<div style=\"display: none;\">\n<input type=\"hidden\" name=\"_wpcf7\" value=\"9\" \/>\n<input type=\"hidden\" name=\"_wpcf7_version\" value=\"5.8.1\" \/>\n<input type=\"hidden\" name=\"_wpcf7_locale\" value=\"en_US\" \/>\n<input type=\"hidden\" name=\"_wpcf7_unit_tag\" value=\"wpcf7-f9-o1\" \/>\n<input type=\"hidden\" name=\"_wpcf7_container_post\" value=\"0\" \/>\n<input type=\"hidden\" name=\"_wpcf7_posted_data_hash\" value=\"\" \/>\n<\/div>\n<div class=\"row\">\n\t<div class=\"col medium-6 small-12 large-6\">\n\t\t<div class=\"col-inner\">\n\t\t\t<p><label>\u0130sim *<br \/>\n<span class=\"wpcf7-form-control-wrap\" data-name=\"your-name\"><input size=\"40\" class=\"wpcf7-form-control wpcf7-text wpcf7-validates-as-required\" aria-required=\"true\" aria-invalid=\"false\" value=\"\" type=\"text\" name=\"your-name\" \/><\/span> <\/label>\n\t\t\t<\/p>\n\t\t<\/div>\n\t<\/div>\n\t<div class=\"col medium-6 small-12 large-6\">\n\t\t<div class=\"col-inner\">\n\t\t\t<p><label>\u00dclke *<br \/>\n<span class=\"wpcf7-form-control-wrap\" data-name=\"your-country\"><input size=\"40\" class=\"wpcf7-form-control wpcf7-text wpcf7-validates-as-required\" aria-required=\"true\" aria-invalid=\"false\" value=\"\" type=\"text\" name=\"your-country\" \/><\/span> <\/label>\n\t\t\t<\/p>\n\t\t<\/div>\n\t<\/div>\n<\/div>\n<div class=\"row\">\n\t<div class=\"col medium-6 small-12 large-6\">\n\t\t<div class=\"col-inner\">\n\t\t\t<p><label>Tel\/Whatsapp\/Wechat *<br \/>\n<span class=\"wpcf7-form-control-wrap\" data-name=\"your-phone\"><input size=\"40\" class=\"wpcf7-form-control wpcf7-text wpcf7-validates-as-required\" aria-required=\"true\" aria-invalid=\"false\" value=\"\" type=\"text\" name=\"your-phone\" \/><\/span> <\/label>\n\t\t\t<\/p>\n\t\t<\/div>\n\t<\/div>\n\t<div class=\"col medium-6 small-12 large-6\">\n\t\t<div class=\"col-inner\">\n\t\t\t<p><label>E-posta *<br \/>\n<span class=\"wpcf7-form-control-wrap\" data-name=\"your-email\"><input size=\"40\" class=\"wpcf7-form-control wpcf7-email wpcf7-validates-as-required wpcf7-text wpcf7-validates-as-email\" aria-required=\"true\" aria-invalid=\"false\" value=\"\" type=\"email\" name=\"your-email\" \/><\/span> <\/label>\n\t\t\t<\/p>\n\t\t<\/div>\n\t<\/div>\n<\/div>\n<div class=\"row\">\n\t<div class=\"col medium-6 small-12 large-6\">\n\t\t<div class=\"col-inner\">\n\t\t\t<p><label>\u00c7elik Tip<br \/>\n<span class=\"wpcf7-form-control-wrap\" data-name=\"SteelPipe\"><select class=\"wpcf7-form-control wpcf7-select\" aria-invalid=\"false\" name=\"SteelPipe\"><option value=\"Steel Pipe\">\u00c7elik Boru<\/option><option value=\"Steel Plate\">\u00c7elik Levha<\/option><option value=\"Steel Coil\">\u00c7elik Rulo<\/option><option value=\"Steel Bar\">\u00c7elik \u00c7ubuk<\/option><option value=\"Corrugated Sheet\">Oluklu Levha<\/option><option value=\"Other\">Di\u011fer<\/option><\/select><\/span><\/label>\n\t\t\t<\/p>\n\t\t<\/div>\n\t<\/div>\n\t<div class=\"col medium-6 small-12 large-6\">\n\t\t<div class=\"col-inner\">\n\t\t\t<p><label>Fiyat<br \/>\n<span class=\"wpcf7-form-control-wrap\" data-name=\"CIF\"><select class=\"wpcf7-form-control wpcf7-select\" aria-invalid=\"false\" name=\"CIF\"><option value=\"CIF\">CIF<\/option><option value=\"FOB\">FOB<\/option><option value=\"Other\">Di\u011fer<\/option><\/select><\/span><\/label>\n\t\t\t<\/p>\n\t\t<\/div>\n\t<\/div>\n<\/div>\n<div class=\"row\">\n\t<div class=\"col medium-6 small-12 large-6\">\n\t\t<div class=\"col-inner\">\n\t\t\t<p><label>Boyutlar<br \/>\n<span class=\"wpcf7-form-control-wrap\" data-name=\"sizes\"><input size=\"40\" class=\"wpcf7-form-control wpcf7-text\" aria-invalid=\"false\" value=\"\" type=\"text\" name=\"sizes\" \/><\/span> <\/label>\n\t\t\t<\/p>\n\t\t<\/div>\n\t<\/div>\n\t<div class=\"col medium-6 small-12 large-6\">\n\t\t<div class=\"col-inner\">\n\t\t\t<p><label>Miktar<br \/>\n<span class=\"wpcf7-form-control-wrap\" data-name=\"quantity\"><input size=\"40\" class=\"wpcf7-form-control wpcf7-text\" aria-invalid=\"false\" value=\"\" type=\"text\" name=\"quantity\" \/><\/span> <\/label>\n\t\t\t<\/p>\n\t\t<\/div>\n\t<\/div>\n<\/div>\n<p><label> Not<br \/>\n<span class=\"wpcf7-form-control-wrap\" data-name=\"your-message\"><textarea cols=\"40\" rows=\"10\" class=\"wpcf7-form-control wpcf7-textarea\" aria-invalid=\"false\" name=\"your-message\"><\/textarea><\/span> <\/label>\n<\/p>\n<div style=\"display:none\">\n\t<p><span class=\"wpcf7-form-control-wrap form-url\" data-name=\"form-url\"><input type=\"text\" name=\"form-url\" size=\"40\" class=\"wpcf7-form-control wpcf7-text wpcf7dtx wpcf7dtx-text\" aria-invalid=\"false\" value=\"https:\/\/steelsupplydirect.com\/tr\/tr\/wp-json\/wp\/v2\/pages\/36\" autocomplete=\"off\" \/><\/span>\n\t<\/p>\n<\/div>\n<div style=\"margin-bottom:10px;\">\n\t<p><span class=\"wpcf7-form-control-wrap kc_captcha\" data-name=\"kc_captcha\"><span class=\"wpcf7-form-control wpcf7-radio\"><span class=\"captcha-image\" ><span class=\"cf7ic_instructions\">L\u00fctfen insan oldu\u011funuzu kan\u0131tlamak i\u00e7in<span> u\u00e7ak<\/span>.<\/span><label><input type=\"radio\" name=\"kc_captcha\" value=\"bot\" \/><svg width=\"50\" height=\"50\" aria-hidden=\"true\" role=\"img\" xmlns=\"http:\/\/www.w3.org\/2000\/svg\" viewbox=\"0 0 576 512\"><path fill=\"currentColor\" d=\"M259 18l-65 132-146 22c-26 3-37 36-18 54l106 103-25 146c-5 26 23 46 46 33l131-68 131 68c23 13 51-7 46-33l-25-146 106-103c19-18 8-51-18-54l-146-22-65-132a32 32 0 00-58 0z\"\/><\/svg><\/label><label><input type=\"radio\" name=\"kc_captcha\" value=\"bot\" \/><svg width=\"50\" height=\"50\" aria-hidden=\"true\" role=\"img\" xmlns=\"http:\/\/www.w3.org\/2000\/svg\" viewbox=\"0 0 512 512\"><path fill=\"currentColor\" d=\"M350 99c-54 0-98-35-166-35-25 0-47 4-68 12a56 56 0 004-24C118 24 95 1 66 0a56 56 0 00-34 102v386c0 13 11 24 24 24h16c13 0 24-11 24-24v-94c28-12 64-23 114-23 54 0 98 35 166 35 48 0 86-16 122-41 9-6 14-15 14-26V96c0-23-24-39-45-29-35 16-77 32-117 32z\"\/><\/svg><\/label><label><input type=\"radio\" name=\"kc_captcha\" value=\"kc_human\" \/><svg width=\"50\" height=\"50\" aria-hidden=\"true\" role=\"img\" xmlns=\"http:\/\/www.w3.org\/2000\/svg\" viewbox=\"0 0 576 512\"><path fill=\"currentColor\" d=\"M472 200H360L256 6a12 12 0 00-10-6h-58c-8 0-14 7-12 15l34 185H100l-35-58a12 12 0 00-10-6H12c-8 0-13 7-12 14l21 106L0 362c-1 7 4 14 12 14h43c4 0 8-2 10-6l35-58h110l-34 185c-2 8 4 15 12 15h58a12 12 0 0010-6l104-194h112c57 0 104-25 104-56s-47-56-104-56z\"\/><\/svg><\/label>\r\n    <\/span>\r\n    <span style=\"display:none\">\r\n        <input type=\"text\" name=\"kc_honeypot\">\r\n    <\/span><\/span><\/span>\n\t<\/p>\n<\/div>\n<p><input class=\"wpcf7-form-control wpcf7-submit has-spinner\" type=\"submit\" value=\"G\u00f6nder\" \/>\n<\/p><div class=\"wpcf7-response-output\" aria-hidden=\"true\"><\/div>\n<input type=\"hidden\" name=\"trp-form-language\" value=\"tr\"\/><\/form>\n<\/div>\n\n\t\t<\/div>\n\t\t\t\t\n<style>\n#col-1723176900 > .col-inner {\n  padding: 0px 0px 0px 0px;\n}\n@media (min-width:850px) {\n  #col-1723176900 > .col-inner {\n    padding: 0px 0px 0px 40px;\n  }\n}\n<\/style>\n\t<\/div>\n\n\t\n<\/div>\n\t\t<\/div>\n\n\t\t\n<style>\n#section_2082282743 {\n  padding-top: 18px;\n  padding-bottom: 18px;\n}\n@media (min-width:550px) {\n  #section_2082282743 {\n    padding-top: 0px;\n    padding-bottom: 0px;\n  }\n}\n<\/style>\n\t<\/section>","protected":false},"excerpt":{"rendered":"","protected":false},"author":10,"featured_media":0,"parent":0,"menu_order":0,"comment_status":"closed","ping_status":"closed","template":"page-blank.php","meta":{"footnotes":""},"class_list":["post-36","page","type-page","status-publish","hentry"],"_links":{"self":[{"href":"https:\/\/steelsupplydirect.com\/tr\/wp-json\/wp\/v2\/pages\/36","targetHints":{"allow":["GET"]}}],"collection":[{"href":"https:\/\/steelsupplydirect.com\/tr\/wp-json\/wp\/v2\/pages"}],"about":[{"href":"https:\/\/steelsupplydirect.com\/tr\/wp-json\/wp\/v2\/types\/page"}],"author":[{"embeddable":true,"href":"https:\/\/steelsupplydirect.com\/tr\/wp-json\/wp\/v2\/users\/10"}],"replies":[{"embeddable":true,"href":"https:\/\/steelsupplydirect.com\/tr\/wp-json\/wp\/v2\/comments?post=36"}],"version-history":[{"count":45,"href":"https:\/\/steelsupplydirect.com\/tr\/wp-json\/wp\/v2\/pages\/36\/revisions"}],"predecessor-version":[{"id":4551,"href":"https:\/\/steelsupplydirect.com\/tr\/wp-json\/wp\/v2\/pages\/36\/revisions\/4551"}],"wp:attachment":[{"href":"https:\/\/steelsupplydirect.com\/tr\/wp-json\/wp\/v2\/media?parent=36"}],"curies":[{"name":"wp","href":"https:\/\/api.w.org\/{rel}","templated":true}]}}