{"id":38,"date":"2020-02-07T07:03:33","date_gmt":"2020-02-07T07:03:33","guid":{"rendered":"https:\/\/f.seowaimao.com\/?page_id=38"},"modified":"2023-09-28T10:26:41","modified_gmt":"2023-09-28T02:26:41","slug":"sss","status":"publish","type":"page","link":"https:\/\/steelsupplydirect.com\/tr\/sss","title":{"rendered":"SSS"},"content":{"rendered":"<div class=\"banner has-hover\" id=\"banner-1041819058\">\n          <div class=\"banner-inner fill\">\n        <div class=\"banner-bg fill\" >\n            <img loading=\"lazy\" decoding=\"async\" width=\"1899\" height=\"904\" src=\"https:\/\/steelsupplydirect.com\/wp-content\/uploads\/2023\/09\/packcoil.webp\" class=\"bg attachment-original size-original\" alt=\"\" \/>                                    \n                    <\/div>\n\t\t\n        <div class=\"banner-layers container\">\n            <div class=\"fill banner-link\"><\/div>            \n   <div id=\"text-box-770343649\" class=\"text-box banner-layer x10 md-x10 lg-x10 y25 md-y25 lg-y25 res-text\">\n                                <div class=\"text-box-content text dark\">\n              \n              <div class=\"text-inner text-center\">\n                  \n\t<div id=\"text-2774340565\" class=\"text\">\n\t\t\n<h1>SSS<\/h1>\n<p>SteelSupplyDirect<br \/>\n\t\t\n<style>\n#text-2774340565 {\n  text-align: left;\n}\n<\/style>\n\t<\/div>\n\t\n              <\/div>\n           <\/div>\n                            \n<style>\n#text-box-770343649 {\n  width: 53%;\n}\n#text-box-770343649 .text-box-content {\n  font-size: 100%;\n}\n@media (min-width:850px) {\n  #text-box-770343649 {\n    width: 31%;\n  }\n}\n<\/style>\n    <\/div>\n \n        <\/div>\n      <\/div>\n\n            \n<style>\n#banner-1041819058 {\n  padding-top: 28%;\n  background-color: rgb(255, 255, 255);\n}\n#banner-1041819058 .banner-bg img {\n  object-position: 100% 34%;\n}\n<\/style>\n  <\/div>\n\n\n<div class=\"row align-center\" style=\"max-width:1500px\" id=\"row-655602715\">\n\n\t<div id=\"col-1534836787\" class=\"col medium-3 small-12 large-3\"  >\n\t\t\t\t<div class=\"col-inner\"  >\n\t\t\t\n\t\t\t\n<ul class=\"sidebar-wrapper ul-reset\"><aside id=\"woocommerce_product_categories-5\" class=\"widget woocommerce widget_product_categories\"><span class=\"widget-title\"><span>\u00dcr\u00fcn Kategorileri<\/span><\/span><div class=\"is-divider small\"><\/div><ul class=\"product-categories\"><li class=\"cat-item cat-item-65\"><a href=\"https:\/\/steelsupplydirect.com\/tr\/celik-tedariki\/insaat-demiri-karbon-celigi\">\u0130n\u015faat demiri<\/a><\/li>\n<li class=\"cat-item cat-item-66\"><a href=\"https:\/\/steelsupplydirect.com\/tr\/celik-tedariki\/oluklu-levha\">Oluklu Levha<\/a><\/li>\n<li class=\"cat-item cat-item-68\"><a href=\"https:\/\/steelsupplydirect.com\/tr\/celik-tedariki\/aluminyum-levha\">Al\u00fcminyum Levha<\/a><\/li>\n<li class=\"cat-item cat-item-69\"><a href=\"https:\/\/steelsupplydirect.com\/tr\/celik-tedariki\/aluminyum-bobinler\">Al\u00fcminyum Bobinler<\/a><\/li>\n<li class=\"cat-item cat-item-70\"><a href=\"https:\/\/steelsupplydirect.com\/tr\/celik-tedariki\/alumi%cc%87nyum-tup\">Al\u00fcminyum T\u00fcp<\/a><\/li>\n<li class=\"cat-item cat-item-71\"><a href=\"https:\/\/steelsupplydirect.com\/tr\/celik-tedariki\/aluminyum-cubuk\">Al\u00fcminyum \u00c7ubuk<\/a><\/li>\n<li class=\"cat-item cat-item-15 cat-parent\"><a href=\"https:\/\/steelsupplydirect.com\/tr\/celik-tedariki\/karbon-celigi\">Karbon \u00c7elik<\/a><ul class='children'>\n<li class=\"cat-item cat-item-39\"><a href=\"https:\/\/steelsupplydirect.com\/tr\/celik-tedariki\/karbon-celigi\/karbon-celi%cc%87k-bobi%cc%87n\">Karbon \u00c7elik Rulo<\/a><\/li>\n<li class=\"cat-item cat-item-40\"><a href=\"https:\/\/steelsupplydirect.com\/tr\/celik-tedariki\/karbon-celigi\/karbon-celi%cc%87k-levha\">Karbon \u00c7elik Levha<\/a><\/li>\n<li class=\"cat-item cat-item-41\"><a href=\"https:\/\/steelsupplydirect.com\/tr\/celik-tedariki\/karbon-celigi\/karbon-celi%cc%87k-boru\">Karbon \u00c7elik Boru<\/a><\/li>\n<li class=\"cat-item cat-item-42\"><a href=\"https:\/\/steelsupplydirect.com\/tr\/celik-tedariki\/karbon-celigi\/karbon-celi%cc%87k-cubuk\">Karbon \u00c7elik \u00c7ubuk<\/a><\/li>\n<\/ul>\n<\/li>\n<li class=\"cat-item cat-item-17 cat-parent\"><a href=\"https:\/\/steelsupplydirect.com\/tr\/celik-tedariki\/galvanizli-celik-ureticisi\">Galvanizli<\/a><ul class='children'>\n<li class=\"cat-item cat-item-43\"><a href=\"https:\/\/steelsupplydirect.com\/tr\/celik-tedariki\/galvanizli-celik-ureticisi\/galvanizli-celik-bobin-ureticisi\">Galvanizli \u00c7elik Rulo<\/a><\/li>\n<li class=\"cat-item cat-item-44\"><a href=\"https:\/\/steelsupplydirect.com\/tr\/celik-tedariki\/galvanizli-celik-ureticisi\/galvanizli-oluklu-celik\">Galvanizli Oluklu \u00c7elik<\/a><\/li>\n<li class=\"cat-item cat-item-45\"><a href=\"https:\/\/steelsupplydirect.com\/tr\/celik-tedariki\/galvanizli-celik-ureticisi\/galvanizli-celik-boru\">Galvanizli \u00c7elik Boru<\/a><\/li>\n<li class=\"cat-item cat-item-46\"><a href=\"https:\/\/steelsupplydirect.com\/tr\/celik-tedariki\/galvanizli-celik-ureticisi\/galvanizli-celik-sac\">Galvanizli \u00c7elik Sac<\/a><\/li>\n<li class=\"cat-item cat-item-47\"><a href=\"https:\/\/steelsupplydirect.com\/tr\/celik-tedariki\/galvanizli-celik-ureticisi\/ppgi-bobin\">PPGI Bobin<\/a><\/li>\n<li class=\"cat-item cat-item-48\"><a href=\"https:\/\/steelsupplydirect.com\/tr\/celik-tedariki\/galvanizli-celik-ureticisi\/ppgi-oluklu\">PPGI Oluklu Mukavva<\/a><\/li>\n<\/ul>\n<\/li>\n<li class=\"cat-item cat-item-18 cat-parent\"><a href=\"https:\/\/steelsupplydirect.com\/tr\/celik-tedariki\/celik-profil\">\u00c7elik Profil<\/a><ul class='children'>\n<li class=\"cat-item cat-item-49\"><a href=\"https:\/\/steelsupplydirect.com\/tr\/celik-tedariki\/celik-profil\/acili-celik\">A\u00e7\u0131l\u0131 \u00c7elik<\/a><\/li>\n<li class=\"cat-item cat-item-50\"><a href=\"https:\/\/steelsupplydirect.com\/tr\/celik-tedariki\/celik-profil\/kanal-celi%cc%87gi%cc%87\">Kanal \u00c7elik<\/a><\/li>\n<li class=\"cat-item cat-item-51\"><a href=\"https:\/\/steelsupplydirect.com\/tr\/celik-tedariki\/celik-profil\/h-isin\">H-kiri\u015f<\/a><\/li>\n<li class=\"cat-item cat-item-52\"><a href=\"https:\/\/steelsupplydirect.com\/tr\/celik-tedariki\/celik-profil\/i-isin\">I-kiri\u015f<\/a><\/li>\n<li class=\"cat-item cat-item-53\"><a href=\"https:\/\/steelsupplydirect.com\/tr\/celik-tedariki\/celik-profil\/celik-sac-kazik\">\u00c7elik Sac Kaz\u0131k<\/a><\/li>\n<\/ul>\n<\/li>\n<li class=\"cat-item cat-item-54 cat-parent\"><a href=\"https:\/\/steelsupplydirect.com\/tr\/celik-tedariki\/paslanmaz-celik\">Paslanmaz \u00c7elik<\/a><ul class='children'>\n<li class=\"cat-item cat-item-55\"><a href=\"https:\/\/steelsupplydirect.com\/tr\/celik-tedariki\/paslanmaz-celik\/paslanmaz-celi%cc%87k-bobi%cc%87n\">Paslanmaz \u00c7elik Bobin<\/a><\/li>\n<li class=\"cat-item cat-item-56\"><a href=\"https:\/\/steelsupplydirect.com\/tr\/celik-tedariki\/paslanmaz-celik\/paslanmaz-celi%cc%87k-levha\">Paslanmaz \u00c7elik Levha<\/a><\/li>\n<li class=\"cat-item cat-item-57\"><a href=\"https:\/\/steelsupplydirect.com\/tr\/celik-tedariki\/paslanmaz-celik\/paslanmaz-celi%cc%87k-boru\">Paslanmaz \u00c7elik Boru<\/a><\/li>\n<li class=\"cat-item cat-item-58\"><a href=\"https:\/\/steelsupplydirect.com\/tr\/celik-tedariki\/paslanmaz-celik\/paslanmaz-celi%cc%87k-cubuk\">Paslanmaz \u00c7elik \u00c7ubuk<\/a><\/li>\n<li class=\"cat-item cat-item-59\"><a href=\"https:\/\/steelsupplydirect.com\/tr\/celik-tedariki\/paslanmaz-celik\/paslanmaz-celi%cc%87k-oluklu\">Paslanmaz \u00c7elik Oluklu<\/a><\/li>\n<\/ul>\n<\/li>\n<\/ul><\/aside><\/ul>\n\t\t<\/div>\n\t\t\t\t\t<\/div>\n\n\t\n\n\t<div id=\"col-23879789\" class=\"col medium-8 small-12 large-8 small-col-first\"  >\n\t\t\t\t<div class=\"col-inner\"  >\n\t\t\t\n\t\t\t\n<h2>SSS<\/h2>\n<div class=\"accordion\">\n\t<div id=\"accordion-808470376\" class=\"accordion-item\">\n\t\t<a id=\"accordion-808470376-label\" class=\"accordion-title plain\" href=\"#accordion-item-1.-what-products-does-steelsupplydirect-provide?\" aria-expanded=\"false\" aria-controls=\"accordion-808470376-content\" >\n\t\t\t<button class=\"toggle\" aria-label=\"A\u00e7\/Kapat\"><i class=\"icon-angle-down\"><\/i><\/button>\n\t\t\t<span>1. SteelSupplyDirect hangi \u00fcr\u00fcnleri sa\u011fl\u0131yor?<\/span>\n\t\t<\/a>\n\t\t<div id=\"accordion-808470376-content\" class=\"accordion-inner\" aria-labelledby=\"accordion-808470376-label\" >\n\t\t\t\n<p>SteelSupplyDirect, s\u0131cak haddelenmi\u015f saclar ve rulolar, karbon \u00e7elik borular ve \u00e7ubuklar, a\u00e7\u0131l\u0131 \u00e7elik, so\u011fuk haddelenmi\u015f saclar ve rulolar ve galvanizli borular ve \u00e7ubuklar dahil olmak \u00fczere geni\u015f bir \u00e7elik \u00fcr\u00fcn yelpazesi sunar. <\/p>\n<p><strong><span style=\"color: #000000\"><a style=\"border-radius: 99px;color: #00\" href=\" \" data-fancybox=\"\" data-src=\"#hidden-CF7\">Fiyat teklifi al\u0131n &gt;&gt;&gt;<\/a><\/span><\/strong><\/p>\n\t\t<\/div>\n\t<\/div>\n\t\n\t<div id=\"accordion-4280032856\" class=\"accordion-item\">\n\t\t<a id=\"accordion-4280032856-label\" class=\"accordion-title plain\" href=\"#accordion-item-2.-what-industries-does-steelsupplydirect-cater-to?\" aria-expanded=\"false\" aria-controls=\"accordion-4280032856-content\" >\n\t\t\t<button class=\"toggle\" aria-label=\"A\u00e7\/Kapat\"><i class=\"icon-angle-down\"><\/i><\/button>\n\t\t\t<span>2. SteelSupplyDirect hangi sekt\u00f6rlere hitap ediyor?<\/span>\n\t\t<\/a>\n\t\t<div id=\"accordion-4280032856-content\" class=\"accordion-inner\" aria-labelledby=\"accordion-4280032856-label\" >\n\t\t\t\n<p>SteelSupplyDirect, d\u00fcnya \u00e7ap\u0131ndaki end\u00fcstrilerin \u00e7e\u015fitli ihtiya\u00e7lar\u0131n\u0131 kar\u015f\u0131lamaktad\u0131r. \u0130n\u015faat, imalat, altyap\u0131 geli\u015ftirme ve daha fazlas\u0131 gibi \u00e7e\u015fitli sekt\u00f6rlerdeki end\u00fcstrilere hizmet veriyoruz.<\/p>\n<p><strong><span style=\"color: #000000\"><a style=\"border-radius: 99px;color: #00\" href=\" \" data-fancybox=\"\" data-src=\"#hidden-CF7\">Fiyat teklifi al\u0131n &gt;&gt;&gt;<\/a><\/span><\/strong><\/p>\n\t\t<\/div>\n\t<\/div>\n\t\n\t<div id=\"accordion-1316321415\" class=\"accordion-item\">\n\t\t<a id=\"accordion-1316321415-label\" class=\"accordion-title plain\" href=\"#accordion-item-3.-how-long-has-steelsupplydirect-been-in-the-industry?\" aria-expanded=\"false\" aria-controls=\"accordion-1316321415-content\" >\n\t\t\t<button class=\"toggle\" aria-label=\"A\u00e7\/Kapat\"><i class=\"icon-angle-down\"><\/i><\/button>\n\t\t\t<span>3. SteelSupplyDirect ne kadar s\u00fcredir sekt\u00f6rde?<\/span>\n\t\t<\/a>\n\t\t<div id=\"accordion-1316321415-content\" class=\"accordion-inner\" aria-labelledby=\"accordion-1316321415-label\" >\n\t\t\t\n<p>SteelSupplyDirect onlarca y\u0131la yay\u0131lan zengin bir ge\u00e7mi\u015fe sahiptir. Uzun y\u0131llard\u0131r faaliyet g\u00f6steriyor ve m\u00fc\u015fterilerimize hizmet veriyoruz, \u00e7elik \u00fcretimi ve tedariki alan\u0131nda deneyim ve uzmanl\u0131k biriktiriyoruz.<\/p>\n<p><strong><span style=\"color: #000000\"><a style=\"border-radius: 99px;color: #00\" href=\" \" data-fancybox=\"\" data-src=\"#hidden-CF7\">Fiyat teklifi al\u0131n &gt;&gt;&gt;<\/a><\/span><\/strong><\/p>\n\t\t<\/div>\n\t<\/div>\n\t\n<\/div>\n<div class=\"accordion\">\n\t<div id=\"accordion-756064405\" class=\"accordion-item\">\n\t\t<a id=\"accordion-756064405-label\" class=\"accordion-title plain\" href=\"#accordion-item-4.-what-is-the-reputation-of-steelsupplydirect?\" aria-expanded=\"false\" aria-controls=\"accordion-756064405-content\" >\n\t\t\t<button class=\"toggle\" aria-label=\"A\u00e7\/Kapat\"><i class=\"icon-angle-down\"><\/i><\/button>\n\t\t\t<span>4. SteelSupplyDirect'in itibar\u0131 nedir?<\/span>\n\t\t<\/a>\n\t\t<div id=\"accordion-756064405-content\" class=\"accordion-inner\" aria-labelledby=\"accordion-756064405-label\" >\n\t\t\t\n<p>SteelSupplyDirect, \u00e7elik \u00fcr\u00fcnleri \u00fcretimi ve tedarikinde m\u00fckemmellik konusunda bir itibar kazanm\u0131\u015ft\u0131r. End\u00fcstri standartlar\u0131n\u0131 kar\u015f\u0131layan ve m\u00fc\u015fterilerimizin gereksinimlerini yerine getiren y\u00fcksek kaliteli \u00fcr\u00fcnler sunmam\u0131zla tan\u0131n\u0131yoruz.<\/p>\n<p><strong><span style=\"color: #000000\"><a style=\"border-radius: 99px;color: #00\" href=\" \" data-fancybox=\"\" data-src=\"#hidden-CF7\">Fiyat teklifi al\u0131n &gt;&gt;&gt;<\/a><\/span><\/strong><\/p>\n\t\t<\/div>\n\t<\/div>\n\t\n\t<div id=\"accordion-3563378462\" class=\"accordion-item\">\n\t\t<a id=\"accordion-3563378462-label\" class=\"accordion-title plain\" href=\"#accordion-item-5.-what-are-some-specific-products-offered-by-steelsupplydirect?\" aria-expanded=\"false\" aria-controls=\"accordion-3563378462-content\" >\n\t\t\t<button class=\"toggle\" aria-label=\"A\u00e7\/Kapat\"><i class=\"icon-angle-down\"><\/i><\/button>\n\t\t\t<span>5. SteelSupplyDirect taraf\u0131ndan sunulan baz\u0131 \u00f6zel \u00fcr\u00fcnler nelerdir?<\/span>\n\t\t<\/a>\n\t\t<div id=\"accordion-3563378462-content\" class=\"accordion-inner\" aria-labelledby=\"accordion-3563378462-label\" >\n\t\t\t\n<p>SteelSupplyDirect, s\u0131cak haddelenmi\u015f saclar, s\u0131cak haddelenmi\u015f rulolar, karbon \u00e7elik borular, karbon \u00e7elik \u00e7ubuklar, a\u00e7\u0131l\u0131 \u00e7elik, so\u011fuk haddelenmi\u015f saclar, so\u011fuk haddelenmi\u015f rulolar, galvanizli borular ve galvanizli \u00e7ubuklar dahil olmak \u00fczere geni\u015f bir \u00fcr\u00fcn yelpazesi sunar.<\/p>\n<p><strong><span style=\"color: #000000\"><a style=\"border-radius: 99px;color: #00\" href=\" \" data-fancybox=\"\" data-src=\"#hidden-CF7\">Fiyat teklifi al\u0131n &gt;&gt;&gt;<\/a><\/span><\/strong><\/p>\n\t\t<\/div>\n\t<\/div>\n\t\n<\/div>\n<div class=\"accordion\">\n\t<div id=\"accordion-59577908\" class=\"accordion-item\">\n\t\t<a id=\"accordion-59577908-label\" class=\"accordion-title plain\" href=\"#accordion-item-6.-what-are-the-benefits-of-using-steelsupplydirect-products?\" aria-expanded=\"false\" aria-controls=\"accordion-59577908-content\" >\n\t\t\t<button class=\"toggle\" aria-label=\"A\u00e7\/Kapat\"><i class=\"icon-angle-down\"><\/i><\/button>\n\t\t\t<span>6. SteelSupplyDirect \u00fcr\u00fcnlerini kullanman\u0131n faydalar\u0131 nelerdir?<\/span>\n\t\t<\/a>\n\t\t<div id=\"accordion-59577908-content\" class=\"accordion-inner\" aria-labelledby=\"accordion-59577908-label\" >\n\t\t\t\n<p>SteelSupplyDirect \u00fcr\u00fcnlerini kullanarak, m\u00fc\u015fterilerimiz \u00fcr\u00fcnlerimizin sundu\u011fu y\u00fcksek kaliteli malzemeler, dayan\u0131kl\u0131l\u0131k, g\u00fcvenilirlik ve \u00e7ok y\u00f6nl\u00fcl\u00fckten faydalanabilirler. \u00dcr\u00fcnlerimiz \u00e7e\u015fitli sekt\u00f6rlerin taleplerini kar\u015f\u0131lamak \u00fczere tasarlanm\u0131\u015ft\u0131r ve m\u00fckemmellik konusundaki itibar\u0131m\u0131zla desteklenmektedir.<\/p>\n<p><strong><span style=\"color: #000000\"><a style=\"border-radius: 99px;color: #00\" href=\" \" data-fancybox=\"\" data-src=\"#hidden-CF7\">Fiyat teklifi al\u0131n &gt;&gt;&gt;<\/a><\/span><\/strong><\/p>\n\t\t<\/div>\n\t<\/div>\n\t\n\t<div id=\"accordion-3034796089\" class=\"accordion-item\">\n\t\t<a id=\"accordion-3034796089-label\" class=\"accordion-title plain\" href=\"#accordion-item-7.-does-steelsupplydirect-ship-products-worldwide?\" aria-expanded=\"false\" aria-controls=\"accordion-3034796089-content\" >\n\t\t\t<button class=\"toggle\" aria-label=\"A\u00e7\/Kapat\"><i class=\"icon-angle-down\"><\/i><\/button>\n\t\t\t<span>7. SteelSupplyDirect d\u00fcnya \u00e7ap\u0131nda \u00fcr\u00fcn g\u00f6nderiyor mu?<\/span>\n\t\t<\/a>\n\t\t<div id=\"accordion-3034796089-content\" class=\"accordion-inner\" aria-labelledby=\"accordion-3034796089-label\" >\n\t\t\t\n<p>Evet, SteelSupplyDirect k\u00fcresel pazara hitap etmekte ve \u00fcr\u00fcnlerini d\u00fcnya \u00e7ap\u0131nda sevk etmektedir. \u00dcr\u00fcnlerimizin farkl\u0131 b\u00f6lgelerdeki m\u00fc\u015fterilere zaman\u0131nda teslim edilmesini sa\u011flamak i\u00e7in uluslararas\u0131 nakliye ve lojisti\u011fi idare etme yetene\u011fine sahibiz.<\/p>\n<p><strong><span style=\"color: #000000\"><a style=\"border-radius: 99px;color: #00\" href=\" \" data-fancybox=\"\" data-src=\"#hidden-CF7\">Fiyat teklifi al\u0131n &gt;&gt;&gt;<\/a><\/span><\/strong><\/p>\n\t\t<\/div>\n\t<\/div>\n\t\n\t<div id=\"accordion-1129841838\" class=\"accordion-item\">\n\t\t<a id=\"accordion-1129841838-label\" class=\"accordion-title plain\" href=\"#accordion-item-8.-can-steelsupplydirect-provide-customized-steel-products?\" aria-expanded=\"false\" aria-controls=\"accordion-1129841838-content\" >\n\t\t\t<button class=\"toggle\" aria-label=\"A\u00e7\/Kapat\"><i class=\"icon-angle-down\"><\/i><\/button>\n\t\t\t<span>8. SteelSupplyDirect \u00f6zelle\u015ftirilmi\u015f \u00e7elik \u00fcr\u00fcnler sa\u011flayabilir mi?<\/span>\n\t\t<\/a>\n\t\t<div id=\"accordion-1129841838-content\" class=\"accordion-inner\" aria-labelledby=\"accordion-1129841838-label\" >\n\t\t\t\n<p>es, SteelSupplyDirect m\u00fc\u015fterilerimizin \u00f6zel gereksinimlerine g\u00f6re uyarlanm\u0131\u015f \u00f6zelle\u015ftirilmi\u015f \u00e7elik \u00fcr\u00fcnler sa\u011flama yetene\u011fine sahiptir. Uzman ekibimiz, ihtiya\u00e7lar\u0131n\u0131 anlamak ve \u00f6zel \u00e7\u00f6z\u00fcmler sunmak i\u00e7in m\u00fc\u015fterilerle yak\u0131n bir \u015fekilde \u00e7al\u0131\u015fabilir.<\/p>\n<p><strong><span style=\"color: #000000\"><a style=\"border-radius: 99px;color: #00\" href=\" \" data-fancybox=\"\" data-src=\"#hidden-CF7\">Fiyat teklifi al\u0131n &gt;&gt;&gt;<\/a><\/span><\/strong><\/p>\n\t\t<\/div>\n\t<\/div>\n\t\n\t<div id=\"accordion-4222274021\" class=\"accordion-item\">\n\t\t<a id=\"accordion-4222274021-label\" class=\"accordion-title plain\" href=\"#accordion-item-9.-how-can-i-contact-steelsupplydirect-for-inquiries-or-orders?\" aria-expanded=\"false\" aria-controls=\"accordion-4222274021-content\" >\n\t\t\t<button class=\"toggle\" aria-label=\"A\u00e7\/Kapat\"><i class=\"icon-angle-down\"><\/i><\/button>\n\t\t\t<span>9. Sorular\u0131n\u0131z veya sipari\u015fleriniz i\u00e7in SteelSupplyDirect ile nas\u0131l ileti\u015fime ge\u00e7ebilirim?<\/span>\n\t\t<\/a>\n\t\t<div id=\"accordion-4222274021-content\" class=\"accordion-inner\" aria-labelledby=\"accordion-4222274021-label\" >\n\t\t\t\n<p>SteelSupplyDirect ile ileti\u015fime ge\u00e7mek i\u00e7in web sitemizi ziyaret edebilir ve ileti\u015fim bilgilerimizi bulabilirsiniz. Sorular\u0131, sipari\u015fleri ve ileti\u015fimi kolayla\u015ft\u0131rmak i\u00e7in e-posta adresleri, telefon numaralar\u0131 ve di\u011fer ilgili ayr\u0131nt\u0131lar\u0131 sa\u011flad\u0131k.<\/p>\n<p><strong><span style=\"color: #000000\"><a style=\"border-radius: 99px;color: #00\" href=\" \" data-fancybox=\"\" data-src=\"#hidden-CF7\">Fiyat teklifi al\u0131n &gt;&gt;&gt;<\/a><\/span><\/strong><\/p>\n\t\t<\/div>\n\t<\/div>\n\t\n<\/div>\n<div class=\"accordion\">\n\t<div id=\"accordion-3369552513\" class=\"accordion-item\">\n\t\t<a id=\"accordion-3369552513-label\" class=\"accordion-title plain\" href=\"#accordion-item-10.-does-steelsupplydirect-provide-technical-support-or-assistance?\" aria-expanded=\"false\" aria-controls=\"accordion-3369552513-content\" >\n\t\t\t<button class=\"toggle\" aria-label=\"A\u00e7\/Kapat\"><i class=\"icon-angle-down\"><\/i><\/button>\n\t\t\t<span>10. SteelSupplyDirect teknik destek veya yard\u0131m sa\u011fl\u0131yor mu?<\/span>\n\t\t<\/a>\n\t\t<div id=\"accordion-3369552513-content\" class=\"accordion-inner\" aria-labelledby=\"accordion-3369552513-label\" >\n\t\t\t\n<p>Evet, SteelSupplyDirect, \u00e7elik \u00fcr\u00fcnlerimizle ilgili olarak m\u00fc\u015fterilere yard\u0131m ve rehberlik sa\u011flayabilecek \u00f6zel bir teknik destek ekibine sahiptir. M\u00fc\u015fteri memnuniyetine \u00f6ncelik veriyoruz ve her t\u00fcrl\u00fc teknik soruyu veya endi\u015feyi ele almaya kararl\u0131y\u0131z.<\/p>\n<p><strong><span style=\"color: #000000\"><a style=\"border-radius: 99px;color: #00\" href=\" \" data-fancybox=\"\" data-src=\"#hidden-CF7\">Fiyat teklifi al\u0131n &gt;&gt;&gt;<\/a><\/span><\/strong><\/p>\n\t\t<\/div>\n\t<\/div>\n\t\n\t<div id=\"accordion-1408230130\" class=\"accordion-item\">\n\t\t<a id=\"accordion-1408230130-label\" class=\"accordion-title plain\" href=\"#accordion-item-11.-does-steelsupplydirect-offer-competitive-pricing-for-its-products?\" aria-expanded=\"false\" aria-controls=\"accordion-1408230130-content\" >\n\t\t\t<button class=\"toggle\" aria-label=\"A\u00e7\/Kapat\"><i class=\"icon-angle-down\"><\/i><\/button>\n\t\t\t<span>11. SteelSupplyDirect \u00fcr\u00fcnleri i\u00e7in rekabet\u00e7i fiyatlar sunuyor mu?<\/span>\n\t\t<\/a>\n\t\t<div id=\"accordion-1408230130-content\" class=\"accordion-inner\" aria-labelledby=\"accordion-1408230130-label\" >\n\t\t\t\n<p>SteelSupplyDirect, kalite, \u00fcretim maliyetleri, pazar e\u011filimleri ve m\u00fc\u015fteri gereksinimleri gibi fakt\u00f6rleri g\u00f6z \u00f6n\u00fcnde bulundurarak \u00e7elik \u00fcr\u00fcnleri i\u00e7in rekabet\u00e7i fiyatlar sunmaya \u00e7al\u0131\u015fmaktad\u0131r. \u00dcr\u00fcn kalitesinden \u00f6d\u00fcn vermeden uygun fiyatl\u0131 \u00e7\u00f6z\u00fcmler sunmay\u0131 ama\u00e7l\u0131yoruz.<\/p>\n<p><strong><span style=\"color: #000000\"><a style=\"border-radius: 99px;color: #00\" href=\" \" data-fancybox=\"\" data-src=\"#hidden-CF7\">Fiyat teklifi al\u0131n &gt;&gt;&gt;<\/a><\/span><\/strong><\/p>\n\t\t<\/div>\n\t<\/div>\n\t\n\t<div id=\"accordion-583609097\" class=\"accordion-item\">\n\t\t<a id=\"accordion-583609097-label\" class=\"accordion-title plain\" href=\"#accordion-item-12.-are-steelsupplydirect&#039;s-products-compliant-with-industry-standards?\" aria-expanded=\"false\" aria-controls=\"accordion-583609097-content\" >\n\t\t\t<button class=\"toggle\" aria-label=\"A\u00e7\/Kapat\"><i class=\"icon-angle-down\"><\/i><\/button>\n\t\t\t<span>12. SteelSupplyDirect'in \u00fcr\u00fcnleri end\u00fcstri standartlar\u0131 ile uyumlu mu?<\/span>\n\t\t<\/a>\n\t\t<div id=\"accordion-583609097-content\" class=\"accordion-inner\" aria-labelledby=\"accordion-583609097-label\" >\n\t\t\t\n<p>Evet, SteelSupplyDirect \u00fcr\u00fcnlerinin end\u00fcstri standartlar\u0131na ve y\u00f6netmeliklerine uygun olmas\u0131n\u0131 sa\u011flar. \u00dcr\u00fcn b\u00fct\u00fcnl\u00fc\u011f\u00fcn\u00fc korumak ve gerekli standartlar\u0131 kar\u015f\u0131lamak i\u00e7in s\u0131k\u0131 kalite kontrol s\u00fcre\u00e7lerine ba\u011fl\u0131 kal\u0131yoruz ve d\u00fczenli denetimlerden ge\u00e7iyoruz.<\/p>\n<p><strong><span style=\"color: #000000\"><a style=\"border-radius: 99px;color: #00\" href=\" \" data-fancybox=\"\" data-src=\"#hidden-CF7\">Fiyat teklifi al\u0131n &gt;&gt;&gt;<\/a><\/span><\/strong><\/p>\n\t\t<\/div>\n\t<\/div>\n\t\n<\/div>\n\t\t<\/div>\n\t\t\t\t\t<\/div>\n\n\t\n<\/div>","protected":false},"excerpt":{"rendered":"","protected":false},"author":10,"featured_media":0,"parent":0,"menu_order":0,"comment_status":"closed","ping_status":"closed","template":"page-blank.php","meta":{"footnotes":""},"class_list":["post-38","page","type-page","status-publish","hentry"],"_links":{"self":[{"href":"https:\/\/steelsupplydirect.com\/tr\/wp-json\/wp\/v2\/pages\/38","targetHints":{"allow":["GET"]}}],"collection":[{"href":"https:\/\/steelsupplydirect.com\/tr\/wp-json\/wp\/v2\/pages"}],"about":[{"href":"https:\/\/steelsupplydirect.com\/tr\/wp-json\/wp\/v2\/types\/page"}],"author":[{"embeddable":true,"href":"https:\/\/steelsupplydirect.com\/tr\/wp-json\/wp\/v2\/users\/10"}],"replies":[{"embeddable":true,"href":"https:\/\/steelsupplydirect.com\/tr\/wp-json\/wp\/v2\/comments?post=38"}],"version-history":[{"count":21,"href":"https:\/\/steelsupplydirect.com\/tr\/wp-json\/wp\/v2\/pages\/38\/revisions"}],"predecessor-version":[{"id":3563,"href":"https:\/\/steelsupplydirect.com\/tr\/wp-json\/wp\/v2\/pages\/38\/revisions\/3563"}],"wp:attachment":[{"href":"https:\/\/steelsupplydirect.com\/tr\/wp-json\/wp\/v2\/media?parent=38"}],"curies":[{"name":"wp","href":"https:\/\/api.w.org\/{rel}","templated":true}]}}