{"id":1783,"date":"2023-07-21T14:30:02","date_gmt":"2023-07-21T06:30:02","guid":{"rendered":"https:\/\/steelsupplydirect.com\/?post_type=product&#038;p=1783"},"modified":"2025-09-22T19:52:39","modified_gmt":"2025-09-22T11:52:39","slug":"sae1006-karbon-celik-levha","status":"publish","type":"product","link":"https:\/\/steelsupplydirect.com\/tr\/%c3%bcr%c3%bcn\/sae1006-karbon-celik-levha","title":{"rendered":"S\u0131cak Haddelenmi\u015f \u00c7elik Levha"},"content":{"rendered":"<div style=\"overflow: auto\">\n<table>\n<thead>\n<tr>\n<th>\u00dcr\u00fcn ad\u0131<\/th>\n<th>Karbon \u00c7elik Levha<\/th>\n<\/tr>\n<\/thead>\n<tbody>\n<tr>\n<td>S\u0131n\u0131f<\/td>\n<td>Q195\u3001Q215\u3001Q235\u3001Q255\u3001Q275\u3001Q345\u3001Q355\u3001SS400\u3001ST37\u3001ST52\u3001S235JR\u3001a36\u3001s235jr etc.<\/td>\n<\/tr>\n<tr>\n<td>Standart<\/td>\n<td>JIS, AISI, ASTM, GB, DIN, BS, BV, vb.<\/td>\n<\/tr>\n<tr>\n<td>Uzunluk<\/td>\n<td>4m-12m veya m\u00fc\u015fteri taraf\u0131ndan talep edildi\u011fi gibi<\/td>\n<\/tr>\n<tr>\n<td>Geni\u015flik<\/td>\n<td>50MM ~ 2200MM veya m\u00fc\u015fteri taraf\u0131ndan talep edildi\u011fi gibi<\/td>\n<\/tr>\n<tr>\n<td>Kal\u0131nl\u0131k<\/td>\n<td>0.2mm-3.0mm veya m\u00fc\u015fteri taraf\u0131ndan talep edildi\u011fi gibi<\/td>\n<\/tr>\n<tr>\n<td>Y\u00fczey i\u015fleme<\/td>\n<td>M\u00fc\u015fteri ihtiya\u00e7lar\u0131na g\u00f6re temizleme, kumlama, sprey boya<\/td>\n<\/tr>\n<tr>\n<td>Teknoloji<\/td>\n<td>S\u0131cak haddeleme, so\u011fuk haddeleme<\/td>\n<\/tr>\n<tr>\n<td>Uygulama<\/td>\n<td>Makine, metalurji makineleri, k\u00f6m\u00fcr end\u00fcstrisi, madencilik makineleri, \u00e7evre korumaMakine, besleyici, konteyner, damper g\u00f6vdesi, elek plakas\u0131, asans\u00f6r, \u00e7amurluk, di\u015fli, alet ve di\u011fer end\u00fcstrilerde yayg\u0131n olarak kullan\u0131l\u0131r<\/td>\n<\/tr>\n<tr>\n<td>Teslimat s\u00fcresi<\/td>\n<td>Avans\u0131n al\u0131nmas\u0131ndan 7 ila 15 g\u00fcn sonra<\/td>\n<\/tr>\n<\/tbody>\n<\/table>\n<\/div>\n<h2>B\u00f6l\u00fcm 1 \u00dcr\u00fcn A\u00e7\u0131klamas\u0131<\/h2>\n<p>Karbon \u00c7elik Sac, so\u011fuk haddelenmi\u015f ve s\u0131cak haddelenmi\u015f \u00e7elik saclara ayr\u0131l\u0131r ve yeniden kristalle\u015fme s\u0131cakl\u0131\u011f\u0131 ay\u0131rt edici noktad\u0131r. S\u0131cak haddelenmi\u015f sac\u0131n toklu\u011fu ve y\u00fczey d\u00fczg\u00fcnl\u00fc\u011f\u00fc zay\u0131ft\u0131r ve fiyat\u0131 d\u00fc\u015f\u00fckt\u00fcr, so\u011fuk haddelenmi\u015f sac ise iyi gerilebilirli\u011fe ve toklu\u011fa sahiptir, ancak fiyat\u0131 daha pahal\u0131d\u0131r. So\u011fuk haddelenmi\u015f sac so\u011fuk haddelenmi\u015ftir ve y\u00fczeyde oksit kabu\u011fu yoktur ve iyi kalitededir. S\u0131cak haddelenmi\u015f sac, s\u0131cak haddeleme ile i\u015flenir ve y\u00fczeyde bir oksit skalas\u0131 vard\u0131r ve sac\u0131n kal\u0131nl\u0131\u011f\u0131 zay\u0131ft\u0131r.<\/p>\n<p>Is\u0131l i\u015flemden sonra, s\u0131cak haddelenmi\u015f \u00e7elik levha y\u00fcksek sertli\u011fe ve iyi a\u015f\u0131nma direncine sahip olacakt\u0131r. Tavlanm\u0131\u015f durumda s\u0131cak haddelenmi\u015f \u00e7elik levhan\u0131n sertli\u011fi orta d\u00fczeydedir ve iyi i\u015flenebilirli\u011fe sahiptir. \u00c7elik levha kal\u0131nl\u0131\u011f\u0131na g\u00f6re, ince \u00e7elik levha &lt;4 mm (en ince 0,2 mm), orta kal\u0131nl\u0131kta \u00e7elik levha 4 ~ 60 mm, ekstra kal\u0131n \u00e7elik levha 60 ~ 115 mm. sac\u0131n geni\u015fli\u011fi 500 ~ 1500 mm; Kal\u0131nl\u0131\u011f\u0131n geni\u015fli\u011fi 600 ~ 3000 mm&#039;dir.<\/p>\n<h2>B\u00f6l\u00fcm 2 Karbon \u00e7elik levhan\u0131n avantajlar\u0131<\/h2>\n<p>1. Is\u0131l i\u015flemden sonra sertlik ve a\u015f\u0131nma direnci iyile\u015ftirilebilir.<br \/>\n2. Tavlama s\u0131ras\u0131nda sertlik uygundur ve kesme kabiliyeti iyidir.<br \/>\n3. Hammaddeleri \u00e7ok yayg\u0131nd\u0131r, bu nedenle bulunmas\u0131 kolayd\u0131r, bu nedenle \u00fcretim maliyeti y\u00fcksek de\u011fildir.<\/p>\n<p>Bir karbon \u00e7elik levha genellikle yumu\u015fak \u00e7elik olarak da adland\u0131r\u0131lan \u00e7ok fazla ala\u015f\u0131ml\u0131 \u00e7elik elementi i\u00e7ermeyen \u00e7elik olarak kabul edilir. Genel olarak elementler C, Mn, P, S, Si'dir, bunlar\u0131n yan\u0131 s\u0131ra Al, Cr, Ni, Mo, V vb. elementler i\u00e7in minimum s\u0131n\u0131rlar yoktur Karbon \u00e7elik plakalar, karbon i\u00e7eri\u011fine ve mukavemetine ba\u011fl\u0131 olarak farkl\u0131 s\u0131n\u0131flarda mevcuttur Karbon i\u00e7eri\u011fi artt\u0131k\u00e7a \u00e7elik plaka sertli\u011fi artar.<\/p>\n<h2>B\u00f6l\u00fcm 3 s\u0131n\u0131fland\u0131rma<\/h2>\n<h4>1. D\u00fc\u015f\u00fck karbonlu \u00e7elik levha<\/h4>\n<p>Karbon i\u00e7eri\u011fi 0.06% ila 0.25% i\u00e7in, buna yumu\u015fak \u00e7elik levha da diyoruz.<\/p>\n<h4>2. Orta karbonlu \u00e7elik levha<\/h4>\n<p>C i\u00e7eri\u011fi 0,25% ila 0,55% aras\u0131ndad\u0131r.<\/p>\n<h4>3. Y\u00fcksek karbonlu \u00e7elik levha<\/h4>\n<p>0.55% ila 1.0%, sert \u00e7elik levha olarak da adland\u0131r\u0131l\u0131r.<\/p>\n<p>D\u00fc\u015f\u00fck karbonlu \u00e7elik en yayg\u0131n formdur ve \u00e7ok yumu\u015fak ve s\u00fcnektir. Orta karbonlu \u00e7elik, m\u00fckemmel a\u015f\u0131nma direnci i\u00e7in mukavemetin yan\u0131 s\u0131ra s\u00fcnekli\u011fi de dengeler. Y\u00fcksek karbonlu \u00e7elik son derece g\u00fc\u00e7l\u00fcd\u00fcr, ultra y\u00fcksek karbonlu \u00e7elik ise daha da y\u00fcksek sertli\u011fe kadar temperlenebilir ancak d\u00f6v\u00fclebilirli\u011fi yoktur.<\/p>\n<p>Karbon y\u00fczdesi artt\u0131k\u00e7a, \u00e7elik \u0131s\u0131l i\u015flemle daha sert ve daha g\u00fc\u00e7l\u00fc hale gelebilir. Karbon \u00e7eli\u011fi genellikle \u00e7eli\u011fin mekanik \u00f6zelliklerini, genellikle s\u00fcneklik, sertlik, mukavemet ve darbe direncini de\u011fi\u015ftirmek i\u00e7in \u0131s\u0131t\u0131l\u0131r. Karbon \u00e7eli\u011finin karbon i\u00e7eri\u011finin art\u0131r\u0131lmas\u0131 onu daha sert ve g\u00fc\u00e7l\u00fc hale getirir, ancak \u00e7eli\u011fin kaynak yap\u0131lma kabiliyetini azaltarak daha k\u0131r\u0131lgan hale getirir.<\/p>\n<p>Karbon \u00e7elik levha \u00e7o\u011funlukla binalar gibi yap\u0131sal ama\u00e7lar i\u00e7in kullan\u0131l\u0131r, ancak s\u00fcsl\u00fc tasar\u0131mlara i\u015flenebilecek esnekli\u011fe sahiptir. D\u00fc\u015f\u00fck karbonlu \u00e7elik sac (d\u00f6vme demir) genellikle \u00e7itler, zincir ba\u011flant\u0131lar\u0131, kap\u0131lar ve korkuluklar i\u00e7in kullan\u0131l\u0131r. Yap\u0131sal \u00e7elik (orta karbonlu \u00e7elik) arabalarda, buzdolaplar\u0131nda, \u00e7ama\u015f\u0131r makinelerinde, binalarda ve k\u00f6pr\u00fclerde kullan\u0131l\u0131r. \u00c7elik saclar normalde orta karbonlu \u00e7elikten olu\u015fur.<\/p>","protected":false},"excerpt":{"rendered":"<p>Ho\u015f geldiniz! \u015eirketimizin \u00fcr\u00fcnlerine g\u00f6sterdi\u011finiz ilgi i\u00e7in te\u015fekk\u00fcr ederiz. \u00c7elik \u00fcr\u00fcnlerimiz proje ihtiya\u00e7lar\u0131n\u0131z\u0131 ve kalitenizi kar\u015f\u0131lamak i\u00e7in tasarlanm\u0131\u015ft\u0131r. G\u00f6z atma s\u0131ras\u0131nda tatmin edici \u00fcr\u00fcnler bulabilece\u011finizi umuyoruz ve size tatmin edici bir sat\u0131n alma deneyimi sunmam\u0131za izin verin. Size kaliteli \u00fcr\u00fcn ve hizmetler sunmay\u0131 d\u00f6rt g\u00f6zle bekliyoruz!<\/p>","protected":false},"featured_media":2828,"comment_status":"closed","ping_status":"closed","template":"","meta":[],"product_cat":[15,40],"class_list":{"0":"post-1783","1":"product","2":"type-product","3":"status-publish","4":"has-post-thumbnail","6":"product_cat-carbon-steel","7":"product_cat-carbon-steel-plate","9":"first","10":"instock","11":"shipping-taxable","12":"product-type-simple"},"_links":{"self":[{"href":"https:\/\/steelsupplydirect.com\/tr\/wp-json\/wp\/v2\/product\/1783","targetHints":{"allow":["GET"]}}],"collection":[{"href":"https:\/\/steelsupplydirect.com\/tr\/wp-json\/wp\/v2\/product"}],"about":[{"href":"https:\/\/steelsupplydirect.com\/tr\/wp-json\/wp\/v2\/types\/product"}],"replies":[{"embeddable":true,"href":"https:\/\/steelsupplydirect.com\/tr\/wp-json\/wp\/v2\/comments?post=1783"}],"wp:featuredmedia":[{"embeddable":true,"href":"https:\/\/steelsupplydirect.com\/tr\/wp-json\/wp\/v2\/media\/2828"}],"wp:attachment":[{"href":"https:\/\/steelsupplydirect.com\/tr\/wp-json\/wp\/v2\/media?parent=1783"}],"wp:term":[{"taxonomy":"product_cat","embeddable":true,"href":"https:\/\/steelsupplydirect.com\/tr\/wp-json\/wp\/v2\/product_cat?post=1783"}],"curies":[{"name":"wp","href":"https:\/\/api.w.org\/{rel}","templated":true}]}}