{"id":3315,"date":"2023-08-17T17:22:56","date_gmt":"2023-08-17T09:22:56","guid":{"rendered":"https:\/\/steelsupplydirect.com\/?post_type=product&#038;p=3315"},"modified":"2023-10-30T14:11:57","modified_gmt":"2023-10-30T06:11:57","slug":"q235b-sicak-haddelenmis-celik-levha-0-3mm-kalinlik","status":"publish","type":"product","link":"https:\/\/steelsupplydirect.com\/tr\/%c3%bcr%c3%bcn\/q235b-sicak-haddelenmis-celik-levha-0-3mm-kalinlik","title":{"rendered":"Q235b S\u0131cak Haddelenmi\u015f \u00c7elik Levha 0.3mm Kal\u0131nl\u0131k"},"content":{"rendered":"<div style=\"overflow: auto\">\n<table>\n<thead>\n<tr>\n<th>\u00dcr\u00fcn ad\u0131<\/th>\n<th>Karbon \u00c7elik Sac<\/th>\n<\/tr>\n<\/thead>\n<tbody>\n<tr>\n<td>S\u0131n\u0131f<\/td>\n<td>Q195\u3001Q215\u3001Q235\u3001Q255\u3001Q275\u3001Q345\u3001Q355\u3001ST37\u3001ST52\u3001S235JR\u3001a36\u3001s235jr etc.<\/td>\n<\/tr>\n<tr>\n<td>Standart<\/td>\n<td>JIS, AISI, ASTM, GB, DIN, BS, BV, vb.<\/td>\n<\/tr>\n<tr>\n<td>Uzunluk<\/td>\n<td>4m-12m veya m\u00fc\u015fteri taraf\u0131ndan talep edildi\u011fi gibi<\/td>\n<\/tr>\n<tr>\n<td>Geni\u015flik<\/td>\n<td>50MM ~ 2200MM veya m\u00fc\u015fteri taraf\u0131ndan talep edildi\u011fi gibi<\/td>\n<\/tr>\n<tr>\n<td>Kal\u0131nl\u0131k<\/td>\n<td>0.2mm-3.0mm veya m\u00fc\u015fteri taraf\u0131ndan talep edildi\u011fi gibi<\/td>\n<\/tr>\n<tr>\n<td>Y\u00fczey i\u015fleme<\/td>\n<td>M\u00fc\u015fteri ihtiya\u00e7lar\u0131na g\u00f6re temizleme, kumlama, sprey boya<\/td>\n<\/tr>\n<tr>\n<td>Teknoloji<\/td>\n<td>S\u0131cak haddeleme, so\u011fuk haddeleme<\/td>\n<\/tr>\n<tr>\n<td>Uygulama<\/td>\n<td>Makine, metalurji makineleri, k\u00f6m\u00fcr end\u00fcstrisi, madencilik makineleri, \u00e7evre korumaMakine, besleyici, konteyner, damper g\u00f6vdesi, elek plakas\u0131, asans\u00f6r, \u00e7amurluk, di\u015fli, alet ve di\u011fer end\u00fcstrilerde yayg\u0131n olarak kullan\u0131l\u0131r<\/td>\n<\/tr>\n<tr>\n<td>Teslimat s\u00fcresi<\/td>\n<td>Avans\u0131n al\u0131nmas\u0131ndan 7 ila 15 g\u00fcn sonra<\/td>\n<\/tr>\n<\/tbody>\n<\/table>\n<\/div>\n\n\n<h2>B\u00f6l\u00fcm 1 \u00dcretim A\u00e7\u0131klamas\u0131<\/h2>\n<p>D\u00fc\u015f\u00fck karbonlu \u00e7elik (yumu\u015fak \u00e7elik), karbon i\u00e7eri\u011fi 0,25%'den az olan karbon \u00e7eli\u011fidir, Genellikle karbon i\u00e7eri\u011fi 0,10% ile 0,25% aras\u0131nda olan \u00e7eli\u011fi ifade eder. D\u00fc\u015f\u00fck mukavemeti, d\u00fc\u015f\u00fck sertli\u011fi ve yumu\u015fakl\u0131\u011f\u0131 nedeniyle yumu\u015fak \u00e7elik olarak da adland\u0131r\u0131l\u0131r. S\u0131radan karbon yap\u0131sal \u00e7eli\u011fin \u00e7o\u011funu ve baz\u0131 y\u00fcksek kaliteli karbon yap\u0131sal \u00e7eli\u011fi i\u00e7erir. D\u00fc\u015f\u00fck karbonlu \u00e7elik levha, yayg\u0131n olarak kullan\u0131lan bir malzeme t\u00fcr\u00fcd\u00fcr.<\/p>\n<p>So\u011fuk Haddelenmi\u015f Sac, yeniden kristalle\u015fme s\u0131cakl\u0131\u011f\u0131nda haddelenmi\u015f bir \u00fcr\u00fcnd\u00fcr. Daha \u00e7ok otomobil imalat\u0131nda ve elektrikli \u00fcr\u00fcnlerde kullan\u0131l\u0131r. So\u011fuk haddeleme, yeniden kristalle\u015fme s\u0131cakl\u0131\u011f\u0131nda haddelemedir, ancak genellikle normal s\u0131cakl\u0131kta haddelenmi\u015f malzemelerle haddeleme olarak anla\u015f\u0131l\u0131r.<\/p>\n<p>DC01 Ulusal standart GBT 5213-2008 so\u011fuk haddelenmi\u015f d\u00fc\u015f\u00fck karbonlu \u00e7elik levha ve \u00e7elik \u015ferit tan\u0131m\u0131nda, \u00e7ekme mukavemeti 270 ~ 410 (\u03c3b \/ MPa), akma mukavemeti 130 ~ 260 (\u03c3s \/ MPa), akma mukavemeti 130 ~ 260 (\u03c3s \/ MPa) olan so\u011fuk haddelenmi\u015f bir \u00e7elik levhad\u0131r.<\/p>\n<h2>B\u00f6l\u00fcm 2 \u00dcretim S\u00fcreci<\/h2>\n<h4>1. \u00d6zellikler<\/h4>\n<p>\u00dcretim s\u00fcrecinde \u0131s\u0131tma olmad\u0131\u011f\u0131ndan, s\u0131cak haddelemede s\u0131kl\u0131kla meydana gelen \u00e7ukurlar ve demir oksit pullar\u0131 gibi kusurlar yoktur ve y\u00fczey kalitesi iyi ve fini\u015f y\u00fcksektir. Ayr\u0131ca, so\u011fuk haddelenmi\u015f \u00fcr\u00fcnlerin boyutsal do\u011frulu\u011fu y\u00fcksektir ve \u00fcr\u00fcnlerin performans\u0131 ve yap\u0131s\u0131, elektromanyetik \u00f6zellikler ve derin \u00e7ekme \u00f6zellikleri gibi kullan\u0131m i\u00e7in baz\u0131 \u00f6zel gereksinimleri kar\u015f\u0131layabilir.<\/p>\n<h4>2. Teknik \u00d6zellikler<\/h4>\n<p>Minimum kal\u0131nl\u0131k 0,2-4 mm, geni\u015flik 600-2 000 mm ve \u00e7elik levhan\u0131n uzunlu\u011fu 1200-6000 mm'dir.<\/p>\n<h4>3. Notlar<\/h4>\n<p>Q195A-Q235A, Q195AF-Q235AF, Q295A(B)-Q345 A(B); SPCC, SPCD, SPCE, ST12-15; DC01-06<\/p>\n<h4>4. Performans<\/h4>\n<p>Esas olarak, iyi so\u011fuk b\u00fckme ve kaynak performans\u0131n\u0131n yan\u0131 s\u0131ra belirli damgalama performans\u0131 gerektiren d\u00fc\u015f\u00fck karbonlu \u00e7elik kaliteleri.<\/p>\n<p>So\u011fuk haddelenmi\u015f sac iyi bir performansa sahiptir, yani so\u011fuk haddeleme yoluyla, so\u011fuk haddelenmi\u015f \u015ferit ve daha ince kal\u0131nl\u0131\u011fa ve daha y\u00fcksek hassasiyete sahip \u00e7elik sac elde edilebilir, y\u00fcksek d\u00fczl\u00fck, y\u00fcksek y\u00fczey kalitesi, so\u011fuk haddelenmi\u015f sac\u0131n temiz ve parlak y\u00fczeyi ve kaplama i\u00e7in kolay \u0130\u015fleme, bir\u00e7ok \u00e7e\u015fit, geni\u015f uygulama, y\u00fcksek damgalama performans\u0131, ya\u015flanma yok, d\u00fc\u015f\u00fck akma noktas\u0131, bu nedenle so\u011fuk haddelenmi\u015f sac, \u00f6zellikle otomobillerde, bask\u0131l\u0131 demir tamburlarda, in\u015faatta, yap\u0131 malzemelerinde, bisikletlerde ve di\u011fer end\u00fcstrilerde kullan\u0131lan geni\u015f bir kullan\u0131m alan\u0131na sahiptir. Ayn\u0131 zamanda, organik kaplamal\u0131 \u00e7elik saclar\u0131n \u00fcretimi i\u00e7in de en iyi se\u00e7imdir.<\/p>\n<h4>5. Tip<\/h4>\n<p>(1) Tavlamadan sonra, normal so\u011fuk haddeleme i\u015flemine tabi tutulur;<\/p>\n<p>(2) \u00d6n tavlama i\u015flem cihaz\u0131na sahip galvanizleme \u00fcnitesi galvanizlemeyi i\u015fler;<\/p>\n<p>(3) Temelde i\u015flem gerektirmeyen paneller.<\/p>\n<p>Yayg\u0131n olarak kullan\u0131lan \u00e7elik kaliteleri CDCM - SPCC (SPCD, SPCE, ST12, ST13, ST14, BLC, BLD, BUSD, BUFD, BSUFD, vb.) olmakla birlikte \u00f6zellikleri temelde ayn\u0131d\u0131r.<\/p>\n<h2>B\u00f6l\u00fcm 3 Kar\u015f\u0131la\u015ft\u0131r\u0131n<\/h2>\n<h4>1. Al\u00fcminyum-\u00e7inko kaplama<\/h4>\n<p>55% al\u00fcminyum, 43.4% \u00e7inko ve 1.6% silikon, s\u00fcrekli eriyik kaplama i\u015flemi ile \u00e7elik levhan\u0131n y\u00fczeyine kaplan\u0131r.<br \/>(1) \u0130yi bir dayan\u0131kl\u0131l\u0131\u011fa sahiptir ve galvanizli \u00e7elikten daha uzun \u00f6m\u00fcrl\u00fcd\u00fcr;<br \/>(2) \u0130yi bir \u0131s\u0131 direncine sahiptir ve y\u00fcksek s\u0131cakl\u0131klarda galvanizli \u00e7elik saclara g\u00f6re daha az renk de\u011fi\u015ftirir;<br \/>(3) \u0130yi \u0131s\u0131 yans\u0131tma \u00f6zelli\u011fine sahiptir;<br \/>(4) Muhte\u015fem g\u00fcm\u00fc\u015f-beyaz bir y\u00fczeye sahiptir;<br \/>(5) Galvanizli \u00e7elik saca benzer i\u015fleme performans\u0131na ve p\u00fcsk\u00fcrtme performans\u0131na sahiptir;<br \/>(6) \u0130yi kaynak performans\u0131na sahiptir.<br \/>Uygulama kapsam\u0131: y\u00fcksek gereksinimleri olan galvanizli sac kullanan end\u00fcstriler.<\/p>\n<h4>2. Elektrolizle kaplanm\u0131\u015f kalay (teneke)<\/h4>\n<p>Frothstein'\u0131n \u00e7\u00f6z\u00fcnmeyen anot elektroliz kalay prosesi ile i\u015flenir.<br \/>(1) Renkli kaplama;<br \/>(2) Elektrikli \u00e7elik (silikon \u00e7elik sac)<\/p>","protected":false},"excerpt":{"rendered":"<p>\u00dcr\u00fcn ad\u0131 Karbon \u00c7elik Sac S\u0131n\u0131f Q195\u3001Q215\u3001Q235\u3001Q255\u3001Q275\u3001Q345\u3001Q355\u3001Q37\u3001ST52\u3001S235JR\u3001a36\u3001s235jr vb. Standart JIS, AISI, ASTM, GB, DIN, BS, BV, vb. Uzunluk 4m-12m veya m\u00fc\u015fterinin istedi\u011fi gibi Geni\u015flik 50MM ~ 2200MM veya m\u00fc\u015fterinin istedi\u011fi gibi Kal\u0131nl\u0131k 0.2mm-3.0mm veya m\u00fc\u015fterinin istedi\u011fi gibi Y\u00fczey i\u015fleme M\u00fc\u015fteri ihtiya\u00e7lar\u0131na g\u00f6re temiz, kum p\u00fcsk\u00fcrtme, sprey boya Teknoloji S\u0131cak haddeleme, so\u011fuk haddeleme Uygulama Yayg\u0131n olarak makine, metalurji [...]","protected":false},"featured_media":1574,"comment_status":"closed","ping_status":"closed","template":"","meta":[],"product_cat":[15,40],"class_list":{"0":"post-3315","1":"product","2":"type-product","3":"status-publish","4":"has-post-thumbnail","6":"product_cat-carbon-steel","7":"product_cat-carbon-steel-plate","9":"first","10":"instock","11":"shipping-taxable","12":"product-type-simple"},"_links":{"self":[{"href":"https:\/\/steelsupplydirect.com\/tr\/wp-json\/wp\/v2\/product\/3315","targetHints":{"allow":["GET"]}}],"collection":[{"href":"https:\/\/steelsupplydirect.com\/tr\/wp-json\/wp\/v2\/product"}],"about":[{"href":"https:\/\/steelsupplydirect.com\/tr\/wp-json\/wp\/v2\/types\/product"}],"replies":[{"embeddable":true,"href":"https:\/\/steelsupplydirect.com\/tr\/wp-json\/wp\/v2\/comments?post=3315"}],"wp:featuredmedia":[{"embeddable":true,"href":"https:\/\/steelsupplydirect.com\/tr\/wp-json\/wp\/v2\/media\/1574"}],"wp:attachment":[{"href":"https:\/\/steelsupplydirect.com\/tr\/wp-json\/wp\/v2\/media?parent=3315"}],"wp:term":[{"taxonomy":"product_cat","embeddable":true,"href":"https:\/\/steelsupplydirect.com\/tr\/wp-json\/wp\/v2\/product_cat?post=3315"}],"curies":[{"name":"wp","href":"https:\/\/api.w.org\/{rel}","templated":true}]}}