{"id":3319,"date":"2023-08-18T14:53:15","date_gmt":"2023-08-18T06:53:15","guid":{"rendered":"https:\/\/steelsupplydirect.com\/?post_type=product&#038;p=3319"},"modified":"2025-09-26T11:42:23","modified_gmt":"2025-09-26T03:42:23","slug":"sicak-haddelenmis-celik-bobin","status":"publish","type":"product","link":"https:\/\/steelsupplydirect.com\/tr\/%c3%bcr%c3%bcn\/sicak-haddelenmis-celik-bobin","title":{"rendered":"S\u0131cak Haddelenmi\u015f \u00c7elik Rulo"},"content":{"rendered":"<h2>\u00dcr\u00fcn A\u00e7\u0131klamas\u0131<\/h2>\n<p data-block-id=\"74148ae9-6784-41e7-9d82-2b8e5e9e82f8\" data-pm-slice=\"1 1 []\">S\u0131cak haddeleme, malzeme ve performansa g\u00f6re \u00fc\u00e7 t\u00fcre ayr\u0131l\u0131r:<\/p>\n<ul data-block-id=\"d1e2fc52-f3c3-4ca3-88d2-9c851a51c99c\">\n<li>\n<p data-block-id=\"fcfddc55-14a0-4cb2-babe-8aa376939467\">S\u0131radan karbon yap\u0131 \u00e7eli\u011fi<\/p>\n<\/li>\n<li>\n<p data-block-id=\"e3d25704-42ce-4f48-ae35-bd7e1b5667a2\">D\u00fc\u015f\u00fck ala\u015f\u0131ml\u0131 \u00e7elik<\/p>\n<\/li>\n<li>\n<p data-block-id=\"f044b61c-7926-4d2e-998c-0f33036de9b1\">Ala\u015f\u0131ml\u0131 \u00e7elik<\/p>\n<\/li>\n<\/ul>\n<p data-block-id=\"854ef3f9-2ba9-4d21-ae62-a9fabb982a08\">\n<p data-block-id=\"ab22aefe-8c5d-441f-82ec-ffb4a8bc6bbe\">A\u015fa\u011f\u0131dakiler de dahil olmak \u00fczere farkl\u0131 kullan\u0131mlara g\u00f6re b\u00f6l\u00fcnebilir:<\/p>\n<ul data-block-id=\"17cf5fc0-f397-4464-8886-dafcdbbd338d\">\n<li>\n<p data-block-id=\"bd711b44-8b5a-4a71-991b-d374e7b01dea\">So\u011fuk \u015fekillendirme i\u00e7in \u00e7elik<\/p>\n<\/li>\n<li>\n<p data-block-id=\"096a989f-5343-438e-a8ad-de4cb7582145\">Yap\u0131sal \u00e7elik<\/p>\n<\/li>\n<li>\n<p data-block-id=\"d4a8bf22-45f2-448c-a6f3-4daf1bdd8ad9\">Otomotiv yap\u0131sal \u00e7eli\u011fi<\/p>\n<\/li>\n<li>\n<p data-block-id=\"77e92733-dcd0-433e-921c-d90a7358eb8c\">Korozyona dayan\u0131kl\u0131 yap\u0131sal \u00e7elik<\/p>\n<\/li>\n<li>\n<p data-block-id=\"9d303ca0-f308-4d9c-a68b-4b4bf3c136c0\">Mekanik yap\u0131sal \u00e7elik<\/p>\n<\/li>\n<li>\n<p data-block-id=\"89b6ff2a-efe6-436d-8bb5-fd14b47eb4ff\">Gaz t\u00fcpleri ve bas\u0131n\u00e7l\u0131 kaplar\u0131n kayna\u011f\u0131 i\u00e7in \u00e7elik<\/p>\n<\/li>\n<li>\n<p data-block-id=\"6bb9c3f9-de53-4b19-8645-2bb13c63fb29\">Boru hatlar\u0131 i\u00e7in \u00e7elik<\/p>\n<\/li>\n<\/ul>\n<p data-block-id=\"2c07dee8-c258-4371-8766-e78b32f7a120\">S\u0131cak haddelenmi\u015f kangal, s\u00fcrekli bir d\u00f6k\u00fcm veya blooming slab ile ba\u015flar. \u00d6nce y\u00fcr\u00fcyen bir f\u0131r\u0131nda \u0131s\u0131t\u0131l\u0131r. Ard\u0131ndan, y\u00fcksek bas\u0131n\u00e7l\u0131 su kire\u00e7 \u00e7\u00f6z\u00fcc\u00fcleri onu temizler. Son olarak kaba haddehaneye gider. Kontroll\u00fc haddeleme, laminer so\u011futma ve haddelemeden sonra sarma d\u00fcz sa\u00e7 bobinleri olu\u015fturur. Bobin \u0130\u00e7 \u00e7ap\u0131 760 mm'dir, Gemiler, arabalar, k\u00f6pr\u00fcler, HRB\uff1e90 i\u00e7in kullan\u0131l\u0131r. D\u00fcz sa\u00e7 bobinleri genellikle dil \u015feklinde veya bal\u0131k kuyru\u011fu \u015feklindedir. Genellikle kal\u0131nl\u0131k ve geni\u015flik do\u011frulu\u011fundan yoksundurlar. Kenarlar\u0131 dalgal\u0131, k\u0131vr\u0131ml\u0131 veya kule \u015fekilleri gibi kusurlara sahip olabilir. Bobin a\u011f\u0131rl\u0131\u011f\u0131 a\u011f\u0131rd\u0131r (Genel boru end\u00fcstrisi kullanmay\u0131 sever).<\/p>\n<div style=\"overflow: auto;\">\n<table>\n<thead>\n<tr>\n<td>Emtia:<\/td>\n<td>Karbon \u00e7elik bobin<\/td>\n<\/tr>\n<\/thead>\n<tbody>\n<tr>\n<td>Standart:<\/td>\n<td>DIN GB JIS BA AISI ASTM EN GOST VB.<\/td>\n<\/tr>\n<tr>\n<td>Teknik:<\/td>\n<td>Ticari \/ \u00c7izim \/ Derin \u00c7izim \/ Ekstra Derin \u00c7izim \/ Yap\u0131sal kalite<\/td>\n<\/tr>\n<tr>\n<td>Y\u00fczey i\u015fleme:<\/td>\n<td>Kromlanm\u0131\u015f ve ya\u011flanm\u0131\u015f ve parmak \u00f6nleyici<\/td>\n<\/tr>\n<tr>\n<td>Sertlik:<\/td>\n<td>Yumu\u015fak, yar\u0131 sert, sert kalite<\/td>\n<\/tr>\n<tr>\n<td rowspan=\"2\">S\u0131n\u0131f:<\/td>\n<td>DC01<\/td>\n<\/tr>\n<tr>\n<td>ST14,ST15,ST16,DC01,DC03,DC04,DC05,DC06,etc.<\/td>\n<\/tr>\n<tr>\n<td>Kal\u0131nl\u0131k:<\/td>\n<td>0.12-12.0mm<\/td>\n<\/tr>\n<tr>\n<td>Geni\u015flik:<\/td>\n<td>600-1500mm<\/td>\n<\/tr>\n<tr>\n<td>Bobin a\u011f\u0131rl\u0131\u011f\u0131:<\/td>\n<td>3-34MT \/ Bobin veya iste\u011finiz gibi<\/td>\n<\/tr>\n<tr>\n<td>ADEDI:<\/td>\n<td>5MT<\/td>\n<\/tr>\n<tr>\n<td>Paketleme:<\/td>\n<td>\u0130hracat standard\u0131, denize uygun<\/td>\n<\/tr>\n<tr>\n<td>KIMLIK:<\/td>\n<td>508 mm veya 610 mm<\/td>\n<\/tr>\n<tr>\n<td>Ticaret D\u00f6nemi:<\/td>\n<td>FOB, CFR, CIF, EXW VB.<\/td>\n<\/tr>\n<tr>\n<td>Ta\u015f\u0131ma T\u00fcr\u00fc:<\/td>\n<td>Konteyner, d\u00f6kme y\u00fck ve tren<\/td>\n<\/tr>\n<\/tbody>\n<\/table>\n<\/div>\n<h2>S\u0131cak Haddelenmi\u015f \u00c7elik Rulo Kullan\u0131m\u0131<\/h2>\n<p data-block-id=\"8c066f61-5abd-4000-8776-07fd9b1e3127\" data-pm-slice=\"1 1 []\">S\u0131cak haddelenmi\u015f bobinler, \u00e7o\u011funlukla s\u00fcrekli d\u00f6k\u00fcmden elde edilen slablar olarak ba\u015flar. Is\u0131t\u0131ld\u0131ktan sonra kaba ve ince haddeleme \u00fcnitelerinden ge\u00e7erek \u015ferit \u00e7elik haline gelirler. S\u0131cak haddelenmi\u015f kangal son haddehaneden \u00e7\u0131kar. Laminer ak\u0131\u015f kullan\u0131larak ayarlanan s\u0131cakl\u0131\u011fa kadar so\u011futulur, ard\u0131ndan sar\u0131c\u0131 taraf\u0131ndan \u00e7elik bobin haline getirilir.<\/p>\n<p data-block-id=\"74f73583-18e4-4de2-9e80-e2dce328a8b9\">So\u011futulan \u00e7elik bobin, kullan\u0131c\u0131lar\u0131n farkl\u0131 ihtiya\u00e7lar\u0131na g\u00f6re farkl\u0131 i\u015flemlerden ge\u00e7er. Son i\u015flem hatt\u0131 \u00e7eli\u011fi \u00e7e\u015fitli \u00fcr\u00fcnlere d\u00f6n\u00fc\u015ft\u00fcr\u00fcr. Bunlar aras\u0131nda \u00e7elik plakalar, d\u00fcz bobinler ve dilme \u00e7elik \u015feritler bulunur. Ad\u0131mlar tesviye, do\u011frultma, \u00e7apraz kesim, dilme, inceleme, tartma, paketleme ve i\u015faretlemeyi i\u00e7erir.<\/p>\n<p data-block-id=\"6c80948d-5684-470f-9088-0d9bc4034b30\">Basit\u00e7e s\u00f6ylemek gerekirse, bir k\u00fct\u00fck \u0131s\u0131t\u0131l\u0131r ve birka\u00e7 kez haddelenir, ard\u0131ndan kesilir ve \u00e7elik bir levha haline getirilir. Bu i\u015fleme y\u00f6ntemine s\u0131cak haddeleme denir. S\u0131cak haddelenmi\u015f \u00e7elik \u00fcr\u00fcnler g\u00fc\u00e7l\u00fc ve sa\u011flamd\u0131r. Ayr\u0131ca i\u015flenmesi ve kaynak yap\u0131lmas\u0131 da kolayd\u0131r. Bu nitelikleri onlar\u0131 bir\u00e7ok sekt\u00f6rde pop\u00fcler k\u0131lar.<\/p>\n<p data-block-id=\"cf9d3bfe-1a69-4d5e-bab7-ede591291365\">Gemilerde, arabalarda, k\u00f6pr\u00fclerde, in\u015faatlarda, makinelerde ve bas\u0131n\u00e7l\u0131 kaplarda kullan\u0131l\u0131rlar. Yeni teknolojiler s\u0131cak haddelenmi\u015f \u00e7elik saclar\u0131n kontrol\u00fcn\u00fc geli\u015ftirmektedir. Bu teknolojiler boyutsal do\u011frulu\u011fu, levha \u015feklini ve y\u00fczey kalitesini geli\u015ftirmektedir.<\/p>\n<p data-block-id=\"d8cbfa9e-b4c8-427e-93f8-d35aa60faab5\">Yeni \u00fcr\u00fcnler ortaya \u00e7\u0131kmaya devam ettik\u00e7e, s\u0131cak haddelenmi\u015f \u00e7elik sac ve \u015feritlerin kullan\u0131m\u0131 da art\u0131yor. Pazarda giderek daha \u00f6nemli hale geliyorlar. rekabet g\u00fcc\u00fc.<\/p>\n<h2>\u00c7elik kaliteleri<\/h2>\n<p data-block-id=\"bf84a594-d5d8-418f-955b-acfcdf17d25d\" data-pm-slice=\"1 1 []\">1. SPHC-ilk S \u00e7eli\u011finin k\u0131saltmas\u0131, P Plate'in k\u0131saltmas\u0131, H Heat'in k\u0131saltmas\u0131 ve C Commercial'\u0131n k\u0131saltmas\u0131d\u0131r. T\u00fcm\u00fc, genellikle s\u0131cak haddelenmi\u015f \u00e7elik levha ve \u00e7elik \u015feritlerin kullan\u0131ld\u0131\u011f\u0131n\u0131 g\u00f6sterir.<\/p>\n<p data-block-id=\"a96c3a87-3475-48ab-9be4-2f7545a22a05\">2. SPHD-Damgalama i\u00e7in s\u0131cak haddelenmi\u015f \u00e7elik saclar\u0131 ve \u015feritleri belirtir.<\/p>\n<p data-block-id=\"efb99766-94ee-4773-b2ad-21b6eb8013b2\">3. SPHE - Derin \u00e7ekme i\u00e7in s\u0131cak haddelenmi\u015f \u00e7elik saclar\u0131 ve \u015feritleri belirtir.<\/p>\n<p data-block-id=\"0cf2e80b-6940-43bd-9492-035c1f012e87\">4. SPCC-Genel kullan\u0131m i\u00e7in so\u011fuk haddelenmi\u015f karbon \u00e7elik sac ve \u015feritleri belirtir. \u00dc\u00e7\u00fcnc\u00fc C harfi So\u011fuk'un k\u0131saltmas\u0131d\u0131r. \u00c7ekme testini sa\u011flamak gerekti\u011finde, SPCCT'yi temsil etmek i\u00e7in kalitenin sonuna T ekleyin.<\/p>\n<p data-block-id=\"b0fd87f9-53b3-49a0-8a1f-bf52a20cd9e9\">5. SPCD- damgalama i\u00e7in so\u011fuk haddelenmi\u015f karbon \u00e7elik saclar\u0131 ve \u015feritleri g\u00f6sterir.<\/p>\n<p data-block-id=\"8c7b1714-484a-4975-ba6e-9023d1132b7e\">6. SPCE-Derin \u00e7ekme i\u00e7in so\u011fuk haddelenmi\u015f karbon \u00e7elik sac ve \u015feridi belirtir. Zamana ba\u011fl\u0131 olmamak i\u00e7in gerekli oldu\u011funda, SPCEN yapmak i\u00e7in kalitenin sonuna bir N ekleyin.<\/p>\n<p data-block-id=\"33edaa14-4bbf-4091-ba39-a5fcba03aaaa\" data-pm-slice=\"1 3 []\">So\u011fuk haddelenmi\u015f karbon \u00e7elik saclar ve \u015feritler i\u00e7in su verme ve temperleme kodlar\u0131 a\u015fa\u011f\u0131daki gibidir:<\/p>\n<ul data-block-id=\"826336c7-cbf4-41a0-ae0d-5566e9cdb1bb\">\n<li>\n<p data-block-id=\"7eb65057-cd10-45a5-b7a4-f5f74202ed40\">Tavlanm\u0131\u015f i\u00e7in A.<\/p>\n<\/li>\n<li>\n<p data-block-id=\"bd4118db-f8ee-4d19-b0c6-97654521349f\">Standart su verme ve temperleme i\u00e7in S.<\/p>\n<\/li>\n<li>\n<p data-block-id=\"2ce2dbd6-6389-41fb-acdb-d4a653707962\">1\/8 sert i\u00e7in 8<\/p>\n<\/li>\n<li>\n<p data-block-id=\"bf16516a-6185-40e1-ab81-0b1780c1803c\">1\/4 sert i\u00e7in 4<\/p>\n<\/li>\n<li>\n<p data-block-id=\"3d3bae3d-4c94-42b6-a7a1-0a4f3acb8a08\">1\/2 sert i\u00e7in 2<\/p>\n<\/li>\n<li>\n<p data-block-id=\"24247ba9-8270-402b-a0a1-eadc2d3de0f3\">1 sert i\u00e7in<\/p>\n<\/li>\n<\/ul>\n<p>Y\u00fczey i\u015fleme kodu: Donuk y\u00fczeyli haddeleme i\u00e7in D, parlak y\u00fczeyli haddeleme i\u00e7in B. SPCC-SD standart su verilmi\u015f ve temperlenmi\u015f anlam\u0131na gelir. Mat y\u00fczeyli haddelenmi\u015f genel so\u011fuk haddelenmi\u015f karbon levhay\u0131 ifade eder. Ba\u015fka bir \u00f6rnek de SPCCT-SB'dir. Bu, standart su verme ve temperleme, parlak i\u015fleme ve so\u011fuk haddelenmi\u015f karbon levhalar anlam\u0131na gelir. Bu levhalar\u0131n garantili mekanik \u00f6zelliklere ihtiyac\u0131 vard\u0131r.<\/p>\n<p data-block-id=\"85f7f067-bd4d-453c-bc3b-6d37a8746709\" data-pm-slice=\"1 1 [&quot;bulletList&quot;,{&quot;data-block-id&quot;:&quot;826336c7-cbf4-41a0-ae0d-5566e9cdb1bb&quot;},&quot;listItem&quot;,{}]\">7. JIS mekanik yap\u0131 \u00e7eli\u011fi s\u0131n\u0131f\u0131 \u015fu \u015fekilde ifade edilir: S + karbon i\u00e7eri\u011fi + harf kodu (C, CK). Karbon i\u00e7eri\u011fi medyan de\u011ferin 100 ile \u00e7arp\u0131m\u0131n\u0131 g\u00f6sterir. Burada, C karbon anlam\u0131na gelir ve K karb\u00fcrleme \u00e7eli\u011fini belirtir. \u00d6rne\u011fin, karbon d\u00fc\u011f\u00fcm bobini S20C, 0.18-0.23% karbon i\u00e7eri\u011fine sahiptir.<\/p>","protected":false},"excerpt":{"rendered":"<p>\u00dcr\u00fcn A\u00e7\u0131klamas\u0131 S\u0131cak haddeleme, malzeme ve performansa g\u00f6re \u00fc\u00e7 t\u00fcre ayr\u0131l\u0131r: S\u0131radan karbon yap\u0131sal \u00e7elik D\u00fc\u015f\u00fck ala\u015f\u0131ml\u0131 \u00e7elik Ala\u015f\u0131ml\u0131 \u00e7elik A\u015fa\u011f\u0131dakiler dahil olmak \u00fczere farkl\u0131 kullan\u0131mlara g\u00f6re b\u00f6l\u00fcnebilir: So\u011fuk \u015fekillendirme \u00e7eli\u011fi Yap\u0131sal \u00e7elik Otomotiv yap\u0131sal \u00e7eli\u011fi Korozyona dayan\u0131kl\u0131 yap\u0131sal \u00e7elik Mekanik yap\u0131sal \u00e7elik Gaz t\u00fcpleri ve bas\u0131n\u00e7l\u0131 kaplar\u0131n kayna\u011f\u0131 i\u00e7in \u00e7elik \u00c7elik [...]","protected":false},"featured_media":4206,"comment_status":"closed","ping_status":"closed","template":"","meta":[],"product_cat":[15,39],"class_list":{"0":"post-3319","1":"product","2":"type-product","3":"status-publish","4":"has-post-thumbnail","6":"product_cat-carbon-steel","7":"product_cat-carbon-steel-coil","9":"first","10":"instock","11":"shipping-taxable","12":"product-type-simple"},"_links":{"self":[{"href":"https:\/\/steelsupplydirect.com\/tr\/wp-json\/wp\/v2\/product\/3319","targetHints":{"allow":["GET"]}}],"collection":[{"href":"https:\/\/steelsupplydirect.com\/tr\/wp-json\/wp\/v2\/product"}],"about":[{"href":"https:\/\/steelsupplydirect.com\/tr\/wp-json\/wp\/v2\/types\/product"}],"replies":[{"embeddable":true,"href":"https:\/\/steelsupplydirect.com\/tr\/wp-json\/wp\/v2\/comments?post=3319"}],"wp:featuredmedia":[{"embeddable":true,"href":"https:\/\/steelsupplydirect.com\/tr\/wp-json\/wp\/v2\/media\/4206"}],"wp:attachment":[{"href":"https:\/\/steelsupplydirect.com\/tr\/wp-json\/wp\/v2\/media?parent=3319"}],"wp:term":[{"taxonomy":"product_cat","embeddable":true,"href":"https:\/\/steelsupplydirect.com\/tr\/wp-json\/wp\/v2\/product_cat?post=3319"}],"curies":[{"name":"wp","href":"https:\/\/api.w.org\/{rel}","templated":true}]}}