{"id":3320,"date":"2023-08-18T15:38:09","date_gmt":"2023-08-18T07:38:09","guid":{"rendered":"https:\/\/steelsupplydirect.com\/?post_type=product&#038;p=3320"},"modified":"2025-12-09T16:20:18","modified_gmt":"2025-12-09T08:20:18","slug":"soguk-haddelenmis-bobin","status":"publish","type":"product","link":"https:\/\/steelsupplydirect.com\/tr\/%c3%bcr%c3%bcn\/soguk-haddelenmis-bobin","title":{"rendered":"So\u011fuk Haddelenmi\u015f \u00c7elik Rulo"},"content":{"rendered":"<h2>B\u00f6l\u00fcm 1 \u00dcr\u00fcn A\u00e7\u0131klamas\u0131<\/h2>\n<p>S\u0131cak haddeleme, malzemesine ve performans\u0131na g\u00f6re s\u0131radan karbon yap\u0131 \u00e7eli\u011fi, d\u00fc\u015f\u00fck ala\u015f\u0131ml\u0131 \u00e7elik ve ala\u015f\u0131ml\u0131 \u00e7elik olarak ayr\u0131labilir. Farkl\u0131 kullan\u0131m alanlar\u0131na g\u00f6re \u015fu \u015fekilde ayr\u0131labilir: so\u011fuk \u015fekillendirme \u00e7eli\u011fi, yap\u0131sal \u00e7elik, otomotiv yap\u0131sal \u00e7eli\u011fi, korozyona dayan\u0131kl\u0131 yap\u0131sal \u00e7elik, mekanik yap\u0131sal \u00e7elik, gaz t\u00fcpleri ve bas\u0131n\u00e7l\u0131 kaplar\u0131n kayna\u011f\u0131 i\u00e7in \u00e7elik, boru hatlar\u0131 i\u00e7in \u00e7elik vb.<\/p>\n<p>S\u0131cak haddelenmi\u015f rulo, hammadde olarak s\u00fcrekli d\u00f6k\u00fcm levhadan veya \u00e7i\u00e7ek a\u00e7an levhadan yap\u0131l\u0131r, y\u00fcr\u00fcyen bir f\u0131r\u0131nla \u0131s\u0131t\u0131l\u0131r, y\u00fcksek bas\u0131n\u00e7l\u0131 su ile kire\u00e7ten ar\u0131nd\u0131r\u0131l\u0131r ve ard\u0131ndan kaba haddehaneye girer. Kontroll\u00fc haddeleme, laminer so\u011futma (bilgisayar kontroll\u00fc so\u011futma h\u0131z\u0131) ve son haddelemeden sonra d\u00fcz sa\u00e7 bobinleri haline gelmek i\u00e7in bobin sarma. Bobin \u0130\u00e7 \u00e7ap\u0131 760 mm'dir, Gemiler, arabalar, k\u00f6pr\u00fcler, HRB\uff1e90 i\u00e7in kullan\u0131l\u0131r. D\u00fcz sa\u00e7 bobinleri genellikle dil \u015feklinde ve bal\u0131k kuyru\u011fu \u015feklindedir, kal\u0131nl\u0131k ve geni\u015flik do\u011frulu\u011fu zay\u0131ft\u0131r ve kenarlarda genellikle dalgal\u0131, k\u0131vr\u0131ml\u0131 ve kule \u015feklinde kusurlar vard\u0131r. Bobin a\u011f\u0131rl\u0131\u011f\u0131 a\u011f\u0131rd\u0131r (Genel boru end\u00fcstrisi kullanmay\u0131 sever).<\/p>\n<div style=\"overflow: auto;\">\n<table>\n<thead>\n<tr>\n<td>Emtia:<\/td>\n<td>Karbon \u00e7elik bobin<\/td>\n<\/tr>\n<\/thead>\n<tbody>\n<tr>\n<td>Standart:<\/td>\n<td>DIN GB JIS BA AISI ASTM EN GOST VB.<\/td>\n<\/tr>\n<tr>\n<td>Teknik:<\/td>\n<td>Ticari \/ \u00c7izim \/ Derin \u00c7izim \/ Ekstra Derin \u00c7izim \/ Yap\u0131sal kalite<\/td>\n<\/tr>\n<tr>\n<td>Y\u00fczey i\u015fleme:<\/td>\n<td>Kromlanm\u0131\u015f ve ya\u011flanm\u0131\u015f ve parmak \u00f6nleyici<\/td>\n<\/tr>\n<tr>\n<td>Sertlik:<\/td>\n<td>Yumu\u015fak, yar\u0131 sert, sert kalite<\/td>\n<\/tr>\n<tr>\n<td rowspan=\"2\">S\u0131n\u0131f:<\/td>\n<td>DC01<\/td>\n<\/tr>\n<tr>\n<td>ST14,ST15,ST16,DC01,DC03,DC04,DC05,DC06,etc.<\/td>\n<\/tr>\n<tr>\n<td>Kal\u0131nl\u0131k:<\/td>\n<td>0.12-12.0mm<\/td>\n<\/tr>\n<tr>\n<td>Geni\u015flik:<\/td>\n<td>600-1500mm<\/td>\n<\/tr>\n<tr>\n<td>Bobin a\u011f\u0131rl\u0131\u011f\u0131:<\/td>\n<td>3-34MT \/ Bobin veya iste\u011finiz gibi<\/td>\n<\/tr>\n<tr>\n<td>ADEDI:<\/td>\n<td>5MT<\/td>\n<\/tr>\n<tr>\n<td>Paketleme:<\/td>\n<td>\u0130hracat standard\u0131, denize uygun<\/td>\n<\/tr>\n<tr>\n<td>KIMLIK:<\/td>\n<td>508 mm veya 610 mm<\/td>\n<\/tr>\n<tr>\n<td>Ticaret D\u00f6nemi:<\/td>\n<td>FOB, CFR, CIF, EXW VB.<\/td>\n<\/tr>\n<tr>\n<td>Ta\u015f\u0131ma T\u00fcr\u00fc:<\/td>\n<td>Konteyner, d\u00f6kme y\u00fck ve tren<\/td>\n<\/tr>\n<\/tbody>\n<\/table>\n<\/div>\n<h2>B\u00f6l\u00fcm 2 Kullan\u0131m<\/h2>\n<p>S\u0131cak haddelenmi\u015f bobinler hammadde olarak slablar\u0131 (\u00e7o\u011funlukla s\u00fcrekli d\u00f6k\u00fcm slablar\u0131) kullan\u0131r ve \u0131s\u0131t\u0131ld\u0131ktan sonra kaba haddeleme \u00fcniteleri ve son haddeleme \u00fcniteleri taraf\u0131ndan \u015ferit \u00e7elik haline getirilir. S\u0131cak haddelenmi\u015f kangal, son haddeleme haddesinden \u00e7\u0131kar ve laminer ak\u0131\u015f ile ayarlanan s\u0131cakl\u0131\u011fa so\u011futulur ve sar\u0131c\u0131 taraf\u0131ndan \u00e7elik kangal haline getirilir. So\u011futulan \u00e7elik bobin, kullan\u0131c\u0131lar\u0131n farkl\u0131 ihtiya\u00e7lar\u0131na g\u00f6re farkl\u0131 i\u015flemlerden ge\u00e7er. Son i\u015flem hatt\u0131 (tesviye, do\u011frultma, \u00e7apraz kesim veya dilme, muayene, tartma, paketleme ve i\u015faretleme, vb) \u00e7elik levha, yass\u0131 rulo ve dilme \u00e7elik \u015ferit \u00fcr\u00fcnlerine i\u015flenir.<br \/>\nBasit\u00e7e s\u00f6ylemek gerekirse, bir k\u00fct\u00fck \u0131s\u0131t\u0131l\u0131r ve birka\u00e7 kez haddelenir, ard\u0131ndan kesilir ve \u00e7elik bir levha haline getirilir. Bu i\u015fleme y\u00f6ntemine s\u0131cak haddeleme denir.<br \/>\nS\u0131cak haddelenmi\u015f \u00e7elik \u00fcr\u00fcnlerin y\u00fcksek mukavemeti, iyi toklu\u011fu, kolay i\u015flenebilirli\u011fi ve iyi kaynaklanabilirli\u011fi nedeniyle, gemi, otomobil, k\u00f6pr\u00fc, in\u015faat, makine ve bas\u0131n\u00e7l\u0131 kaplar gibi imalat end\u00fcstrilerinde yayg\u0131n olarak kullan\u0131lmaktad\u0131r.<br \/>\nS\u0131cak haddelenmi\u015f boyutsal do\u011frulu\u011fu, levha \u015feklini ve y\u00fczey kalitesini kontrol etmek i\u00e7in yeni teknolojilerin artan olgunlu\u011fu ve yeni \u00fcr\u00fcnlerin s\u00fcrekli olarak ortaya \u00e7\u0131kmas\u0131yla, s\u0131cak haddelenmi\u015f \u00e7elik saclar ve \u015ferit \u00fcr\u00fcnler giderek daha yayg\u0131n bir \u015fekilde kullan\u0131lm\u0131\u015f ve pazarda giderek daha g\u00fc\u00e7l\u00fc hale gelmi\u015ftir. rekabet g\u00fcc\u00fc.<\/p>\n<h2>B\u00f6l\u00fcm 3 \u00c7elik kaliteleri<\/h2>\n<p>1. SPHC-ilk S \u00e7eli\u011fin k\u0131saltmas\u0131 \u00c7elik, P Plakan\u0131n k\u0131saltmas\u0131, H Is\u0131n\u0131n k\u0131saltmas\u0131 ve C Ticari'nin k\u0131saltmas\u0131d\u0131r. T\u00fcm\u00fc, genellikle s\u0131cak haddelenmi\u015f \u00e7elik levhalar\u0131n ve \u00e7elik \u015feritlerin kullan\u0131ld\u0131\u011f\u0131n\u0131 g\u00f6sterir.<br \/>\n2. SPHD - Damgalama i\u00e7in s\u0131cak haddelenmi\u015f \u00e7elik sac ve \u015feritleri belirtir.<br \/>\n3. SPHE - Derin \u00e7ekme i\u00e7in s\u0131cak haddelenmi\u015f \u00e7elik sac ve \u015feritleri belirtir.<br \/>\n4. SPCC--Genel kullan\u0131m i\u00e7in so\u011fuk haddelenmi\u015f karbon \u00e7elik sac ve \u015feritleri ifade eder. \u00dc\u00e7\u00fcnc\u00fc C harfi So\u011fuk'un k\u0131saltmas\u0131d\u0131r. \u00c7ekme testini sa\u011flamak gerekti\u011finde, SPCCT'yi temsil etmek i\u00e7in kalitenin sonuna T ekleyin.<br \/>\n5. SPCD - damgalama i\u00e7in so\u011fuk haddelenmi\u015f karbon \u00e7elik sac ve \u015feridi g\u00f6sterir<br \/>\n6. SPCE - Derin \u00e7ekme i\u00e7in so\u011fuk haddelenmi\u015f karbon \u00e7elik sac ve \u015feridi belirtir. Zamana ba\u011fl\u0131 olmamak i\u00e7in gerekli oldu\u011funda, SPCEN olacak kalitenin sonuna N ekleyin.<br \/>\nSo\u011fuk haddelenmi\u015f karbon \u00e7elik sac ve \u00e7elik \u015ferit i\u00e7in su verme ve temperleme kodu: Tavlanm\u0131\u015f durum i\u00e7in A, standart su verme ve temperleme i\u00e7in S, 1\/8 sertlik i\u00e7in 8, 1\/4 sertlik i\u00e7in 4, 1\/2 sertlik i\u00e7in 2, sertlik i\u00e7in 1. Y\u00fczey i\u015fleme kodu: Donuk y\u00fczeyli haddeleme i\u00e7in D, parlak y\u00fczeyli haddeleme i\u00e7in B. \u00d6rne\u011fin, SPCC-SD standart su verilmi\u015f ve temperlenmi\u015f, mat y\u00fczeyli haddelenmi\u015f genel so\u011fuk haddelenmi\u015f karbon levha anlam\u0131na gelir. Ba\u015fka bir \u00f6rnek olarak SPCCT-SB, standart su verme ve temperleme, parlak i\u015fleme ve garantili mekanik \u00f6zellikler gerektiren so\u011fuk haddelenmi\u015f karbon levhalar anlam\u0131na gelir.<br \/>\n7. JIS mekanik yap\u0131s\u0131 i\u00e7in \u00e7elik s\u0131n\u0131f\u0131n\u0131 ifade etme y\u00f6ntemi \u015f\u00f6yledir: S + karbon i\u00e7eri\u011fi + harf kodu (C, CK), burada karbon i\u00e7eri\u011fi medyan de\u011fer \u00d7 100 ile ifade edilir, C harfi: karbonu g\u00f6sterir K: karbonlama \u00e7eli\u011fini g\u00f6sterir. \u00d6rne\u011fin, karbon d\u00fc\u011f\u00fcm bobini S20C, 0.18-0.23% karbon i\u00e7eri\u011fine sahiptir.<\/p>","protected":false},"excerpt":{"rendered":"<p>B\u00f6l\u00fcm 1 \u00dcr\u00fcn A\u00e7\u0131klamas\u0131 S\u0131cak haddeleme, malzemesine ve performans\u0131na g\u00f6re s\u0131radan karbon yap\u0131sal \u00e7elik, d\u00fc\u015f\u00fck ala\u015f\u0131ml\u0131 \u00e7elik ve ala\u015f\u0131ml\u0131 \u00e7elik olarak ikiye ayr\u0131labilir. Farkl\u0131 kullan\u0131mlara g\u00f6re, \u015fu \u015fekilde ayr\u0131labilir: so\u011fuk \u015fekillendirme \u00e7eli\u011fi, yap\u0131sal \u00e7elik, otomotiv yap\u0131sal \u00e7eli\u011fi, korozyona dayan\u0131kl\u0131 yap\u0131sal \u00e7elik, mekanik yap\u0131sal \u00e7elik, gaz t\u00fcplerinin kayna\u011f\u0131 i\u00e7in \u00e7elik [...]","protected":false},"featured_media":4215,"comment_status":"closed","ping_status":"closed","template":"","meta":[],"product_cat":[15,39],"class_list":{"0":"post-3320","1":"product","2":"type-product","3":"status-publish","4":"has-post-thumbnail","6":"product_cat-carbon-steel","7":"product_cat-carbon-steel-coil","9":"first","10":"instock","11":"shipping-taxable","12":"product-type-simple"},"_links":{"self":[{"href":"https:\/\/steelsupplydirect.com\/tr\/wp-json\/wp\/v2\/product\/3320","targetHints":{"allow":["GET"]}}],"collection":[{"href":"https:\/\/steelsupplydirect.com\/tr\/wp-json\/wp\/v2\/product"}],"about":[{"href":"https:\/\/steelsupplydirect.com\/tr\/wp-json\/wp\/v2\/types\/product"}],"replies":[{"embeddable":true,"href":"https:\/\/steelsupplydirect.com\/tr\/wp-json\/wp\/v2\/comments?post=3320"}],"wp:featuredmedia":[{"embeddable":true,"href":"https:\/\/steelsupplydirect.com\/tr\/wp-json\/wp\/v2\/media\/4215"}],"wp:attachment":[{"href":"https:\/\/steelsupplydirect.com\/tr\/wp-json\/wp\/v2\/media?parent=3320"}],"wp:term":[{"taxonomy":"product_cat","embeddable":true,"href":"https:\/\/steelsupplydirect.com\/tr\/wp-json\/wp\/v2\/product_cat?post=3320"}],"curies":[{"name":"wp","href":"https:\/\/api.w.org\/{rel}","templated":true}]}}