{"id":3321,"date":"2023-08-18T16:40:01","date_gmt":"2023-08-18T08:40:01","guid":{"rendered":"https:\/\/steelsupplydirect.com\/?post_type=product&#038;p=3321"},"modified":"2024-06-27T17:01:15","modified_gmt":"2024-06-27T09:01:15","slug":"sicak-satis-siyah-astm-a53gr-b-a106-q235-10-20-karbon-celik-kaynakli-boru","status":"publish","type":"product","link":"https:\/\/steelsupplydirect.com\/tr\/%c3%bcr%c3%bcn\/sicak-satis-siyah-astm-a53gr-b-a106-q235-10-20-karbon-celik-kaynakli-boru","title":{"rendered":"ASTM Kaynakl\u0131 Boru Spiral Boru"},"content":{"rendered":"<div style=\"overflow: auto\">\n<table>\n<thead>\n<tr>\n<th>\u00dcr\u00fcn ad\u0131<\/th>\n<th>Karbon \u00c7elik Boru<\/th>\n<\/tr>\n<\/thead>\n<tbody>\n<tr>\n<td>malzeme<\/td>\n<td>Q235A\uff0cQ235B\u30010Cr13\u30011Cr17\u300100Cr19Ni11\u30011Cr18Ni9\u30010Cr18Ni11Nb\u300116Mn\u300120#\u3001Q345\u3001L245\u3001L290\u3001X42\u3001X46\u3001X70\u3001X80<\/td>\n<\/tr>\n<tr>\n<td>Teknoloji<\/td>\n<td>S\u0131cak Haddelenmi\u015f, So\u011fuk Haddelenmi\u015f<\/td>\n<\/tr>\n<tr>\n<td>Y\u00fczey<\/td>\n<td>Siyah, Parlak, Galvaniz Kaplamal\u0131<\/td>\n<\/tr>\n<tr>\n<td>standart<\/td>\n<td>GB3640-88 YB242-63 SY5036-83 SY5038-83 SY5037-83 GB\/T3092<\/td>\n<\/tr>\n<tr>\n<td>Boyut<\/td>\n<td>\u00d6zel Boyut<\/td>\n<\/tr>\n<tr>\n<td>Kullan\u0131m<\/td>\n<td>Su i\u015fleri, petrokimya end\u00fcstrisi, kimya end\u00fcstrisi, elektrik enerjisi end\u00fcstrisi, tar\u0131msal sulama, kentsel in\u015faat<\/td>\n<\/tr>\n<tr>\n<td>ADEDI<\/td>\n<td>1 Ton<\/td>\n<\/tr>\n<tr>\n<td>Teslimat s\u00fcresi<\/td>\n<td>7-15 G\u00fcn<\/td>\n<\/tr>\n<\/tbody>\n<\/table>\n<\/div>\n<h2>B\u00f6l\u00fcm 1 \u00dcr\u00fcn A\u00e7\u0131klamas\u0131<\/h2>\n<p>Karbon \u00e7elik boru, \u00e7elik k\u00fcl\u00e7e veya kat\u0131 yuvarlak \u00e7elik \u00e7\u00f6zg\u00fc ve atk\u0131dan yap\u0131l\u0131r ve daha sonra s\u0131cak haddelenir, so\u011fuk haddelenir veya so\u011fuk haddelenir. Karbon \u00e7elik borular iki t\u00fcre ayr\u0131l\u0131r: s\u0131cak haddelenmi\u015f ve so\u011fuk haddelenmi\u015f (\u00e7ekilmi\u015f) \u00e7elik borular.<\/p>\n<h2>B\u00f6l\u00fcm 2 S\u0131n\u0131fland\u0131rma<\/h2>\n<h4>1. S\u0131cak haddelenmi\u015f karbon \u00e7elik borular<\/h4>\n<p>S\u0131cak haddelenmi\u015f karbon \u00e7elik borular, genel \u00e7elik borular, d\u00fc\u015f\u00fck bas\u0131n\u00e7l\u0131 ve orta bas\u0131n\u00e7l\u0131 kazan \u00e7elik borular\u0131, y\u00fcksek bas\u0131n\u00e7l\u0131 kazan \u00e7elik borular\u0131, ala\u015f\u0131ml\u0131 \u00e7elik borular, paslanmaz \u00e7elik borular, petrol k\u0131rma borular\u0131, jeolojik \u00e7elik borular ve di\u011fer \u00e7elik borular olarak ikiye ayr\u0131l\u0131r.<\/p>\n<h4>2. So\u011fuk haddelenmi\u015f (\u00e7ekilmi\u015f) karbon \u00e7elik borular<\/h4>\n<p>So\u011fuk haddelenmi\u015f (\u00e7ekilmi\u015f) karbon \u00e7elik borular aras\u0131nda genel \u00e7elik borular, d\u00fc\u015f\u00fck bas\u0131n\u00e7l\u0131 kazan \u00e7elik borular\u0131, y\u00fcksek bas\u0131n\u00e7l\u0131 kazan \u00e7elik borular\u0131, ala\u015f\u0131ml\u0131 \u00e7elik borular, paslanmaz \u00e7elik borular, petrol k\u0131rma borular\u0131 ve di\u011fer \u00e7elik borular\u0131n yan\u0131 s\u0131ra karbon ince duvarl\u0131 \u00e7elik borular, ala\u015f\u0131ml\u0131 ince duvarl\u0131 \u00e7elik borular ve paslanmaz \u00e7elik olmayan ince duvarl\u0131 \u00e7elik borular bulunur. Duvar \u00e7elik boru, \u00f6zel \u015fekilli \u00e7elik boru. S\u0131cak haddelenmi\u015f borunun d\u0131\u015f \u00e7ap\u0131 genellikle 32 mm'den b\u00fcy\u00fckt\u00fcr ve et kal\u0131nl\u0131\u011f\u0131 2,5-75 mm'dir. So\u011fuk haddelenmi\u015f k\u0131sa duvarl\u0131 \u00e7elik borunun d\u0131\u015f \u00e7ap\u0131 6 mm'ye ve duvar kal\u0131nl\u0131\u011f\u0131 0,25 mm'ye ula\u015fabilir. S\u0131cak haddelemeye g\u00f6re daha y\u00fcksek boyutsal do\u011fruluk.<\/p>\n<h4>3. Kaynakl\u0131 karbon \u00e7elik boru<\/h4>\n<p>#10, #20, #30, #35, #45, 16Mn, 5MnV ve di\u011fer d\u00fc\u015f\u00fck ala\u015f\u0131ml\u0131 yap\u0131 \u00e7elikleri veya 40Cr, 30CrMnSi, 45Mn2, 40MnB ve di\u011fer ala\u015f\u0131ml\u0131 \u00e7elikler gibi y\u00fcksek kaliteli karbon \u00e7eli\u011finden yap\u0131lm\u0131\u015ft\u0131r. s\u0131cak haddelenmi\u015f veya so\u011fuk haddelenmi\u015f. #10, #20 ve di\u011fer d\u00fc\u015f\u00fck karbonlu \u00e7elik diki\u015fsiz borular esas olarak boru hatlar\u0131 i\u00e7in kullan\u0131l\u0131r. #45 ve 40Cr gibi orta karbonlu \u00e7elikten yap\u0131lm\u0131\u015f diki\u015fsiz borular, otomobillerin ve trakt\u00f6rlerin gerilmi\u015f par\u00e7alar\u0131 gibi mekanik par\u00e7alar\u0131n \u00fcretiminde kullan\u0131lmal\u0131d\u0131r. Karbon \u00e7elik boru mukavemet ve yass\u0131la\u015ft\u0131rma testleri genellikle kullan\u0131l\u0131r. S\u0131cak haddelenmi\u015f \u00e7elik boru kal\u0131plar\u0131 s\u0131cak haddelenmi\u015f durumda veya \u0131s\u0131l i\u015flem g\u00f6rm\u00fc\u015f durumda; so\u011fuk haddelenmi\u015f kal\u0131plar \u0131s\u0131l i\u015flem g\u00f6rm\u00fc\u015f durumda.<\/p>\n<h2>B\u00f6l\u00fcm 3 Kullan\u0131m<\/h2>\n<p>\u00dcretimde yayg\u0131n olarak kullan\u0131lan karbon \u00e7elik borular genellikle \u00fc\u00e7 kategoriye ayr\u0131l\u0131r: y\u00fcksek, orta ve d\u00fc\u015f\u00fck karbon. Y\u00fcksek karbonlu \u00e7elik borular, genellikle 0.6%'den daha y\u00fcksek olan en y\u00fcksek karbon i\u00e7eri\u011fine sahiptir, ancak karbon i\u00e7eri\u011fi ne kadar y\u00fcksekse k\u0131r\u0131lganl\u0131\u011f\u0131n o kadar fazla oldu\u011funu biliyoruz, bu nedenle y\u00fcksek karbonlu \u00e7elik borular genellikle end\u00fcstriyel \u00fcretimde kullan\u0131lmaz. Orta karbonlu \u00e7elik boru genellikle 0.25% ~ 0.6%'dir. Bu tip \u00e7elik borular orta sertli\u011fe sahiptir ve yayg\u0131n olarak kullan\u0131l\u0131r. Hafif \u00e7elik borular 0.25%'den daha az karbon i\u00e7erir ve bu nedenle end\u00fcstriyel uygulamalarda daha yayg\u0131nd\u0131r.<\/p>\n<h2>B\u00f6l\u00fcm 4 Kare \u00c7elik Boru<\/h2>\n<p>E\u015fit yan uzunluklara ve e\u015fit olmayan yan uzunluklara sahip \u00e7elik borular. \u0130\u015flemden ge\u00e7irilerek \u015ferit \u00e7elikten yap\u0131l\u0131r. Genel olarak, \u015ferit \u00e7elik ambalaj\u0131ndan \u00e7\u0131kar\u0131l\u0131r, d\u00fczle\u015ftirilir, k\u0131vr\u0131l\u0131r ve yuvarlak bir boru olu\u015fturmak i\u00e7in kaynaklan\u0131r ve daha sonra yuvarlak borudan kare bir boru haline getirilir ve ard\u0131ndan gerekli uzunlukta kesilir.<\/p>\n<h4>1. \u00dcretim s\u00fcreci<\/h4>\n<p>S\u0131cak haddelenmi\u015f diki\u015fsiz borular, so\u011fuk \u00e7ekilmi\u015f diki\u015fsiz borular, ekstr\u00fcde diki\u015fsiz borular ve kaynakl\u0131 borular Kare borular malzemeye g\u00f6re ayr\u0131l\u0131r: d\u00fcz karbon \u00e7elik kare borular, d\u00fc\u015f\u00fck ala\u015f\u0131ml\u0131 kare borular.<\/p>\n<h4>2. \u00dcretim standartlar\u0131<\/h4>\n<p>Ulusal standart kare borular, Japon standart kare borular, emperyal kare borular, Amerikan standart kare borular, Avrupa standart kare borular, standart olmayan kare borular.<\/p>\n<h4>3. Kare borular y\u00fczey i\u015flemine g\u00f6re ayr\u0131l\u0131r:<\/h4>\n<p>S\u0131cak dald\u0131rma galvanizli kare borular, elektro galvanizli kare borular, ya\u011f kapl\u0131 kare borular, asitleme kare borular.<\/p>\n<h4>4. Kare borular kullan\u0131ma g\u00f6re s\u0131n\u0131fland\u0131r\u0131l\u0131r<\/h4>\n<p>Dekorasyon i\u00e7in kare borular, tak\u0131m tezgahlar\u0131 i\u00e7in kare borular, makine end\u00fcstrisi i\u00e7in kare borular, kimya end\u00fcstrisi i\u00e7in kare borular, \u00e7elik yap\u0131lar i\u00e7in kare borular, gemi yap\u0131m\u0131 i\u00e7in kare borular, otomobiller i\u00e7in kare borular, \u00e7elik kiri\u015fler ve kolonlar i\u00e7in kare borular, \u00d6zel ama\u00e7l\u0131 kare boru.<\/p><\/p>","protected":false},"excerpt":{"rendered":"<p>\u00dcr\u00fcn ad\u0131 Karbon \u00c7elik Boru malzeme Q235A\uff0cQ235B\u30010Cr13\u30011Cr17\u300100Cr19Ni11\u30011Cr18Ni9\u30010Cr18Ni11Nb\u300116Mn\u300120#\u3001Q345\u3001L245\u3001L290\u3001X42\u3001X46\u3001X70\u3001X80 Teknoloji S\u0131cak Haddelenmi\u015f, So\u011fuk Haddelenmi\u015f Y\u00fczey Siyah, Parlak, Galvaniz Kaplamal\u0131 standart GB3640-88 YB242-63 SY5036-83 SY5038-83 SY5037-83 GB\/T3092 Boyut \u00d6zelle\u015ftirilmi\u015f Boyut Kullan\u0131m Su i\u015fleri, petrokimya end\u00fcstrisi, kimya end\u00fcstrisi, elektrik enerjisi end\u00fcstrisi, tar\u0131msal sulama, kentsel in\u015faat Adedi 1 Ton Teslim s\u00fcresi 7-15 G\u00fcn B\u00f6l\u00fcm 1 \u00dcr\u00fcn A\u00e7\u0131klamas\u0131 Karbon \u00e7elik boru [...]","protected":false},"featured_media":3263,"comment_status":"closed","ping_status":"closed","template":"","meta":[],"product_cat":[15,41],"class_list":{"0":"post-3321","1":"product","2":"type-product","3":"status-publish","4":"has-post-thumbnail","6":"product_cat-carbon-steel","7":"product_cat-carbon-steel-pipe","9":"first","10":"instock","11":"shipping-taxable","12":"product-type-simple"},"_links":{"self":[{"href":"https:\/\/steelsupplydirect.com\/tr\/wp-json\/wp\/v2\/product\/3321","targetHints":{"allow":["GET"]}}],"collection":[{"href":"https:\/\/steelsupplydirect.com\/tr\/wp-json\/wp\/v2\/product"}],"about":[{"href":"https:\/\/steelsupplydirect.com\/tr\/wp-json\/wp\/v2\/types\/product"}],"replies":[{"embeddable":true,"href":"https:\/\/steelsupplydirect.com\/tr\/wp-json\/wp\/v2\/comments?post=3321"}],"wp:featuredmedia":[{"embeddable":true,"href":"https:\/\/steelsupplydirect.com\/tr\/wp-json\/wp\/v2\/media\/3263"}],"wp:attachment":[{"href":"https:\/\/steelsupplydirect.com\/tr\/wp-json\/wp\/v2\/media?parent=3321"}],"wp:term":[{"taxonomy":"product_cat","embeddable":true,"href":"https:\/\/steelsupplydirect.com\/tr\/wp-json\/wp\/v2\/product_cat?post=3321"}],"curies":[{"name":"wp","href":"https:\/\/api.w.org\/{rel}","templated":true}]}}