{"id":3328,"date":"2023-08-25T10:09:58","date_gmt":"2023-08-25T02:09:58","guid":{"rendered":"https:\/\/steelsupplydirect.com\/?post_type=product&#038;p=3328"},"modified":"2023-09-26T09:11:32","modified_gmt":"2023-09-26T01:11:32","slug":"soguk-cekilmis-parlak-karbon-celik-yuvarlak-cubuk-duz-ve-puruzsuz-10-20-35-40-isleme-icin","status":"publish","type":"product","link":"https:\/\/steelsupplydirect.com\/tr\/%c3%bcr%c3%bcn\/soguk-cekilmis-parlak-karbon-celik-yuvarlak-cubuk-duz-ve-puruzsuz-10-20-35-40-isleme-icin","title":{"rendered":"So\u011fuk \u00c7ekilmi\u015f Parlak Karbon \u00c7elik Yuvarlak \u00c7ubuk D\u00fcz ve P\u00fcr\u00fczs\u00fcz 10# 20# 35# 40# \u0130\u015fleme i\u00e7in"},"content":{"rendered":"<p>So\u011fuk \u00c7ekilmi\u015f Yuvarlak \u00c7elik<\/p>\n<p>So\u011fuk \u00e7ekilmi\u015f yuvarlak \u00e7elik ve hafif yuvarlak olarak da bilinen so\u011fuk \u00e7ekilmi\u015f yuvarlak \u00e7elik, bir t\u00fcr so\u011fuk \u00e7ekilmi\u015f \u00e7eliktir. \u0130ster so\u011fuk \u00e7ekilmi\u015f yuvarlak \u00e7elik ister yuvarlak \u00e7elik olsun, \u015fekli daireseldir, ancak so\u011fuk \u00e7ekilmi\u015f yuvarlak \u00e7eli\u011fin y\u00fczeyi \u00e7ok p\u00fcr\u00fczs\u00fczd\u00fcr, boyutsal do\u011frulu\u011fu y\u00fcksektir ve mekanik \u00f6zellikleri y\u00fcksektir. Y\u00fcksek boyutsal do\u011frulu\u011fu nedeniyle, i\u015flenmeden do\u011frudan kullan\u0131labilir. Y\u00fcr\u00fctme standard\u0131 GB\/T3078-2008'dir. Malzeme s\u0131n\u0131f\u0131 karbon \u00e7eli\u011fi, y\u00fcksek kaliteli karbon \u00e7eli\u011fi, ala\u015f\u0131ml\u0131 \u00e7elik olabilir.<\/p>\n<p>-\u00d6zellikler: \u04243mm-\u0424100mm<\/p>\n<p>-S\u0131n\u0131f ad\u0131: Q235 Q215 20# 35# 45# 20Cr 40Cr 20CrMo GCr15<\/p>\n<p>So\u011fuk \u00e7ekilmi\u015f \u00e7elik \u00e7ubu\u011fun normal kalite \u00e7ubuktan fark\u0131: So\u011fuk \u00e7ekilmi\u015f yuvarlak \u00e7elik, y\u00fcksek hassasiyete sahip bir t\u00fcr yuvarlak \u00e7eliktir. Ba\u015fka bir i\u015fleme tabi tutulmadan do\u011frudan \u015faft olarak kullan\u0131labilir. Kar\u015f\u0131l\u0131k gelen s\u0131radan yuvarlak \u00e7elik, in\u015faatta kullan\u0131lan yayg\u0131n yuvarlak \u00e7eliktir. Tedarikin \u0131s\u0131l i\u015flem durumu \"Normalle\u015ftirme\" dir, boyutsal do\u011fruluk veya malzeme olsun, s\u0131radan seviyededir.<\/p>\n<p>&nbsp;<\/p>\n<p>Karbon \u00e7eli\u011fi yuvarlak \u00e7eli\u011fin tan\u0131m\u0131 ve malzeme \u00f6zellikleri<\/p>\n<p>Karbon \u00e7eli\u011fi yuvarlak \u00e7elik, ana ala\u015f\u0131m elementi olarak karbon ve az miktarda manganez ve silikon i\u00e7eren bir \u00e7eliktir. Karbon i\u00e7eri\u011fi genellikle 0.15% ile 0.75% aras\u0131ndad\u0131r. Karbon \u00e7elik yuvarlak \u00e7ubuklar\u0131n ana avantajlar\u0131 iyi i\u015flenebilirlik, kaynaklanabilirlik, i\u015flenebilirlik ve mekanik \u00f6zelliklerdir<\/p>\n<p>Karbon \u00e7elik yuvarlak \u00e7ubuk y\u00f6netici standard\u0131<\/p>\n<p>1. GB\/T 699-2015 \"Y\u00fcksek kaliteli karbon yap\u0131 \u00e7elikleri\".<\/p>\n<p>2. ASTM A108-13A \"\u00c7elik \u00c7ubuk, Karbon ve Ala\u015f\u0131m, So\u011fuk \u0130\u015flenmi\u015f i\u00e7in Standart \u015eartname\".<\/p>\n<p>3. JIS G4051-2009 \"Makine Yap\u0131sal Kullan\u0131m\u0131 i\u00e7in Karbon \u00c7elikleri\".<\/p>\n<p>4. EN 10083-2-2006 \"Su Verme ve Temperleme \u00c7elikleri B\u00f6l\u00fcm 2: Ala\u015f\u0131ms\u0131z \u00c7elikler i\u00e7in Teknik Teslim Ko\u015fullar\u0131\".<\/p>\n<p>Yukar\u0131daki standartlar aras\u0131nda GB\/T 699, karbon \u00e7eli\u011fi yuvarlak \u00e7elik dahil olmak \u00fczere paslanmaz \u00e7elik ve ala\u015f\u0131ml\u0131 \u00e7elik gibi \u00e7e\u015fitli \u00e7elik \u00fcr\u00fcnler i\u00e7in ge\u00e7erli olan, \u00fclkem taraf\u0131ndan yay\u0131mlanan \u00e7elik kalite standard\u0131d\u0131r. ASTM A108, Amerika Birle\u015fik Devletleri taraf\u0131ndan form\u00fcle edilen, mekanik par\u00e7alar\u0131n ve rulmanlar\u0131n \u00fcretimi i\u00e7in uygun olan bir karbon \u00e7eli\u011fi yuvarlak \u00e7elik standard\u0131d\u0131r. JIS G4051, Japonya taraf\u0131ndan form\u00fcle edilen ve mekanik yap\u0131lar i\u00e7in karbon \u00e7eli\u011fi ve rulman \u00e7eli\u011fi i\u00e7in uygun olan bir karbon \u00e7eli\u011fi yuvarlak \u00e7ubuk standard\u0131d\u0131r. EN 10083-2, \u00e7e\u015fitli m\u00fchendislik yap\u0131 par\u00e7alar\u0131 ve mekanik par\u00e7alar\u0131n \u00fcretimi i\u00e7in uygun olan, Avrupa'da form\u00fcle edilmi\u015f bir karbon \u00e7eli\u011fi yuvarlak \u00e7ubuk standard\u0131d\u0131r.<\/p>\n<p>GB\/T 699-2015 \u00f6rnek al\u0131narak, yuvarlak \u00e7eli\u011fin kimyasal bile\u015fimi, mekanik \u00f6zellikleri, sertli\u011fi, \u00e7ekme mukavemeti, akma mukavemeti, darbe toklu\u011fu ve di\u011fer gereksinimleri detayland\u0131r\u0131lm\u0131\u015ft\u0131r. Bunlar aras\u0131nda, karbon i\u00e7eri\u011fi 0.08% ile 0.60% aras\u0131nda de\u011fi\u015fmekte, yuvarlak \u00e7eli\u011fin \u00e7ap\u0131 5 mm ile 150 mm aras\u0131nda olmal\u0131, \u00e7ekme mukavemeti 335MPa'dan az olmamal\u0131, alan k\u00fc\u00e7\u00fclmesi 10%'den az olmamal\u0131 ve sertlik testi ilgili standartlar\u0131 kar\u015f\u0131lamal\u0131d\u0131r.<\/p>\n<p>Karbon \u00c7elik \u00c7ubuklar\u0131n Uygulama Alanlar\u0131<\/p>\n<p>1. Karbon \u00e7elik \u00e7ubuklar genellikle makine par\u00e7alar\u0131 ve aletleri yapmak i\u00e7in kullan\u0131l\u0131r. Karbon \u00e7eli\u011fi daha y\u00fcksek mukavemete ve sertli\u011fe sahiptir, bu da bas\u0131nc\u0131 ve yorgunlu\u011fu art\u0131rabilir. Bu nedenle, karbon \u00e7elik \u00e7ubuklar genellikle yatak di\u015flileri gibi ilgili mekanik par\u00e7alar\u0131 \u00fcretmek i\u00e7in kullan\u0131l\u0131r. Ayr\u0131ca, karbon \u00e7elik \u00e7ubuklar b\u0131\u00e7aklar, penseler, anahtarlar vb. gibi \u00e7e\u015fitli b\u0131\u00e7ak ve aletleri \u00fcretmek i\u00e7in de kullan\u0131labilir. Karbon \u00e7elik \u00e7ubuklar\u0131n ve \u00e7elik plakalar\u0131n y\u00fcksek mukavemeti, bu makine par\u00e7alar\u0131n\u0131 ve aletleri daha dayan\u0131kl\u0131 ve g\u00fcvenilir hale getirir.<\/p>\n<p>2. Karbon \u00e7elik \u00e7ubuklar in\u015faat alan\u0131nda da \u00f6nemli uygulamalara sahiptir. Karbon \u00e7elik \u00e7ubuklar, beton yap\u0131lar\u0131n mukavemetini ve stabilitesini g\u00fc\u00e7lendirmek i\u00e7in kullan\u0131lan \u00e7elik \u00e7ubuklar yapmak i\u00e7in kullan\u0131labilir. \u0130n\u015faatta, \u00e7elik \u00e7ubuklar betonla s\u0131k\u0131 bir ba\u011f olu\u015fturmak i\u00e7in betona g\u00f6m\u00fcl\u00fcr ve betonun bas\u0131n\u00e7 performans\u0131n\u0131 ve ta\u015f\u0131ma kapasitesini art\u0131r\u0131r. Ayr\u0131ca, karbon \u00e7elik \u00e7ubuklar\u0131n y\u00fcksek mukavemeti ve stabilitesi, bina yap\u0131s\u0131n\u0131 daha sa\u011flam ve g\u00fcvenli hale getirir.<\/p>\n<p>3. Ba\u015fka kullan\u0131m alanlar\u0131 da vard\u0131r, \u00f6rne\u011fin tekerlekler, \u00e7er\u00e7eveler vb. gibi araba par\u00e7alar\u0131 yapmak i\u00e7in kullan\u0131labilir. Karbon \u00e7elik \u00e7ubuklar\u0131n y\u00fcksek mukavemeti ve korozyon direnci, arac\u0131 daha sa\u011flam ve g\u00fcvenli hale getirir. Buna ek olarak, karbon \u00e7elik \u00e7ubuklar gemi ve u\u00e7aklar\u0131n g\u00f6vde, kanat ve benzeri yap\u0131sal par\u00e7alar\u0131n\u0131 \u00fcretmek i\u00e7in de kullan\u0131labilir. Karbon \u00e7elik \u00e7ubuklar\u0131n hafifli\u011fi ve y\u00fcksek mukavemeti, gemileri ve u\u00e7aklar\u0131 daha enerji verimli ve g\u00fcvenilir hale getirir. Ayr\u0131ca \u00e7e\u015fitli mobilya ve mutfak e\u015fyalar\u0131n\u0131n \u00fcretiminde de kullan\u0131labilir ve korozyon direnci bu e\u015fyalar\u0131n hijyenini ve dayan\u0131kl\u0131l\u0131\u011f\u0131n\u0131 sa\u011flar<\/p>","protected":false},"excerpt":{"rendered":"<p>So\u011fuk \u00c7ekilmi\u015f Yuvarlak \u00c7elik So\u011fuk \u00e7ekilmi\u015f yuvarlak \u00e7elik ve hafif yuvarlak olarak da bilinen so\u011fuk \u00e7ekilmi\u015f yuvarlak \u00e7elik, bir t\u00fcr so\u011fuk \u00e7ekilmi\u015f \u00e7eliktir. \u0130ster so\u011fuk \u00e7ekilmi\u015f yuvarlak \u00e7elik ister yuvarlak \u00e7elik olsun, \u015fekli daireseldir, ancak so\u011fuk \u00e7ekilmi\u015f yuvarlak \u00e7eli\u011fin y\u00fczeyi \u00e7ok p\u00fcr\u00fczs\u00fczd\u00fcr, boyutsal do\u011frulu\u011fu y\u00fcksektir ve mekanik \u00f6zellikleri y\u00fcksektir. [...]","protected":false},"featured_media":3308,"comment_status":"closed","ping_status":"closed","template":"","meta":[],"product_cat":[15,42],"class_list":{"0":"post-3328","1":"product","2":"type-product","3":"status-publish","4":"has-post-thumbnail","6":"product_cat-carbon-steel","7":"product_cat-carbon-steel-rod","9":"first","10":"instock","11":"shipping-taxable","12":"product-type-simple"},"_links":{"self":[{"href":"https:\/\/steelsupplydirect.com\/tr\/wp-json\/wp\/v2\/product\/3328","targetHints":{"allow":["GET"]}}],"collection":[{"href":"https:\/\/steelsupplydirect.com\/tr\/wp-json\/wp\/v2\/product"}],"about":[{"href":"https:\/\/steelsupplydirect.com\/tr\/wp-json\/wp\/v2\/types\/product"}],"replies":[{"embeddable":true,"href":"https:\/\/steelsupplydirect.com\/tr\/wp-json\/wp\/v2\/comments?post=3328"}],"wp:featuredmedia":[{"embeddable":true,"href":"https:\/\/steelsupplydirect.com\/tr\/wp-json\/wp\/v2\/media\/3308"}],"wp:attachment":[{"href":"https:\/\/steelsupplydirect.com\/tr\/wp-json\/wp\/v2\/media?parent=3328"}],"wp:term":[{"taxonomy":"product_cat","embeddable":true,"href":"https:\/\/steelsupplydirect.com\/tr\/wp-json\/wp\/v2\/product_cat?post=3328"}],"curies":[{"name":"wp","href":"https:\/\/api.w.org\/{rel}","templated":true}]}}