{"id":3331,"date":"2023-08-25T11:36:52","date_gmt":"2023-08-25T03:36:52","guid":{"rendered":"https:\/\/steelsupplydirect.com\/?post_type=product&#038;p=3331"},"modified":"2023-10-30T13:57:33","modified_gmt":"2023-10-30T05:57:33","slug":"metal-demir-cati-kaplama-sac-fiyati-icin-astm-soguk-haddelenmis-galvanizli-celik-bobin","status":"publish","type":"product","link":"https:\/\/steelsupplydirect.com\/tr\/%c3%bcr%c3%bcn\/metal-demir-cati-kaplama-sac-fiyati-icin-astm-soguk-haddelenmis-galvanizli-celik-bobin","title":{"rendered":"Metal Demir \u00c7at\u0131 Kaplama Levhas\u0131 Fiyat\u0131 i\u00e7in ASTM So\u011fuk Haddelenmi\u015f Galvanizli \u00c7elik Rulo"},"content":{"rendered":"<div style=\"overflow: auto\">\n<table>\n<thead>\n<tr>\n<th>\u00dcr\u00fcn Ad\u0131<\/th>\n<th>Galvanizli \u00c7elik Rulo<\/th>\n<\/tr>\n<\/thead>\n<tbody>\n<tr>\n<td rowspan=\"3\">Standart ve Materyaller<\/td>\n<td>SGCC;SGCD1;SGCD2;SGCD3;SGC340SGC400;SGC440;SGC590;<\/td>\n<\/tr>\n<tr>\n<td>DX51D+Z;DX52D+Z;DX53D+Z;DX54D+Z;S250GD+Z;<\/td>\n<\/tr>\n<tr>\n<td>                                               S280GD+Z;S320GD+Z;S350GD+Z;S550GD+Z;Q-BQB420-2009                                            <\/td>\n<\/tr>\n<tr>\n<td>Kal\u0131nl\u0131k<\/td>\n<td>0,13-0,8 mm<\/td>\n<\/tr>\n<tr>\n<td>Geni\u015flik<\/td>\n<td>600-1250mm<\/td>\n<\/tr>\n<tr>\n<td>\u00c7inko kaplama<\/td>\n<td>20- 275g\/m2<\/td>\n<\/tr>\n<tr>\n<td>Bobin A\u011f\u0131rl\u0131\u011f\u0131<\/td>\n<td>3-8 Ton veya ihtiyaca g\u00f6re<\/td>\n<\/tr>\n<tr>\n<td>Y\u00fczey \u0130\u015flemleri<\/td>\n<td>Mini\/B\u00fcy\u00fck Pul<\/td>\n<\/tr>\n<tr>\n<td>Uygulama<\/td>\n<td>\u0130n\u015faat alan\u0131, gemi in\u015fa end\u00fcstrisi, kazan \u0131s\u0131 e\u015fanj\u00f6r\u00fc, petrol kimya end\u00fcstrisi, sava\u015f ve elektrik end\u00fcstrisi, g\u0131da i\u015fleme ve t\u0131p end\u00fcstrisi, makine ve donan\u0131m alanlar\u0131 i\u00e7in ge\u00e7erlidir.<\/td>\n<\/tr>\n<tr>\n<td>\u00d6deme<\/td>\n<td> T \/ T, L \/ C, Western Union<\/td>\n<\/tr>\n<tr>\n<td>Paketleme y\u00f6ntemi<\/td>\n<td> Su ge\u00e7irmez ka\u011f\u0131t + ah\u015fap paletler veya ihtiyaca g\u00f6re<\/td>\n<\/tr>\n<\/tbody>\n<\/table>\n<\/div>\n<h2>B\u00f6l\u00fcm 1 \u00dcr\u00fcn A\u00e7\u0131klamas\u0131<\/h2>\n<p>Galvanizleme, estetik ve pas \u00f6nleyici etkiler i\u00e7in metallerin, ala\u015f\u0131mlar\u0131n veya di\u011fer malzemelerin y\u00fczeyine bir \u00e7inko tabakas\u0131 kaplayan bir y\u00fczey i\u015fleme teknolojisini ifade eder. Kullan\u0131lan ana y\u00f6ntem s\u0131cak dald\u0131rma galvanizlemedir. \u00c7inko asit ve alkalide kolayca \u00e7\u00f6z\u00fcn\u00fcr, bu nedenle amfoterik metal olarak adland\u0131r\u0131l\u0131r. \u00c7inko kuru havada neredeyse hi\u00e7 de\u011fi\u015fmez. Nemli havada, \u00e7inko y\u00fczeyinde yo\u011fun bir bazik \u00e7inko karbonat filmi olu\u015facakt\u0131r.<\/p>\n<p>S\u00fclf\u00fcr dioksit, hidrojen s\u00fclf\u00fcr ve deniz atmosferi i\u00e7eren atmosferde, \u00e7inkonun korozyon direnci zay\u0131ft\u0131r, \u00f6zellikle y\u00fcksek s\u0131cakl\u0131k, y\u00fcksek nem ve organik asit atmosferinde \u00e7inko kaplama kolayca a\u015f\u0131n\u0131r. \u00c7inkonun standart elektrot potansiyeli -0,76V'tur. \u00c7elik alt tabaka i\u00e7in \u00e7inko kaplama anodik bir kaplamad\u0131r. Esas olarak \u00e7eli\u011fin korozyonunu \u00f6nlemek i\u00e7in kullan\u0131l\u0131r. Koruyucu performans\u0131n\u0131n kalitesi, kaplaman\u0131n kal\u0131nl\u0131\u011f\u0131 ile yak\u0131ndan ilgilidir. \u00c7inko kaplama pasifle\u015ftirildikten, boyand\u0131ktan veya \u0131\u015f\u0131k koruma maddesi ile kapland\u0131ktan sonra, korumas\u0131 ve dekorasyonu \u00f6nemli \u00f6l\u00e7\u00fcde iyile\u015ftirilebilir.<\/p>\n<h2>B\u00f6l\u00fcm 2 Galvanizli i\u015f\u00e7ilik:<\/h2>\n<p>Alkali proses, elektrokaplama \u00e7\u00f6zeltisinin pH de\u011ferinin alkali oldu\u011fu anlam\u0131na gelir. Bununla birlikte, farkl\u0131 kompleks yap\u0131c\u0131 maddeler nedeniyle, ikili siyan\u00fcr alkali \u00e7\u00f6zeltisi ve s\u00fclfat sulu \u00e7\u00f6zeltisi olarak ikiye ayr\u0131labilir. Siyan\u00fcr\u00fcn kendisi \u00e7ok eski bir elektrokaplama t\u00fcr\u00fcd\u00fcr. Kaplama \u00e7\u00f6zeltisinde temel olarak \u015feffaf bile\u015fenler vard\u0131r: ana tuz \u00e7inko oksit, kompleks yap\u0131c\u0131 madde sodyum siyan\u00fcr ve iletken tuz sodyum hidroksit (genellikle kostik soda olarak bilinir). \u0130lk siyan\u00fcr banyosunda parlat\u0131c\u0131 yoktu.<\/p>\n<p>\u0130nsanlar\u0131n estetik gereksinimlerinin iyile\u015ftirilmesiyle, siyan\u00fcr \u00e7\u00f6zeltisinin \u015feffafl\u0131\u011f\u0131na bir parlat\u0131c\u0131 madde eklenir. Siyan\u00fcr \u00e7\u00f6zeltisi s\u00fcreci kararl\u0131d\u0131r ve elektrokaplama \u00e7\u00f6zeltisinin da\u011f\u0131lma kabiliyeti iyidir. Siyan\u00fcr \u00e7\u00f6zeltisinin i\u00e7eri\u011fine g\u00f6re, y\u00fcksek siyan\u00fcr, orta siyan\u00fcr ve d\u00fc\u015f\u00fck siyan\u00fcr ar\u0131tmas\u0131 olarak ayr\u0131labilir. Siyan\u00fcr\u00fcn en b\u00fcy\u00fck dezavantaj\u0131 olduk\u00e7a zehirli ve \u00e7evreye zararl\u0131 olmas\u0131d\u0131r.<\/p>\n<h2>B\u00f6l\u00fcm 3 Birka\u00e7 yayg\u0131n galvanizli rulo<\/h2>\n<h4>1. Q235 galvanizli bobin<\/h4>\n<p>Q235 galvanizli bobin, 235MPa akma dayan\u0131m\u0131na sahip y\u00fczey galvanizli bir bobindir. Galvanizli rulo, y\u00fczeyine bir \u00e7inko tabakas\u0131 yap\u0131\u015ft\u0131rmak i\u00e7in erimi\u015f \u00e7inko banyosuna dald\u0131r\u0131lan ince bir \u00e7elik sacd\u0131r. Esas olarak, galvanizli \u00e7elik sac yapmak i\u00e7in \u00e7elik sac rulolar\u0131n\u0131n s\u00fcrekli olarak erimi\u015f \u00e7inko banyosuna dald\u0131r\u0131ld\u0131\u011f\u0131 s\u00fcrekli galvanizleme i\u015flemi ile \u00fcretilir.<\/p>\n<h4>2. Q195 galvanizli bobin<\/h4>\n<p>Q195 galvanizli bobin, 195MPa akma dayan\u0131m\u0131na sahip y\u00fczey galvanizli bir bobindir. Galvanizli rulo, y\u00fczeyine bir \u00e7inko tabakas\u0131 yap\u0131\u015ft\u0131rmak i\u00e7in erimi\u015f \u00e7inko banyosuna dald\u0131r\u0131lan ince bir \u00e7elik sacd\u0131r. Esas olarak, galvanizli \u00e7elik sac yapmak i\u00e7in \u00e7elik sac rulolar\u0131n\u0131n s\u00fcrekli olarak erimi\u015f \u00e7inko banyosuna dald\u0131r\u0131ld\u0131\u011f\u0131 s\u00fcrekli galvanizleme i\u015flemi ile \u00fcretilir.<\/p>\n<h4>3. DC01 Galvanizli \u00e7elik bobin<\/h4>\n<p>DC01 Galvanizli \u00e7elik bobin, otomobiller, s\u0131hhi tesisat, g\u0131da makineleri, bas\u0131n\u00e7l\u0131 kaplar, n\u00fckleer enerji, kimyasal ekipman, asans\u00f6rler, demiryolu ge\u00e7i\u015fi, makine imalat\u0131, yap\u0131sal borular ve mimari dekorasyon i\u00e7in kullan\u0131l\u0131r.<\/p>\n<h4>4.DX52D Galvanizli \u00e7elik bobin<\/h4>\n<p>DX52D \u0130n\u015faat end\u00fcstrisi esas olarak end\u00fcstriyel ve sivil binalar i\u00e7in korozyon \u00f6nleyici \u00e7at\u0131 panelleri ve \u00e7at\u0131 \u0131zgaralar\u0131 \u00fcretmek i\u00e7in kullan\u0131l\u0131r; Hafif sanayide, ev aletleri kabuklar\u0131, sivil bacalar, mutfak aletleri vb. \u00fcretmek i\u00e7in kullan\u0131l\u0131r. Otomobil end\u00fcstrisinde, esas olarak otomobillerin korozyona dayan\u0131kl\u0131 par\u00e7alar\u0131n\u0131 vb. \u00fcretmek i\u00e7in kullan\u0131l\u0131r; Tar\u0131m, hayvan.<\/p>\n<h4>5. G550 Galvanizli \u00e7elik bobin<\/h4>\n<p>G550 Galvanizli rulo, \u00e7ekme mukavemeti ve akma mukavemeti i\u00e7in y\u00fcksek gereksinimleri olan y\u00fcksek mukavemetli seri galvanizli saca aittir. Minimum akma dayan\u0131m\u0131 560Mpa, minimum \u00e7ekme dayan\u0131m\u0131 650Mpa ve \u00e7inko tabakas\u0131 kal\u0131nl\u0131\u011f\u0131 275g\/m2'dir. G\u00fc\u00e7l\u00fc korozyon direncine sahiptir ve esas olarak y\u00fcksek mukavemetli yap\u0131lar in\u015fa etmek i\u00e7in kullan\u0131l\u0131r.<\/p>","protected":false},"excerpt":{"rendered":"<p>\u00dcr\u00fcn Ad\u0131 Galvanizli \u00c7elik Rulo Standart ve Malzeme SGCC; SGCD1; SGCD2; SGCD3; SGC340SGC400; SGC440; SGC590; DX51D+Z; DX52D+Z; DX53D+Z; DX54D+Z; S250GD+Z; S280GD+Z; S320GD+Z; S350GD+Z; S550GD+Z; Q-BQB420-2009 Kal\u0131nl\u0131k 0.13-0.8mm Geni\u015flik 600-1250mm \u00c7inko kaplama 20- 275g \/ m2 Bobin A\u011f\u0131rl\u0131\u011f\u0131 3-8 Ton veya gere\u011fi olarak Y\u00fczey \u0130\u015flem Mini \/ B\u00fcy\u00fck Pul Uygulama \u0130n\u015faat alan\u0131, gemi in\u015fa end\u00fcstrisi, kazan \u0131s\u0131 e\u015fanj\u00f6r\u00fc, petrol kimya end\u00fcstrisi, sava\u015f ve elektrik end\u00fcstrisi, g\u0131da i\u015fleme ve t\u0131p end\u00fcstrisi, makine ve donan\u0131m alanlar\u0131 i\u00e7in ge\u00e7erlidir. \u00d6deme T \/ T, L \/ C, Bat\u0131 [...]","protected":false},"featured_media":3124,"comment_status":"closed","ping_status":"closed","template":"","meta":[],"product_cat":[17,43],"class_list":{"0":"post-3331","1":"product","2":"type-product","3":"status-publish","4":"has-post-thumbnail","6":"product_cat-galvanized-steel-manufacturer","7":"product_cat-galvanized-steel-coil-manufacturer","9":"first","10":"instock","11":"shipping-taxable","12":"product-type-simple"},"_links":{"self":[{"href":"https:\/\/steelsupplydirect.com\/tr\/wp-json\/wp\/v2\/product\/3331","targetHints":{"allow":["GET"]}}],"collection":[{"href":"https:\/\/steelsupplydirect.com\/tr\/wp-json\/wp\/v2\/product"}],"about":[{"href":"https:\/\/steelsupplydirect.com\/tr\/wp-json\/wp\/v2\/types\/product"}],"replies":[{"embeddable":true,"href":"https:\/\/steelsupplydirect.com\/tr\/wp-json\/wp\/v2\/comments?post=3331"}],"wp:featuredmedia":[{"embeddable":true,"href":"https:\/\/steelsupplydirect.com\/tr\/wp-json\/wp\/v2\/media\/3124"}],"wp:attachment":[{"href":"https:\/\/steelsupplydirect.com\/tr\/wp-json\/wp\/v2\/media?parent=3331"}],"wp:term":[{"taxonomy":"product_cat","embeddable":true,"href":"https:\/\/steelsupplydirect.com\/tr\/wp-json\/wp\/v2\/product_cat?post=3331"}],"curies":[{"name":"wp","href":"https:\/\/api.w.org\/{rel}","templated":true}]}}