{"id":3340,"date":"2023-08-28T15:09:22","date_gmt":"2023-08-28T07:09:22","guid":{"rendered":"https:\/\/steelsupplydirect.com\/?post_type=product&#038;p=3340"},"modified":"2023-11-06T11:01:44","modified_gmt":"2023-11-06T03:01:44","slug":"20-26-28-gauge-yapi-malzemesi-icin-oluklu-galvanizli-celik-sac-z80g-z100g","status":"publish","type":"product","link":"https:\/\/steelsupplydirect.com\/tr\/%c3%bcr%c3%bcn\/20-26-28-gauge-yapi-malzemesi-icin-oluklu-galvanizli-celik-sac-z80g-z100g","title":{"rendered":"20 26 28 \u00d6l\u00e7er Yap\u0131 Malzemesi i\u00e7in Oluklu Galvanizli Sac Z80g Z100g"},"content":{"rendered":"<div style=\"overflow: auto\">\n<table>\n<thead>\n<tr>\n<th>\u00dcr\u00fcn ad\u0131<\/th>\n<th>Galvanizli Oluklu \u00e7at\u0131 kaplama \u00e7elik sac<\/th>\n<\/tr>\n<\/thead>\n<tbody>\n<tr>\n<td>Boyut<\/td>\n<td>0.12mm-1.2mm<\/td>\n<\/tr>\n<tr>\n<td>Geni\u015flik<\/td>\n<td>600mm-1500mm<\/td>\n<\/tr>\n<tr>\n<td>\u00c7inko kaplama<\/td>\n<td>40-275g\/m2<\/td>\n<\/tr>\n<tr>\n<td>Uzunluk<\/td>\n<td>Uzunluk:Tek rastgele uzunluk\/\u00c7ift rastgele uzunluk<br \/>5m-14m, 5.8m, 6m, 10m-12m, 12m veya m\u00fc\u015fterinin ger\u00e7ek talepleri do\u011frultusunda<\/td>\n<\/tr>\n<tr>\n<td>Teknik<\/td>\n<td>Gi lron \u00c7at\u0131 Kaplama Levhas\u0131<\/td>\n<\/tr>\n<tr>\n<td>Y\u00fczey i\u015fleme<\/td>\n<td>1. Galvanizli <br \/>2. PVC, Siyah ve renkli boyama <br \/>3. \u015eeffaf ya\u011f, pas \u00f6nleyici ya\u011f <br \/>4. M\u00fc\u015fteri ihtiyac\u0131na g\u00f6re<\/td>\n<\/tr>\n<tr>\n<td>Teslimat s\u00fcresi<\/td>\n<td>Avans\u0131n al\u0131nmas\u0131ndan 7 ila 15 g\u00fcn sonra<\/td>\n<\/tr>\n<\/tbody>\n<\/table>\n<\/div>\n<h2>B\u00f6l\u00fcm 1 \u00fcr\u00fcn a\u00e7\u0131klamas\u0131<\/h2>\n<p>Galvanizli oluklu \u00e7elik sac, galvanizli sac veya beyaz demir sac olarak da adland\u0131r\u0131l\u0131r: so\u011fuk haddelenmi\u015f s\u00fcrekli s\u0131cak dald\u0131rma galvanizli ince \u00e7elik sac ve 0,25-2,5 mm kal\u0131nl\u0131\u011f\u0131nda \u00e7elik \u015ferittir. \u00c7elik levhan\u0131n y\u00fczeyi masif veya yaprak \u015feklindeki \u00e7inko kristal desenleriyle g\u00fczeldir, galvanizli katman sa\u011flamd\u0131r ve m\u00fckemmel atmosferik korozyon direncine sahiptir. Ayn\u0131 zamanda, \u00e7elik levha iyi kaynak performans\u0131na ve so\u011fuk \u015fekillendirme performans\u0131na da sahiptir. Elektro galvanizli ince \u00e7elik saclarla kar\u015f\u0131la\u015ft\u0131r\u0131ld\u0131\u011f\u0131nda, s\u0131cak dald\u0131rma galvanizli ince \u00e7elik saclar daha kal\u0131n bir galvaniz tabakas\u0131na sahiptir ve esas olarak daha g\u00fc\u00e7l\u00fc korozyon direnci gerektiren bile\u015fenler i\u00e7in kullan\u0131l\u0131r.<\/p>\n<p>Kullan\u0131lan hammaddeler renkli \u00e7elik saclard\u0131r ve renkli kaplamal\u0131 \u00e7elik saclar\u0131n alt tabakalar\u0131 aras\u0131nda elektro galvanizli \u00e7elik saclar, so\u011fuk haddelenmi\u015f \u00e7elik saclar, s\u0131cak dald\u0131rma galvanizli \u00e7elik saclar ve galvanizli \u00e7elik saclar bulunur. Alt tabakalar ya\u011f giderme ve fosfatlama i\u015flemlerinden sonra bir tabaka ile kaplan\u0131r. Organik boya f\u0131r\u0131nlan\u0131r ve son olarak parlak ve renkli bir renkli \u00e7elik levhaya d\u00f6n\u00fc\u015ft\u00fcr\u00fcl\u00fcr. Renkli \u00e7elik levha haddeleme, so\u011fuk b\u00fckme ve presleme gibi i\u015flemlerden ge\u00e7er ve son olarak fayans gibi \u00e7e\u015fitli \u015fekiller al\u0131r.<\/p>\n<h2>B\u00f6l\u00fcm 2 \u00dcr\u00fcn \u00d6zellikleri<\/h2>\n<p>\u2460Sac Kal\u0131nl\u0131\u011f\u0131: 0.2-1.0mm,<\/p>\n<p>\u2461Geni\u015flik: 50-250mm.<\/p>\n<p>\u2462Uygulama kodu: L (binalar i\u00e7in), Q (duvarlar i\u00e7in), W (evler i\u00e7in), X (Evrensel panel).<\/p>\n<p>\u2463Yayg\u0131n olarak kullan\u0131lan malzemeler: Q235A, Q235B, vb. Renk kapl\u0131 \u00e7elik oluklu mukavva \u00fcretim standard\u0131 GB \/ T 12755'tir.<\/p>\n<p>\u2464 Renkli \u00e7elik oluklu sac Ortak \u00d6zellikler:<\/p>\n<p>YW35-1000-205-0.4, Q235B, GB\/T 12755<\/p>\n<p>YX15-1000-125-0.8, Q235B, GB\/T 12755<\/p>\n<p>YW30-970-240-0.4, Q235B, GB\/T12755<\/p>\n<p>YW51-600-250-0.8, Q235A, GB\/T 12755<\/p>\n<p>YX15-850-65-0.5, Q235B, GB\/T 12755<\/p>\n<p>YW51-760-380-0.8, Q235B, GB\/T 12755<\/p>\n<h2>B\u00f6l\u00fcm 3 S\u0131n\u0131fland\u0131rma<\/h2>\n<p>\u00dcretim ve i\u015fleme y\u00f6ntemine g\u00f6re a\u015fa\u011f\u0131daki kategorilere ayr\u0131labilir:<\/p>\n<h4>1. Galvanizli oluklu mukavva.<\/h4>\n<p>\u00c7elik levha erimi\u015f \u00e7inko banyosuna dald\u0131r\u0131l\u0131r, b\u00f6ylece \u00e7elik levha \u00e7inko tabakas\u0131 ile y\u00fczeye yap\u0131\u015ft\u0131r\u0131l\u0131r. \u015eu anda, esas olarak s\u00fcrekli galvanizleme s\u00fcrecini benimser, yani sar\u0131lm\u0131\u015f \u00e7elik levha s\u00fcrekli olarak bir galvanizleme tank\u0131na dald\u0131r\u0131l\u0131r ve erimi\u015f \u00e7inko ile birlikte galvanizli bir \u00e7elik levha haline getirilir.<\/p>\n<h4>2. Ala\u015f\u0131ml\u0131 galvanizli oluklu mukavva.<\/h4>\n<p>Bu t\u00fcr \u00e7elik levha da s\u0131cak dald\u0131rma ile yap\u0131l\u0131r, ancak tanktan bo\u015falt\u0131ld\u0131ktan hemen sonra, \u00e7inko ve demirden olu\u015fan bir ala\u015f\u0131m filmi olu\u015fturmak i\u00e7in yakla\u015f\u0131k 500 \u00b0 C'ye \u0131s\u0131t\u0131l\u0131r. Galvanizli sac iyi boya yap\u0131\u015fmas\u0131 ve kaynaklanabilirli\u011fe sahiptir.<\/p>\n<h4>3. Galvanizli oluklu mukavva.<\/h4>\n<p>Elektrokaplama ile \u00fcretilen galvanizli \u00e7elik saclar iyi i\u015flenebilirli\u011fe sahiptir. Ancak kaplama daha incedir ve korozyon direnci s\u0131cak dald\u0131rma galvanizli paneller kadar iyi de\u011fildir.<\/p>\n<h4>4. Tek tarafl\u0131 ve \u00e7ift tarafl\u0131 galvanizli oluklu saclar.<\/h4>\n<p>Tek tarafl\u0131 galvanizli \u00e7elik sac, sadece bir taraf\u0131 galvanizli olan bir \u00fcr\u00fcnd\u00fcr. Kaynak, boyama, pas \u00f6nleyici i\u015flem, i\u015fleme vb. a\u00e7\u0131s\u0131ndan \u00e7ift tarafl\u0131 galvanizli panellere g\u00f6re daha iyi uyarlanabilirli\u011fe sahiptir. Bir taraf\u0131n\u0131n galvanizlenmemesinin dezavantaj\u0131n\u0131 a\u015fmak i\u00e7in di\u011fer taraf\u0131na ince bir \u00e7inko tabakas\u0131 ile ba\u015fka bir galvanizli sac kaplan\u0131r, yani \u00e7ift tarafl\u0131 diferansiyel galvanizli sac.<\/p>\n<h4>5. Ala\u015f\u0131ml\u0131 ve kompozit galvanizli oluklu mukavva.<\/h4>\n<p>\u00c7inko ve kur\u015fun ve \u00e7inko ala\u015f\u0131mlar\u0131 gibi di\u011fer metallerden ve hatta kompozit kaplamalardan yap\u0131lm\u0131\u015f bir \u00e7elik levhad\u0131r. Bu \u00e7elik levha sadece m\u00fckemmel pas \u00f6nleme performans\u0131na sahip olmakla kalmaz, ayn\u0131 zamanda iyi bir kaplama performans\u0131na da sahiptir.<\/p>\n<h2>B\u00f6l\u00fcm 4 Ortak \u00d6zellikler<\/h2>\n<h4>1.840 Tip \u00c7inko \u00c7elik Oluklu Sac<\/h4>\n<p>Tip 840 \u00e7inko-\u00e7elik oluklu mukavva yayg\u0131n bir spesifikasyondur. Etkili kal\u0131nl\u0131\u011f\u0131 840 mm, dalga y\u00fcksekli\u011fi 25 mm, dalga mesafesi 210 mm ve plaka kal\u0131nl\u0131\u011f\u0131 0,3-0,8 mm'dir. Bu \u00e7inko-\u00e7elik oluklu mukavva spesifikasyonu end\u00fcstriyel tesisler, depolar ve garajlar gibi binalar\u0131n \u00e7at\u0131lar\u0131 ve duvarlar\u0131 i\u00e7in uygundur.<\/p>\n<h4>2. 820 \u00c7inko-\u00c7elik Oluklu Levha<\/h4>\n<p>Etkili kal\u0131nl\u0131\u011f\u0131 820mm, dalga y\u00fcksekli\u011fi 25mm, dalga mesafesi 205mm ve plaka kal\u0131nl\u0131\u011f\u0131 0.3-0.8mm'dir. Bu \u00e7inko-\u00e7elik oluklu mukavva spesifikasyonu, sivil binalar, ticari binalar ve end\u00fcstriyel tesisler gibi binalar\u0131n \u00e7at\u0131lar\u0131 ve duvarlar\u0131 i\u00e7in uygundur.<\/p>\n<h4>3.760Tip \u00c7inko-\u00c7elik Oluklu Levha<\/h4>\n<p>Etkili geni\u015flik 760mm, dalga y\u00fcksekli\u011fi 18mm, dalga mesafesi 76mm ve levha kal\u0131nl\u0131\u011f\u0131 0.3-0.8mm'dir. \u00c7inko-\u00e7elik oluklu mukavvan\u0131n bu \u00f6zelli\u011fi, sivil binalar, ticari binalar, end\u00fcstriyel tesisler ve binalar\u0131n di\u011fer \u00e7at\u0131 ve duvarlar\u0131 i\u00e7in uygundur.<\/p>\n<h4>4. 900Tip Galvanizli Oluklu Sac<\/h4>\n<p>Levhan\u0131n etkili geni\u015fli\u011fi 900 mm, dalga y\u00fcksekli\u011fi 25 mm, dalga mesafesi 225 mm ve levha kal\u0131nl\u0131\u011f\u0131 0,3-0,8 mm'dir. Bu \u00e7inko-\u00e7elik oluklu mukavva spesifikasyonu, spor salonu, sergi salonu gibi uzun a\u00e7\u0131kl\u0131kl\u0131 binalar\u0131n \u00e7at\u0131lar\u0131 ve duvarlar\u0131 i\u00e7in uygundur.<\/p>\n<h4>5.1000Tip \u00c7inko-\u00c7elik Oluklu Levha<\/h4>\n<p>Etkili geni\u015flik 1000mm, dalga y\u00fcksekli\u011fi 25mm, dalga mesafesi 200mm ve plaka kal\u0131nl\u0131\u011f\u0131 0.3-0.8mm'dir. \u00c7inko-\u00e7elik oluklu mukavvan\u0131n bu \u00f6zelli\u011fi, uzun a\u00e7\u0131kl\u0131kl\u0131 binalar\u0131n \u00e7at\u0131s\u0131 ve duvar\u0131 i\u00e7in uygundur. Spor salonlar\u0131, sergi salonlar\u0131 gibi.<\/p>\n<p>-Oluklu galvanizli sac\u0131n malzeme \u00f6zellikleri<\/p>\n<p>1. \u00c7elik levha tipi<\/p>\n<p>Oluklu galvanizli saclar i\u00e7in bir\u00e7ok \u00e7elik sac t\u00fcr\u00fc vard\u0131r, ancak bunlar esas olarak s\u0131radan karbon yap\u0131sal \u00e7elik, d\u00fc\u015f\u00fck ala\u015f\u0131ml\u0131 y\u00fcksek mukavemetli \u00e7elik ve korozyona dayan\u0131kl\u0131 \u00e7elik i\u00e7erir. Bu \u00e7elik plakalar farkl\u0131 mukavemet, sertlik, korozyon direnci ve i\u015flenebilirli\u011fe sahiptir ve farkl\u0131 alanlar i\u00e7in uygundur.<\/p>\n<p>2. Kal\u0131nl\u0131k<\/p>\n<p>Oluklu galvanizli sac\u0131n genel kal\u0131nl\u0131\u011f\u0131 0.4mm-1.2mm olup, esas olarak uygulama alan\u0131 ve kullan\u0131m ko\u015fullar\u0131ndan etkilenir. Malzeme se\u00e7erken, \u00fcretim gereksinimlerini ve kullan\u0131m gereksinimlerini g\u00f6z \u00f6n\u00fcnde bulundurun ve uygun bir kal\u0131nl\u0131k se\u00e7in.<\/p>\n<p>3. \u00c7inko tabakas\u0131n\u0131n kal\u0131nl\u0131\u011f\u0131<\/p>\n<p>Galvanizli tabakan\u0131n kal\u0131nl\u0131\u011f\u0131, galvanizli oluklu sac\u0131n kalitesini etkileyen \u00f6nemli fakt\u00f6rlerden biridir. Genel olarak, galvanizli tabakan\u0131n kal\u0131nl\u0131\u011f\u0131 20-60 \u03bcm'dir. Farkl\u0131 kal\u0131nl\u0131klardaki galvanizli tabakalar, malzemenin korozyon direnci ve dayan\u0131kl\u0131l\u0131\u011f\u0131 \u00fczerinde farkl\u0131 etkilere sahip olacakt\u0131r ve uygulama gereksinimlerine g\u00f6re se\u00e7ilmesi gerekir.<\/p>\n<p>-Oluklu galvanizli sac\u0131n uygulama alan\u0131<\/p>\n<p>Oluklu galvanizli saclar in\u015faat, otomobil, ev aletleri, tar\u0131m ve havac\u0131l\u0131kta yayg\u0131n olarak kullan\u0131lmaktad\u0131r. Bunlar aras\u0131nda in\u015faat end\u00fcstrisi, \u00e7at\u0131lar, duvarlar, depolar, boru hatlar\u0131 vb. in\u015fa etmek i\u00e7in kullan\u0131lan oluklu galvanizli sac\u0131n ana uygulama alanlar\u0131ndan biridir.<\/p>\n<p>-Oluklu galvanizli sac\u0131n avantajlar\u0131<\/p>\n<p>1. G\u00fc\u00e7l\u00fc anti-korozyon performans\u0131<\/p>\n<p>Oluklu galvanizli sac\u0131n kal\u0131nl\u0131\u011f\u0131 orta d\u00fczeydedir ve y\u00fczeyi galvanizlidir. \u0130yi bir korozyon \u00f6nleme performans\u0131na sahiptir ve nemli bir ortamda uzun s\u00fcre kullan\u0131labilir.<\/p>\n<p>2. \u0130yi dayan\u0131kl\u0131l\u0131k<\/p>\n<p>Oluklu galvaniz sac iyi i\u015flenmi\u015f olup, kullan\u0131m s\u0131ras\u0131nda e\u011filme ve \u00e7atlama gibi sorunlar ya\u015fanmaz ve m\u00fckemmel dayan\u0131kl\u0131l\u0131\u011fa sahiptir.<\/p>\n<p>3. D\u00fc\u015f\u00fck maliyet<\/p>\n<p>Di\u011fer malzemelerle kar\u015f\u0131la\u015ft\u0131r\u0131ld\u0131\u011f\u0131nda, oluklu galvanizli sac ucuzdur ve y\u00fcksek maliyet performans\u0131na sahip olan hizmet \u00f6mr\u00fcnde m\u00fckemmel performansa sahiptir.<\/p>\n<p>Galvanizli Sac esas olarak kullan\u0131lan bir \u00fcr\u00fcnd\u00fcr: otomobil imalat\u0131nda, so\u011futucuda, in\u015faatta, havaland\u0131rma ve \u0131s\u0131tma tesislerinde ve mobilya imalat\u0131nda ve di\u011fer alanlarda kullan\u0131lan \u00e7ok say\u0131da galvanizli sac. Galvaniz \u00f6nemli bir \u00e7elik korozyon \u00f6nleyici y\u00f6ntem haline gelir, \u00e7\u00fcnk\u00fc \u00e7inko yo\u011fun \u00e7elik y\u00fczey koruyucu tabakas\u0131nda olu\u015fturulabilir, ayn\u0131 zamanda \u00e7inko katodik koruma etkisine sahiptir, galvanizli tabaka hasar g\u00f6rd\u00fc\u011f\u00fcnde, demir taban\u0131 \u00f6nlemek i\u00e7in katodik korozyon korumas\u0131 yoluyla hala olabilir.<\/p>\n<p>Galvanizli \u00e7elik sac, \u00e7elik sac\u0131n y\u00fczeyinin korozyona u\u011framas\u0131n\u0131 \u00f6nlemek ve hizmet \u00f6mr\u00fcn\u00fc uzatmak i\u00e7indir. \u00c7elik sac\u0131n y\u00fczeyine bir metal \u00e7inko tabakas\u0131 kaplan\u0131r. Bu galvanizli \u00e7elik saca galvanizli sac denir. \u00c7elik levhan\u0131n y\u00fczeyi masif veya yaprak \u015feklindeki \u00e7inko kristal desenleri ile g\u00fczeldir, galvanizli tabaka sa\u011flamd\u0131r ve m\u00fckemmel atmosferik korozyon direncine sahiptir. Ayn\u0131 zamanda, \u00e7elik levha iyi kaynak performans\u0131na ve so\u011fuk \u015fekillendirme performans\u0131na da sahiptir. Elektro galvanizli ince \u00e7elik saclarla kar\u015f\u0131la\u015ft\u0131r\u0131ld\u0131\u011f\u0131nda, s\u0131cak dald\u0131rma galvanizli ince \u00e7elik saclar daha kal\u0131n bir galvaniz tabakas\u0131na sahiptir ve esas olarak daha g\u00fc\u00e7l\u00fc korozyon direnci gerektiren bile\u015fenler i\u00e7in kullan\u0131l\u0131r. Galvanizli oluklu \u00e7elik sac, so\u011fuk haddelenmi\u015f s\u00fcrekli s\u0131cak dald\u0131rma galvanizli ince \u00e7elik sac ve 0,25-2,5 mm kal\u0131nl\u0131\u011f\u0131nda \u00e7elik \u015ferittir. \u0130n\u015faat, ambalaj, demiryolu ara\u00e7lar\u0131, tar\u0131m makineleri imalat\u0131 ve g\u00fcnl\u00fck ihtiya\u00e7larda yayg\u0131n olarak kullan\u0131lmaktad\u0131r.<\/p>\n<p>&nbsp;<\/p>\n<p>&nbsp;<\/p>\n<p>&nbsp;<\/p>","protected":false},"excerpt":{"rendered":"<p>\u00dcr\u00fcn ad\u0131 Galvanizli Oluklu \u00e7at\u0131 \u00e7elik sac Boyut 0.12mm-1.2mm Geni\u015flik 600mm-1500mm \u00c7inko kaplama 40-275g \/ m2 Uzunluk Uzunluk: Tek rastgele uzunluk \/ \u00c7ift rastgele uzunluk 5m-14m, 5.8m, 6m, 10m-12m, 12m veya m\u00fc\u015fterinin ger\u00e7ek talepleri olarak Teknik Gi lron \u00c7at\u0131 Kaplama Levhas\u0131 Y\u00fczey i\u015fleme 1. Galvaniz. Galvaniz 2. PVC, Siyah ve renkli boya 3. \u015eeffaf ya\u011f, pas \u00f6nleyici ya\u011f \u015eeffaf ya\u011f, pas \u00f6nleyici ya\u011f 4. M\u00fc\u015fterilerin ihtiyac\u0131na g\u00f6re Teslimat s\u00fcresi 7 ila 15 g\u00fcn sonra [...]","protected":false},"featured_media":3135,"comment_status":"closed","ping_status":"closed","template":"","meta":[],"product_cat":[17,44,48],"class_list":{"0":"post-3340","1":"product","2":"type-product","3":"status-publish","4":"has-post-thumbnail","6":"product_cat-galvanized-steel-manufacturer","7":"product_cat-galvanized-corrugated-steel","8":"product_cat-ppgi-corrugated","10":"first","11":"instock","12":"shipping-taxable","13":"product-type-simple"},"_links":{"self":[{"href":"https:\/\/steelsupplydirect.com\/tr\/wp-json\/wp\/v2\/product\/3340","targetHints":{"allow":["GET"]}}],"collection":[{"href":"https:\/\/steelsupplydirect.com\/tr\/wp-json\/wp\/v2\/product"}],"about":[{"href":"https:\/\/steelsupplydirect.com\/tr\/wp-json\/wp\/v2\/types\/product"}],"replies":[{"embeddable":true,"href":"https:\/\/steelsupplydirect.com\/tr\/wp-json\/wp\/v2\/comments?post=3340"}],"wp:featuredmedia":[{"embeddable":true,"href":"https:\/\/steelsupplydirect.com\/tr\/wp-json\/wp\/v2\/media\/3135"}],"wp:attachment":[{"href":"https:\/\/steelsupplydirect.com\/tr\/wp-json\/wp\/v2\/media?parent=3340"}],"wp:term":[{"taxonomy":"product_cat","embeddable":true,"href":"https:\/\/steelsupplydirect.com\/tr\/wp-json\/wp\/v2\/product_cat?post=3340"}],"curies":[{"name":"wp","href":"https:\/\/api.w.org\/{rel}","templated":true}]}}