{"id":3341,"date":"2023-08-28T15:29:17","date_gmt":"2023-08-28T07:29:17","guid":{"rendered":"https:\/\/steelsupplydirect.com\/?post_type=product&#038;p=3341"},"modified":"2024-06-27T17:10:26","modified_gmt":"2024-06-27T09:10:26","slug":"gi-celik-yapisal-boru-z120-z275-sicak-daldirma-galvanizli-celik-boru","status":"publish","type":"product","link":"https:\/\/steelsupplydirect.com\/tr\/%c3%bcr%c3%bcn\/gi-celik-yapisal-boru-z120-z275-sicak-daldirma-galvanizli-celik-boru","title":{"rendered":"Gi \u00c7elik Yap\u0131sal Boru Z120 Z275 S\u0131cak Dald\u0131rma Galvanizli \u00c7elik Boru"},"content":{"rendered":"<h2>B\u00f6l\u00fcm 1 \u00dcr\u00fcn A\u00e7\u0131klamas\u0131<\/h2>\n<div style=\"overflow: auto\">\n<table>\n<thead>\n<tr>\n<th>\u00dcr\u00fcn ad\u0131<\/th>\n<th>Galvanizli \u00c7elik Boru<\/th>\n<\/tr>\n<\/thead>\n<tbody>\n<tr>\n<td>Malzeme<\/td>\n<td>10#, 20#, 45#, 16Mn, A53(A,B), Q235, Q345, Q195, Q215, St37, St42, St37-2, St35.4, St52.4, ST35 vb.<\/td>\n<\/tr>\n<tr>\n<td>Duvar Kal\u0131nl\u0131\u011f\u0131<\/td>\n<td>1MM ~ 12MM veya ihtiyac\u0131n\u0131za g\u00f6re<\/td>\n<\/tr>\n<tr>\n<td>D\u0131\u015f \u00c7ap<\/td>\n<td>20MM ~ 508MM veya gereksiniminiz olarak<\/td>\n<\/tr>\n<tr>\n<td>Uzunluk<\/td>\n<td>Uzunluk: Tek rastgele uzunluk \/ \u00c7ift rastgele uzunluk 5m-14m, 5.8m, 6m, 10m-12m, 12m veya m\u00fc\u015fterinin ger\u00e7ek talepleri do\u011frultusunda<\/td>\n<\/tr>\n<tr>\n<td>Standart<\/td>\n<td>API 5L, ASTM A53-2007, ASTM A671-2006, ASTM A252-1998, ASTM A450-1996, ASME B36.10M-2004, ASTM A523-1996, BS 1387, BS EN10296, BS6323, BS 6363, BS EN10219, GB\/T 3091-2001, GB\/T 13793-1992, GB\/T9711 vb.<\/td>\n<\/tr>\n<tr>\n<td>S\u0131n\u0131f<\/td>\n<td>10#-45#, 16Mn, A53-A369, Q195-Q345, ST35-ST52Grade A, Grade B, Grade C<\/td>\n<\/tr>\n<tr>\n<td>Teknik<\/td>\n<td>S\u0131cak Dald\u0131rma Galvanizli Yuvarlak \u00c7elik Boru<\/td>\n<\/tr>\n<tr>\n<td>Paketleme<\/td>\n<td>Paket veya her t\u00fcrl\u00fc renkte PVC veya ihtiya\u00e7lar\u0131n\u0131za g\u00f6re<\/td>\n<\/tr>\n<tr>\n<td>Boru U\u00e7lar\u0131<\/td>\n<td>D\u00fcz u\u00e7lu \/ E\u011fimli, her iki u\u00e7ta plastik kapaklarla korunan, kesilmi\u015f kare, oluklu, di\u015fli ve kaplin vb.<\/td>\n<\/tr>\n<tr>\n<td>Y\u00fczey \u0130\u015flemleri<\/td>\n<td>1. Galvanizli2. PVC, Siyah ve renkli boyama3. \u015eeffaf ya\u011f, pas \u00f6nleyici ya\u011f4. M\u00fc\u015fteri ihtiyac\u0131na g\u00f6re<\/td>\n<\/tr>\n<tr>\n<td>ADEDI<\/td>\n<td>1 Ton<\/td>\n<\/tr>\n<tr>\n<td>Teslimat S\u00fcresi<\/td>\n<td>7 g\u00fcn i\u00e7inde, m\u00fc\u015fteri taraf\u0131ndan talep edilen mal miktar\u0131na g\u00f6re<\/td>\n<\/tr>\n<\/tbody>\n<\/table>\n<h2>B\u00f6l\u00fcm 2 Spesifikasyon S\u0131n\u0131fland\u0131rmas\u0131<\/h2>\n<h4>1. K\u00fc\u00e7\u00fck \u00d6zellikler<\/h4>\n<p>DN15, DN20, DN25, DN32 ve DN40 g\u00fcnl\u00fck hayatta s\u0131kl\u0131kla kullan\u0131lan k\u00fc\u00e7\u00fck ebatl\u0131 galvanizli \u00e7elik borulard\u0131r. Bunlar\u0131n d\u0131\u015f \u00e7aplar\u0131 s\u0131ras\u0131yla 21.3mm, 26.9mm, 33.7mm ve 42. mm ve 48.3mm olmak \u00fczere farkl\u0131d\u0131r.<\/p>\n<h4>2. Ortam \u00d6zellikleri<\/h4>\n<p>DN50, DN65, DN80 ve DN100 modelleri orta boy galvanizli \u00e7elik borulara aittir. D\u0131\u015f \u00e7aplar\u0131 60,3 mm ila 114,3 mm aras\u0131nda de\u011fi\u015fir ve boru duvar\u0131n\u0131n kal\u0131nl\u0131\u011f\u0131 da 3,5 mm, 3,8 mm ve 4 mm gibi farkl\u0131d\u0131r. A\u011f\u0131rl\u0131k da artar<\/p>\n<h4>3. B\u00fcy\u00fck \u015eartname<\/h4>\n<p>DN125, DN200, DN450 ve di\u011fer modeller b\u00fcy\u00fck \u00f6l\u00e7ekli galvanizli \u00e7elik borulara aittir. D\u0131\u015f \u00e7aplar\u0131 140 mm ve 219,1 mm gibi farkl\u0131 boyutlarda nispeten b\u00fcy\u00fckt\u00fcr ve duvar kal\u0131nl\u0131\u011f\u0131 ve a\u011f\u0131rl\u0131\u011f\u0131 da buna g\u00f6re artar.<\/p>\n<h2>B\u00f6l\u00fcm 3 Galvanizli \u00c7elik Borular\u0131n S\u0131n\u0131fland\u0131r\u0131lmas\u0131<\/h2>\n<h4>1. S\u0131cak dald\u0131rma galvanizli boru<\/h4>\n<p>Bu tip galvanizli boru, y\u00fczeydeki demir oksidi gidermek i\u00e7in \u00f6nce asitlenir. Asitleme tamamland\u0131ktan sonra, amonyum klor\u00fcr ve \u00e7inko klor\u00fcr birlikte kar\u0131\u015ft\u0131r\u0131l\u0131r, tank\u0131 temizlemek i\u00e7in kullan\u0131l\u0131r ve ard\u0131ndan s\u0131cak suya g\u00f6nderilir. dald\u0131rma tank\u0131. S\u0131cak dald\u0131rma galvanizli boru i\u00e7in, \u00fczerindeki kaplama \u00e7ok d\u00fczg\u00fcnd\u00fcr ve g\u00fc\u00e7l\u00fc bir yap\u0131\u015fma \u00f6zelli\u011fine sahiptir ve tabii ki hizmet \u00f6mr\u00fc nispeten uzundur.<\/p>\n<h4>2. So\u011fuk galvanizli boru<\/h4>\n<p>So\u011fuk dald\u0131rma galvanizleme asl\u0131nda elektro galvanizlemedir ve i\u00e7indeki galvanizleme miktar\u0131 \u00e7ok azd\u0131r, bu nedenle korozyon direnci s\u0131cak dald\u0131rma galvanizli borudan \u00e7ok daha k\u00f6t\u00fcd\u00fcr. D\u00fczenli \u00fcreticiler i\u00e7in, \u00fcretim s\u00fcrecinde boru hatt\u0131n\u0131n kalitesini sa\u011flamak amac\u0131yla, temelde elektro galvanizleme kullanmayacaklard\u0131r. K\u00fc\u00e7\u00fck \u00f6l\u00e7ekli ve modas\u0131 ge\u00e7mi\u015f ekipmana sahip \u00fcreticiler i\u00e7in elektro galvaniz kullanacaklar, \u00e7\u00fcnk\u00fc maliyet daha d\u00fc\u015f\u00fck olacak ve kendi karlar\u0131 daha y\u00fcksek olacak, bu y\u00fczden herkes sat\u0131n al\u0131rken dikkat etmelidir.<\/p>\n<p>Galvanizli \u00e7elik boru, y\u00fczeyinde s\u0131cak dald\u0131rma veya elektro-galvaniz tabakas\u0131 bulunan kaynakl\u0131 bir \u00e7elik borudur. Galvanizleme, \u00e7elik borular\u0131n korozyon direncini art\u0131rabilir ve hizmet \u00f6m\u00fcrlerini uzatabilir. Galvanizli borular yayg\u0131n olarak kullan\u0131lmaktad\u0131r. Su, gaz ve petrol gibi genel d\u00fc\u015f\u00fck bas\u0131n\u00e7l\u0131 ak\u0131\u015fkanlar i\u00e7in boru hatt\u0131 borular\u0131 olarak kullan\u0131lmalar\u0131n\u0131n yan\u0131 s\u0131ra, petrol end\u00fcstrisinde, \u00f6zellikle a\u00e7\u0131k deniz petrol sahalar\u0131nda petrol kuyusu borular\u0131 ve petrol boru hatlar\u0131 ve kimyasal kokla\u015ft\u0131rma ekipman\u0131 i\u00e7in ya\u011f \u0131s\u0131t\u0131c\u0131lar\u0131 ve yo\u011fu\u015fma borular\u0131 olarak da kullan\u0131l\u0131rlar. So\u011futucular i\u00e7in borular, k\u00f6m\u00fcr dam\u0131tma y\u0131kama ya\u011f\u0131 e\u015fanj\u00f6rleri, sehpa kaz\u0131klar\u0131 ve maden t\u00fcnelleri i\u00e7in destek borular\u0131 vb.<\/p>","protected":false},"excerpt":{"rendered":"<p>B\u00f6l\u00fcm 1 \u00dcr\u00fcn A\u00e7\u0131klamas\u0131 \u00dcr\u00fcn ad\u0131 Galvanizli \u00c7elik Boru Malzeme 10#, 20#, 45#, 16Mn, A53 (A, B), Q235, Q345, Q195, Q215, St37, St42, St37-2, St35.4, St52.4, ST35 vb. Duvar Kal\u0131nl\u0131\u011f\u0131 1MM ~ 12MM veya gere\u011fi olarak D\u0131\u015f \u00c7ap 20MM ~ 508MM veya gere\u011fi olarak Uzunluk Uzunluk: Tek rastgele uzunluk \/ \u00c7ift rastgele uzunluk 5m-14m, 5.8m, 6m, 10m-12m, 12m veya m\u00fc\u015fterinin ger\u00e7ek talebi olarak Standart API 5L, ASTM [...]","protected":false},"featured_media":2835,"comment_status":"closed","ping_status":"closed","template":"","meta":[],"product_cat":[17,45],"class_list":{"0":"post-3341","1":"product","2":"type-product","3":"status-publish","4":"has-post-thumbnail","6":"product_cat-galvanized-steel-manufacturer","7":"product_cat-galvanized-steel-pipe","9":"first","10":"instock","11":"shipping-taxable","12":"product-type-simple"},"_links":{"self":[{"href":"https:\/\/steelsupplydirect.com\/tr\/wp-json\/wp\/v2\/product\/3341","targetHints":{"allow":["GET"]}}],"collection":[{"href":"https:\/\/steelsupplydirect.com\/tr\/wp-json\/wp\/v2\/product"}],"about":[{"href":"https:\/\/steelsupplydirect.com\/tr\/wp-json\/wp\/v2\/types\/product"}],"replies":[{"embeddable":true,"href":"https:\/\/steelsupplydirect.com\/tr\/wp-json\/wp\/v2\/comments?post=3341"}],"wp:featuredmedia":[{"embeddable":true,"href":"https:\/\/steelsupplydirect.com\/tr\/wp-json\/wp\/v2\/media\/2835"}],"wp:attachment":[{"href":"https:\/\/steelsupplydirect.com\/tr\/wp-json\/wp\/v2\/media?parent=3341"}],"wp:term":[{"taxonomy":"product_cat","embeddable":true,"href":"https:\/\/steelsupplydirect.com\/tr\/wp-json\/wp\/v2\/product_cat?post=3341"}],"curies":[{"name":"wp","href":"https:\/\/api.w.org\/{rel}","templated":true}]}}