{"id":3345,"date":"2023-08-28T17:29:12","date_gmt":"2023-08-28T09:29:12","guid":{"rendered":"https:\/\/steelsupplydirect.com\/?post_type=product&#038;p=3345"},"modified":"2024-06-27T16:52:07","modified_gmt":"2024-06-27T08:52:07","slug":"sgcc-mukemmel-performans-boyali-galvanizli-celik-sac-dx53d-z150-24-gauge","status":"publish","type":"product","link":"https:\/\/steelsupplydirect.com\/tr\/%c3%bcr%c3%bcn\/sgcc-mukemmel-performans-boyali-galvanizli-celik-sac-dx53d-z150-24-gauge","title":{"rendered":"SGCC M\u00fckemmel Performans Boyal\u0131 Galvanizli Sac Dx53D Z150 24 \u00d6l\u00e7er"},"content":{"rendered":"<div style=\"overflow: auto\">\n<table>\n<thead>\n<tr>\n<th>\u00dcr\u00fcn Ad\u0131<\/th>\n<th>Galvanizli \u00c7elik Sac<\/th>\n<\/tr>\n<\/thead>\n<tbody>\n<tr>\n<td rowspan=\"3\">Standart ve Materyaller<\/td>\n<td>SGCC;SGCD1;SGCD2;SGCD3;SGC340;SGC400;SGC440;SGC590;<\/td>\n<\/tr>\n<tr>\n<td>DX51D+Z;DX52D+Z;DX53D+Z;DX54D+Z;S250GD+Z;<\/td>\n<\/tr>\n<tr>\n<td>                                               S280GD+Z;S320GD+Z;S350GD+Z;S550GD+Z;Q-BQB420-2009                                            <\/td>\n<\/tr>\n<tr>\n<td>Kal\u0131nl\u0131k<\/td>\n<td>0,13-0,8 mm<\/td>\n<\/tr>\n<tr>\n<td>Geni\u015flik<\/td>\n<td>600-1250mm<\/td>\n<\/tr>\n<tr>\n<td>\u00c7inko kaplama<\/td>\n<td>20- 275g\/m2<\/td>\n<\/tr>\n<tr>\n<td>Bobin A\u011f\u0131rl\u0131\u011f\u0131<\/td>\n<td>3-8 Ton veya ihtiyaca g\u00f6re<\/td>\n<\/tr>\n<tr>\n<td>Y\u00fczey \u0130\u015flemleri<\/td>\n<td>Mini\/B\u00fcy\u00fck Pul<\/td>\n<\/tr>\n<tr>\n<td>Uygulama<\/td>\n<td>\u0130n\u015faat alan\u0131, gemi in\u015fa end\u00fcstrisi, kazan \u0131s\u0131 e\u015fanj\u00f6r\u00fc, petrol kimya end\u00fcstrisi, sava\u015f ve elektrik end\u00fcstrisi, g\u0131da i\u015fleme ve t\u0131p end\u00fcstrisi, makine ve donan\u0131m alanlar\u0131 i\u00e7in ge\u00e7erlidir.<\/td>\n<\/tr>\n<tr>\n<td>\u00d6deme<\/td>\n<td> T \/ T, L \/ C, Western Union<\/td>\n<\/tr>\n<tr>\n<td>Paketleme y\u00f6ntemi<\/td>\n<td> Su ge\u00e7irmez ka\u011f\u0131t + ah\u015fap paletler veya ihtiyaca g\u00f6re<\/td>\n<\/tr>\n<\/tbody>\n<\/table>\n<\/div>\n<h2>B\u00f6l\u00fcm 1 \u00dcretim A\u00e7\u0131klamas\u0131<\/h2>\n<p>Galvanizli \u00e7elik sac, \u00e7elik sac\u0131n y\u00fczeyinin korozyona u\u011framas\u0131n\u0131 \u00f6nlemek ve hizmet \u00f6mr\u00fcn\u00fc uzatmak i\u00e7indir. \u00c7elik sac\u0131n y\u00fczeyine bir metal \u00e7inko tabakas\u0131 kaplan\u0131r. Bu galvanizli \u00e7elik saca galvanizli sac denir.<\/p>\n<p>\u00dcretim ve i\u015fleme y\u00f6ntemlerine g\u00f6re a\u015fa\u011f\u0131daki kategorilere ayr\u0131labilir:<\/p>\n<h4>1. S\u0131cak dald\u0131rma galvanizli \u00e7elik sac.<\/h4>\n<p>\u0130nce \u00e7elik levhay\u0131 erimi\u015f \u00e7inko tank\u0131na dald\u0131rarak y\u00fczeyine bir \u00e7inko tabakas\u0131 yap\u0131\u015fm\u0131\u015f ince \u00e7elik levha haline getirin. \u015eu anda, s\u00fcrekli galvanizleme i\u015flemi esas olarak \u00fcretim i\u00e7in kullan\u0131lmaktad\u0131r, yani sarmal \u00e7elik levha, galvanizli bir \u00e7elik levha yapmak i\u00e7in s\u00fcrekli olarak erimi\u015f \u00e7inko i\u00e7eren bir galvanizleme tank\u0131na dald\u0131r\u0131lmaktad\u0131r;<\/p>\n<h4>2. Ala\u015f\u0131ml\u0131 galvanizli \u00e7elik levha.<\/h4>\n<p>Bu t\u00fcr \u00e7elik panel de s\u0131cak dald\u0131rma y\u00f6ntemiyle yap\u0131l\u0131r, ancak tanktan \u00e7\u0131kt\u0131ktan hemen sonra yakla\u015f\u0131k 500 \u2103'ye kadar \u0131s\u0131t\u0131l\u0131r, b\u00f6ylece \u00e7inko ve demirden olu\u015fan bir ala\u015f\u0131m filmi olu\u015fturabilir. Bu galvanizli sac iyi boya yap\u0131\u015fmas\u0131 ve kaynaklanabilirli\u011fe sahiptir;<\/p>\n<h4>3. Elektro galvanizli \u00e7elik levha.<\/h4>\n<p>Elektrokaplama ile \u00fcretilen galvanizli \u00e7elik panel iyi i\u015flenebilirli\u011fe sahiptir. Ancak kaplama daha incedir ve korozyon direnci s\u0131cak dald\u0131rma galvanizli paneller kadar iyi de\u011fildir;<\/p>\n<h4>4. Tek tarafl\u0131 galvanizli \u00e7elik ve \u00e7ift tarafl\u0131 galvanizli \u00e7elik.<\/h4>\n<p>Tek tarafl\u0131 galvanizli \u00e7elik sac, yani sadece bir taraf\u0131 galvanizli olan bir \u00fcr\u00fcnd\u00fcr. Kaynak, boyama, pas \u00f6nleyici i\u015flem, i\u015fleme vb. a\u00e7\u0131s\u0131ndan \u00e7ift tarafl\u0131 galvanizli saca g\u00f6re daha iyi uyarlanabilirli\u011fe sahiptir. Bir taraf\u0131 galvanizlenmemi\u015f sac\u0131n eksikliklerini gidermek i\u00e7in, di\u011fer taraf\u0131 ince bir \u00e7inko tabakas\u0131 ile kaplanm\u0131\u015f ba\u015fka bir galvanizli sac t\u00fcr\u00fc, yani \u00e7ift tarafl\u0131 diferansiyel galvanizli sac vard\u0131r;<\/p>\n<h4>5. Ala\u015f\u0131ml\u0131, kompozit galvanizli \u00e7elik.<\/h4>\n<p>\u00c7inko ve al\u00fcminyum, kur\u015fun, \u00e7inko gibi di\u011fer metallerden yap\u0131lm\u0131\u015f bir ala\u015f\u0131m veya hatta kompozit kaplamal\u0131 bir \u00e7elik levhad\u0131r. Bu t\u00fcr bir \u00e7elik levha sadece m\u00fckemmel pas \u00f6nleme performans\u0131na sahip olmakla kalmaz, ayn\u0131 zamanda iyi bir kaplama performans\u0131na da sahiptir;<br \/>Yukar\u0131daki be\u015f t\u00fcre ek olarak, renkli galvanizli \u00e7elik paneller, bask\u0131l\u0131 galvanizli \u00e7elik paneller, PVC lamine galvanizli \u00e7elik paneller vb. de vard\u0131r. Ancak en yayg\u0131n kullan\u0131lan\u0131 hala s\u0131cak dald\u0131rma galvanizli sacd\u0131r.<\/p>\n<h2>B\u00f6l\u00fcm 2 Boyut ve \u00d6zellikler<\/h2>\n<p>0,20-1,2*1000*C, \u00c7inko Kaplama 80, DX51D+Z<\/p>\n<p>1.2*1050*C, \u00c7inko Kaplama 150, CSB<\/p>\n<p>1,55*1000*C, \u00c7inko Kaplama 180, S280GD+Z<\/p>\n<p>1,95*1000*C, \u00c7inko Kaplama 275, S350GD+Z<\/p>\n<p>\u0130lgili \u00fcr\u00fcn standartlar\u0131, galvanizli saclar\u0131n tavsiye edilen standart kal\u0131nl\u0131\u011f\u0131n\u0131, uzunlu\u011funu ve geni\u015fli\u011fini ve bunlar\u0131n izin verilen sapmalar\u0131n\u0131 listeler. Genel olarak, galvanizli sac ne kadar kal\u0131n olursa, sabit 0,02-0,04 mm yerine izin verilen hata o kadar b\u00fcy\u00fck olur. Kal\u0131nl\u0131k sapmas\u0131 da akma, \u00e7ekme katsay\u0131s\u0131 vb. g\u00f6re farkl\u0131 gereksinimlere sahiptir. Uzunluk ve geni\u015flik sapmas\u0131 genellikle 5 mm'dir ve plakan\u0131n kal\u0131nl\u0131\u011f\u0131 Genellikle 0,4-3,2 mm aras\u0131ndad\u0131r.<\/p>\n<h2>B\u00f6l\u00fcm 3 G\u00f6r\u00fcn\u00fcm<\/h2>\n<h4>1. Y\u00fczey durumu<\/h4>\n<p>Kaplama ve kaplama i\u015flemindeki farkl\u0131 i\u015flem y\u00f6ntemleri nedeniyle, galvanizli saclar\u0131n y\u00fczey durumu da s\u0131radan pullu, ince pullu, d\u00fcz pullu, pulsuz ve fosfatlama y\u00fczeyi gibi farkl\u0131d\u0131r. Alman standartlar\u0131 da y\u00fczey derecelerini belirtir.<\/p>\n<h4>2. Avantajlar<\/h4>\n<p>Galvanizli sac iyi bir g\u00f6r\u00fcn\u00fcme sahip olmal\u0131 ve kaplamas\u0131zl\u0131k, delikler, \u00e7atlaklar ve pislikler, a\u015f\u0131r\u0131 kaplama kal\u0131nl\u0131\u011f\u0131, \u00e7izikler, kromik asit kiri, beyaz pas vb. gibi \u00fcr\u00fcn\u00fcn kullan\u0131m\u0131na zarar veren kusurlara sahip olmamal\u0131d\u0131r. Yabanc\u0131 standartlar belirli g\u00f6r\u00fcn\u00fcm kusurlar\u0131 konusunda \u00e7ok net de\u011fildir.<\/p>","protected":false},"excerpt":{"rendered":"<p>\u00dcr\u00fcn Ad\u0131 Galvanizli Sac Standart ve Malzeme SGCC; SGCD1; SGCD2; SGCD3; SGC340; SGC400; SGC440; SGC590; DX51D+Z; DX52D+Z; DX53D+Z; DX54D+Z; S250GD+Z; S280GD+Z; S320GD+Z; S350GD+Z; S550GD+Z; Q-BQB420-2009 Kal\u0131nl\u0131k 0.13-0.8mm Geni\u015flik 600-1250mm \u00c7inko kaplama 20- 275g \/ m2 Bobin A\u011f\u0131rl\u0131\u011f\u0131 3-8 Ton veya gere\u011fi olarak Y\u00fczey \u0130\u015flem Mini \/ B\u00fcy\u00fck Pul Uygulama \u0130n\u015faat alan\u0131, gemi in\u015fa end\u00fcstrisi, kazan \u0131s\u0131 e\u015fanj\u00f6r\u00fc, petrol kimya end\u00fcstrisi, sava\u015f ve elektrik end\u00fcstrisi, g\u0131da i\u015fleme ve t\u0131p end\u00fcstrisi, makine ve donan\u0131m alanlar\u0131 i\u00e7in ge\u00e7erlidir. \u00d6deme T \/ T, L \/ C, Bat\u0131 [...]","protected":false},"featured_media":2992,"comment_status":"closed","ping_status":"closed","template":"","meta":[],"product_cat":[46,17],"class_list":{"0":"post-3345","1":"product","2":"type-product","3":"status-publish","4":"has-post-thumbnail","6":"product_cat-galvanized-steel-sheet","7":"product_cat-galvanized-steel-manufacturer","9":"first","10":"instock","11":"shipping-taxable","12":"product-type-simple"},"_links":{"self":[{"href":"https:\/\/steelsupplydirect.com\/tr\/wp-json\/wp\/v2\/product\/3345","targetHints":{"allow":["GET"]}}],"collection":[{"href":"https:\/\/steelsupplydirect.com\/tr\/wp-json\/wp\/v2\/product"}],"about":[{"href":"https:\/\/steelsupplydirect.com\/tr\/wp-json\/wp\/v2\/types\/product"}],"replies":[{"embeddable":true,"href":"https:\/\/steelsupplydirect.com\/tr\/wp-json\/wp\/v2\/comments?post=3345"}],"wp:featuredmedia":[{"embeddable":true,"href":"https:\/\/steelsupplydirect.com\/tr\/wp-json\/wp\/v2\/media\/2992"}],"wp:attachment":[{"href":"https:\/\/steelsupplydirect.com\/tr\/wp-json\/wp\/v2\/media?parent=3345"}],"wp:term":[{"taxonomy":"product_cat","embeddable":true,"href":"https:\/\/steelsupplydirect.com\/tr\/wp-json\/wp\/v2\/product_cat?post=3345"}],"curies":[{"name":"wp","href":"https:\/\/api.w.org\/{rel}","templated":true}]}}