{"id":3349,"date":"2023-08-29T11:19:43","date_gmt":"2023-08-29T03:19:43","guid":{"rendered":"https:\/\/steelsupplydirect.com\/?post_type=product&#038;p=3349"},"modified":"2024-06-27T16:53:35","modified_gmt":"2024-06-27T08:53:35","slug":"en-kaliteli-ral-renk-kapli-cati-kaplama-levhasi-gi-boyali-celik-bobin","status":"publish","type":"product","link":"https:\/\/steelsupplydirect.com\/tr\/%c3%bcr%c3%bcn\/en-kaliteli-ral-renk-kapli-cati-kaplama-levhasi-gi-boyali-celik-bobin","title":{"rendered":"En Kaliteli Ral Renkli Kaplamal\u0131 \u00c7at\u0131 Kaplama Levhas\u0131 Gi Boyal\u0131 \u00c7elik Rulo"},"content":{"rendered":"<p>Renk kaplamal\u0131 bobin, s\u0131cak dald\u0131rma galvanizli sac, s\u0131cak dald\u0131rma galvanizli sac, elektro galvanizli sac vb. Y\u00fczey \u00f6n i\u015fleminden sonra (kimyasal ya\u011f giderme ve kimyasal d\u00f6n\u00fc\u015ft\u00fcrme i\u015flemi), y\u00fczeye bir veya birka\u00e7 kat organik kaplama uygulan\u0131r ve ard\u0131ndan f\u0131r\u0131nlanm\u0131\u015f ve k\u00fcrlenmi\u015f bir \u00fcr\u00fcn. Ad\u0131n\u0131, \u00e7e\u015fitli renklerde organik kaplamalarla kaplanm\u0131\u015f renkli \u00e7elik bobinlerden al\u0131r ve renkli kaplamal\u0131 bobinler olarak adland\u0131r\u0131l\u0131r.<\/p>\n<p>Temel malzeme olarak s\u0131cak dald\u0131rma galvanizli \u00e7elik \u015ferit kullanan renkli kaplamal\u0131 \u00e7elik \u015ferit sadece \u00e7inko tabakas\u0131 taraf\u0131ndan korunmaz, ayn\u0131 zamanda \u00e7inko tabakas\u0131 \u00fczerindeki organik kaplama, \u00e7elik \u015feridin paslanmas\u0131n\u0131 \u00f6nlemek i\u00e7in bir kaplama ve koruyucu rol oynar ve hizmet \u00f6mr\u00fc galvanizli \u015feritten yakla\u015f\u0131k 1,5 kat daha uzundur.<\/p>\n<p>Renkli kaplamal\u0131 rulo kullan\u0131m\u0131<\/p>\n<p>Renkli kaplamal\u0131 rulolar hafif, g\u00fczel ve iyi korozyon \u00f6nleyici \u00f6zelliklere sahiptir ve do\u011frudan i\u015flenebilir. Renkler genellikle kirli beyaz, deniz mavisi ve tu\u011fla k\u0131rm\u0131z\u0131s\u0131 olarak ayr\u0131l\u0131r. A\u011f\u0131rl\u0131kl\u0131 olarak reklam, in\u015faat, ev aletleri, elektrikli ev aletleri, mobilya ve ula\u015f\u0131mda kullan\u0131l\u0131rlar. End\u00fcstri.<br \/>\nRenkli kaplamal\u0131 bobinler i\u00e7in kullan\u0131lan kaplama, polyester silikon modifiye polyester, polivinil klor\u00fcr plastisol, poliviniliden klor\u00fcr vb. gibi farkl\u0131 kullan\u0131m ortamlar\u0131na g\u00f6re uygun re\u00e7ineleri se\u00e7melidir. Kullan\u0131c\u0131lar amaca g\u00f6re se\u00e7im yapabilirler.<\/p>\n<p>Renkli kaplamal\u0131 rulo substrat s\u0131n\u0131fland\u0131rmas\u0131<\/p>\n<p>-S\u0131cak dald\u0131rma galvanizli alt tabaka<\/p>\n<p>S\u0131cak dald\u0131rma galvanizli \u00e7elik sac \u00fczerine organik bir kaplama uygulanarak elde edilen \u00fcr\u00fcn s\u0131cak dald\u0131rma galvanizli renkli kaplamal\u0131 sacd\u0131r. S\u0131cak dald\u0131rma galvanizli renkli kaplamal\u0131 sac, \u00e7inkonun koruyucu etkisine ek olarak yal\u0131t\u0131m korumas\u0131 ve paslanmay\u0131 \u00f6nleme i\u015flevine de sahiptir ve hizmet \u00f6mr\u00fc s\u0131cak dald\u0131rma galvanizli saca g\u00f6re daha uzundur. S\u0131cak dald\u0131rma galvanizli alt tabakan\u0131n \u00e7inko i\u00e7eri\u011fi genellikle 180 g\/m2'dir (\u00e7ift tarafl\u0131) ve bina d\u0131\u015f cephesi i\u00e7in s\u0131cak dald\u0131rma galvanizli alt tabakan\u0131n en y\u00fcksek galvaniz miktar\u0131 275 g\/m2'dir.<\/p>\n<p>-S\u0131cak dald\u0131rma galvanizli alt tabaka<\/p>\n<p>S\u0131cak dald\u0131rma galvanizli \u00e7elik sac (55% Al-Zn), genellikle 150 g \/ \u33a1 al\u00fcminyum ve \u00e7inko (her iki taraf) i\u00e7eren yeni kaplanm\u0131\u015f alt tabaka olarak kullan\u0131l\u0131r. S\u0131cak dald\u0131rma galvanizli sac\u0131n korozyon direnci, s\u0131cak dald\u0131rma galvanizli sac\u0131n 2-5 kat\u0131d\u0131r. 490\u00b0C'ye kadar olan s\u0131cakl\u0131klarda s\u00fcrekli veya aral\u0131kl\u0131 kullan\u0131m ciddi \u015fekilde oksitlenmez veya kire\u00e7 olu\u015fturmaz. Is\u0131 ve \u0131\u015f\u0131\u011f\u0131 yans\u0131tma \u00f6zelli\u011fi s\u0131cak dald\u0131rma galvanizli \u00e7eli\u011fin iki kat\u0131d\u0131r ve 0,75'ten y\u00fcksek yans\u0131tma \u00f6zelli\u011fi enerji tasarrufu i\u00e7in ideal bir yap\u0131 malzemesidir.<\/p>\n<p>-Galvanizli alt tabaka<\/p>\n<p>Alt tabaka olarak elektro-galvanizli sac kullan\u0131l\u0131r ve organik boya ile kaplanarak ve f\u0131r\u0131nlanarak elde edilen \u00fcr\u00fcn elektro-galvanizli renkli kaplamal\u0131 sacd\u0131r. Elektro galvanizli sac\u0131n \u00e7inko tabakas\u0131 ince oldu\u011fundan, \u00e7inko i\u00e7eri\u011fi genellikle 20\/20g\/m2'dir, bu nedenle bu \u00fcr\u00fcn kullan\u0131ma uygun de\u011fildir. D\u0131\u015far\u0131da duvarlar, \u00e7at\u0131lar vb. yap\u0131n. Bununla birlikte, g\u00fczel g\u00f6r\u00fcn\u00fcm\u00fc ve m\u00fckemmel i\u015fleme performans\u0131 nedeniyle, \u00e7o\u011funlukla ev aletleri, ses, \u00e7elik mobilya, i\u00e7 dekorasyon vb.<\/p>\n<p>v Kaplama yap\u0131s\u0131 tipi<br \/>\n2\/1: \u00dcst y\u00fczeyi iki kez kaplay\u0131n, alt y\u00fczeyi bir kez kaplay\u0131n ve iki kez pi\u015firin.<br \/>\n2\/1M: \u00dcst ve alt y\u00fczeyleri iki kez kaplay\u0131n ve bir kez pi\u015firin.<br \/>\n2\/2: \u00dcst ve alt y\u00fczeyleri iki kez kaplay\u0131n ve iki kez pi\u015firin.<br \/>\nv Farkl\u0131 kaplama yap\u0131lar\u0131n\u0131n uygulanmas\u0131:<br \/>\n2\/1: Tek katmanl\u0131 arka boyan\u0131n korozyon direnci ve \u00e7izilme direnci zay\u0131ft\u0131r, ancak iyi yap\u0131\u015fma \u00f6zelli\u011fine sahiptir.<br \/>\nsandvi\u00e7 panellere uygulanacak;<br \/>\n2\/1M: Arka boya daha iyi korozyon direncine, \u00e7izilme direncine ve \u015fekillendirilebilirli\u011fe sahiptir ve iyi yap\u0131\u015fma \u00f6zelli\u011fine sahiptir<br \/>\nTek katmanl\u0131 profilli paneller ve sandvi\u00e7 paneller i\u00e7in uygundur.<br \/>\n2\/2: \u00c7ift katmanl\u0131 arka boyan\u0131n korozyon direnci, \u00e7izilme direnci ve i\u015flenebilirli\u011fi daha iyidir ve \u00e7o\u011fu tek katmanl\u0131 arka boya i\u00e7in kullan\u0131l\u0131r.<br \/>\nLamine paneller, zay\u0131f yap\u0131\u015fma \u00f6zelliklerinden dolay\u0131 sandvi\u00e7 paneller i\u00e7in kullan\u0131lmamal\u0131d\u0131r.<\/p>","protected":false},"excerpt":{"rendered":"<p>Renk kaplamal\u0131 bobin, s\u0131cak dald\u0131rma galvanizli sac, s\u0131cak dald\u0131rma galvanizli sac, elektro galvanizli sac vb. Y\u00fczey \u00f6n i\u015fleminden sonra (kimyasal ya\u011f giderme ve kimyasal d\u00f6n\u00fc\u015ft\u00fcrme i\u015flemi), y\u00fczeye bir veya birka\u00e7 kat organik kaplama uygulan\u0131r ve ard\u0131ndan f\u0131r\u0131nlanm\u0131\u015f ve k\u00fcrlenmi\u015f bir \u00fcr\u00fcnd\u00fcr. Ad\u0131n\u0131 \u00e7e\u015fitli renklerle kaplanm\u0131\u015f renkli \u00e7elik bobinlerden [...] al\u0131r.","protected":false},"featured_media":3252,"comment_status":"closed","ping_status":"closed","template":"","meta":[],"product_cat":[17,47],"class_list":{"0":"post-3349","1":"product","2":"type-product","3":"status-publish","4":"has-post-thumbnail","6":"product_cat-galvanized-steel-manufacturer","7":"product_cat-ppgi-coil","9":"first","10":"instock","11":"shipping-taxable","12":"product-type-simple"},"_links":{"self":[{"href":"https:\/\/steelsupplydirect.com\/tr\/wp-json\/wp\/v2\/product\/3349","targetHints":{"allow":["GET"]}}],"collection":[{"href":"https:\/\/steelsupplydirect.com\/tr\/wp-json\/wp\/v2\/product"}],"about":[{"href":"https:\/\/steelsupplydirect.com\/tr\/wp-json\/wp\/v2\/types\/product"}],"replies":[{"embeddable":true,"href":"https:\/\/steelsupplydirect.com\/tr\/wp-json\/wp\/v2\/comments?post=3349"}],"wp:featuredmedia":[{"embeddable":true,"href":"https:\/\/steelsupplydirect.com\/tr\/wp-json\/wp\/v2\/media\/3252"}],"wp:attachment":[{"href":"https:\/\/steelsupplydirect.com\/tr\/wp-json\/wp\/v2\/media?parent=3349"}],"wp:term":[{"taxonomy":"product_cat","embeddable":true,"href":"https:\/\/steelsupplydirect.com\/tr\/wp-json\/wp\/v2\/product_cat?post=3349"}],"curies":[{"name":"wp","href":"https:\/\/api.w.org\/{rel}","templated":true}]}}