{"id":3350,"date":"2023-08-29T13:39:21","date_gmt":"2023-08-29T05:39:21","guid":{"rendered":"https:\/\/steelsupplydirect.com\/?post_type=product&#038;p=3350"},"modified":"2024-06-27T16:53:38","modified_gmt":"2024-06-27T08:53:38","slug":"yapi-malzemeleri-ppgi","status":"publish","type":"product","link":"https:\/\/steelsupplydirect.com\/tr\/%c3%bcr%c3%bcn\/yapi-malzemeleri-ppgi","title":{"rendered":"Yap\u0131 Malzemeleri PPGI Boyal\u0131 Renkli Kaplamal\u0131 Bobinler"},"content":{"rendered":"<p>Renk kaplamal\u0131 bobin, s\u0131cak dald\u0131rma galvanizli sac, s\u0131cak dald\u0131rma galvanizli sac, elektro galvanizli sac vb. Y\u00fczey \u00f6n i\u015fleminden sonra (kimyasal ya\u011f giderme ve kimyasal d\u00f6n\u00fc\u015ft\u00fcrme i\u015flemi), y\u00fczeye bir veya birka\u00e7 kat organik kaplama uygulan\u0131r ve ard\u0131ndan f\u0131r\u0131nlanm\u0131\u015f ve k\u00fcrlenmi\u015f bir \u00fcr\u00fcn. Ad\u0131n\u0131, \u00e7e\u015fitli renklerde organik kaplamalarla kaplanm\u0131\u015f renkli \u00e7elik bobinlerden al\u0131r ve renkli kaplamal\u0131 bobinler olarak adland\u0131r\u0131l\u0131r.<\/p>\n<p>Temel malzeme olarak s\u0131cak dald\u0131rma galvanizli \u00e7elik \u015ferit kullanan renkli kaplamal\u0131 \u00e7elik \u015ferit sadece \u00e7inko tabakas\u0131 taraf\u0131ndan korunmaz, ayn\u0131 zamanda \u00e7inko tabakas\u0131 \u00fczerindeki organik kaplama, \u00e7elik \u015feridin paslanmas\u0131n\u0131 \u00f6nlemek i\u00e7in bir kaplama ve koruyucu rol oynar ve hizmet \u00f6mr\u00fc galvanizli \u015feritten yakla\u015f\u0131k 1,5 kat daha uzundur.<\/p>\n<p>-Renkli kaplamal\u0131 rulo \u00fcretim s\u00fcreci<\/p>\n<p>Renkli kaplamal\u0131 \u00e7elik rulolar\u0131n \u00fcretimi genellikle iki ad\u0131ma ayr\u0131l\u0131r: kaplama haz\u0131rl\u0131\u011f\u0131 ve kaplama i\u015flemi. Kaplama haz\u0131rl\u0131\u011f\u0131, form\u00fcl tasar\u0131m\u0131, \u00fcretim s\u00fcreci, kalite kontrol ve kaplaman\u0131n di\u011fer y\u00f6nleri dahil olmak \u00fczere renkli kaplaman\u0131n kaplamaya uygun bir duruma haz\u0131rlanmas\u0131n\u0131 ifade eder. Kaplama i\u015flemi, renkli kaplamalar\u0131n \u00e7elik levha \u00fczerine genellikle iki \u015fekilde uygulanmas\u0131n\u0131 ifade eder: rulo kaplama ve p\u00fcsk\u00fcrtme. Rulo kaplama, \u00e7elik plaka \u00fczerine renkli kaplama uygulamak ve ard\u0131ndan kalenderleme, kurutma ve k\u00fcrleme gibi i\u015flemleri ger\u00e7ekle\u015ftirmek i\u00e7in rulo ekipman\u0131 kullanmakt\u0131r. P\u00fcsk\u00fcrtme, renkli kaplaman\u0131n \u00e7elik plaka \u00fczerine p\u00fcsk\u00fcrt\u00fclmesi ve ard\u0131ndan i\u015flem sonras\u0131 i\u00e7in kurutma ve k\u00fcrleme ekipman\u0131n\u0131n kullan\u0131lmas\u0131d\u0131r.<\/p>\n<p>-Boyal\u0131 \u00e7elik rulolar\u0131n \u00f6zellikleri<\/p>\n<p>1. Estetik performans: Renkli kaplamal\u0131 \u00e7elik bobinler, in\u015faat ve ev aletleri alanlar\u0131nda farkl\u0131 tasar\u0131m gereksinimlerini kar\u015f\u0131layabilen zengin renklere ve dokulara sahiptir. Ayn\u0131 zamanda, renkli kaplamal\u0131 \u00e7elik bobinin y\u00fczeyi p\u00fcr\u00fczs\u00fcz ve d\u00fczd\u00fcr ve iyi bir dekoratif etkiye sahiptir.<\/p>\n<p>2. Korozyon direnci: Renkli kaplamal\u0131 \u00e7elik rulolar\u0131n y\u00fczey kaplamas\u0131 m\u00fckemmel korozyon direncine sahiptir ve zorlu ortamlarda uzun y\u0131llar boyunca hasar g\u00f6rmeden kullan\u0131labilir.<\/p>\n<p>3. Hava ko\u015fullar\u0131na dayan\u0131kl\u0131l\u0131k: Renkli kaplamal\u0131 \u00e7elik bobinin y\u00fczey kaplamas\u0131, g\u00fcne\u015f \u0131\u015f\u0131\u011f\u0131, ya\u011fmur ve r\u00fczgar gibi do\u011fal ortamlar\u0131n erozyonuna direnebilen ve uzun vadeli istikrarl\u0131 bir g\u00f6r\u00fcn\u00fcm sa\u011flayan m\u00fckemmel hava direncine sahiptir.<\/p>\n<p>4. Mekanik \u00f6zellikler: Renkli kaplamal\u0131 \u00e7elik bobinler y\u00fcksek mekanik mukavemete ve sertli\u011fe sahiptir ve bina yap\u0131lar\u0131n\u0131n ve mekanik ekipmanlar\u0131n y\u00fck\u00fcne dayanabilir.<\/p>\n<p>5. \u0130\u015fleme performans\u0131: Renkli kaplamal\u0131 \u00e7elik bobinler so\u011fuk b\u00fckme, damgalama, kesme ve kaynak ile i\u015flenebilir ve iyi i\u015fleme performans\u0131na ve \u015fekillendirilebilirli\u011fe sahiptir.<\/p>\n<p>-Renkli kaplamal\u0131 \u00e7elik bobin uygulamas\u0131<\/p>\n<p>1. \u0130n\u015faat alan\u0131: Renkli kaplamal\u0131 \u00e7elik bobinler, in\u015faat \u00e7at\u0131lar\u0131nda, duvar panellerinde, kap\u0131 ve pencerelerde, \u00e7at\u0131 makaslar\u0131nda, b\u00f6lme duvarlar\u0131nda ve tavanlarda yayg\u0131n olarak kullan\u0131lmaktad\u0131r. Renkli kaplamal\u0131 \u00e7elik bobin sadece g\u00fczel bir performansa sahip olmakla kalmaz, ayn\u0131 zamanda iyi su ge\u00e7irmez, yanmaz ve \u0131s\u0131 yal\u0131t\u0131m performans\u0131na sahiptir ve m\u00fckemmel bir yap\u0131 malzemesidir.<\/p>\n<p>2. Ev aletleri: Renkli kaplamal\u0131 \u00e7elik bobinler, buzdolaplar\u0131, klimalar, \u00e7ama\u015f\u0131r makineleri, mikrodalga f\u0131r\u0131nlar ve elektrikli f\u0131r\u0131nlar gibi ev aletleri i\u00e7in muhafazalar yapmak i\u00e7in yayg\u0131n olarak kullan\u0131lmaktad\u0131r. Renkli kaplamal\u0131 \u00e7elik bobin, ev aletleri end\u00fcstrisinin g\u00f6r\u00fcn\u00fcm ve performans gereksinimlerini kar\u015f\u0131layabilen a\u015f\u0131nma direnci, korozyon \u00f6nleyici, kolay temizlik ve g\u00fczel g\u00f6r\u00fcn\u00fcm \u00f6zelliklerine sahiptir.<\/p>\n<p>3. Ula\u015f\u0131m alan\u0131: Renkli kaplamal\u0131 \u00e7elik bobinler g\u00f6vde kabuklar\u0131, \u00e7at\u0131lar, \u015fasi ve \u00e7er\u00e7eveler gibi par\u00e7alar\u0131 yapmak i\u00e7in kullan\u0131labilir. Boyal\u0131 \u00e7elik bobin, ula\u015f\u0131m ara\u00e7lar\u0131n\u0131n g\u00fcvenli\u011fini ve esteti\u011fini art\u0131rabilen hafiflik, y\u00fcksek mukavemet, korozyon direnci, a\u015f\u0131nma direnci ve estetik \u00f6zelliklerine sahiptir.<\/p>\n<p>4. Mobilya alan\u0131: Renkli kaplamal\u0131 \u00e7elik bobinler ofis mobilyalar\u0131, mutfak mobilyalar\u0131, kitap raflar\u0131, gard\u0131roplar ve di\u011fer mobilyalar\u0131n yap\u0131m\u0131nda kullan\u0131labilir. Boyal\u0131 \u00e7elik bobin, malzemelerin g\u00f6r\u00fcn\u00fcm\u00fc ve performans\u0131 i\u00e7in mobilya end\u00fcstrisinin gereksinimlerini kar\u015f\u0131layabilen g\u00fczellik, a\u015f\u0131nma direnci, kolay temizlik ve korozyon direnci \u00f6zelliklerine sahiptir.<\/p>\n<p>5. Elektronik ekipman alan\u0131: Renkli kaplamal\u0131 \u00e7elik bobinler, TV kasalar\u0131, ses kasalar\u0131 ve bilgisayar kasalar\u0131 gibi elektronik ekipman kasalar\u0131 yapmak i\u00e7in kullan\u0131labilir. Boyal\u0131 \u00e7elik bobin, elektronik ekipman\u0131n g\u00fcvenli\u011fini ve esteti\u011fini art\u0131rabilen g\u00fczellik, a\u015f\u0131nma direnci, korozyon direnci ve anti-elektromanyetik giri\u015fim \u00f6zelliklerine sahiptir.<\/p>\n<p>&nbsp;<\/p>\n<p>&nbsp;<\/p>\n<p>&nbsp;<\/p>","protected":false},"excerpt":{"rendered":"<p>Renk kaplamal\u0131 bobin, s\u0131cak dald\u0131rma galvanizli sac, s\u0131cak dald\u0131rma galvanizli sac, elektro galvanizli sac vb. Y\u00fczey \u00f6n i\u015fleminden sonra (kimyasal ya\u011f giderme ve kimyasal d\u00f6n\u00fc\u015ft\u00fcrme i\u015flemi), y\u00fczeye bir veya birka\u00e7 kat organik kaplama uygulan\u0131r ve ard\u0131ndan f\u0131r\u0131nlanm\u0131\u015f ve k\u00fcrlenmi\u015f bir \u00fcr\u00fcnd\u00fcr. Ad\u0131n\u0131 \u00e7e\u015fitli renklerle kaplanm\u0131\u015f renkli \u00e7elik bobinlerden [...] al\u0131r.","protected":false},"featured_media":3204,"comment_status":"closed","ping_status":"closed","template":"","meta":[],"product_cat":[17,47],"class_list":{"0":"post-3350","1":"product","2":"type-product","3":"status-publish","4":"has-post-thumbnail","6":"product_cat-galvanized-steel-manufacturer","7":"product_cat-ppgi-coil","9":"first","10":"instock","11":"shipping-taxable","12":"product-type-simple"},"_links":{"self":[{"href":"https:\/\/steelsupplydirect.com\/tr\/wp-json\/wp\/v2\/product\/3350","targetHints":{"allow":["GET"]}}],"collection":[{"href":"https:\/\/steelsupplydirect.com\/tr\/wp-json\/wp\/v2\/product"}],"about":[{"href":"https:\/\/steelsupplydirect.com\/tr\/wp-json\/wp\/v2\/types\/product"}],"replies":[{"embeddable":true,"href":"https:\/\/steelsupplydirect.com\/tr\/wp-json\/wp\/v2\/comments?post=3350"}],"wp:featuredmedia":[{"embeddable":true,"href":"https:\/\/steelsupplydirect.com\/tr\/wp-json\/wp\/v2\/media\/3204"}],"wp:attachment":[{"href":"https:\/\/steelsupplydirect.com\/tr\/wp-json\/wp\/v2\/media?parent=3350"}],"wp:term":[{"taxonomy":"product_cat","embeddable":true,"href":"https:\/\/steelsupplydirect.com\/tr\/wp-json\/wp\/v2\/product_cat?post=3350"}],"curies":[{"name":"wp","href":"https:\/\/api.w.org\/{rel}","templated":true}]}}