{"id":3357,"date":"2023-08-31T14:35:38","date_gmt":"2023-08-31T06:35:38","guid":{"rendered":"https:\/\/steelsupplydirect.com\/?post_type=product&#038;p=3357"},"modified":"2025-11-10T15:44:21","modified_gmt":"2025-11-10T07:44:21","slug":"paslanmaz-celi%cc%87k-sogutma-bataryasi-ureti%cc%87ci%cc%87si%cc%87","status":"publish","type":"product","link":"https:\/\/steelsupplydirect.com\/tr\/%c3%bcr%c3%bcn\/paslanmaz-celi%cc%87k-sogutma-bataryasi-ureti%cc%87ci%cc%87si%cc%87","title":{"rendered":"Kalite Paslanmaz \u00c7elik So\u011futma Bobini 304 201 316 430 So\u011fuk Haddelenmi\u015f 2B Y\u00fczey"},"content":{"rendered":"<p data-block-id=\"427913d3-4961-4fda-ae67-e2cb4815950d\" data-pm-slice=\"1 1 []\">Paslanmaz \u00e7elik en az 10.5% krom ve en fazla 1.2% karbon i\u00e7erir. Bu GB\/T20878-2007'ye g\u00f6redir.<\/p>\n<p data-block-id=\"28741483-9dde-4fb4-b66d-d98483d1ac2f\">Paslanmaz \u00e7eli\u011fin korozyon direnci karbon i\u00e7eri\u011finin artmas\u0131yla azal\u0131r. Bu nedenle, \u00e7o\u011fu paslanmaz \u00e7eli\u011fin karbon i\u00e7eri\u011fi d\u00fc\u015f\u00fckt\u00fcr ve maksimum 1.2%'den fazla de\u011fildir. Baz\u0131 \u00e7eliklerin \u03c9c (karbon i\u00e7eri\u011fi) 0.03%'den bile daha d\u00fc\u015f\u00fckt\u00fcr (00Cr12 gibi). Paslanmaz \u00e7elikteki ana ala\u015f\u0131m elementi Cr'dir (krom). Sadece Cr i\u00e7eri\u011fi belirli bir de\u011fere ula\u015ft\u0131\u011f\u0131nda \u00e7elik korozyon direncine sahip olur. Bu nedenle, paslanmaz \u00e7elik genellikle en az 10.5% Cr (krom) i\u00e7eri\u011fine sahiptir. Paslanmaz \u00e7elik ayr\u0131ca Ni, Ti, Mn, N, Nb, Mo, Si, Cu ve di\u011fer elementleri de i\u00e7erir. Paslanmaz \u00e7elik, zay\u0131f korozyona diren\u00e7 g\u00f6steren bir \u00e7elik t\u00fcr\u00fcd\u00fcr. Buna hava, buhar ve suya maruz kalma dahildir. Aside dayan\u0131kl\u0131 \u00e7elik, asitler, alkaliler ve tuzlardan kaynaklanan korozyona kar\u015f\u0131 diren\u00e7 g\u00f6steren bir \u00e7eliktir.<\/p>\n<p data-block-id=\"44f5c7e1-6d67-4e7e-a92a-00eec24c4cb4\">\u0130kisi farkl\u0131 kimyasal bile\u015fimlere sahiptir, bu nedenle korozyon diren\u00e7leri de\u011fi\u015fir. S\u0131radan paslanmaz \u00e7elik genellikle kimyasallara maruz kald\u0131\u011f\u0131nda korozyona u\u011frar. Buna kar\u015f\u0131l\u0131k aside dayan\u0131kl\u0131 \u00e7elik tipik olarak paslanmazd\u0131r. \"Paslanmaz \u00e7elik\" i\u015f par\u00e7alar\u0131 y\u00fczden fazla paslanmaz \u00e7elik t\u00fcr\u00fcn\u00fc i\u00e7erir. Her tip belirli uygulamalar i\u00e7in tasarlanm\u0131\u015ft\u0131r ve kendi alan\u0131nda iyi performans g\u00f6sterir. Bina in\u015faat\u0131 uygulamalar\u0131yla ilgili genellikle yaln\u0131zca alt\u0131 \u00e7elik t\u00fcr\u00fc vard\u0131r. Bunlar\u0131n hepsi 17 ila 22% krom i\u00e7erir ve daha iyi \u00e7elik t\u00fcrleri nikel de i\u00e7erir. Molibden eklenmesi atmosferik korozyonu, \u00f6zellikle de klor\u00fcr i\u00e7eren atmosferlerde korozyon direncini daha da art\u0131rabilir. Paslanmaz \u00e7elik normal al\u00fcminyum ala\u015f\u0131m\u0131ndan daha serttir. Ayr\u0131ca al\u00fcminyum ala\u015f\u0131m\u0131ndan daha pahal\u0131d\u0131r.<\/p>\n<p data-block-id=\"ac391ce7-161b-4e73-a4a4-9d54bcccdc2d\">\n<p data-block-id=\"d87a1f9c-79ec-4bf6-8fd9-b64a3d358445\">Ana tip: Paslanmaz \u00e7eli\u011fin yap\u0131s\u0131na g\u00f6re be\u015f ana kategorisi vard\u0131r:<\/p>\n<ul data-block-id=\"d95d9b3c-cb20-48c5-85cf-d2ead02dff20\">\n<li>\n<p data-block-id=\"937eb774-bd0c-46cc-a362-c738c97df5ce\">Martensitik \u00e7elik<\/p>\n<\/li>\n<li>\n<p data-block-id=\"b3bb925f-7821-4cfb-a4b3-78cb2a0d79d3\">Ferritik \u00e7elik<\/p>\n<\/li>\n<li>\n<p data-block-id=\"80a34bbc-4276-44fc-8ad0-8a726ebe3e5d\">\u00d6stenitik \u00e7elik<\/p>\n<\/li>\n<li>\n<p data-block-id=\"3c66bfb1-61ef-4a94-8517-ffe5ab66cb53\">\u00d6stenitik-ferritik (dubleks) paslanmaz \u00e7elik<\/p>\n<\/li>\n<li>\n<p data-block-id=\"9f516790-397c-4533-be7e-bc145a77fa99\">\u00c7\u00f6kelme sertle\u015fmeli paslanmaz \u00e7elik<\/p>\n<\/li>\n<\/ul>\n<p data-block-id=\"792987dd-6f17-48da-bbba-137d08a6c324\">Paslanmaz \u00e7elik ayr\u0131ca bile\u015fimine g\u00f6re de b\u00f6l\u00fcnebilir. Bu i\u00e7erir:<\/p>\n<ul data-block-id=\"7ca1e182-71c5-4c28-8e62-ac94c022cb99\">\n<li>\n<p data-block-id=\"b839d6b4-756f-457a-a7c5-9adf788721b2\">Krom paslanmaz \u00e7elik<\/p>\n<\/li>\n<li>\n<p data-block-id=\"5eff8bd2-aedb-412d-8212-828fa8608c58\">Krom-nikel paslanmaz \u00e7elik<\/p>\n<\/li>\n<li>\n<p data-block-id=\"1965880b-a456-4225-a49f-63cfff85d483\">Krom-manganez-azot paslanmaz \u00e7elik<\/p>\n<\/li>\n<\/ul>\n<p data-block-id=\"0c48a886-7a99-4708-a9c0-bcecb16dcada\">Bas\u0131n\u00e7l\u0131 kaplar i\u00e7in \u00f6zel bir paslanmaz \u00e7elik de vard\u0131r. Buna \"GB24511_2009_Bas\u0131n\u00e7l\u0131 ekipmanlar i\u00e7in paslanmaz \u00e7elik plakalar ve \u00e7elik \u015feritler\" denir.<\/p>\n<p data-block-id=\"cd1e0f99-da40-42d1-ad64-d25069125650\">Kompozisyon birka\u00e7 seriye ayr\u0131l\u0131r:<\/p>\n<ul data-block-id=\"291d4a5e-4f02-4f5f-bc3b-67db50013141\">\n<li>\n<p data-block-id=\"e961651e-2b41-4f47-bc60-20bde40f9573\">Cr serisi (400 serisi)<\/p>\n<\/li>\n<li>\n<p data-block-id=\"987467b3-c6cd-4c30-b452-94a8757918b5\">Cr-Ni serisi (300 serisi)<\/p>\n<\/li>\n<li>\n<p data-block-id=\"fd8d2d4d-b2ef-4410-a879-620fbcfbeb44\">Cr-Mn-Ni serisi (200 serisi)<\/p>\n<\/li>\n<li>\n<p data-block-id=\"a42f44aa-9954-470e-b9aa-3b9fb6b9c546\">Is\u0131ya dayan\u0131kl\u0131 krom ala\u015f\u0131ml\u0131 \u00e7elik (500 serisi)<\/p>\n<\/li>\n<li>\n<p data-block-id=\"fe0e4a5e-1128-4feb-b7d8-bf8fa014f5a4\">\u00c7\u00f6kelme sertle\u015ftirme serisi (600 serisi)<\/p>\n<\/li>\n<\/ul>\n<p data-block-id=\"41072788-9e47-4771-9672-2b0ee17d5911\">200 Serisi: Krom-Mangan-Nikel<\/p>\n<p data-block-id=\"f58f9fa8-7f42-41f9-860b-abb7734a2c1a\">201, 202, vb.: Nikel, korozyon direnci zay\u0131f olan ve \u00c7in'de 300 serisinin ucuz bir ikamesi olarak yayg\u0131n bir \u015fekilde kullan\u0131lan manganez ile de\u011fi\u015ftirilir.<\/p>\n<p data-block-id=\"a33d2e28-0ee8-453d-bf27-a89919f11c6c\">300 Serisi: Krom-Nikel \u00d6stenitik Paslanmaz \u00c7elik<\/p>\n<p data-block-id=\"0f13ccde-133f-411e-8755-ada8a7936389\">304: Evrensel model; yani 18\/8 paslanmaz \u00e7elik. Korozyona dayan\u0131kl\u0131 kaplar, sofra tak\u0131mlar\u0131, mobilyalar, korkuluklar ve t\u0131bbi ekipman gibi \u00fcr\u00fcnler. Standart bile\u015fimi 18% krom art\u0131 8% nikeldir. Manyetik olmayan bir paslanmaz \u00e7eliktir. Is\u0131l i\u015flem metalografik yap\u0131s\u0131n\u0131 de\u011fi\u015ftirmez. GB s\u0131n\u0131f\u0131 06Cr19Ni10'dur.<\/p>\n<p data-block-id=\"4dd5d1c3-f33e-4a73-b9f8-5a3f3fed83ca\">304 L: 304'e benzer, ancak d\u00fc\u015f\u00fck karbonludur. Bu, korozyona kar\u015f\u0131 daha diren\u00e7li olmas\u0131n\u0131 ve \u0131s\u0131l i\u015fleminin daha kolay olmas\u0131n\u0131 sa\u011flar. Bununla birlikte, zay\u0131f mekanik \u00f6zelliklere sahiptir. Kaynak ve \u0131s\u0131l i\u015flemi zor olan \u00fcr\u00fcnler i\u00e7in iyidir.<\/p>\n<p data-block-id=\"3b7bd95b-8889-4de1-b2e7-2a36f2143c2e\">309 S: \u00c7ok fazla krom ve nikel i\u00e7erir, bu nedenle iyi \u0131s\u0131 direnci ve oksidasyon direncine sahiptir. Is\u0131 e\u015fanj\u00f6rleri, kazan bile\u015fenleri ve jet motorlar\u0131 gibi \u00fcr\u00fcnler.<\/p>\n<p data-block-id=\"66a180e4-4067-41dc-b754-7f804f45122d\">310: M\u00fckemmel y\u00fcksek s\u0131cakl\u0131k oksidasyon direnci, maksimum kullan\u0131m s\u0131cakl\u0131\u011f\u0131 1200 \u2103.<\/p>\n<p data-block-id=\"30bef819-4edf-4d47-9992-c819df911771\">316: 304'ten sonra en pop\u00fcler \u00e7elik kalitesi \u00e7o\u011funlukla g\u0131da end\u00fcstrisinde, saat par\u00e7alar\u0131nda, eczac\u0131l\u0131kta ve cerrahi aletlerde kullan\u0131l\u0131r. Molibden elementinin eklenmesi, korozyona dayan\u0131kl\u0131 \u00f6zel bir yap\u0131 elde etmesini sa\u011flar. Klor\u00fcr korozyonuna kar\u015f\u0131 304'ten daha iyi dirence sahip oldu\u011fu i\u00e7in \"deniz \u00e7eli\u011fi\" olarak da kullan\u0131l\u0131r. SS316 genellikle n\u00fckleer yak\u0131t geri kazan\u0131m cihazlar\u0131nda kullan\u0131l\u0131r. 18\/10 kalite paslanmaz \u00e7elik de genellikle bu uygulama seviyesi i\u00e7in uygundur.<\/p>\n<p data-block-id=\"ea50afc3-6d31-4267-9d52-828dd1db4bc1\">316 L: D\u00fc\u015f\u00fck karbonludur, bu nedenle korozyona daha dayan\u0131kl\u0131d\u0131r ve \u0131s\u0131l i\u015flemi kolayd\u0131r. Kimyasal i\u015fleme ekipmanlar\u0131, n\u00fckleer g\u00fc\u00e7 jenerat\u00f6rleri ve so\u011futucu ak\u0131\u015fkan depolama tanklar\u0131 gibi \u00fcr\u00fcnler.<\/p>\n<p data-block-id=\"35a93791-e629-4b36-a1e8-c4ac04c9bbce\">321: Titanyum ilavesi nedeniyle malzeme kaynak korozyonu riskini azaltman\u0131n yan\u0131 s\u0131ra, di\u011fer \u00f6zellikler 304 ile benzerdir.<\/p>\n<p data-block-id=\"1e74647d-1703-4b7d-bb01-b85c76c75c41\">400 serisi: ferritik ve martensitik paslanmaz \u00e7elik, manganez i\u00e7ermez, belirli bir dereceye kadar 304 paslanmaz \u00e7eli\u011fin yerini alabilir.<\/p>\n<p data-block-id=\"42bf9291-7f08-4731-a082-dc636da18f28\">430: Ferritik paslanmaz \u00e7elik, otomotiv aksesuarlar\u0131 gibi dekorasyon i\u00e7in. \u0130yi \u015fekillendirilebilirlik, ancak zay\u0131f s\u0131cakl\u0131k direnci ve korozyon direnci.<\/p>\n<p data-block-id=\"d5e175c7-dc6e-4403-ad27-ab895e1eef8e\">500 Serisi: Is\u0131ya dayan\u0131kl\u0131 krom ala\u015f\u0131ml\u0131 \u00e7elik. 600 Serisi: Martensitik \u00e7\u00f6kelme sertle\u015fmeli paslanmaz \u00e7elik.<\/p>\n<p data-block-id=\"8dba944d-10d5-40e6-8cde-5e14e23ee5d6\">Paslanmaz \u00e7elik y\u00fczey i\u015fleme s\u0131n\u0131f\u0131<\/p>\n<p data-block-id=\"956e100b-f29e-4f56-a34a-fdde1945f0a8\">NO.1 \u0130\u015flem, s\u0131cak haddelemeden sonra y\u00fczeyi \u0131s\u0131l i\u015fleme ve asitleme i\u015flemine tabi tutar. Genellikle so\u011fuk haddelenmi\u015f malzemeler i\u00e7in kullan\u0131l\u0131r.<\/p>\n<p data-block-id=\"649b868e-a579-4b79-9b3d-cde67d724af1\">-K\u00f6r y\u00fczey: NO.2D, so\u011fuk haddelemeden sonra \u0131s\u0131l i\u015flem g\u00f6rm\u00fc\u015f ve tur\u015fu haline getirilmi\u015ftir. Malzeme yumu\u015fakt\u0131r ve y\u00fczeyi g\u00fcm\u00fc\u015fi beyazd\u0131r. Derin damgalama i\u015flemi i\u00e7in kullan\u0131l\u0131r.<\/p>\n<p data-block-id=\"9d293fb5-2170-4f18-9e91-483f8fbcaef7\">-Mat y\u00fczey: NO.2B So\u011fuk haddelemeden sonra, \u0131s\u0131l i\u015fleme tabi tutulur, asitlenir ve ard\u0131ndan y\u00fczeyi orta derecede parlak hale getirmek i\u00e7in haddelenir.<\/p>\n<p data-block-id=\"e91f0606-faac-4edf-9720-36855e2af227\">-Kaba kum NO.3, No. 100-120 ta\u015flama band\u0131 ile ta\u015flanm\u0131\u015f bir \u00fcr\u00fcnd\u00fcr. Daha iyi parlakl\u0131\u011fa ve s\u00fcreksiz p\u00fcr\u00fczl\u00fc \u00e7izgilere sahiptir<\/p>\n<p data-block-id=\"96bf7710-6d3f-42a3-9071-dde3ff00eeb8\">-HLNO.4, belirli bir partik\u00fcl boyutuna sahip bir parlatma band\u0131 kullan\u0131larak \u00fcretilmi\u015ftir. Bu, s\u00fcrekli ta\u015flama yoluyla benzersiz bir ta\u015flama deseni olu\u015fturur. Esas olarak mimari dekorasyon i\u00e7in kullan\u0131l\u0131r.<\/p>\n<p data-block-id=\"88d88cef-8bbd-48ab-b61f-5b7299146b8f\">- Parlak y\u00fczey: BA so\u011fuk haddeleme, parlak tavlama ve d\u00fczle\u015ftirme ile yap\u0131l\u0131r. Y\u00fczey, ayna gibi iyi parlakl\u0131\u011fa ve y\u00fcksek yans\u0131t\u0131c\u0131l\u0131\u011fa sahiptir.<\/p>\n<p data-block-id=\"2b9be454-c0ef-40d0-8feb-8baeeb6ba2ce\">\n<p data-block-id=\"31d82e34-fc40-4849-b308-1133bb862ec0\">","protected":false},"excerpt":{"rendered":"<p>Paslanmaz \u00e7elik en az 10.5% krom ve en fazla 1.2% karbon i\u00e7erir. Bu GB\/T20878-2007'ye g\u00f6redir. Paslanmaz \u00e7eli\u011fin korozyon direnci karbon i\u00e7eri\u011finin artmas\u0131yla azal\u0131r. Bu nedenle, \u00e7o\u011fu paslanmaz \u00e7eli\u011fin karbon i\u00e7eri\u011fi d\u00fc\u015f\u00fckt\u00fcr ve maksimum 1.2%'den fazla de\u011fildir. Baz\u0131lar\u0131n\u0131n \u03c9c (karbon i\u00e7eri\u011fi) [...]","protected":false},"featured_media":3286,"comment_status":"closed","ping_status":"closed","template":"","meta":[],"product_cat":[54,55],"class_list":{"0":"post-3357","1":"product","2":"type-product","3":"status-publish","4":"has-post-thumbnail","6":"product_cat-stainless-steel","7":"product_cat-stainless-steel-coil","9":"first","10":"instock","11":"shipping-taxable","12":"product-type-simple"},"_links":{"self":[{"href":"https:\/\/steelsupplydirect.com\/tr\/wp-json\/wp\/v2\/product\/3357","targetHints":{"allow":["GET"]}}],"collection":[{"href":"https:\/\/steelsupplydirect.com\/tr\/wp-json\/wp\/v2\/product"}],"about":[{"href":"https:\/\/steelsupplydirect.com\/tr\/wp-json\/wp\/v2\/types\/product"}],"replies":[{"embeddable":true,"href":"https:\/\/steelsupplydirect.com\/tr\/wp-json\/wp\/v2\/comments?post=3357"}],"wp:featuredmedia":[{"embeddable":true,"href":"https:\/\/steelsupplydirect.com\/tr\/wp-json\/wp\/v2\/media\/3286"}],"wp:attachment":[{"href":"https:\/\/steelsupplydirect.com\/tr\/wp-json\/wp\/v2\/media?parent=3357"}],"wp:term":[{"taxonomy":"product_cat","embeddable":true,"href":"https:\/\/steelsupplydirect.com\/tr\/wp-json\/wp\/v2\/product_cat?post=3357"}],"curies":[{"name":"wp","href":"https:\/\/api.w.org\/{rel}","templated":true}]}}