{"id":3362,"date":"2023-08-31T16:48:32","date_gmt":"2023-08-31T08:48:32","guid":{"rendered":"https:\/\/steelsupplydirect.com\/?post_type=product&#038;p=3362"},"modified":"2023-10-10T10:09:46","modified_gmt":"2023-10-10T02:09:46","slug":"astm-aisi-ayna-kaplama-sus-316l-dekorasyon-icin-paslanmaz-celik-bobinler","status":"publish","type":"product","link":"https:\/\/steelsupplydirect.com\/tr\/%c3%bcr%c3%bcn\/astm-aisi-ayna-kaplama-sus-316l-dekorasyon-icin-paslanmaz-celik-bobinler","title":{"rendered":"ASTM AISI Ayna Kaplama SUS 316L Dekorasyon i\u00e7in Paslanmaz \u00c7elik Rulolar"},"content":{"rendered":"<p>Paslanmaz \u00e7elik \u015feritler ayr\u0131ca \u015feritler, bobinler, kangallar ve bobinler olarak da adland\u0131r\u0131l\u0131r ve \u015feritlerin sertli\u011fi de de\u011fi\u015fir. Paslanmaz \u00e7eli\u011fin \u00f6zellikleri: 1. Eksiksiz \u00fcr\u00fcn \u00f6zellikleri ve \u00e7e\u015fitli malzemeler; 2. \u00b1 0,1 mm'ye kadar y\u00fcksek boyutsal do\u011fruluk; 3. M\u00fckemmel y\u00fczey kalitesi ve iyi parlakl\u0131k; 4. G\u00fc\u00e7l\u00fc korozyon direnci, \u00e7ekme mukavemeti ve yorulma direnci Y\u00fcksek mukavemet; 5. Kararl\u0131 kimyasal bile\u015fim, saf \u00e7elik, d\u00fc\u015f\u00fck dahil etme i\u00e7eri\u011fi; 6. \u0130yi paketlenmi\u015f, uygun fiyat; 7. Standart d\u0131\u015f\u0131 \u00f6zelle\u015ftirme mevcuttur.<\/p>\n<p>\u00d6zellikler: Geni\u015flik 3,5 mm \uff5e 1550 mm, kal\u0131nl\u0131k 0,025 mm \uff5e 16 mm.<\/p>\n<p>1. 0.25mm-0.3mm: Genellikle pil h\u00fccreleri, otomobil egzoz borular\u0131 ve elektronik \u00fcr\u00fcn muhafazalar\u0131 gibi k\u00fc\u00e7\u00fck \u00fcr\u00fcnlerin \u00fcretimi i\u00e7in uygundur.<\/p>\n<p>2. 0.4mm-0.8mm: Mobilya, in\u015faat, mutfak ve banyo end\u00fcstrileri, duvar panelleri, tavanlar, mutfak e\u015fyalar\u0131 vb. \u00fcretimi i\u00e7in uygundur.<\/p>\n<p>3. 1.0mm-1.5mm: Kimya, ka\u011f\u0131t yap\u0131m\u0131, g\u0131da ve di\u011fer end\u00fcstrilerdeki ekipman imalat\u0131, depolama tanklar\u0131, ta\u015f\u0131ma makineleri vb. i\u00e7in uygundur.<\/p>\n<p>4. 2.0mm-3.0mm: \u00d6zellikle ila\u00e7, kimya, ka\u011f\u0131t yap\u0131m\u0131 ve di\u011fer end\u00fcstrilerde kullan\u0131lan b\u00fcy\u00fck depolama tanklar\u0131, depolama tanklar\u0131, silindirler, reakt\u00f6rler vb. \u00fcretimi i\u00e7in uygundur.<\/p>\n<p>5. 4.0mm-5.0mm: Binalar\u0131n yap\u0131sal par\u00e7alar\u0131n\u0131n, korozyona dayan\u0131kl\u0131 kimyasal ekipmanlar\u0131n vb. \u00fcretimi i\u00e7in uygundur.<\/p>\n<p>Paslanmaz \u00e7elik, paslanmaz aside dayan\u0131kl\u0131 \u00e7eli\u011fin k\u0131saltmas\u0131d\u0131r. Hava, buhar ve su gibi zay\u0131f korozif ortamlara dayan\u0131kl\u0131 veya paslanmaz olan \u00e7elik t\u00fcrlerine paslanmaz \u00e7elik denir.<\/p>\n<p>Paslanmaz \u00e7elik, GB\/T20878-2007'de belirtildi\u011fi gibi, krom i\u00e7eri\u011fi en az 10,5% ve maksimum karbon i\u00e7eri\u011fi en fazla 1,2% olan \u00e7eliktir.<\/p>\n<p>Paslanmaz \u00e7eli\u011fin korozyon direnci karbon i\u00e7eri\u011finin artmas\u0131yla azal\u0131r. Bu nedenle, \u00e7o\u011fu paslanmaz \u00e7eli\u011fin karbon i\u00e7eri\u011fi d\u00fc\u015f\u00fckt\u00fcr ve maksimum 1.2%'den fazla de\u011fildir. Baz\u0131 \u00e7eliklerin \u03c9c (karbon i\u00e7eri\u011fi) 0.03%'den bile daha d\u00fc\u015f\u00fckt\u00fcr (00Cr12 gibi). Paslanmaz \u00e7elikteki ana ala\u015f\u0131m elementi Cr'dir (krom). Sadece Cr i\u00e7eri\u011fi belirli bir de\u011fere ula\u015ft\u0131\u011f\u0131nda \u00e7elik korozyon direncine sahip olur. Bu nedenle, paslanmaz \u00e7elik genellikle en az 10.5% Cr (krom) i\u00e7eri\u011fine sahiptir. Paslanmaz \u00e7elik ayr\u0131ca Ni, Ti, Mn, N, Nb, Mo, Si, Cu ve di\u011fer elementleri de i\u00e7erir.<br \/>\nPaslanmaz \u00e7elik, hava, buhar, su vb. zay\u0131f korozif ortamlara kar\u015f\u0131 dayan\u0131kl\u0131 veya paslanmaz olan \u00e7elik t\u00fcr\u00fcd\u00fcr. Kimyasal korozif ortamlara (asitler, alkaliler, tuzlar vb. gibi kimyasal korozyon) dayan\u0131kl\u0131 olan \u00e7elik t\u00fcrlerine aside dayan\u0131kl\u0131 \u00e7elik denir.<\/p>\n<p>\u0130kisi aras\u0131ndaki kimyasal bile\u015fim fark\u0131 nedeniyle, korozyon diren\u00e7leri farkl\u0131d\u0131r. S\u0131radan paslanmaz \u00e7elik genellikle kimyasal ortam\u0131n neden oldu\u011fu korozyona kar\u015f\u0131 diren\u00e7li de\u011fildir, aside dayan\u0131kl\u0131 \u00e7elik ise genellikle paslanmazd\u0131r. \"Paslanmaz \u00e7elik\" i\u015f par\u00e7alar\u0131 sadece bir t\u00fcr paslanmaz \u00e7eli\u011fi ifade etmekle kalmaz, y\u00fczden fazla end\u00fcstriyel paslanmaz \u00e7eli\u011fi temsil eder, bu nedenle geli\u015ftirilen paslanmaz \u00e7elikler kendi \u00f6zel uygulama alanlar\u0131nda iyi performansa sahiptir. Bina in\u015faat\u0131 uygulamalar\u0131yla ilgili genellikle sadece alt\u0131 \u00e7elik t\u00fcr\u00fc vard\u0131r. Bunlar\u0131n hepsi 17 ila 22% krom i\u00e7erir ve daha iyi \u00e7elik t\u00fcrleri nikel de i\u00e7erir. Molibden eklenmesi atmosferik korozyonu, \u00f6zellikle de klor\u00fcr i\u00e7eren atmosferlerdeki korozyon direncini daha da iyile\u015ftirebilir.<\/p>\n<p>Ana Tip:<\/p>\n<p>Paslanmaz \u00e7elik, organizasyonel durumuna g\u00f6re genellikle martensitik \u00e7elik, ferritik \u00e7elik, \u00f6stenitik \u00e7elik, \u00f6stenitik-ferritik (dubleks) paslanmaz \u00e7elik ve \u00e7\u00f6kelme sertle\u015fmeli paslanmaz \u00e7elik olarak ayr\u0131l\u0131r. Ayr\u0131ca, krom paslanmaz \u00e7elik, krom-nikel paslanmaz \u00e7elik ve krom manganez azot paslanmaz \u00e7elik vb. olarak da ayr\u0131labilir.<\/p>\n<p>Ana \u00f6zellikler: Kaynaklanabilirlik, Korozyon Direnci, Cilalanabilirlik, Is\u0131 Direnci.<\/p>\n<p>Paslanmaz \u00e7eli\u011fin korozyon direnci karbon i\u00e7eri\u011finin artmas\u0131yla azal\u0131r. Bu nedenle, \u00e7o\u011fu paslanmaz \u00e7eli\u011fin karbon i\u00e7eri\u011fi d\u00fc\u015f\u00fckt\u00fcr ve maksimum 1.2%'den fazla de\u011fildir. Baz\u0131 \u00e7eliklerin \u03c9c (karbon i\u00e7eri\u011fi) 0.03%'den bile daha d\u00fc\u015f\u00fckt\u00fcr (00Cr12 gibi). Paslanmaz \u00e7elikteki ana ala\u015f\u0131m elementi Cr'dir (krom). Sadece Cr i\u00e7eri\u011fi belirli bir de\u011fere ula\u015ft\u0131\u011f\u0131nda \u00e7elik korozyon direncine sahip olur. Bu nedenle, paslanmaz \u00e7elik genellikle en az 10.5% Cr (krom) i\u00e7eri\u011fine sahiptir. Paslanmaz \u00e7elik ayr\u0131ca Ni, Ti, Mn, N, Nb, Mo, Si, Cu ve di\u011fer elementleri de i\u00e7erir.<\/p>\n<p>Bile\u015fimine g\u00f6re Cr serisi (400 serisi), Cr-Ni serisi (300 serisi), Cr-Mn-Ni (200 serisi), \u0131s\u0131ya dayan\u0131kl\u0131 krom ala\u015f\u0131ml\u0131 \u00e7elik (500 serisi) ve \u00e7\u00f6kelme sertle\u015ftirme serisi (600 serisi) olarak ayr\u0131labilir. SS201, SS202, SS301, SS302, SS303, SS304, SS304L, SS304N, SS309, SS309S, SS310, SS316, SS316L, SS321, SS347, SS408, SS409, SS410, SS416, SS420, SS430, SS430, SS440.<\/p>\n<p>Paslanmaz \u00e7elik bobin Teorik a\u011f\u0131rl\u0131k hesaplama form\u00fcl\u00fc: paslanmaz \u00e7elik levha a\u011f\u0131rl\u0131\u011f\u0131 (kg) = uzunluk (m) * geni\u015flik (m) * kal\u0131nl\u0131k (mm) * yo\u011funluk \u03c1 (g\/cm\u00b3).<\/p>\n<p>&nbsp;<\/p>","protected":false},"excerpt":{"rendered":"<p>Paslanmaz \u00e7elik \u015feritler ayr\u0131ca \u015feritler, bobinler, kangallar ve bobinler olarak da adland\u0131r\u0131l\u0131r ve \u015feritlerin sertli\u011fi de de\u011fi\u015fir. Paslanmaz \u00e7eli\u011fin \u00f6zellikleri: 1. Eksiksiz \u00fcr\u00fcn \u00f6zellikleri ve \u00e7e\u015fitli malzemeler; 2. \u00b1 0,1 mm'ye kadar y\u00fcksek boyutsal do\u011fruluk; 3. M\u00fckemmel y\u00fczey kalitesi ve iyi parlakl\u0131k; 4. G\u00fc\u00e7l\u00fc korozyon direnci, \u00e7ekme mukavemeti ve yorulma direnci Y\u00fcksek mukavemet; [...]","protected":false},"featured_media":3075,"comment_status":"closed","ping_status":"closed","template":"","meta":[],"product_cat":[54,55],"class_list":{"0":"post-3362","1":"product","2":"type-product","3":"status-publish","4":"has-post-thumbnail","6":"product_cat-stainless-steel","7":"product_cat-stainless-steel-coil","9":"first","10":"instock","11":"shipping-taxable","12":"product-type-simple"},"_links":{"self":[{"href":"https:\/\/steelsupplydirect.com\/tr\/wp-json\/wp\/v2\/product\/3362","targetHints":{"allow":["GET"]}}],"collection":[{"href":"https:\/\/steelsupplydirect.com\/tr\/wp-json\/wp\/v2\/product"}],"about":[{"href":"https:\/\/steelsupplydirect.com\/tr\/wp-json\/wp\/v2\/types\/product"}],"replies":[{"embeddable":true,"href":"https:\/\/steelsupplydirect.com\/tr\/wp-json\/wp\/v2\/comments?post=3362"}],"wp:featuredmedia":[{"embeddable":true,"href":"https:\/\/steelsupplydirect.com\/tr\/wp-json\/wp\/v2\/media\/3075"}],"wp:attachment":[{"href":"https:\/\/steelsupplydirect.com\/tr\/wp-json\/wp\/v2\/media?parent=3362"}],"wp:term":[{"taxonomy":"product_cat","embeddable":true,"href":"https:\/\/steelsupplydirect.com\/tr\/wp-json\/wp\/v2\/product_cat?post=3362"}],"curies":[{"name":"wp","href":"https:\/\/api.w.org\/{rel}","templated":true}]}}