{"id":3365,"date":"2023-09-11T10:41:58","date_gmt":"2023-09-11T02:41:58","guid":{"rendered":"https:\/\/steelsupplydirect.com\/?post_type=product&#038;p=3365"},"modified":"2025-09-26T11:32:27","modified_gmt":"2025-09-26T03:32:27","slug":"astm-a240-321-310s-309s-430-2b-ba-8k-ayna-kabartmali-damali-paslanmaz-celik-levha","status":"publish","type":"product","link":"https:\/\/steelsupplydirect.com\/tr\/%c3%bcr%c3%bcn\/astm-a240-321-310s-309s-430-2b-ba-8k-ayna-kabartmali-damali-paslanmaz-celik-levha","title":{"rendered":"ASTM A240 321 310S 309S 430 2b \/ Ba \/ 8K \/ Ayna \/ Kabartmal\u0131 \/ Damal\u0131 Paslanmaz \u00c7elik Levha"},"content":{"rendered":"<p data-block-id=\"b9c73f7b-04c6-40e8-b09a-54dd3700000a\" data-pm-slice=\"1 1 []\">Paslanmaz \u00e7elik plakalar hava, buhar ve su gibi zay\u0131f ortamlardan kaynaklanan korozyona kar\u015f\u0131 dayan\u0131kl\u0131d\u0131r. Aside dayan\u0131kl\u0131 \u00e7elik plakalar g\u00fc\u00e7l\u00fc kimyasallardan kaynaklanan korozyona kar\u015f\u0131 koyabilir. Buna asitler, alkaliler ve tuzlar dahildir. Paslanmaz \u00e7elik plaka p\u00fcr\u00fczs\u00fcz bir y\u00fczeye sahiptir. Plastisite, tokluk ve mekanik mukavemet sunar. Ayr\u0131ca, asitlerden, alkali gazlardan, \u00e7\u00f6zeltilerden ve di\u011fer maddelerden kaynaklanan korozyona kar\u015f\u0131 dayan\u0131kl\u0131d\u0131r. Paslanmaya e\u011filimli bir ala\u015f\u0131ml\u0131 \u00e7eliktir, ancak kesinlikle paslanmaz de\u011fildir.<\/p>\n<h2 data-block-id=\"bc4b2fe3-38bd-4174-a305-a353c443a234\">Performans<\/h2>\n<p data-block-id=\"493c982d-444f-4791-a47d-2da451801dd2\">- Korozyon Direnci**: Paslanmaz \u00e7elik plakalar korozyona iyi diren\u00e7 g\u00f6sterir. Bununla birlikte, nikel-krom ala\u015f\u0131m\u0131 304 daha az kararl\u0131d\u0131r. Krom karb\u00fcr seviyelerinin s\u0131cakl\u0131k aral\u0131\u011f\u0131nda uzun s\u00fcreli \u0131s\u0131tma, sert korozif ortamlarda 321 ve 347 ala\u015f\u0131mlar\u0131n\u0131 etkileyebilir. Bu malzemeler hassasla\u015fmaya kar\u015f\u0131 diren\u00e7lidir, bu da onlar\u0131 y\u00fcksek s\u0131cakl\u0131k uygulamalar\u0131 i\u00e7in uygun hale getirir. Bu, d\u00fc\u015f\u00fck s\u0131cakl\u0131klarda bile taneler aras\u0131 korozyonu \u00f6nlemeye yard\u0131mc\u0131 olur.<\/p>\n<p data-block-id=\"6b3d61be-8748-4d03-a95b-3b92ddebdd07\">- Y\u00fcksek s\u0131cakl\u0131kta oksidasyon direnci: Paslanmaz \u00e7elik plakalar y\u00fcksek s\u0131cakl\u0131klarda oksidasyona kar\u015f\u0131 diren\u00e7 g\u00f6sterir. Ancak oksidasyon h\u0131zlar\u0131 \u00e7evre ve \u00fcr\u00fcn formu gibi fakt\u00f6rlere ba\u011fl\u0131d\u0131r.<\/p>\n<p data-block-id=\"198d7376-62c0-4a9e-9ab8-ad59ed939aee\">- Fiziksel \u00d6zellikler**: Bir metalin genel \u0131s\u0131 transfer katsay\u0131s\u0131, \u0131s\u0131 iletkenli\u011finden daha fazlas\u0131na dayan\u0131r. \u00c7o\u011fu durumda, filmin \u0131s\u0131 yayma katsay\u0131s\u0131, pas \u00f6l\u00e7e\u011fi ve metalin y\u00fczey durumu \u00f6nemlidir. Paslanmaz \u00e7elik temiz kal\u0131r. Ayr\u0131ca \u0131s\u0131y\u0131 daha y\u00fcksek termal iletkenli\u011fe sahip metallerden daha iyi iletir. Oksijen art\u0131 gaz alevi paslanmaz \u00e7elik plakalar\u0131 kesemez \u00e7\u00fcnk\u00fc paslanmaz \u00e7elik oksidasyona kar\u015f\u0131 diren\u00e7lidir.<\/p>\n<p data-block-id=\"27ac8618-9f57-4655-9817-f0892e2775a1\">Element etkileri - Karbon (C): 1. B\u0131\u00e7a\u011f\u0131n deformasyona kar\u015f\u0131 direncini ve gerilme mukavemetini art\u0131r\u0131r; 2. Sertli\u011fini art\u0131r\u0131r ve a\u015f\u0131nma direncini geli\u015ftirir. - Krom (Cr): 1. Sertli\u011fi, gerilme mukavemetini ve toklu\u011fu art\u0131r\u0131r; 2. A\u015f\u0131nma ve korozyonu \u00f6nler. - Kobalt (Co): 1. Y\u00fcksek s\u0131cakl\u0131kta su vermeye dayanabilmesi i\u00e7in sertli\u011fi ve mukavemeti art\u0131r\u0131r; 2. Di\u011fer elementlerin belirli bireysel \u00f6zelliklerini g\u00fc\u00e7lendirmek i\u00e7in daha karma\u015f\u0131k ala\u015f\u0131mlarda kullan\u0131l\u0131r. - Bak\u0131r (Cu): 1. Korozyon direncini art\u0131r\u0131r; 2. A\u015f\u0131nma direncini art\u0131r\u0131r. - Manganez (Mn): 1. Sertle\u015febilirli\u011fi, a\u015f\u0131nma direncini ve gerilme mukavemetini artt\u0131r\u0131r; 2. Ayr\u0131lm\u0131\u015f oksidasyon ve ayr\u0131lm\u0131\u015f buharla\u015fma yoluyla erimi\u015f metalden oksijeni uzakla\u015ft\u0131r\u0131r; 3. B\u00fcy\u00fck miktarlarda eklendi\u011finde sertli\u011fi artt\u0131r\u0131r ancak k\u0131r\u0131lganl\u0131\u011f\u0131 artt\u0131r\u0131r. - Molibden (Mo): 1. Mukavemeti, sertli\u011fi, sertle\u015febilirli\u011fi ve toklu\u011fu art\u0131r\u0131r; 2. \u0130\u015flenebilirli\u011fi ve korozyon direncini art\u0131r\u0131r. - Nikel (Ni): 1. Mukavemeti, sertli\u011fi ve korozyon direncini art\u0131r\u0131r. - Fosfor (P): Mukavemeti, i\u015flenebilirli\u011fi ve sertli\u011fi art\u0131r\u0131r.<\/p>\n<h2 data-block-id=\"85d89e79-8dc0-480f-983b-21df19f37282\"><strong>Kal\u0131nl\u0131k<\/strong><\/h2>\n<ul>\n<li data-block-id=\"8cefa97b-b7ad-4b27-a718-bbf4dfb1549b\">\u0130nce plaka: 0,2 mm ila 4 mm<\/li>\n<li data-block-id=\"8cefa97b-b7ad-4b27-a718-bbf4dfb1549b\">Orta boy plaka: 4 mm ila 20 mm<\/li>\n<li data-block-id=\"8cefa97b-b7ad-4b27-a718-bbf4dfb1549b\">Kal\u0131n plaka: 20 mm ila 60 mm<\/li>\n<li data-block-id=\"8cefa97b-b7ad-4b27-a718-bbf4dfb1549b\">Ekstra kal\u0131n levha: 60 mm ila 115 mm<\/li>\n<\/ul>\n<p data-block-id=\"8020c25f-316e-4aae-837a-5b6addaf1cef\">\n<h2 data-block-id=\"8020c25f-316e-4aae-837a-5b6addaf1cef\"><strong>\u00dcretim Y\u00f6ntemi<br \/>\n<\/strong><\/h2>\n<p data-block-id=\"8020c25f-316e-4aae-837a-5b6addaf1cef\">(1) S\u0131cak haddelenmi\u015f \u00e7elik levha (2) So\u011fuk haddelenmi\u015f \u00e7elik levha<\/p>\n<h2 data-block-id=\"8020c25f-316e-4aae-837a-5b6addaf1cef\"><strong>Y\u00fczey \u00f6zellikleri<\/strong><\/h2>\n<ol>\n<li data-block-id=\"a36d4464-65ae-45e8-8639-dd686d2a3e76\">O.1, G\u00fcm\u00fc\u015f beyaz\u0131, mat, belirtilen kal\u0131nl\u0131\u011fa kadar s\u0131cak haddelenmi\u015f.<\/li>\n<li data-block-id=\"ae60fab9-97fb-4381-8120-0a9679af7dba\">\u00a0NO.2D g\u00fcm\u00fc\u015fi beyazd\u0131r. So\u011fuk haddelemeden sonra \u0131s\u0131l i\u015fleme tabi tutulur ve salamura edilir. Derin \u00e7ekme i\u00e7in kullan\u0131l\u0131r.<\/li>\n<li data-block-id=\"ba010533-18b3-4adb-861c-71dd915f3147\">NO.2B, NO.2D'den daha parlakt\u0131r. NO.2D i\u015fleminden sonra, son hafif so\u011fuk haddeleme parlatma silindirleri arac\u0131l\u0131\u011f\u0131yla ger\u00e7ekle\u015ftirilir.<\/li>\n<li data-block-id=\"23313fe3-18b2-4189-a188-e3ff33e1216c\">BA, ayna kadar parlak. Bir standart yoktur, ancak genellikle \u00e7ok yans\u0131t\u0131c\u0131 bir y\u00fczeye sahip parlak tavlanm\u0131\u015f bir y\u00fczey kaplamas\u0131d\u0131r. Yap\u0131 malzemeleri, mutfak e\u015fyalar\u0131.<\/li>\n<li data-block-id=\"a7aba415-7cf1-49a4-9163-22a8a3e194ea\">NO. 3, Kaba ta\u015flama<\/li>\n<li data-block-id=\"16558981-0b00-407d-806c-68cba2a54e3d\">NO. 4, Ara ta\u015flama<\/li>\n<li data-block-id=\"8548a288-9316-49b6-a6ed-f78d48cc9bd3\">NO. 240, \u0130nce \u00f6\u011f\u00fctme<\/li>\n<li data-block-id=\"292d14cf-e37d-4849-867d-6b935d032c8b\">NO. 320, Son derece ince ta\u015flama<\/li>\n<li data-block-id=\"0a57f40e-f18f-47bc-b07b-b81721b72d3b\">NO. 400, Gloss BA'ya yak\u0131n<\/li>\n<li data-block-id=\"88e342ec-8dfb-431a-92a5-0082b6b2c2db\">HL, Yap\u0131 ve in\u015faat malzemeleri<\/li>\n<li data-block-id=\"fe5baba8-0a08-4c02-8313-f5fa0ac5be4c\">NO.7, Ayna ta\u015flama<\/li>\n<li data-block-id=\"eca2bc08-3ca0-4953-a40f-2ab7a0ceb24d\">NO. 8, Ayna ta\u015flama<\/li>\n<\/ol>","protected":false},"excerpt":{"rendered":"<p>Paslanmaz \u00e7elik plakalar hava, buhar ve su gibi zay\u0131f ortamlardan kaynaklanan korozyona kar\u015f\u0131 dayan\u0131kl\u0131d\u0131r. Aside dayan\u0131kl\u0131 \u00e7elik plakalar g\u00fc\u00e7l\u00fc kimyasallardan kaynaklanan korozyona kar\u015f\u0131 koyabilir. Buna asitler, alkaliler ve tuzlar dahildir. Paslanmaz \u00e7elik plaka p\u00fcr\u00fczs\u00fcz bir y\u00fczeye sahiptir. Plastisite, tokluk ve mekanik mukavemet sunar. Ayr\u0131ca, asitler, alkali gazlar, \u00e7\u00f6zeltiler ve di\u011fer maddelerden kaynaklanan korozyona kar\u015f\u0131 dayan\u0131kl\u0131d\u0131r. [...]","protected":false},"featured_media":3283,"comment_status":"closed","ping_status":"closed","template":"","meta":[],"product_cat":[54,56],"class_list":{"0":"post-3365","1":"product","2":"type-product","3":"status-publish","4":"has-post-thumbnail","6":"product_cat-stainless-steel","7":"product_cat-stainless-steel-plate","9":"first","10":"instock","11":"shipping-taxable","12":"product-type-simple"},"_links":{"self":[{"href":"https:\/\/steelsupplydirect.com\/tr\/wp-json\/wp\/v2\/product\/3365","targetHints":{"allow":["GET"]}}],"collection":[{"href":"https:\/\/steelsupplydirect.com\/tr\/wp-json\/wp\/v2\/product"}],"about":[{"href":"https:\/\/steelsupplydirect.com\/tr\/wp-json\/wp\/v2\/types\/product"}],"replies":[{"embeddable":true,"href":"https:\/\/steelsupplydirect.com\/tr\/wp-json\/wp\/v2\/comments?post=3365"}],"wp:featuredmedia":[{"embeddable":true,"href":"https:\/\/steelsupplydirect.com\/tr\/wp-json\/wp\/v2\/media\/3283"}],"wp:attachment":[{"href":"https:\/\/steelsupplydirect.com\/tr\/wp-json\/wp\/v2\/media?parent=3365"}],"wp:term":[{"taxonomy":"product_cat","embeddable":true,"href":"https:\/\/steelsupplydirect.com\/tr\/wp-json\/wp\/v2\/product_cat?post=3365"}],"curies":[{"name":"wp","href":"https:\/\/api.w.org\/{rel}","templated":true}]}}